{"id":81707,"date":"2026-03-19T18:56:00","date_gmt":"2026-03-19T18:56:00","guid":{"rendered":"https:\/\/soydeaqui.ddns.net\/pachuca\/index.php\/producto\/memoria-sd-clase-10-de-64-gb-especializada-para-videovigilancia\/"},"modified":"2026-03-19T18:56:03","modified_gmt":"2026-03-19T18:56:03","slug":"memoria-sd-clase-10-de-64-gb-especializada-para-videovigilancia","status":"publish","type":"product","link":"https:\/\/soydeaqui.ddns.net\/pachuca\/index.php\/producto\/memoria-sd-clase-10-de-64-gb-especializada-para-videovigilancia\/","title":{"rendered":"Memoria SD Clase 10 de 64 GB \/ Especializada Para Videovigilancia"},"content":{"rendered":"<div style='width: 100%; max-width: 1200px; margin: 0 auto; font-family: sans-serif; line-height: 1.6; color: inherit; background-color: transparent;'> <!-- Banner --> <\/p>\n<div style='width: 100%; text-align: center; margin: 20px 0;'> <img style='width: 100%; height: auto; border: 1px solid rgba(150&comma;150&comma;150&comma;0.3); border-radius: 8px;' src='https:\/\/ftp3.syscom.mx\/usuarios\/gmagos\/HIK\/storage\/Vaners\/hiksemi.png' alt='Banner'> <\/div>\n<p> <!-- Especificaciones --> <\/p>\n<div style='display: flex; flex-wrap: wrap; gap: 30px; margin-bottom: 30px;'>\n<div style='flex: 1 1 300px; min-width: 280px;'>\n<h3 style='font-size: 22px; border-bottom: 2px solid currentColor; padding-bottom: 5px; margin-top: 0; color: inherit; opacity: 0.8;'>Caracter\u00edsticas Principales<\/h3>\n<ul style='padding-left: 20px; font-size: 15px; color: inherit;'>\n<li style='margin-bottom: 5px;'><strong>Capacidad:<\/strong> 64 GB.<\/li>\n<li style='margin-bottom: 5px;'><strong>Velocidad de Lectura:<\/strong> 100 MB\/s.<\/li>\n<li style='margin-bottom: 5px;'><strong>Velocidad de Escritura:<\/strong> 50 MB\/s.<\/li>\n<li style='margin-bottom: 5px;'><strong>Sistema de Archivos:<\/strong> FAT32&comma; exFAT.<\/li>\n<li style='margin-bottom: 5px;'><strong>Velocidad:<\/strong> Class 10&comma; U1&comma; U3.<\/li>\n<li style='margin-bottom: 5px;'><strong>Especificaci\u00f3n:<\/strong> SDHC&comma; SDXC<\/li>\n<li style='margin-bottom: 5px;'><strong>Memoria flash NAND:<\/strong> TLC (Triple-Level Cell).<\/li>\n<li style='margin-bottom: 5px;'><strong>Dimensiones:<\/strong> 32 mm x 24 mm x 2.1 mm (1.26&#8242; x 0.94&#8242; x 0.08&#8242;)<\/li>\n<li style='margin-bottom: 5px;'><strong>Temperatura de operaci\u00f3n:<\/strong> -25 \u00b0C a 85 \u00b0C.<\/li>\n<\/ul><\/div>\n<\/p><\/div>\n<p> <!-- Videos --> <\/p>\n<div style='display: flex; flex-wrap: wrap; gap: 30px; margin-bottom: 30px;'>\n<div style='flex: 1 1 300px; min-width: 280px;'>\n<h3 style='font-size: 20px; color: inherit; text-align: center; margin: 0 0 15px 0;'><strong>\u00bfQui\u00e9n es HIKSEMI?<\/strong><\/h3>\n<div style='position: relative; padding-bottom: 56.25%; height: 0; overflow: hidden; margin-bottom: 30px;'>   <\/div>\n<\/p><\/div>\n<div style='flex: 1 1 300px; min-width: 280px;'>\n<h3 style='font-size: 20px; color: inherit; text-align: center; margin: 0 0 15px 0;'><strong>Unidades de Estado S\u00f3lido<\/strong><\/h3>\n<div style='position: relative; padding-bottom: 56.25%; height: 0; overflow: hidden; margin-bottom: 30px;'>   <\/div>\n<\/p><\/div>\n<\/p><\/div>\n<p> <!-- Imagen 1 con overlay --> <\/p>\n<div style='position: relative; width: 100%; margin: 30px 0;'> <img style='width: 100%; height: auto; border: 1px solid rgba(150&comma;150&comma;150&comma;0.3); border-radius: 8px;' src='https:\/\/ftp3.syscom.mx\/usuarios\/gmagos\/HIK\/storage\/Pagina%20WEB\/GUARDPRO\/GUARD-PRO-SD-CARD_01.jpg' alt='Imagen de Fondo'> <\/p>\n<div style='position: absolute; top: 0; left: 0; width: 100%; height: 100%; display: flex; align-items: center; justify-content: center; padding: 40px; box-sizing: border-box;'>\n<div style='background: rgba(255&comma;255&comma;255&comma;0.8); padding: 30px; border-radius: 8px; max-width: 600px; text-align: center;'>\n<h1 style='font-size: 35px; color: inherit; margin: 0 0 15px 0;'><strong>Tarjeta SD Para Videovigilancia<\/strong><\/h1>\n<h2 style='font-size: 20px; color: inherit; margin: 0;'>Ideal para c\u00e1maras de Videovigilancia y c\u00e1maras M\u00f3viles<\/h2>\n<\/p><\/div>\n<\/p><\/div>\n<\/p><\/div>\n<p> <!-- Secci\u00f3n con imagen y texto --> <\/p>\n<div style='display: flex; flex-wrap: wrap; gap: 30px; margin-bottom: 30px; align-items: center;'>\n<div style='flex: 1 1 300px; min-width: 280px;'> <img style='width: 100%; height: auto; border: 1px solid rgba(150&comma;150&comma;150&comma;0.3); border-radius: 8px;' src='https:\/\/ftp3.syscom.mx\/usuarios\/gmagos\/HIK\/storage\/Pagina%20WEB\/GUARDPRO\/GUARD-PRO-SD-CARD_02.jpg' alt='Ultra velocidades'> <\/div>\n<div style='flex: 1 1 300px; min-width: 280px;'>\n<h3 style='font-size: 22px; margin-top: 0; color: inherit;'>Durabilidad y Seguridad<\/h3>\n<p style='font-size: 15px; color: inherit; text-align: justify;'>La HIKSEMI P10 SD Card est\u00e1 dise\u00f1ada espec\u00edficamente para sistemas de videovigilancia&comma; ofreciendo durabilidad y seguridad avanzada. Con tecnolog\u00eda 3D TLC NAND&comma; su vida \u00fatil es hasta 10 veces mayor que la de las tarjetas SD comunes. Adem\u00e1s&comma; cuenta con funciones inteligentes como monitoreo de salud y alerta de vida \u00fatil&comma; que te avisan en tiempo real sobre el estado de la tarjeta. Su mecanismo de bloqueo de lectura\/escritura protege tus datos de accesos no autorizados&comma; incluso si la tarjeta es extra\u00edda. Ideal para grabaci\u00f3n continua 24\/7 en condiciones extremas.<\/p>\n<\/p><\/div>\n<\/p><\/div>\n<p> <!-- Secci\u00f3n con texto e imagen --> <\/p>\n<div style='display: flex; flex-wrap: wrap; gap: 30px; margin-bottom: 30px; align-items: center;'>\n<div style='flex: 1 1 300px; min-width: 280px;'>\n<h3 style='font-size: 22px; margin-top: 0; color: inherit;'>Alto Rendimiento en Cualquier Condici\u00f3n<\/h3>\n<p style='font-size: 15px; color: inherit; text-align: justify;'>La HIKSEMI P10 SD Card ofrece un rendimiento excepcional para videovigilancia&comma; con velocidades de lectura de hasta 100 MB\/s y escritura de hasta 90 MB\/s. Compatible con dispositivos SDHC y SDXC&comma; esta tarjeta est\u00e1 dise\u00f1ada para funcionar en temperaturas extremas&comma; desde -25\u00b0C hasta 85\u00b0C&comma; y es resistente a agua&comma; golpes y rayos X. Con una &comma; es la soluci\u00f3n perfecta para sistemas de seguridad que requieren grabaci\u00f3n continua y confiable en cualquier entorno.<\/p>\n<\/p><\/div>\n<div style='flex: 1 1 300px; min-width: 280px; text-align: center;'> <img style='width: 100%; height: auto; border: 1px solid rgba(150&comma;150&comma;150&comma;0.3); border-radius: 8px;' src='https:\/\/ftp3.syscom.mx\/usuarios\/gmagos\/HIK\/storage\/Pagina%20WEB\/GUARDPRO\/GUARD-PRO-SD-CARD_03.jpg' alt='Tarjeta Micro'> <\/div>\n<\/p><\/div>\n<p> <!-- Imagen 4 con overlay --> <\/p>\n<div style='position: relative; width: 100%; margin: 30px 0;'> <img style='width: 100%; height: auto; border: 1px solid rgba(150&comma;150&comma;150&comma;0.3); border-radius: 8px;' src='https:\/\/ftp3.syscom.mx\/usuarios\/gmagos\/HIK\/storage\/Pagina%20WEB\/GUARDPRO\/GUARD-PRO-SD-CARD_04.jpg' alt='Imagen de Fondo'> <\/p>\n<div style='position: absolute; top: 0; left: 0; width: 100%; height: 100%; display: flex; align-items: center; justify-content: center; padding: 40px; box-sizing: border-box;'>\n<div style='background: rgba(255&comma;255&comma;255&comma;0.8); padding: 30px; border-radius: 8px; max-width: 600px; text-align: center;'>\n<h1 style='font-size: 35px; color: inherit; margin: 0;'><strong>Encuentra el Espacio Perfecto para tu Soluci\u00f3n<\/strong><\/h1>\n<\/p><\/div>\n<\/p><\/div>\n<\/p><\/div>\n<p> <!-- Imagen 5 --> <\/p>\n<div style='width: 100%; text-align: center; margin: 30px 0;'> <img style='width: 100%; height: auto; border: 1px solid rgba(150&comma;150&comma;150&comma;0.3); border-radius: 8px;' src='https:\/\/ftp3.syscom.mx\/usuarios\/gmagos\/HIK\/storage\/Pagina%20WEB\/GUARDPRO\/GUARD-PRO-SD-CARD-1365x681_05.png' alt='Tarjeta Micro'> <\/div>\n<p> <!-- Banner final --> <\/p>\n<div style='width: 100%; text-align: center; margin: 30px 0;'> <img style='width: 100%; height: auto; border: 1px solid rgba(150&comma;150&comma;150&comma;0.3); border-radius: 8px;' src='https:\/\/ftp3.syscom.mx\/usuarios\/gmagos\/HIK\/storage\/Vaners\/HIKSEMI-banner1.jpg' alt='Banner final'> <\/div>\n<\/p><\/div>\n","protected":false},"excerpt":{"rendered":"<p>Memoria SD Clase 10 de 64 GB \/ Especializada Para Videovigilancia<\/p>\n","protected":false},"featured_media":81706,"comment_status":"open","ping_status":"closed","template":"","meta":[],"product_brand":[],"product_cat":[2155],"product_tag":[2129,2156,2065],"class_list":{"0":"post-81707","1":"product","2":"type-product","3":"status-publish","4":"has-post-thumbnail","6":"product_cat-memorias-sd-memorias-micro-sd","7":"product_tag-hiksemi-by-hikvision","8":"product_tag-memorias-sd-memorias-micro-sd","9":"product_tag-servidores-almacenamiento","11":"first","12":"instock","13":"sale","14":"shipping-taxable","15":"purchasable","16":"product-type-simple"},"_links":{"self":[{"href":"https:\/\/soydeaqui.ddns.net\/pachuca\/index.php\/wp-json\/wp\/v2\/product\/81707","targetHints":{"allow":["GET"]}}],"collection":[{"href":"https:\/\/soydeaqui.ddns.net\/pachuca\/index.php\/wp-json\/wp\/v2\/product"}],"about":[{"href":"https:\/\/soydeaqui.ddns.net\/pachuca\/index.php\/wp-json\/wp\/v2\/types\/product"}],"replies":[{"embeddable":true,"href":"https:\/\/soydeaqui.ddns.net\/pachuca\/index.php\/wp-json\/wp\/v2\/comments?post=81707"}],"wp:featuredmedia":[{"embeddable":true,"href":"https:\/\/soydeaqui.ddns.net\/pachuca\/index.php\/wp-json\/wp\/v2\/media\/81706"}],"wp:attachment":[{"href":"https:\/\/soydeaqui.ddns.net\/pachuca\/index.php\/wp-json\/wp\/v2\/media?parent=81707"}],"wp:term":[{"taxonomy":"product_brand","embeddable":true,"href":"https:\/\/soydeaqui.ddns.net\/pachuca\/index.php\/wp-json\/wp\/v2\/product_brand?post=81707"},{"taxonomy":"product_cat","embeddable":true,"href":"https:\/\/soydeaqui.ddns.net\/pachuca\/index.php\/wp-json\/wp\/v2\/product_cat?post=81707"},{"taxonomy":"product_tag","embeddable":true,"href":"https:\/\/soydeaqui.ddns.net\/pachuca\/index.php\/wp-json\/wp\/v2\/product_tag?post=81707"}],"curies":[{"name":"wp","href":"https:\/\/api.w.org\/{rel}","templated":true}]}}