{"id":81701,"date":"2026-03-19T18:55:44","date_gmt":"2026-03-19T18:55:44","guid":{"rendered":"https:\/\/soydeaqui.ddns.net\/pachuca\/index.php\/producto\/punto-de-acceso-wi-fi-6-802-11ax-de-pared-mu-mimo-2x22-2-4g-y-3x32-5g-throughput-inalambrico-de-3-gbps-y-4-puertos-gigabit-cableados\/"},"modified":"2026-03-19T18:55:56","modified_gmt":"2026-03-19T18:55:56","slug":"punto-de-acceso-wi-fi-6-802-11ax-de-pared-mu-mimo-2x22-2-4g-y-3x32-5g-throughput-inalambrico-de-3-gbps-y-4-puertos-gigabit-cableados","status":"publish","type":"product","link":"https:\/\/soydeaqui.ddns.net\/pachuca\/index.php\/producto\/punto-de-acceso-wi-fi-6-802-11ax-de-pared-mu-mimo-2x22-2-4g-y-3x32-5g-throughput-inalambrico-de-3-gbps-y-4-puertos-gigabit-cableados\/","title":{"rendered":"Punto de acceso Wi-Fi 6 802.11ax de pared, MU-MIMO 2&#215;2:2 (2.4G) y 3&#215;3:2 (5G), Throughput inal\u00e1mbrico de 3 Gbps y 4 puertos Gigabit cableados"},"content":{"rendered":"<div style='width: 100%; max-width: 1200px; margin: 0 auto; font-family: sans-serif; line-height: 1.6; color: inherit; background-color: transparent;'>\n<div style='display: flex; flex-wrap: wrap; gap: 30px; margin-bottom: 30px;'>\n<div style='flex: 1 1 300px; min-width: 280px;'>\n<h3 style='font-size: 22px; border-bottom: 2px solid currentColor; padding-bottom: 5px; margin-top: 0; color: inherit; opacity: 0.8;'>Acerca del GWN7661E<\/h3>\n<hr style='border: 0; border-top: 2px solid #1056BC; width: 40px; margin: 15px 0; opacity: 0.6;'>\n<p style='font-size: 15px; color: inherit; margin-top: 0;'>El GWN7661E es un punto de acceso Wi-Fi 6 AX3000 de pared dise\u00f1ado para oficinas&comma; hoteles&comma; hogares&comma; departamentos y m\u00e1s. Proporciona Wi-Fi 6 de doble banda&comma; un dise\u00f1o de antena sofisticado para velocidades inal\u00e1mbricas de hasta 3 Gbps&comma; rango de cobertura de 100 metros&comma; tecnolog\u00eda MU-MIMO 2&#215;2:2 (2.4G) y 3&#215;3:2 (5G). El GWN7661E proporciona tres puertos de red Gigabit para proveer Ethernet a tel\u00e9fonos IP&comma; televisores&comma; computadoras y dispositivos similares&comma; y al mismo tiempo&comma; proporciona un puerto de red Gigabit de enlace ascendente con PoE\/PoE+. Este punto de acceso Wi-Fi 6 est\u00e1 dise\u00f1ado para montarse en la pared para proporcionar una instalaci\u00f3n limpia y profesional que se integra con el entorno circundante. Para garantizar una f\u00e1cil instalaci\u00f3n y administraci\u00f3n&comma; el GWN7661E incluye un controlador integrado dentro de la interfaz de usuario web del producto. El GWN7661E tambi\u00e9n puede ser administrado por GDMS y GWN Manager&comma; las plataformas de administraci\u00f3n de redes locales y en la nube gratuitas de Grandstream. El GWN7661E es el AP Wi-Fi ideal para implementaciones de voz sobre Wi-Fi y ofrece una conexi\u00f3n perfecta con los tel\u00e9fonos IP con capacidad Wi-Fi de Grandstream. Con soporte para QoS avanzada&comma; aplicaciones en tiempo real de baja latencia&comma; redes Mesh&comma; portales cautivos y 256 clientes simult\u00e1neos por AP&comma; el GWN7661E es un punto de acceso Wi-Fi ideal para instalaciones empotradas en la pared e implementaciones en peque\u00f1as y medianas empresas.<\/p>\n<\/div>\n<\/div>\n<div style='display: flex; flex-wrap: wrap; gap: 20px; margin-bottom: 30px;'>\n<div style='flex: 1 1 250px; border: 1px solid rgba(150&comma; 150&comma; 150&comma; 0.4); border-radius: 8px; overflow: hidden; display: flex; flex-direction: column;'>\n<div style='padding: 15px; border-bottom: 1px solid rgba(150&comma; 150&comma; 150&comma; 0.2); font-weight: bold; font-size: 18px; color: inherit;'>Caracter\u00edsticas Principales<\/div>\n<div style='padding: 15px; color: inherit;'>\n<ul style='padding-left: 20px; margin: 0; font-size: 14px; list-style-type: disc;'>\n<li style='margin-bottom: 5px;'><strong>Est\u00e1ndar Wi-Fi:<\/strong> 802.11ax (Wi-Fi 6)<\/li>\n<li style='margin-bottom: 5px;'><strong>Velocidad inal\u00e1mbrica:<\/strong> Hasta 3 Gbps<\/li>\n<li style='margin-bottom: 5px;'><strong>Antenas:<\/strong> MU-MIMO 2&#215;2:2 (2.4G) y 3&#215;3:2 (5G)<\/li>\n<li style='margin-bottom: 5px;'><strong>Cobertura:<\/strong> Hasta 100 metros<\/li>\n<li style='margin-bottom: 5px;'><strong>Puertos LAN:<\/strong> 4 puertos Gigabit<\/li>\n<li style='margin-bottom: 5px;'><strong>Montaje:<\/strong> En pared<\/li>\n<li style='margin-bottom: 5px;'><strong>Administraci\u00f3n:<\/strong> GDMS y GWN Manager<\/li>\n<li style='margin-bottom: 5px;'><strong>Clientes soportados:<\/strong> Hasta 256 simult\u00e1neos<\/li>\n<li style='margin-bottom: 5px;'><strong>Aplicaciones:<\/strong> Voz sobre Wi-Fi&comma; baja latencia&comma; redes Mesh<\/li>\n<\/ul>\n<\/div>\n<\/div>\n<div style='flex: 1 1 250px; border: 1px solid rgba(150&comma; 150&comma; 150&comma; 0.4); border-radius: 8px; overflow: hidden; display: flex; flex-direction: column;'>\n<div style='padding: 15px; border-bottom: 1px solid rgba(150&comma; 150&comma; 150&comma; 0.2); font-weight: bold; font-size: 18px; color: inherit;'>Caracter\u00edsticas Avanzadas<\/div>\n<div style='padding: 15px; color: inherit;'>\n<ul style='padding-left: 20px; margin: 0; font-size: 14px; list-style-type: disc;'>\n<li style='margin-bottom: 5px;'>Soporte para QoS avanzada<\/li>\n<li style='margin-bottom: 5px;'>Tecnolog\u00eda Wi-Fi 6 (802.11ax) para mayor eficiencia<\/li>\n<li style='margin-bottom: 5px;'>Portal cautivo para autenticaci\u00f3n de usuarios<\/li>\n<li style='margin-bottom: 5px;'>Capacidad de gesti\u00f3n en la nube<\/li>\n<li style='margin-bottom: 5px;'>Dise\u00f1o de montaje en pared para instalaci\u00f3n limpia<\/li>\n<li style='margin-bottom: 5px;'>PoE\/PoE+ para alimentaci\u00f3n por el cable de red<\/li>\n<li style='margin-bottom: 5px;'>Controlador integrado en interfaz web<\/li>\n<\/ul>\n<\/div>\n<\/div>\n<\/div>\n<hr style='border: 0; border-top: 1px solid rgba(150&comma; 150&comma; 150&comma; 0.3); margin: 30px 0;'><\/div>\n","protected":false},"excerpt":{"rendered":"<p>Punto de acceso Wi-Fi 6 802.11ax de pared, MU-MIMO 2&#215;2:2 (2.4G) y 3&#215;3:2 (5G), Throughput inal\u00e1mbrico de 3 Gbps y 4 puertos Gigabit cableados<\/p>\n","protected":false},"featured_media":81700,"comment_status":"open","ping_status":"closed","template":"","meta":[],"product_brand":[],"product_cat":[1794],"product_tag":[909,1795,1479],"class_list":{"0":"post-81701","1":"product","2":"type-product","3":"status-publish","4":"has-post-thumbnail","6":"product_cat-puntos-de-acceso","7":"product_tag-grandstream","8":"product_tag-puntos-de-acceso","9":"product_tag-redes-wifi","11":"first","12":"instock","13":"sale","14":"shipping-taxable","15":"purchasable","16":"product-type-simple"},"_links":{"self":[{"href":"https:\/\/soydeaqui.ddns.net\/pachuca\/index.php\/wp-json\/wp\/v2\/product\/81701","targetHints":{"allow":["GET"]}}],"collection":[{"href":"https:\/\/soydeaqui.ddns.net\/pachuca\/index.php\/wp-json\/wp\/v2\/product"}],"about":[{"href":"https:\/\/soydeaqui.ddns.net\/pachuca\/index.php\/wp-json\/wp\/v2\/types\/product"}],"replies":[{"embeddable":true,"href":"https:\/\/soydeaqui.ddns.net\/pachuca\/index.php\/wp-json\/wp\/v2\/comments?post=81701"}],"wp:featuredmedia":[{"embeddable":true,"href":"https:\/\/soydeaqui.ddns.net\/pachuca\/index.php\/wp-json\/wp\/v2\/media\/81700"}],"wp:attachment":[{"href":"https:\/\/soydeaqui.ddns.net\/pachuca\/index.php\/wp-json\/wp\/v2\/media?parent=81701"}],"wp:term":[{"taxonomy":"product_brand","embeddable":true,"href":"https:\/\/soydeaqui.ddns.net\/pachuca\/index.php\/wp-json\/wp\/v2\/product_brand?post=81701"},{"taxonomy":"product_cat","embeddable":true,"href":"https:\/\/soydeaqui.ddns.net\/pachuca\/index.php\/wp-json\/wp\/v2\/product_cat?post=81701"},{"taxonomy":"product_tag","embeddable":true,"href":"https:\/\/soydeaqui.ddns.net\/pachuca\/index.php\/wp-json\/wp\/v2\/product_tag?post=81701"}],"curies":[{"name":"wp","href":"https:\/\/api.w.org\/{rel}","templated":true}]}}