{"id":817,"date":"2026-03-18T05:44:32","date_gmt":"2026-03-18T05:44:32","guid":{"rendered":"https:\/\/soydeaqui.ddns.net\/pachuca\/index.php\/producto\/detector-fotoelectrico-con-celda-solar-de-2-rayos-alcance-exterior-60-m-interior-120-m-4-frecuencias-para-ambientes-donde-no-hay-electricidad\/"},"modified":"2026-03-18T05:44:37","modified_gmt":"2026-03-18T05:44:37","slug":"detector-fotoelectrico-con-celda-solar-de-2-rayos-alcance-exterior-60-m-interior-120-m-4-frecuencias-para-ambientes-donde-no-hay-electricidad","status":"publish","type":"product","link":"https:\/\/soydeaqui.ddns.net\/pachuca\/index.php\/producto\/detector-fotoelectrico-con-celda-solar-de-2-rayos-alcance-exterior-60-m-interior-120-m-4-frecuencias-para-ambientes-donde-no-hay-electricidad\/","title":{"rendered":"Detector fotoelectrico con celda solar ; DE 2 RAYOS; alcance exterior 60 m \/ interior 120 m, 4 frecuencias \/ Para ambientes donde no hay electricidad"},"content":{"rendered":"<div style='width: 100%; max-width: 1200px; margin: 0 auto; font-family: sans-serif; line-height: 1.6; color: inherit; background-color: transparent;'>\n<div style='display: flex; flex-wrap: wrap; gap: 30px; margin-bottom: 30px;'>\n<div style='flex: 1 1 300px; min-width: 280px;'>\n<h3 style='font-size: 22px; border-bottom: 2px solid currentColor; padding-bottom: 5px; margin-top: 0; color: inherit; opacity: 0.8;'>Descripci\u00f3n<\/h3>\n<p style='font-size: 15px; color: inherit;'>Toda la serie de detectores fotoel\u00e9ctricos de <strong>S FIRE\u00ae<\/strong> cuentan con un exclusivo dise\u00f1o de la cubierta que evita falsas alarmas por lluvia&comma; nieve y reflejos producidos por el sol. Los canales de rayo fotoel\u00e9ctricos son digitales lo que permite una perfecta sincronizaci\u00f3n entre el transmisor y el receptor&comma; evitando falsas alarmas por interferencias o equipos similares.<\/p>\n<p style='font-size: 15px; color: inherit;'>Los modelos SFIRE le brindan mayor nivel de seguridad ya que ofrecen una protecci\u00f3n con 2 rayos infrarrojos los cuales tiene que ser obstruidos simult\u00e1neamente para generar alarma.<\/p>\n<\/p><\/div>\n<\/p><\/div>\n<div style='display: flex; flex-wrap: wrap; gap: 20px; margin-bottom: 30px;'>\n<div style='flex: 1 1 250px; border: 1px solid rgba(150&comma; 150&comma; 150&comma; 0.4); border-radius: 8px; overflow: hidden; display: flex; flex-direction: column;'>\n<div style='padding: 15px; border-bottom: 1px solid rgba(150&comma; 150&comma; 150&comma; 0.2); font-weight: bold; font-size: 18px; color: inherit;'>Caracter\u00edsticas principales<\/div>\n<div style='padding: 15px; color: inherit;'>\n<ul style='padding-left: 20px; margin: 0; font-size: 14px; list-style-type: disc;'>\n<li style='margin-bottom: 5px;'><strong>Alcance interior:<\/strong> 120 metros sin tapa<\/li>\n<li style='margin-bottom: 5px;'><strong>Rayos infrarrojos:<\/strong> 2<\/li>\n<li style='margin-bottom: 5px;'><strong>Alcance exterior:<\/strong> 60 metros con tapa<\/li>\n<li style='margin-bottom: 5px;'><strong>Frecuencias:<\/strong> 4 seleccionables<\/li>\n<li style='margin-bottom: 5px;'><strong>Tiempo de respuesta:<\/strong> 100ms<\/li>\n<\/ul><\/div>\n<\/p><\/div>\n<div style='flex: 1 1 250px; border: 1px solid rgba(150&comma; 150&comma; 150&comma; 0.4); border-radius: 8px; overflow: hidden; display: flex; flex-direction: column;'>\n<div style='padding: 15px; border-bottom: 1px solid rgba(150&comma; 150&comma; 150&comma; 0.2); font-weight: bold; font-size: 18px; color: inherit;'>Caracter\u00edsticas F\u00edsicas y El\u00e9ctricas<\/div>\n<div style='padding: 15px; color: inherit;'>\n<ul style='padding-left: 20px; margin: 0; font-size: 14px; list-style-type: disc;'>\n<li style='margin-bottom: 5px;'><strong>Salida de alarma:<\/strong> Normalmente abierta<\/li>\n<li style='margin-bottom: 5px;'><strong>Alimentaci\u00f3n:<\/strong> Panel solar integrado para ambientes sin electricidad<\/li>\n<li style='margin-bottom: 5px;'><strong>Bater\u00eda:<\/strong> 3.7Vcc 4&comma;000 mAh recargable (de litio) incluida<\/li>\n<li style='margin-bottom: 5px;'><strong>Durabilidad:<\/strong> 2-3 a\u00f1os<\/li>\n<li style='margin-bottom: 5px;'><strong>Consumo TX:<\/strong> 7.3mA<\/li>\n<li style='margin-bottom: 5px;'><strong>Consumo RX:<\/strong> 4.6mA<\/li>\n<li style='margin-bottom: 5px;'><strong>Tamper:<\/strong> Normalmente cerrado<\/li>\n<li style='margin-bottom: 5px;'><strong>Temperatura de operaci\u00f3n:<\/strong> -25\u00b0C a 65\u00b0C<\/li>\n<li style='margin-bottom: 5px;'><strong>Dimensiones:<\/strong> 40.5x14x13cm<\/li>\n<\/ul><\/div>\n<\/p><\/div>\n<div style='flex: 1 1 250px; border: 1px solid rgba(150&comma; 150&comma; 150&comma; 0.4); border-radius: 8px; overflow: hidden; display: flex; flex-direction: column;'>\n<div style='padding: 15px; border-bottom: 1px solid rgba(150&comma; 150&comma; 150&comma; 0.2); font-weight: bold; font-size: 18px; color: inherit;'>Caracter\u00edsticas Destacadas<\/div>\n<div style='padding: 15px; color: inherit;'>\n<ul style='padding-left: 20px; margin: 0; font-size: 14px; list-style-type: disc;'>\n<li style='margin-bottom: 5px;'><strong>Montaje:<\/strong> Poste o pared<\/li>\n<li style='margin-bottom: 5px;'><strong>Peso:<\/strong> 1.4 kg<\/li>\n<li style='margin-bottom: 5px;'><strong>Garant\u00eda:<\/strong> 3 a\u00f1os<\/li>\n<li style='margin-bottom: 5px;'><strong>Compatibilidad:<\/strong> Alarmas cableadas<\/li>\n<li style='margin-bottom: 5px;'><strong>Tipo de instalaci\u00f3n:<\/strong> Cableado<\/li>\n<li style='margin-bottom: 5px; color: #ffffff; background-color: #e74c3c; padding: 8px; border-radius: 4px;'><strong>Nota:<\/strong> No usar para sistemas de control de acceso<\/li>\n<li style='margin-bottom: 5px; color: #ffffff; background-color: #e74c3c; padding: 8px; border-radius: 4px; font-weight: bold;'>Si se agrega en panel Resideo usar el 5817CBXT<\/li>\n<li style='margin-bottom: 5px; color: #ffffff; background-color: #e74c3c; padding: 8px; border-radius: 4px; font-weight: bold;'>Si se agrega con AXPRO usar el DS-PDMC-EG2-WB(B)<\/li>\n<\/ul><\/div>\n<\/p><\/div>\n<\/p><\/div>\n<div style='display: flex; flex-wrap: wrap; gap: 30px; margin-bottom: 30px;'>\n<div style='flex: 1 1 300px; min-width: 280px;'>\n<h3 style='font-size: 22px; border-bottom: 2px solid currentColor; padding-bottom: 5px; margin-top: 0; color: inherit; opacity: 0.8;'>Imagen del producto<\/h3>\n<p> <img style='width: 100%; height: auto; border: 1px solid rgba(150&comma;150&comma;150&comma;0.3); border-radius: 8px;' src='https:\/\/http2.mlstatic.com\/sirena-alarma-12v-30w-para-alarma-muy-potente-sf581l-sfire-D_NQ_NP_965156-MLM29222112039_012019-O.jpg' alt='Detector fotoel\u00e9ctrico SFIRE SFA60'> <\/div>\n<\/p><\/div>\n<div style='display: flex; flex-wrap: wrap; gap: 30px; margin-bottom: 30px;'>\n<div style='flex: 1 1 300px; min-width: 280px;'>\n<h3 style='font-size: 22px; border-bottom: 2px solid currentColor; padding-bottom: 5px; margin-top: 0; color: inherit; opacity: 0.8;'>Video de funcionamiento<\/h3>\n<div style='position: relative; padding-bottom: 56.25%; height: 0; overflow: hidden; margin-bottom: 30px;'>   <\/div>\n<\/p><\/div>\n<\/p><\/div>\n<hr style='border: 0; border-top: 1px solid rgba(150&comma; 150&comma; 150&comma; 0.3); margin: 30px 0;'> <\/div>\n","protected":false},"excerpt":{"rendered":"<p>Detector fotoelectrico con celda solar ; DE 2 RAYOS; alcance exterior 60 m \/ interior 120 m, 4 frecuencias \/ Para ambientes donde no hay electricidad<\/p>\n","protected":false},"featured_media":816,"comment_status":"open","ping_status":"closed","template":"","meta":[],"product_brand":[],"product_cat":[232],"product_tag":[19,233,79],"class_list":{"0":"post-817","1":"product","2":"type-product","3":"status-publish","4":"has-post-thumbnail","6":"product_cat-fotoelectricos-y-microondas","7":"product_tag-detectores-sensores","8":"product_tag-fotoelectricos-y-microondas","9":"product_tag-sfire","11":"first","12":"instock","13":"sale","14":"shipping-taxable","15":"purchasable","16":"product-type-simple"},"_links":{"self":[{"href":"https:\/\/soydeaqui.ddns.net\/pachuca\/index.php\/wp-json\/wp\/v2\/product\/817","targetHints":{"allow":["GET"]}}],"collection":[{"href":"https:\/\/soydeaqui.ddns.net\/pachuca\/index.php\/wp-json\/wp\/v2\/product"}],"about":[{"href":"https:\/\/soydeaqui.ddns.net\/pachuca\/index.php\/wp-json\/wp\/v2\/types\/product"}],"replies":[{"embeddable":true,"href":"https:\/\/soydeaqui.ddns.net\/pachuca\/index.php\/wp-json\/wp\/v2\/comments?post=817"}],"wp:featuredmedia":[{"embeddable":true,"href":"https:\/\/soydeaqui.ddns.net\/pachuca\/index.php\/wp-json\/wp\/v2\/media\/816"}],"wp:attachment":[{"href":"https:\/\/soydeaqui.ddns.net\/pachuca\/index.php\/wp-json\/wp\/v2\/media?parent=817"}],"wp:term":[{"taxonomy":"product_brand","embeddable":true,"href":"https:\/\/soydeaqui.ddns.net\/pachuca\/index.php\/wp-json\/wp\/v2\/product_brand?post=817"},{"taxonomy":"product_cat","embeddable":true,"href":"https:\/\/soydeaqui.ddns.net\/pachuca\/index.php\/wp-json\/wp\/v2\/product_cat?post=817"},{"taxonomy":"product_tag","embeddable":true,"href":"https:\/\/soydeaqui.ddns.net\/pachuca\/index.php\/wp-json\/wp\/v2\/product_tag?post=817"}],"curies":[{"name":"wp","href":"https:\/\/api.w.org\/{rel}","templated":true}]}}