{"id":81666,"date":"2026-03-19T18:54:12","date_gmt":"2026-03-19T18:54:12","guid":{"rendered":"https:\/\/soydeaqui.ddns.net\/pachuca\/index.php\/producto\/switch-omada-l3-sdn-administrable-24-puertos-gigabit-y-4-puertos-sfp-funciones-rip-vrrp-servidor-dhcp-administracion-centralizada-omada-fuente-redundante\/"},"modified":"2026-03-19T18:54:18","modified_gmt":"2026-03-19T18:54:18","slug":"switch-omada-l3-sdn-administrable-24-puertos-gigabit-y-4-puertos-sfp-funciones-rip-vrrp-servidor-dhcp-administracion-centralizada-omada-fuente-redundante","status":"publish","type":"product","link":"https:\/\/soydeaqui.ddns.net\/pachuca\/index.php\/producto\/switch-omada-l3-sdn-administrable-24-puertos-gigabit-y-4-puertos-sfp-funciones-rip-vrrp-servidor-dhcp-administracion-centralizada-omada-fuente-redundante\/","title":{"rendered":"Switch Omada L3 SDN Administrable \/ 24 puertos Gigabit y 4 puertos SFP+ \/ Funciones RIP, VRRP, Servidor DHCP \/ Administraci\u00f3n centralizada OMADA \/ Fuente Redundante"},"content":{"rendered":"<div style='width: 100%; max-width: 1200px; margin: 0 auto; font-family: sans-serif; line-height: 1.6; color: inherit; background-color: transparent;'>\n<div style='text-align: center; margin: 30px 0;'>\n<h2 style='margin: 0; font-size: 24px; color: inherit; opacity: 0.9;'><a href='https:\/\/www.tp-link.com\/es\/omada-sdn\/' style='color: inherit; text-decoration: none; border-bottom: 1px solid rgba(150&comma;150&comma;150&comma;0.3);'>Aprende m\u00e1s sobre Omada<\/a><\/h2>\n<\/p><\/div>\n<div style='margin: 30px 0;'>\n<h2 style='font-size: 24px; color: inherit; opacity: 0.9; text-align: center; margin-bottom: 20px;'>Administraci\u00f3n con el controlador Omada&comma; generando una red unificada<\/h2>\n<p> <img style='width: 100%; height: auto; border: 1px solid rgba(150&comma;150&comma;150&comma;0.3); border-radius: 8px;' src='https:\/\/ftp3.syscom.mx\/usuarios\/fotos\/TLSX3008F\/208029-image_-_2023-02-27t093757.672.png' alt='Administraci\u00f3n Omada SDN'> <\/div>\n<div style='margin: 30px 0;'>\n<h2 style='font-size: 24px; color: inherit; opacity: 0.9; text-align: center; margin-bottom: 20px;'>Funciones avanzadas para la asministraci\u00f3n de la red empresarial.<\/h2>\n<p> <img style='width: 100%; height: auto; border: 1px solid rgba(150&comma;150&comma;150&comma;0.3); border-radius: 8px;' src='https:\/\/ftp3.syscom.mx\/usuarios\/fotos\/TLSX3008F\/208029-image_-_2023-02-27t093748.969.png' alt='Funciones avanzadas red empresarial'> <\/div>\n<div style='margin: 30px 0;'>\n<h2 style='font-size: 24px; color: inherit; opacity: 0.9; text-align: center; margin-bottom: 20px;'>Alto rendimiento para una red empresar\u00edal.<\/h2>\n<p> <img style='width: 100%; height: auto; border: 1px solid rgba(150&comma;150&comma;150&comma;0.3); border-radius: 8px;' src='https:\/\/ftp3.syscom.mx\/usuarios\/fotos\/TLSG3452X\/208030-image_-_2023-02-27t113152.601.png' alt='Alto rendimiento red empresarial'> <\/div>\n<div style='margin: 30px 0;'> <img style='width: 100%; height: auto; border: 1px solid rgba(150&comma;150&comma;150&comma;0.3); border-radius: 8px;' src='https:\/\/ftp3.syscom.mx\/usuarios\/fotos\/TLSG3428X\/193905-image_-_2023-02-27t120433.684.png' alt='Arquitectura interna switch'> <\/div>\n<hr style='border: 0; border-top: 1px solid rgba(150&comma; 150&comma; 150&comma; 0.3); margin: 30px 0;'> <!-- Especificaciones --> <\/p>\n<div style='display: flex; flex-wrap: wrap; gap: 30px; margin: 30px 0;'>\n<div style='flex: 1 1 300px; min-width: 280px;'>\n<h3 style='font-size: 22px; border-bottom: 2px solid currentColor; padding-bottom: 5px; margin-top: 0; color: inherit; opacity: 0.8;'>Especificaciones<\/h3>\n<ul style='padding-left: 20px; font-size: 15px; color: inherit;'>\n<li style='margin-bottom: 5px;'><strong style='color: inherit;'>Dimensiones:<\/strong> 440 x 380 x 44 mm.<\/li>\n<li style='margin-bottom: 5px;'><strong style='color: inherit;'>Puertos:<\/strong> (24) Puertos 10\/100\/1000 Mbps<br \/>(4) Puertos SFP+ 10 G<br \/>(2) Puertos USB 2.0<br \/>(1) Puerto consola RJ45<br \/>(1) Puerto consola Tipo C<br \/>(1) Puerto administraci\u00f3n RJ45<\/li>\n<li style='margin-bottom: 5px;'><strong style='color: inherit;'>Ventiladores:<\/strong> 4 Ventiladores fijos<\/li>\n<li style='margin-bottom: 5px;'><strong style='color: inherit;'>Montaje:<\/strong> Montaje en rack (kit incluido)<\/li>\n<li style='margin-bottom: 5px;'><strong style='color: inherit;'>Gesti\u00f3n:<\/strong> Mediante Web&comma; CLI&comma; Omada SDN<\/li>\n<li style='margin-bottom: 5px;'><strong style='color: inherit;'>Consuma m\u00e1x:<\/strong> 28.4 W<\/li>\n<li style='margin-bottom: 5px;'><strong style='color: inherit;'>Alimentaci\u00f3n:<\/strong> 100-240 Vca&comma; 50\/60 Hz (2 fuentes internas)<\/li>\n<li style='margin-bottom: 5px;'><strong style='color: inherit;'>Rendimiento:<\/strong> 128 Gbps<\/li>\n<li style='margin-bottom: 5px;'><strong style='color: inherit;'>Reenv\u00edo de paquetes:<\/strong> 95.2 Mpps<\/li>\n<li style='margin-bottom: 5px;'><strong style='color: inherit;'>Tabla de MAC:<\/strong> 32 K<\/li>\n<li style='margin-bottom: 5px;'><strong style='color: inherit;'>Memoria de buffer:<\/strong> 3 MB<\/li>\n<li style='margin-bottom: 5px;'><strong style='color: inherit;'>Apilado:<\/strong> M\u00e1ximo 8<br \/>Todos los puertos SFP+ pueden funcionar como apilamiento<br \/>Ancho de banda de apilamiento: hasta 80 Gbps (4 puertos de apilamiento)<\/li>\n<li style='margin-bottom: 5px;'><strong style='color: inherit;'>Bot\u00f3n Reset:<\/strong> No&comma; reinicio mediante consola<\/li>\n<\/ul><\/div>\n<p> <!-- Caracter\u00edsticas --> <\/p>\n<div style='flex: 1 1 300px; min-width: 280px;'>\n<h3 style='font-size: 22px; border-bottom: 2px solid currentColor; padding-bottom: 5px; margin-top: 0; color: inherit; opacity: 0.8;'>Caracter\u00edsticas<\/h3>\n<ul style='padding-left: 20px; font-size: 15px; color: inherit;'>\n<li style='margin-bottom: 5px;'><strong style='color: inherit;'>Calidad de servicio:<\/strong> Clase de servicio<br \/>8 colas de prioridad<br \/>Prioridad de puerto<br \/>Prioridad IEEE 802.1p<br \/>Prioridad DSCP<br \/>Control de ancho de banda<br \/>L\u00edmite de velocidad<br \/>VLAN de voz<br \/>Rendimiento m\u00e1s fluido<br \/>OUI definido por el usuario<br \/>Control de tormentas<\/li>\n<li style='margin-bottom: 5px;'><strong style='color: inherit;'>Caracter\u00edsticas de L3:<\/strong> Interfaces IP: IPv4: M\u00e1x. 256&comma; IPv6: M\u00e1x. 256<br \/>Enrutamiento est\u00e1tico: M\u00e1x. 1024&comma; IPv6: M\u00e1x. 512<br \/>Tabla de rutas de host: M\u00e1x. 6100 entradas<br \/>RIP: Versi\u00f3n v1\/v2&comma; M\u00e1x. 8190<br \/>OSPF: Versi\u00f3n v2\/v3; v2: M\u00e1x. 8190&comma; v3: M\u00e1x. 4097<br \/>VRRP: Versi\u00f3n v2\/v3&comma; M\u00e1x. 64 grupos<br \/>ECMP: 256 entradas&comma; m\u00e1x. 32 pr\u00f3ximos saltos ECMP por destino<br \/>ARP est\u00e1tico: 512 entradas est\u00e1ticas<br \/>ARP din\u00e1mico: 7680 entradas din\u00e1micas<br \/>ARP proxy<br \/>Servidor DHCP: M\u00e1x. 64 grupos de IP&comma; m\u00e1x. 1000 entradas de enlace manual<br \/>Retransmisi\u00f3n DHCP: Interfaz retransmitida&comma; VLAN retransmitida<\/li>\n<li style='margin-bottom: 5px;'><strong style='color: inherit;'>Caracter\u00edsticas de L2 y L2+:<\/strong> Agregaci\u00f3n de enlaces<br \/>Protocolo de \u00e1rbol de expansi\u00f3n<br \/>Detecci\u00f3n de bucle invertido basada en puerto y VLAN<br \/>Control de flujo 802.3x<br \/>Admite 2048 grupos IGMP<br \/>ERPS<br \/>Duplicaci\u00f3n<br \/>RSPAN<br \/>Tabla de direcciones MAC<br \/>PIM-DM&comma; PIM-SM (IPv4)<br \/>Multidifusi\u00f3n<br \/>Inspecci\u00f3n IGMP<br \/>Inspecci\u00f3n MLD<br \/>Tabla de multidifusi\u00f3n L2<br \/>Salida r\u00e1pida<br \/>Registro de VLAN de multidifusi\u00f3n (MVR)<br \/>IP de multidifusi\u00f3n est\u00e1tica<br \/>Filtrado de multidifusi\u00f3n<\/li>\n<li style='margin-bottom: 5px;'><strong style='color: inherit;'>Funciones Avanzadas:<\/strong> Descubrimiento autom\u00e1tico de dispositivos<br \/>Configuraci\u00f3n por lotes<br \/>Actualizaci\u00f3n de firmware por lotes<br \/>Monitoreo de red inteligente<br \/>Advertencias de eventos anormales<br \/>Configuraci\u00f3n unificada<br \/>Programaci\u00f3n de reinicios<br \/><strong style='color: inherit;'>Caracter\u00edsticas del ISP:<\/strong><br \/>\u2022 Enlace Ethernet OAM 802.3ah<br \/>\u2022 L2PT (T\u00fanel de protocolo de capa 2)<br \/>\u2022 Protocolo de detecci\u00f3n de enlace de dispositivo (DLDP)<br \/>\u2022 DDM<br \/>\u2022 sFlow<\/li>\n<li style='margin-bottom: 5px;'><strong style='color: inherit;'>VLAN:<\/strong> Grupo VLAN m\u00e1x. 4K (VLAN 802.1q)<br \/>VLAN etiquetada 802.1Q<br \/>Entradas MAC VLAN: 200<br \/>VLAN de multidifusi\u00f3n<br \/>VLAN de administraci\u00f3n<br \/>VLAN VPN (QinQ): m\u00e1x. 256 entradas<br \/>GVRP<br \/>VLAN de protocolo: plantilla de protocolo 16&comma; VLAN de protocolo 12 entradas<br \/>VLAN VPN<br \/>VLAN de voz<br \/>VLAN privada<\/li>\n<li style='margin-bottom: 5px;'><strong style='color: inherit;'>Seguridad:<\/strong> Aislamiento de puerto<br \/>Defensa de CPU<br \/>Inspecci\u00f3n ARP (Inspecci\u00f3n ARP din\u00e1mica)<br \/>Defensa DoS<br \/>Vinculaci\u00f3n de puerto IP-MAC -1024 entradas &#8211; Inspecci\u00f3n DHCP- Inspecci\u00f3n ARP &#8211; Protecci\u00f3n de origen IPv4<br \/>Vinculaci\u00f3n de puerto IPv6-MAC -1024 entradas &#8211; Inspecci\u00f3n DHCPv6 &#8211; Protecci\u00f3n de origen IPv6<br \/>Filtro DHCP<br \/>Seguridad de puerto est\u00e1tica\/din\u00e1mica &#8211; Hasta 64 direcciones MAC por puerto<br \/>Control de tormentas de difusi\u00f3n\/multidifusi\u00f3n\/unidifusi\u00f3n desconocida<br \/>\u2022 802.1X &#8211; Autenticaci\u00f3n basada en puerto &#8211; Autenticaci\u00f3n basada en MAC &#8211; Asignaci\u00f3n de VLAN &#8211; MAB &#8211; VLAN de invitado &#8211; Soporte de autenticaci\u00f3n y responsabilidad RADIUS<br \/>AAA (incluido TACACS+)<br \/>Administraci\u00f3n web segura a trav\u00e9s de HTTPS con SSLv3\/TLS 1.2<br \/>Administraci\u00f3n segura de interfaz de l\u00ednea de comandos (CLI) con SSHv2<br \/>Acceso basado en IP\/puerto\/MAC<\/li>\n<li style='margin-bottom: 5px;'><strong style='color: inherit;'>Certificaciones:<\/strong> CE&comma; FCC&comma; RoHS<\/li>\n<li style='margin-bottom: 5px;'><strong style='color: inherit;'>Temperatura:<\/strong> Temperatura de funcionamiento:<br \/>-5 \u00b0C a 50 \u00b0C (23 \u00b0F a 122 \u00b0F)<\/li>\n<\/ul><\/div>\n<p> <!-- Otros --> <\/p>\n<div style='flex: 1 1 300px; min-width: 280px;'>\n<h3 style='font-size: 22px; border-bottom: 2px solid currentColor; padding-bottom: 5px; margin-top: 0; color: inherit; opacity: 0.8;'>Otros<\/h3>\n<ul style='padding-left: 20px; font-size: 15px; color: inherit;'>\n<li style='margin-bottom: 5px;'><strong style='color: inherit;'>Contenido del Paquete:<\/strong> 1 Switch SG6428X<br \/>1 Cable consola RJ45<br \/>2 Cables de alimentaci\u00f3n<br \/>Gu\u00eda de instalaci\u00f3n r\u00e1pida<br \/>Kit de montaje en rack<br \/>Patas de goma<\/li>\n<\/ul><\/div>\n<\/p><\/div>\n<hr style='border: 0; border-top: 1px solid rgba(150&comma; 150&comma; 150&comma; 0.3); margin: 30px 0;'> <\/div>\n","protected":false},"excerpt":{"rendered":"<p>Switch Omada L3 SDN Administrable \/ 24 puertos Gigabit y 4 puertos SFP+ \/ Funciones RIP, VRRP, Servidor DHCP \/ Administraci\u00f3n centralizada OMADA \/ Fuente Redundante<\/p>\n","protected":false},"featured_media":81665,"comment_status":"open","ping_status":"closed","template":"","meta":[],"product_brand":[],"product_cat":[1970],"product_tag":[664,1971,71],"class_list":{"0":"post-81666","1":"product","2":"type-product","3":"status-publish","4":"has-post-thumbnail","6":"product_cat-switches","7":"product_tag-networking","8":"product_tag-switches","9":"product_tag-tp-link","11":"first","12":"outofstock","13":"sale","14":"shipping-taxable","15":"purchasable","16":"product-type-simple"},"_links":{"self":[{"href":"https:\/\/soydeaqui.ddns.net\/pachuca\/index.php\/wp-json\/wp\/v2\/product\/81666","targetHints":{"allow":["GET"]}}],"collection":[{"href":"https:\/\/soydeaqui.ddns.net\/pachuca\/index.php\/wp-json\/wp\/v2\/product"}],"about":[{"href":"https:\/\/soydeaqui.ddns.net\/pachuca\/index.php\/wp-json\/wp\/v2\/types\/product"}],"replies":[{"embeddable":true,"href":"https:\/\/soydeaqui.ddns.net\/pachuca\/index.php\/wp-json\/wp\/v2\/comments?post=81666"}],"wp:featuredmedia":[{"embeddable":true,"href":"https:\/\/soydeaqui.ddns.net\/pachuca\/index.php\/wp-json\/wp\/v2\/media\/81665"}],"wp:attachment":[{"href":"https:\/\/soydeaqui.ddns.net\/pachuca\/index.php\/wp-json\/wp\/v2\/media?parent=81666"}],"wp:term":[{"taxonomy":"product_brand","embeddable":true,"href":"https:\/\/soydeaqui.ddns.net\/pachuca\/index.php\/wp-json\/wp\/v2\/product_brand?post=81666"},{"taxonomy":"product_cat","embeddable":true,"href":"https:\/\/soydeaqui.ddns.net\/pachuca\/index.php\/wp-json\/wp\/v2\/product_cat?post=81666"},{"taxonomy":"product_tag","embeddable":true,"href":"https:\/\/soydeaqui.ddns.net\/pachuca\/index.php\/wp-json\/wp\/v2\/product_tag?post=81666"}],"curies":[{"name":"wp","href":"https:\/\/api.w.org\/{rel}","templated":true}]}}