{"id":81647,"date":"2026-03-19T18:53:22","date_gmt":"2026-03-19T18:53:22","guid":{"rendered":"https:\/\/soydeaqui.ddns.net\/pachuca\/index.php\/producto\/switch-industrial-bypass-de-fibra-optica-monomodo-con-conector-lc-de-2-canales\/"},"modified":"2026-03-19T18:53:29","modified_gmt":"2026-03-19T18:53:29","slug":"switch-industrial-bypass-de-fibra-optica-monomodo-con-conector-lc-de-2-canales","status":"publish","type":"product","link":"https:\/\/soydeaqui.ddns.net\/pachuca\/index.php\/producto\/switch-industrial-bypass-de-fibra-optica-monomodo-con-conector-lc-de-2-canales\/","title":{"rendered":"Switch Industrial Bypass de Fibra Optica Monomodo con Conector LC de 2 Canales"},"content":{"rendered":"<div style='width: 100%; max-width: 1200px; margin: 0 auto; font-family: sans-serif; line-height: 1.6; color: inherit; background-color: transparent;'>\n<div style='display: flex; flex-wrap: wrap; gap: 15px; margin-bottom: 30px;'> <img style='width: 100px; height: auto; border: 1px solid rgba(150&comma;150&comma;150&comma;0.3); border-radius: 8px;' src='https:\/\/planet.com.tw\/storage\/icons\/8icon_-40-degree-~75-degree.png' alt='75\u00b0C~-40\u00b0C'> <img style='width: 100px; height: auto; border: 1px solid rgba(150&comma;150&comma;150&comma;0.3); border-radius: 8px;' src='https:\/\/planet.com.tw\/storage\/icons\/2icon_IP-Code_30.png' alt='IP 30'> <img style='width: 100px; height: auto; border: 1px solid rgba(150&comma;150&comma;150&comma;0.3); border-radius: 8px;' src='https:\/\/planet.com.tw\/storage\/icons\/652\/Fiber-Optic-Bypass.png' alt='Bypass de fibra \u00f3ptica'> <\/div>\n<div style='margin-bottom: 30px;'>\n<p style='font-size: 16px;'>El interruptor de derivaci\u00f3n de fibra \u00f3ptica industrial de la serie IFB-244 se puede utilizar en redes \u00f3pticas importantes y cr\u00edticas donde no se toleran fallas en los enlaces de fibra&comma; como en subestaciones el\u00e9ctricas&comma; estaciones de trenes y autobuses&comma; sistemas de vigilancia IP&comma; monitoreo de ferrocarriles&comma; sistemas de comunicaci\u00f3n y f\u00e1bricas de automatizaci\u00f3n.<\/p>\n<\/p><\/div>\n<div style='margin-bottom: 30px;'> <img style='width: 100%; height: auto; border: 1px solid rgba(150&comma;150&comma;150&comma;0.3); border-radius: 8px;' src='https:\/\/planet.com.tw\/storage\/products\/49248\/edm_IFB-244_Series1.jpg' alt=''> <\/div>\n<div style='margin-bottom: 30px;'>\n<p style='font-size: 16px;'>La serie IFB-244 aplica tecnolog\u00eda de fibra a fibra para lograr p\u00e9rdidas ultrabajas y un tiempo de conmutaci\u00f3n ultrarr\u00e1pido. Dos de los puertos de fibra se utilizan para conectarse a dos conmutadores de fibra remotos y los otros dos puertos de fibra se utilizan para conectarse al conmutador de fibra local. La serie IFB-244 y el conmutador Ethernet de fibra local se alimentan de la misma fuente de alimentaci\u00f3n. Cuando el sistema est\u00e1 encendido&comma; la serie IFB-244 funciona en modo normal y reenv\u00eda paquetes Ethernet entre dos conmutadores de fibra remotos y el conmutador de fibra local. Cuando ocurre una falla de energ\u00eda del sistema&comma; la serie IFB-244 opera en el modo Bypass que reenv\u00eda directamente el paquete Ethernet entre dos conmutadores de fibra remotos y omite el conmutador de fibra local. Una vez que se recupera la energ\u00eda del sistema&comma; el tr\u00e1fico de la red reanuda la operaci\u00f3n entre dos conmutadores de fibra remotos y un conmutador de fibra local.<\/p>\n<\/p><\/div>\n<div style='overflow-x: auto; margin-bottom: 30px;'>\n<table style='width: 100%; max-width: 1140px; border-collapse: collapse; border: 1px solid rgba(150&comma;150&comma;150&comma;0.3); margin: 0 auto;'>\n<thead>\n<tr>\n<th style='background-color: #7f9cd3; color: #ffffff; text-align: center; border: 1px solid rgba(150&comma;150&comma;150&comma;0.3); padding: 12px;'>Modo de operaci\u00f3n<\/th>\n<th style='background-color: #7f9cd3; color: #ffffff; text-align: center; border: 1px solid rgba(150&comma;150&comma;150&comma;0.3); padding: 12px;'>Fuente de alimentaci\u00f3n<\/th>\n<th style='background-color: #7f9cd3; color: #ffffff; text-align: center; border: 1px solid rgba(150&comma;150&comma;150&comma;0.3); padding: 12px;'>Ruta de tr\u00e1fico \u00f3ptico<\/th>\n<\/tr>\n<\/thead>\n<tbody>\n<tr>\n<td style='background-color: #edf0f7; text-align: center; border: 1px solid rgba(150&comma;150&comma;150&comma;0.3); padding: 10px;'>Modo normal<\/td>\n<td style='background-color: #ffffff; text-align: center; border: 1px solid rgba(150&comma;150&comma;150&comma;0.3); padding: 10px;'>Encendido<\/td>\n<td style='background-color: #ffffff; border: 1px solid rgba(150&comma;150&comma;150&comma;0.3); padding: 10px;'>IFB-244 reenv\u00eda paquetes entre dos conmutadores de red remotos y el conmutador local<\/td>\n<\/tr>\n<tr>\n<td style='background-color: #edf0f7; text-align: center; border: 1px solid rgba(150&comma;150&comma;150&comma;0.3); padding: 10px;'>Modo de derivaci\u00f3n<\/td>\n<td style='background-color: #ffffff; text-align: center; border: 1px solid rgba(150&comma;150&comma;150&comma;0.3); padding: 10px;'>P\u00e9rdida de potencia<\/td>\n<td style='background-color: #ffffff; border: 1px solid rgba(150&comma;150&comma;150&comma;0.3); padding: 10px;'>IFB 244 reenv\u00eda paquetes directamente entre dos conmutadores de red remotos y omite el conmutador local<\/td>\n<\/tr>\n<\/tbody>\n<\/table><\/div>\n<div style='margin-bottom: 30px;'> <img style='width: 100%; height: auto; border: 1px solid rgba(150&comma;150&comma;150&comma;0.3); border-radius: 8px;' src='https:\/\/planet.com.tw\/storage\/products\/49248\/IFB-244-series-13.png' alt=''> <\/div>\n<\/p><\/div>\n","protected":false},"excerpt":{"rendered":"<p>Switch Industrial Bypass de Fibra Optica Monomodo con Conector LC de 2 Canales<\/p>\n","protected":false},"featured_media":81646,"comment_status":"open","ping_status":"closed","template":"","meta":[],"product_brand":[],"product_cat":[663],"product_tag":[664,2033,665],"class_list":{"0":"post-81647","1":"product","2":"type-product","3":"status-publish","4":"has-post-thumbnail","6":"product_cat-transceptores-de-fibra","7":"product_tag-networking","8":"product_tag-planet","9":"product_tag-transceptores-de-fibra","11":"first","12":"outofstock","13":"sale","14":"shipping-taxable","15":"purchasable","16":"product-type-simple"},"_links":{"self":[{"href":"https:\/\/soydeaqui.ddns.net\/pachuca\/index.php\/wp-json\/wp\/v2\/product\/81647","targetHints":{"allow":["GET"]}}],"collection":[{"href":"https:\/\/soydeaqui.ddns.net\/pachuca\/index.php\/wp-json\/wp\/v2\/product"}],"about":[{"href":"https:\/\/soydeaqui.ddns.net\/pachuca\/index.php\/wp-json\/wp\/v2\/types\/product"}],"replies":[{"embeddable":true,"href":"https:\/\/soydeaqui.ddns.net\/pachuca\/index.php\/wp-json\/wp\/v2\/comments?post=81647"}],"wp:featuredmedia":[{"embeddable":true,"href":"https:\/\/soydeaqui.ddns.net\/pachuca\/index.php\/wp-json\/wp\/v2\/media\/81646"}],"wp:attachment":[{"href":"https:\/\/soydeaqui.ddns.net\/pachuca\/index.php\/wp-json\/wp\/v2\/media?parent=81647"}],"wp:term":[{"taxonomy":"product_brand","embeddable":true,"href":"https:\/\/soydeaqui.ddns.net\/pachuca\/index.php\/wp-json\/wp\/v2\/product_brand?post=81647"},{"taxonomy":"product_cat","embeddable":true,"href":"https:\/\/soydeaqui.ddns.net\/pachuca\/index.php\/wp-json\/wp\/v2\/product_cat?post=81647"},{"taxonomy":"product_tag","embeddable":true,"href":"https:\/\/soydeaqui.ddns.net\/pachuca\/index.php\/wp-json\/wp\/v2\/product_tag?post=81647"}],"curies":[{"name":"wp","href":"https:\/\/api.w.org\/{rel}","templated":true}]}}