{"id":81645,"date":"2026-03-19T18:53:18","date_gmt":"2026-03-19T18:53:18","guid":{"rendered":"https:\/\/soydeaqui.ddns.net\/pachuca\/index.php\/producto\/kit-de-10-puntos-de-acceso-c1n-wi-fi-ptmp-en-2-4-ghz-antena-sectorial-integrada-de-70-de-10-dbi-hasta-800-m-de-cobertura-soporta-fichas-vouchers-administracion-en-nube-gratis-con-insights\/"},"modified":"2026-03-19T18:53:19","modified_gmt":"2026-03-19T18:53:19","slug":"kit-de-10-puntos-de-acceso-c1n-wi-fi-ptmp-en-2-4-ghz-antena-sectorial-integrada-de-70-de-10-dbi-hasta-800-m-de-cobertura-soporta-fichas-vouchers-administracion-en-nube-gratis-con-insights","status":"publish","type":"product","link":"https:\/\/soydeaqui.ddns.net\/pachuca\/index.php\/producto\/kit-de-10-puntos-de-acceso-c1n-wi-fi-ptmp-en-2-4-ghz-antena-sectorial-integrada-de-70-de-10-dbi-hasta-800-m-de-cobertura-soporta-fichas-vouchers-administracion-en-nube-gratis-con-insights\/","title":{"rendered":"Kit de 10 Puntos de Acceso C1N Wi-Fi, PTMP en 2.4 GHz, Antena Sectorial Integrada de 70\u00b0 de 10 dBi, Hasta 800 m de Cobertura, Soporta Fichas-Vouchers, Administraci\u00f3n en Nube Gratis con INSIGHTS (Con Versi\u00f3n de HW 4.0 \u00f3 Superior)."},"content":{"rendered":"<div style='width: 100%; max-width: 1200px; margin: 0 auto; font-family: sans-serif; line-height: 1.6; color: inherit; background-color: transparent;'>\n<div style='display: flex; flex-wrap: wrap; justify-content: center; gap: 30px; margin-bottom: 30px;'> <img style='width: 100%; max-width: 300px; height: auto; border: 1px solid rgba(150&comma;150&comma;150&comma;0.3); border-radius: 8px;' src='https:\/\/ftp3.syscom.mx\/usuarios\/hortega\/Altai\/Altai.png' alt='Logo Altai'> <img style='width: 100%; max-width: 850px; height: auto; border: 1px solid rgba(150&comma;150&comma;150&comma;0.3); border-radius: 8px;' src='https:\/\/www.altaitechnologies.com\/wp-content\/uploads\/2024\/08\/Insights_Banner.png' alt='Banner Insights'> <\/div>\n<div style='text-align: center; margin: 30px 0;'> <a style='font-size: 18px; font-weight: bold; color: #f29d12; text-decoration: none; background-color: #34495e; padding: 10px 20px; border-radius: 5px;' href='https:\/\/forum.insights.altaitechnologies.com\/login' target='_blank' rel='noopener'>Crea AQU\u00cd tu cuenta INSIGHTS<\/a> <\/div>\n<hr style='border: 0; border-top: 1px solid rgba(150&comma; 150&comma; 150&comma; 0.3); margin: 30px 0;'>\n<div style='max-width: 900px; margin: 0 auto 0 auto; text-align: center; font-size: 14px;'>\n<p style='margin: 15px 0; color: inherit;'>Como complemento de la soluci\u00f3n de cobertura de la estaci\u00f3n base s\u00faper WiFi de Altai&comma; se encuentran los CPE de alto rendimiento C1n&comma; que emplean un algoritmo de procesamiento de se\u00f1al inteligente patentado y una antena dise\u00f1ada para aumentar la intensidad de la se\u00f1al WiFi (transmisi\u00f3n y recepci\u00f3n)&comma; as\u00ed como el rendimiento del cliente. Tambi\u00e9n puede funcionar como un punto de acceso independiente.<\/p>\n<\/p><\/div>\n<div style='display: flex; flex-wrap: wrap; justify-content: center; margin: 30px 0;'> <img style='width: 100%; max-width: 244px; height: auto; border: 1px solid rgba(150&comma;150&comma;150&comma;0.3); border-radius: 8px;' src='https:\/\/ftp3.syscom.mx\/usuarios\/hortega\/Altai\/Distancias\/c1n.png' alt='Distancia de cobertura'> <\/div>\n<div style='text-align: center; margin: 15px 0; font-size: 14px;'>\n<p style='margin: 5px 0; color: inherit;'><strong style='color: inherit;'>Distancia M\u00e1xima:<\/strong> Hasta 800 metros para dispositivos Wi-Fi<\/p>\n<\/p><\/div>\n<div style='display: flex; flex-wrap: wrap; gap: 20px; margin: 30px 0;'>\n<div style='flex: 1 1 250px; border: 1px solid rgba(150&comma; 150&comma; 150&comma; 0.4); border-radius: 8px; overflow: hidden; display: flex; flex-direction: column;'>\n<div style='padding: 15px; border-bottom: 1px solid rgba(150&comma; 150&comma; 150&comma; 0.2); font-weight: bold; font-size: 18px; color: inherit;'>Caracter\u00edsticas T\u00e9cnicas<\/div>\n<div style='padding: 15px; color: inherit;'>\n<ul style='padding-left: 20px; margin: 0; font-size: 14px; list-style-type: disc;'>\n<li style='margin-bottom: 5px;'><strong style='color: inherit;'>Est\u00e1ndar:<\/strong> 802.11 b\/g\/n<\/li>\n<li style='margin-bottom: 5px;'><strong style='color: inherit;'>M\u00e1x Dispositivos:<\/strong> 128 dispositivos concurrentes<\/li>\n<li style='margin-bottom: 5px;'><strong style='color: inherit;'>Velocidad:<\/strong> 300 Mbps<\/li>\n<li style='margin-bottom: 5px;'><strong style='color: inherit;'>Modos:<\/strong> Access Point \/ Cliente \/ Repetidor<\/li>\n<\/ul><\/div>\n<\/p><\/div>\n<div style='flex: 1 1 250px; border: 1px solid rgba(150&comma; 150&comma; 150&comma; 0.4); border-radius: 8px; overflow: hidden; display: flex; flex-direction: column;'>\n<div style='padding: 15px; border-bottom: 1px solid rgba(150&comma; 150&comma; 150&comma; 0.2); font-weight: bold; font-size: 18px; color: inherit;'>Caracter\u00edsticas Antena<\/div>\n<div style='padding: 15px; color: inherit;'>\n<ul style='padding-left: 20px; margin: 0; font-size: 14px; list-style-type: disc;'>\n<li style='margin-bottom: 5px;'><strong style='color: inherit;'>Potencia M\u00e1x:<\/strong> 29 dBm<\/li>\n<li style='margin-bottom: 5px;'><strong style='color: inherit;'>Antena:<\/strong> Integrada de 10 dBi<\/li>\n<li style='margin-bottom: 5px;'><strong style='color: inherit;'>\u00c1ngulo:<\/strong> Dual-Slant \u00b145\u00b0&comma; 70\u00b0 H \/ 30\u00b0 V<\/li>\n<\/ul><\/div>\n<\/p><\/div>\n<div style='flex: 1 1 250px; border: 1px solid rgba(150&comma; 150&comma; 150&comma; 0.4); border-radius: 8px; overflow: hidden; display: flex; flex-direction: column;'>\n<div style='padding: 15px; border-bottom: 1px solid rgba(150&comma; 150&comma; 150&comma; 0.2); font-weight: bold; font-size: 18px; color: inherit;'>Caracter\u00edsticas Principales<\/div>\n<div style='padding: 15px; color: inherit;'>\n<ul style='padding-left: 20px; margin: 0; font-size: 14px; list-style-type: disc;'>\n<li style='margin-bottom: 5px;'>Tecnolog\u00eda MIMO 2&#215;2 para mayor alcance<\/li>\n<li style='margin-bottom: 5px;'>Control de interferencia adaptativo<\/li>\n<li style='margin-bottom: 5px;'>Gesti\u00f3n de umbral SNR para control de cobertura<\/li>\n<li style='margin-bottom: 5px;'>Fast Roaming 802.11r<\/li>\n<li style='margin-bottom: 5px;'>Soporta 16 SSID<\/li>\n<li style='margin-bottom: 5px;'>Control de ancho de banda por SSID\/Cliente<\/li>\n<\/ul><\/div>\n<\/p><\/div>\n<div style='flex: 1 1 250px; border: 1px solid rgba(150&comma; 150&comma; 150&comma; 0.4); border-radius: 8px; overflow: hidden; display: flex; flex-direction: column;'>\n<div style='padding: 15px; border-bottom: 1px solid rgba(150&comma; 150&comma; 150&comma; 0.2); font-weight: bold; font-size: 18px; color: inherit;'>Caracter\u00edsticas F\u00edsicas y El\u00e9ctricas<\/div>\n<div style='padding: 15px; color: inherit;'>\n<ul style='padding-left: 20px; margin: 0; font-size: 14px; list-style-type: disc;'>\n<li style='margin-bottom: 5px;'><strong style='color: inherit;'>Dimensiones:<\/strong> 242 x 80 x 27 mm<\/li>\n<li style='margin-bottom: 5px;'><strong style='color: inherit;'>Peso:<\/strong> 0.4 kg<\/li>\n<li style='margin-bottom: 5px;'><strong style='color: inherit;'>Temperatura:<\/strong> -20 a 55 \u00b0C<\/li>\n<li style='margin-bottom: 5px;'><strong style='color: inherit;'>Instalaci\u00f3n:<\/strong> Pared&comma; m\u00e1stil o poste (3-9 m)<\/li>\n<li style='margin-bottom: 5px;'><strong style='color: inherit;'>Puerto Ethernet:<\/strong> 10\/100 Mbps<\/li>\n<li style='margin-bottom: 5px;'><strong style='color: inherit;'>Alimentaci\u00f3n:<\/strong> PoE pasivo de 18V<\/li>\n<li style='margin-bottom: 5px;'><strong style='color: inherit;'>Consumo:<\/strong> 6W<\/li>\n<\/ul><\/div>\n<\/p><\/div>\n<div style='flex: 1 1 250px; border: 1px solid rgba(150&comma; 150&comma; 150&comma; 0.4); border-radius: 8px; overflow: hidden; display: flex; flex-direction: column;'>\n<div style='padding: 15px; border-bottom: 1px solid rgba(150&comma; 150&comma; 150&comma; 0.2); font-weight: bold; font-size: 18px; color: inherit;'>Contenido del Paquete<\/div>\n<div style='padding: 15px; color: inherit;'>\n<ul style='padding-left: 20px; margin: 0; font-size: 14px; list-style-type: disc;'>\n<li style='margin-bottom: 5px;'>10 Puntos de Acceso C1n<\/li>\n<li style='margin-bottom: 5px;'>10 Inyectores PoE<\/li>\n<li style='margin-bottom: 5px;'>10 Corbatas<\/li>\n<\/ul><\/div>\n<\/p><\/div>\n<\/p><\/div>\n<hr style='border: 0; border-top: 1px solid rgba(150&comma; 150&comma; 150&comma; 0.3); margin: 30px 0;'>\n<div style='display: flex; flex-wrap: wrap; gap: 30px; justify-content: center; margin: 30px 0;'>\n<div style='flex: 1 1 600px; min-width: 300px;'>\n<div style='position: relative; padding-bottom: 56.25%; height: 0; overflow: hidden;'>   <\/div>\n<\/p><\/div>\n<div style='flex: 1 1 600px; min-width: 300px;'>\n<div style='position: relative; padding-bottom: 56.25%; height: 0; overflow: hidden;'>   <\/div>\n<\/p><\/div>\n<\/p><\/div>\n<div style='display: flex; flex-wrap: wrap; gap: 30px; justify-content: center; margin: 30px 0;'>\n<div style='flex: 1 1 400px; min-width: 300px;'>\n<div style='position: relative; padding-bottom: 56.25%; height: 0; overflow: hidden;'>   <\/div>\n<\/p><\/div>\n<div style='flex: 1 1 400px; min-width: 300px;'>\n<div style='position: relative; padding-bottom: 56.25%; height: 0; overflow: hidden;'>   <\/div>\n<\/p><\/div>\n<div style='flex: 1 1 400px; min-width: 300px;'>\n<div style='position: relative; padding-bottom: 56.25%; height: 0; overflow: hidden;'>   <\/div>\n<\/p><\/div>\n<\/p><\/div>\n<div style='max-width: 900px; margin: 30px auto; text-align: center; font-size: 14px;'>\n<p style='margin: 15px 0; color: inherit;'><em style='color: #b8312f;'>La m\u00e1xima distancia en cobertura&comma; capacidad de dispositivos m\u00f3viles WiFi&comma; velocidades de conexi\u00f3n&comma; etc. depender\u00e1 particularmente de cada sitio de instalaci\u00f3n&comma; l\u00ednea de vista plena 100%&comma; niveles de ruido e interferencia&comma; tipo de dispositivos WiFi&comma; alineaci\u00f3n y altura de las antenas.<\/em><\/p>\n<\/p><\/div>\n<\/p><\/div>\n","protected":false},"excerpt":{"rendered":"<p>Kit de 10 Puntos de Acceso C1N Wi-Fi, PTMP en 2.4 GHz, Antena Sectorial Integrada de 70\u00b0 de 10 dBi, Hasta 800 m de Cobertura, Soporta Fichas-Vouchers, Administraci\u00f3n en Nube Gratis con INSIGHTS (Con Versi\u00f3n de HW 4.0 \u00f3 Superior).<\/p>\n","protected":false},"featured_media":81644,"comment_status":"open","ping_status":"closed","template":"","meta":[],"product_brand":[],"product_cat":[2058],"product_tag":[2059,1950,1980],"class_list":{"0":"post-81645","1":"product","2":"type-product","3":"status-publish","4":"has-post-thumbnail","6":"product_cat-2-4-ghz","7":"product_tag-2-4-ghz","8":"product_tag-altai-technologies","9":"product_tag-enlaces-ptp-y-ptmp","11":"first","12":"instock","13":"sale","14":"shipping-taxable","15":"purchasable","16":"product-type-simple"},"_links":{"self":[{"href":"https:\/\/soydeaqui.ddns.net\/pachuca\/index.php\/wp-json\/wp\/v2\/product\/81645","targetHints":{"allow":["GET"]}}],"collection":[{"href":"https:\/\/soydeaqui.ddns.net\/pachuca\/index.php\/wp-json\/wp\/v2\/product"}],"about":[{"href":"https:\/\/soydeaqui.ddns.net\/pachuca\/index.php\/wp-json\/wp\/v2\/types\/product"}],"replies":[{"embeddable":true,"href":"https:\/\/soydeaqui.ddns.net\/pachuca\/index.php\/wp-json\/wp\/v2\/comments?post=81645"}],"wp:featuredmedia":[{"embeddable":true,"href":"https:\/\/soydeaqui.ddns.net\/pachuca\/index.php\/wp-json\/wp\/v2\/media\/81644"}],"wp:attachment":[{"href":"https:\/\/soydeaqui.ddns.net\/pachuca\/index.php\/wp-json\/wp\/v2\/media?parent=81645"}],"wp:term":[{"taxonomy":"product_brand","embeddable":true,"href":"https:\/\/soydeaqui.ddns.net\/pachuca\/index.php\/wp-json\/wp\/v2\/product_brand?post=81645"},{"taxonomy":"product_cat","embeddable":true,"href":"https:\/\/soydeaqui.ddns.net\/pachuca\/index.php\/wp-json\/wp\/v2\/product_cat?post=81645"},{"taxonomy":"product_tag","embeddable":true,"href":"https:\/\/soydeaqui.ddns.net\/pachuca\/index.php\/wp-json\/wp\/v2\/product_tag?post=81645"}],"curies":[{"name":"wp","href":"https:\/\/api.w.org\/{rel}","templated":true}]}}