{"id":81596,"date":"2026-03-19T18:51:08","date_gmt":"2026-03-19T18:51:08","guid":{"rendered":"https:\/\/soydeaqui.ddns.net\/pachuca\/index.php\/producto\/jabra-evolve2-30-se-auricular-mono-version-uc-con-aislamiento-de-ruido-indicador-de-ocupado-busylight-23189-889-979\/"},"modified":"2026-03-19T18:51:14","modified_gmt":"2026-03-19T18:51:14","slug":"jabra-evolve2-30-se-auricular-mono-version-uc-con-aislamiento-de-ruido-indicador-de-ocupado-busylight-23189-889-979","status":"publish","type":"product","link":"https:\/\/soydeaqui.ddns.net\/pachuca\/index.php\/producto\/jabra-evolve2-30-se-auricular-mono-version-uc-con-aislamiento-de-ruido-indicador-de-ocupado-busylight-23189-889-979\/","title":{"rendered":"Jabra Evolve2 30 SE, Auricular mono versi\u00f3n UC con aislamiento de ruido, indicador de ocupado (Busylight) (23189-889-979)"},"content":{"rendered":"<div style='width: 100%; max-width: 1200px; margin: 0 auto; font-family: sans-serif; line-height: 1.6; color: inherit; background-color: transparent;'>\n<div style='text-align: center; margin-bottom: 40px;'> <img style='width: 100%; max-width: 256px; height: auto; border: 1px solid rgba(150&comma;150&comma;150&comma;0.3); border-radius: 8px;' src='https:\/\/brandlogos.net\/wp-content\/uploads\/2022\/07\/jabra-logo_brandlogos.net_yfygu-512x512.png' alt='Jabra logo'> <\/p>\n<h1 style='font-size: 36px; margin-top: 20px;'><span style='color: inherit;'>\u00a1Aisla tus o\u00eddos del ruido!<\/span><\/h1>\n<\/p><\/div>\n<div style='display: flex; flex-wrap: wrap; gap: 30px; margin-bottom: 30px;'>\n<div style='flex: 1 1 300px; min-width: 280px;'> <img style='width: 100%; height: auto; border: 1px solid rgba(150&comma;150&comma;150&comma;0.3); border-radius: 8px;' src='https:\/\/ftp3.syscom.mx\/usuarios\/fotos\/EVOLVE230MONOUCA\/195727-captura_de_pantalla_2021-04-12_a_la(s)_14.36.38.png' alt='Evolve2 30 - Vista lateral'> <\/p>\n<h3 style='font-size: 22px; border-bottom: 2px solid currentColor; padding-bottom: 5px; margin-top: 15px; margin-bottom: 10px; color: inherit; opacity: 0.8;'>Concentraci\u00f3n en cualquier lugar<\/h3>\n<p style='font-size: 15px; color: inherit;'> \u00bfBusca una manera de conseguir un poco de paz y tranquilidad al instante? Los <strong>Evolve2 30<\/strong> est\u00e1n espec\u00edficamente dise\u00f1ados para que pueda concentrarse en cualquier lugar&comma; gracias a sus almohadillas de espuma viscoel\u00e1stica que a\u00edslan el ruido y a su dise\u00f1o pionero en \u00e1ngulo. A\u00f1ada estos auriculares a sus herramientas de trabajo y podr\u00e1 concentrarse al m\u00e1ximo en sus pensamientos. <\/p>\n<\/p><\/div>\n<div style='flex: 1 1 300px; min-width: 280px;'> <img style='width: 100%; height: auto; border: 1px solid rgba(150&comma;150&comma;150&comma;0.3); border-radius: 8px;' src='https:\/\/ftp3.syscom.mx\/usuarios\/fotos\/EVOLVE230MONOUCA\/195727-captura_de_pantalla_2021-04-12_a_la(s)_14.36.47.png' alt='Evolve2 30 - Detalle de micr\u00f3fono'> <\/p>\n<h3 style='font-size: 22px; border-bottom: 2px solid currentColor; padding-bottom: 5px; margin-top: 15px; margin-bottom: 10px; color: inherit; opacity: 0.8;'>\u00a1Llamadas de calidad que favorecen la colaboraci\u00f3n!<\/h3>\n<p style='font-size: 15px; color: inherit;'> Cuando trabaja de forma flexible y remota&comma; necesita saber que se le escucha claramente est\u00e9 donde est\u00e9. Nuestro avanzado sistema de audio de dos micr\u00f3fonos captura su voz al mismo tiempo que analiza y reduce el ruido ambiental&comma; lo que cumple con los requisitos de Microsoft para oficinas abiertas. Es la mejor manera de que le escuchen y de que no se pierda ni el m\u00e1s m\u00ednimo matiz. <\/p>\n<\/p><\/div>\n<div style='flex: 1 1 300px; min-width: 280px;'> <img style='width: 100%; height: auto; border: 1px solid rgba(150&comma;150&comma;150&comma;0.3); border-radius: 8px;' src='https:\/\/ftp3.syscom.mx\/usuarios\/fotos\/EVOLVE230MONOUCA\/195727-captura_de_pantalla_2021-04-12_a_la(s)_14.36.55.png' alt='Evolve2 30 - Vista frontal'> <\/p>\n<h3 style='font-size: 22px; border-bottom: 2px solid currentColor; padding-bottom: 5px; margin-top: 15px; margin-bottom: 10px; color: inherit; opacity: 0.8;'>\u00a1Una experiencia auditiva perfecta!<\/h3>\n<p style='font-size: 15px; color: inherit;'> Disfrute de un sonido n\u00edtido y claro con los altavoces de 28 mm y un rango de frecuencia de 20 Hz &#8211; 20&comma;000 Hz. La tecnolog\u00eda <strong>Jabra SafeTone 2.0\u2122<\/strong> garantiza una protecci\u00f3n ac\u00fastica \u00f3ptima para sus o\u00eddos. <\/p>\n<\/p><\/div>\n<\/p><\/div>\n<div style='display: flex; flex-wrap: wrap; gap: 20px; margin-bottom: 30px;'>\n<div style='flex: 1 1 250px; border: 1px solid rgba(150&comma; 150&comma; 150&comma; 0.4); border-radius: 8px; overflow: hidden; display: flex; flex-direction: column;'>\n<div style='padding: 15px; border-bottom: 1px solid rgba(150&comma; 150&comma; 150&comma; 0.2); font-weight: bold; font-size: 18px; color: inherit;'>Especificaciones t\u00e9cnicas<\/div>\n<div style='padding: 15px; color: inherit;'>\n<ul style='padding-left: 20px; margin: 0; font-size: 14px; list-style-type: disc;'>\n<li style='margin-bottom: 5px;'><strong>Tama\u00f1o de altavoz:<\/strong> 28 mm \u00d8<\/li>\n<li style='margin-bottom: 5px;'><strong>Sensibilidad del altavoz:<\/strong> 115 dB @1 mW-1 kHz<\/li>\n<li style='margin-bottom: 5px;'><strong>Rango de frecuencia:<\/strong> 20 Hz &#8211; 20&comma;000 Hz<\/li>\n<li style='margin-bottom: 5px;'><strong>Tipo de micr\u00f3fono:<\/strong> 1 Analog MEME and 1 Analog ECM<\/li>\n<li style='margin-bottom: 5px;'><strong>Certificaciones:<\/strong> Principales proveedores de UC<\/li>\n<\/ul><\/div>\n<\/p><\/div>\n<div style='flex: 1 1 250px; border: 1px solid rgba(150&comma; 150&comma; 150&comma; 0.4); border-radius: 8px; overflow: hidden; display: flex; flex-direction: column;'>\n<div style='padding: 15px; border-bottom: 1px solid rgba(150&comma; 150&comma; 150&comma; 0.2); font-weight: bold; font-size: 18px; color: inherit;'>Ajuste y comodidad<\/div>\n<div style='padding: 15px; color: inherit;'>\n<ul style='padding-left: 20px; margin: 0; font-size: 14px; list-style-type: disc;'>\n<li style='margin-bottom: 5px;'><strong>Forma de los auriculares:<\/strong> Diadema por encima de la oreja<\/li>\n<\/ul><\/div>\n<\/p><\/div>\n<div style='flex: 1 1 250px; border: 1px solid rgba(150&comma; 150&comma; 150&comma; 0.4); border-radius: 8px; overflow: hidden; display: flex; flex-direction: column;'>\n<div style='padding: 15px; border-bottom: 1px solid rgba(150&comma; 150&comma; 150&comma; 0.2); font-weight: bold; font-size: 18px; color: inherit;'>Conectividad<\/div>\n<div style='padding: 15px; color: inherit;'>\n<ul style='padding-left: 20px; margin: 0; font-size: 14px; list-style-type: disc;'>\n<li style='margin-bottom: 5px;'><strong>Conexi\u00f3n (ordenador):<\/strong> Adaptador (USB-A)<\/li>\n<\/ul><\/div>\n<\/p><\/div>\n<\/p><\/div>\n<hr style='border: 0; border-top: 1px solid rgba(150&comma; 150&comma; 150&comma; 0.3); margin: 30px 0;'> <\/div>\n","protected":false},"excerpt":{"rendered":"<p>Jabra Evolve2 30 SE, Auricular mono versi\u00f3n UC con aislamiento de ruido, indicador de ocupado (Busylight) (23189-889-979)<\/p>\n","protected":false},"featured_media":81595,"comment_status":"open","ping_status":"closed","template":"","meta":[],"product_brand":[],"product_cat":[2050],"product_tag":[2051,2052,2004],"class_list":{"0":"post-81596","1":"product","2":"type-product","3":"status-publish","4":"has-post-thumbnail","6":"product_cat-auriculares","7":"product_tag-auriculares","8":"product_tag-jabra","9":"product_tag-voip-telefonia-ip-videoconferencia","11":"first","12":"instock","13":"sale","14":"shipping-taxable","15":"purchasable","16":"product-type-simple"},"_links":{"self":[{"href":"https:\/\/soydeaqui.ddns.net\/pachuca\/index.php\/wp-json\/wp\/v2\/product\/81596","targetHints":{"allow":["GET"]}}],"collection":[{"href":"https:\/\/soydeaqui.ddns.net\/pachuca\/index.php\/wp-json\/wp\/v2\/product"}],"about":[{"href":"https:\/\/soydeaqui.ddns.net\/pachuca\/index.php\/wp-json\/wp\/v2\/types\/product"}],"replies":[{"embeddable":true,"href":"https:\/\/soydeaqui.ddns.net\/pachuca\/index.php\/wp-json\/wp\/v2\/comments?post=81596"}],"wp:featuredmedia":[{"embeddable":true,"href":"https:\/\/soydeaqui.ddns.net\/pachuca\/index.php\/wp-json\/wp\/v2\/media\/81595"}],"wp:attachment":[{"href":"https:\/\/soydeaqui.ddns.net\/pachuca\/index.php\/wp-json\/wp\/v2\/media?parent=81596"}],"wp:term":[{"taxonomy":"product_brand","embeddable":true,"href":"https:\/\/soydeaqui.ddns.net\/pachuca\/index.php\/wp-json\/wp\/v2\/product_brand?post=81596"},{"taxonomy":"product_cat","embeddable":true,"href":"https:\/\/soydeaqui.ddns.net\/pachuca\/index.php\/wp-json\/wp\/v2\/product_cat?post=81596"},{"taxonomy":"product_tag","embeddable":true,"href":"https:\/\/soydeaqui.ddns.net\/pachuca\/index.php\/wp-json\/wp\/v2\/product_tag?post=81596"}],"curies":[{"name":"wp","href":"https:\/\/api.w.org\/{rel}","templated":true}]}}