{"id":81592,"date":"2026-03-19T18:51:00","date_gmt":"2026-03-19T18:51:00","guid":{"rendered":"https:\/\/soydeaqui.ddns.net\/pachuca\/index.php\/producto\/jabra-evolve-10-stereo-con-conexion-usb-a-cancelacion-activa-pasiva-de-ruido-con-indicador-de-ocupado-2699-820-109\/"},"modified":"2026-03-19T18:51:06","modified_gmt":"2026-03-19T18:51:06","slug":"jabra-evolve-10-stereo-con-conexion-usb-a-cancelacion-activa-pasiva-de-ruido-con-indicador-de-ocupado-2699-820-109","status":"publish","type":"product","link":"https:\/\/soydeaqui.ddns.net\/pachuca\/index.php\/producto\/jabra-evolve-10-stereo-con-conexion-usb-a-cancelacion-activa-pasiva-de-ruido-con-indicador-de-ocupado-2699-820-109\/","title":{"rendered":"Jabra Evolve 10 Stereo con Conexi\u00f3n USB A, Cancelaci\u00f3n Activa\/Pasiva de Ruido con Indicador de Ocupado (2699-820-109)"},"content":{"rendered":"<div style='width: 100%; max-width: 1200px; margin: 0 auto; font-family: sans-serif; line-height: 1.6; color: inherit; background-color: transparent;'> <!-- Header Section --> <\/p>\n<div style='text-align: center; margin-bottom: 40px; color: inherit;'> <img style='width: 256px; height: auto; border: 1px solid rgba(150&comma;150&comma;150&comma;0.3); border-radius: 8px; animation: 3s ease-in-out 0s infinite normal none running float;' src='https:\/\/brandlogos.net\/wp-content\/uploads\/2022\/07\/jabra-logo_brandlogos.net_yfygu-512x512.png' alt='Jabra logo'> <\/p>\n<h1 style='font-size: 36px; margin-top: 20px; animation: fadeIn 2s ease-in-out;'> <span style='color: #f1c40f;'>\u00a1Aisla tus o\u00eddos del ruido!<\/span> <\/h1>\n<\/p><\/div>\n<p> <!-- Feature Sections --> <\/p>\n<div style='display: flex; flex-wrap: wrap; gap: 30px; margin-bottom: 30px;'> <!-- Section 1 --> <\/p>\n<div style='flex: 1 1 400px; min-width: 300px; background-color: rgba(255&comma;255&comma;255&comma;0.05); border-radius: 8px; overflow: hidden; display: flex; flex-direction: column; border: 1px solid rgba(150&comma;150&comma;150&comma;0.3);'> <img style='width: 100%; height: auto; border: 1px solid rgba(150&comma;150&comma;150&comma;0.3); border-radius: 8px;' src='https:\/\/ftp3.syscom.mx\/usuarios\/fotos\/EVOLVE10DUOUSBA\/238283-captura_de_pantalla_2025-03-10_a_la(s)_12.10.31 p.m..png?w=700&#038;h=700&#038;extension=webp&#038;hash=703005FE9BC9DE793F6B851D188777ED' alt='Jabra Engage 40'> <\/p>\n<div style='padding: 20px;'>\n<h2 style='font-size: 28px; margin-bottom: 15px; color: inherit; opacity: 0.8;'> <span style='color: inherit;'>ENCHUFAR Y LISTO<\/span> <\/h2>\n<p style='font-size: 16px; color: inherit;'> Evolve 10 est\u00e1 dise\u00f1ado para minimizar los tiempos de inactividad y maximizar la productividad. Con su configuraci\u00f3n inteligente plug and play&comma; solo tiene que conectar el adaptador USB al port\u00e1til y unirse a las reuniones en cuesti\u00f3n de segundos. Sin complicaciones. Acuden al rescate. Atr\u00e1s quedaron los d\u00edas en los que manipulaba los ajustes y perd\u00eda el tiempo conect\u00e1ndose a la reuni\u00f3n&comma; Evolve 10 es su socio fiable y profesional d\u00eda tras d\u00eda. <\/p>\n<\/p><\/div>\n<\/p><\/div>\n<p> <!-- Section 2 --> <\/p>\n<div style='flex: 1 1 400px; min-width: 300px; background-color: rgba(255&comma;255&comma;255&comma;0.05); border-radius: 8px; overflow: hidden; display: flex; flex-direction: column; border: 1px solid rgba(150&comma;150&comma;150&comma;0.3);'> <img style='width: 100%; height: auto; border: 1px solid rgba(150&comma;150&comma;150&comma;0.3); border-radius: 8px;' src='https:\/\/ftp3.syscom.mx\/usuarios\/fotos\/EVOLVE10DUOUSBA\/238283-captura_de_pantalla_2025-03-10_a_la(s)_12.10.41 p.m..png?extension=webp&#038;hash=6B494C19172B20866DF4C679BB068B1D' alt='Jabra Engage Plus'> <\/p>\n<div style='padding: 20px;'>\n<h2 style='font-size: 28px; margin-bottom: 15px; color: inherit; opacity: 0.8;'> <span style='color: inherit;'>CONFORT ESENCIAL<\/span> <\/h2>\n<p style='font-size: 16px; color: inherit;'> Los d\u00edas ajetreados a menudo significan muchas reuniones&comma; pero con Evolve 10&comma; puede permanecer c\u00f3modo mientras hace su trabajo. Dise\u00f1ados con auriculares con micr\u00f3fono ligeros y acolchados&comma; son unos auriculares de trabajo que ofrecen un confort esencial sin complicaciones. Adem\u00e1s&comma; con un dise\u00f1o ultracompacto y aerodin\u00e1mico&comma; son f\u00e1ciles de guardar&comma; meter en el bolso y acompa\u00f1arle all\u00e1 donde le llame el trabajo <\/p>\n<\/p><\/div>\n<\/p><\/div>\n<p> <!-- Section 3 --> <\/p>\n<div style='flex: 1 1 400px; min-width: 300px; background-color: rgba(255&comma;255&comma;255&comma;0.05); border-radius: 8px; overflow: hidden; display: flex; flex-direction: column; border: 1px solid rgba(150&comma;150&comma;150&comma;0.3);'> <img style='width: 100%; height: auto; border: 1px solid rgba(150&comma;150&comma;150&comma;0.3); border-radius: 8px;' src='https:\/\/ftp3.syscom.mx\/usuarios\/fotos\/EVOLVE10DUOUSBA\/238283-captura_de_pantalla_2025-03-10_a_la(s)_12.10.53 p.m..png' alt='Jabra Engage 40 Control Unit'> <\/p>\n<div style='padding: 20px;'>\n<h2 style='font-size: 28px; margin-bottom: 15px; color: inherit; opacity: 0.8;'> <span style='color: inherit;'>CALIDAD DE AUDIO ASEQUIBLE<\/span> <\/h2>\n<p style='font-size: 16px; color: inherit;'> \u00bfBusca una soluci\u00f3n profesional&comma; sin el precio de gama alta? Evolve 10 se lo cubre. Dise\u00f1ados con un potente micr\u00f3fono con cancelaci\u00f3n de ruido&comma; estos son unos auriculares que ofrecen una calidad de audio asequible en cada llamada. Dise\u00f1ados para centrarse solo en su voz y reducir el ruido de fondo en entornos de trabajo concurridos&comma; es el compa\u00f1ero de oficina esencial para que siga sonando como es debido. <\/p>\n<\/p><\/div>\n<\/p><\/div>\n<\/p><\/div>\n<p> <!-- Specifications --> <\/p>\n<div style='display: flex; flex-wrap: wrap; gap: 20px; margin-bottom: 30px;'> <!-- Technical Specs --> <\/p>\n<div style='flex: 1 1 300px; border: 1px solid rgba(150&comma;150&comma;150&comma;0.4); border-radius: 8px; overflow: hidden; display: flex; flex-direction: column;'>\n<div style='padding: 15px; border-bottom: 1px solid rgba(150&comma;150&comma;150&comma;0.2); font-weight: bold; font-size: 18px; color: inherit;'>Especificaciones t\u00e9cnicas<\/div>\n<div style='padding: 15px; color: inherit;'>\n<ul style='padding-left: 20px; margin: 0; font-size: 14px; list-style-type: disc;'>\n<li style='margin-bottom: 8px;'><strong>Tama\u00f1o de altavoz:<\/strong> 20 mm \u00d8<\/li>\n<li style='margin-bottom: 8px;'><strong>Sensibilidad de micr\u00f3fono:<\/strong> -38dBV\/Pa<\/li>\n<li style='margin-bottom: 8px;'><strong>Rango de frecuencia:<\/strong> 50 Hz &#8211; 20&comma;000 Hz<\/li>\n<li style='margin-bottom: 8px;'><strong>Tipo de micr\u00f3fono:<\/strong> 2 X MEMS<\/li>\n<li style='margin-bottom: 8px;'><strong>Certificaciones:<\/strong> Principales proveedores de UC<\/li>\n<\/ul><\/div>\n<\/p><\/div>\n<p> <!-- Fit & Comfort --> <\/p>\n<div style='flex: 1 1 300px; border: 1px solid rgba(150&comma;150&comma;150&comma;0.4); border-radius: 8px; overflow: hidden; display: flex; flex-direction: column;'>\n<div style='padding: 15px; border-bottom: 1px solid rgba(150&comma;150&comma;150&comma;0.2); font-weight: bold; font-size: 18px; color: inherit;'>Ajuste y comodidad<\/div>\n<div style='padding: 15px; color: inherit;'>\n<ul style='padding-left: 20px; margin: 0; font-size: 14px; list-style-type: disc;'>\n<li style='margin-bottom: 8px;'><strong>Forma de los auriculares:<\/strong> Diadema por encima de la oreja<\/li>\n<\/ul><\/div>\n<\/p><\/div>\n<p> <!-- Connectivity --> <\/p>\n<div style='flex: 1 1 300px; border: 1px solid rgba(150&comma;150&comma;150&comma;0.4); border-radius: 8px; overflow: hidden; display: flex; flex-direction: column;'>\n<div style='padding: 15px; border-bottom: 1px solid rgba(150&comma;150&comma;150&comma;0.2); font-weight: bold; font-size: 18px; color: inherit;'>Conectividad<\/div>\n<div style='padding: 15px; color: inherit;'>\n<ul style='padding-left: 20px; margin: 0; font-size: 14px; list-style-type: disc;'>\n<li style='margin-bottom: 8px;'><strong>Conexi\u00f3n (ordenador):<\/strong> Adaptador USB A\/C<\/li>\n<\/ul><\/div>\n<\/p><\/div>\n<\/p><\/div>\n<p> <!-- Separator --> <\/p>\n<hr style='border: 0; border-top: 1px solid rgba(150&comma; 150&comma; 150&comma; 0.3); margin: 30px 0;'> <\/div>\n","protected":false},"excerpt":{"rendered":"<p>Jabra Evolve 10 Stereo con Conexi\u00f3n USB A, Cancelaci\u00f3n Activa\/Pasiva de Ruido con Indicador de Ocupado (2699-820-109)<\/p>\n","protected":false},"featured_media":81591,"comment_status":"open","ping_status":"closed","template":"","meta":[],"product_brand":[],"product_cat":[2050],"product_tag":[2051,2052,2004],"class_list":{"0":"post-81592","1":"product","2":"type-product","3":"status-publish","4":"has-post-thumbnail","6":"product_cat-auriculares","7":"product_tag-auriculares","8":"product_tag-jabra","9":"product_tag-voip-telefonia-ip-videoconferencia","11":"first","12":"instock","13":"sale","14":"shipping-taxable","15":"purchasable","16":"product-type-simple"},"_links":{"self":[{"href":"https:\/\/soydeaqui.ddns.net\/pachuca\/index.php\/wp-json\/wp\/v2\/product\/81592","targetHints":{"allow":["GET"]}}],"collection":[{"href":"https:\/\/soydeaqui.ddns.net\/pachuca\/index.php\/wp-json\/wp\/v2\/product"}],"about":[{"href":"https:\/\/soydeaqui.ddns.net\/pachuca\/index.php\/wp-json\/wp\/v2\/types\/product"}],"replies":[{"embeddable":true,"href":"https:\/\/soydeaqui.ddns.net\/pachuca\/index.php\/wp-json\/wp\/v2\/comments?post=81592"}],"wp:featuredmedia":[{"embeddable":true,"href":"https:\/\/soydeaqui.ddns.net\/pachuca\/index.php\/wp-json\/wp\/v2\/media\/81591"}],"wp:attachment":[{"href":"https:\/\/soydeaqui.ddns.net\/pachuca\/index.php\/wp-json\/wp\/v2\/media?parent=81592"}],"wp:term":[{"taxonomy":"product_brand","embeddable":true,"href":"https:\/\/soydeaqui.ddns.net\/pachuca\/index.php\/wp-json\/wp\/v2\/product_brand?post=81592"},{"taxonomy":"product_cat","embeddable":true,"href":"https:\/\/soydeaqui.ddns.net\/pachuca\/index.php\/wp-json\/wp\/v2\/product_cat?post=81592"},{"taxonomy":"product_tag","embeddable":true,"href":"https:\/\/soydeaqui.ddns.net\/pachuca\/index.php\/wp-json\/wp\/v2\/product_tag?post=81592"}],"curies":[{"name":"wp","href":"https:\/\/api.w.org\/{rel}","templated":true}]}}