{"id":8158,"date":"2026-03-18T07:05:23","date_gmt":"2026-03-18T07:05:23","guid":{"rendered":"https:\/\/soydeaqui.ddns.net\/pachuca\/index.php\/producto\/persianas-roller-triathlon-lutron-a-baterias-e-inalambricas\/"},"modified":"2026-03-18T07:05:27","modified_gmt":"2026-03-18T07:05:27","slug":"persianas-roller-triathlon-lutron-a-baterias-e-inalambricas","status":"publish","type":"product","link":"https:\/\/soydeaqui.ddns.net\/pachuca\/index.php\/producto\/persianas-roller-triathlon-lutron-a-baterias-e-inalambricas\/","title":{"rendered":"Persianas Roller Triathlon Lutron a bater\u00edas e inal\u00e1mbricas."},"content":{"rendered":"<div style='width: 100%; max-width: 1200px; margin: 0 auto; font-family: sans-serif; line-height: 1.6; color: inherit; background-color: transparent;'>\n<div style='display: flex; flex-direction: column; align-items: center; text-align: center; margin-bottom: 30px;'>\n<h1 style='font-size: 20px; font-weight: bold; color: inherit; margin: 0 0 10px 0;'>Soluciones de persianas Sivoia QS Triathlon<\/h1>\n<h2 style='font-size: 16px; font-weight: 400; color: inherit; margin: 0;'>El sistema de persianas automatizadas m\u00e1s moderno&comma; flexible y confiable disponible actualmente.<\/h2>\n<\/p><\/div>\n<div style='display: flex; flex-wrap: wrap; gap: 30px; margin-bottom: 30px;'>\n<div style='flex: 1 1 300px; min-width: 280px;'>\n<div style='border: 1px solid rgba(150&comma; 150&comma; 150&comma; 0.4); border-radius: 8px; overflow: hidden; display: flex; flex-direction: column;'>\n<div style='padding: 15px; border-bottom: 1px solid rgba(150&comma; 150&comma; 150&comma; 0.2); font-weight: bold; font-size: 16px; color: inherit; background-color: rgba(0&comma; 123&comma; 255&comma; 0.2);'>Compatibilidad<\/div>\n<div style='padding: 15px; color: inherit;'>\n<ul style='padding-left: 20px; margin: 0; font-size: 14px; list-style-type: disc;'>\n<li style='margin-bottom: 5px;'>Compatibles con sistemas Caseta Wireless&comma; RadioRA2 y Ra3&comma; HomeWorks.<\/li>\n<\/ul><\/div>\n<\/p><\/div>\n<\/p><\/div>\n<\/p><\/div>\n<div style='display: flex; flex-wrap: wrap; gap: 30px; margin-bottom: 30px;'>\n<div style='flex: 1 1 300px; min-width: 280px;'>\n<div style='border: 1px solid rgba(150&comma; 150&comma; 150&comma; 0.4); border-radius: 8px; overflow: hidden; display: flex; flex-direction: column;'>\n<div style='padding: 15px; border-bottom: 1px solid rgba(150&comma; 150&comma; 150&comma; 0.2); font-weight: bold; font-size: 16px; color: inherit; background-color: rgba(0&comma; 123&comma; 255&comma; 0.2);'>\u00bfPor qu\u00e9 elegir Sivoia QS Triathlon?<\/div>\n<div style='padding: 15px; color: inherit;'>\n<ul style='padding-left: 20px; margin: 0; font-size: 14px; list-style-type: disc;'>\n<li style='margin-bottom: 5px;'>Desempe\u00f1o de la bater\u00eda l\u00edder en la industria<\/li>\n<li style='margin-bottom: 5px;'>Bater\u00edas f\u00e1ciles de recargar<\/li>\n<li style='margin-bottom: 5px;'>Tecnolog\u00eda de frecuencia de radio ultra confiable<\/li>\n<li style='margin-bottom: 5px;'>Movimiento silencioso y preciso<\/li>\n<li style='margin-bottom: 5px;'>Controles intuitivos y est\u00e9ticamente agradables<\/li>\n<li style='margin-bottom: 5px;'>Integraci\u00f3n sin problemas con los sistemas de control Lutron para todo el hogar<\/li>\n<\/ul><\/div>\n<\/p><\/div>\n<\/p><\/div>\n<div style='flex: 1 1 300px; min-width: 280px;'>\n<div style='border: 1px solid rgba(150&comma; 150&comma; 150&comma; 0.4); border-radius: 8px; overflow: hidden; display: flex; flex-direction: column;'>\n<div style='padding: 15px; border-bottom: 1px solid rgba(150&comma; 150&comma; 150&comma; 0.2); font-weight: bold; font-size: 16px; color: inherit; background-color: rgba(0&comma; 123&comma; 255&comma; 0.2);'>Opciones de energ\u00eda<\/div>\n<div style='padding: 15px; color: inherit;'>\n<ul style='padding-left: 20px; margin: 0; font-size: 14px; list-style-type: disc;'>\n<li style='margin-bottom: 5px;'>A bater\u00eda<\/li>\n<li style='margin-bottom: 5px;'>Cableado El\u00e9ctrico<\/li>\n<li style='margin-bottom: 5px;'>Manuales sin cadena \/ cord\u00f3n<\/li>\n<\/ul><\/div>\n<\/p><\/div>\n<\/p><\/div>\n<div style='flex: 1 1 300px; min-width: 280px;'>\n<div style='border: 1px solid rgba(150&comma; 150&comma; 150&comma; 0.4); border-radius: 8px; overflow: hidden; display: flex; flex-direction: column;'>\n<div style='padding: 15px; border-bottom: 1px solid rgba(150&comma; 150&comma; 150&comma; 0.2); font-weight: bold; font-size: 16px; color: inherit; background-color: rgba(0&comma; 123&comma; 255&comma; 0.2);'>Formas de controlar las Persianas<\/div>\n<div style='padding: 15px; color: inherit;'>\n<ul style='padding-left: 20px; margin: 0; font-size: 14px; list-style-type: disc;'>\n<li style='margin-bottom: 5px;'>App Lutron<\/li>\n<li style='margin-bottom: 5px;'>Asistentes de voz: Alexa&comma; Siri&comma; Google Home&comma; etc.<\/li>\n<li style='margin-bottom: 5px;'>Control Remoto Pico Lutron<\/li>\n<li style='margin-bottom: 5px;'>SmartWatch<\/li>\n<\/ul><\/div>\n<\/p><\/div>\n<\/p><\/div>\n<\/p><\/div>\n<div style='margin-bottom: 30px;'>\n<h2 style='font-size: 20px; font-weight: bold; color: inherit; margin: 0 0 15px 0;'>La Diferencia Lutron<\/h2>\n<\/p><\/div>\n<div style='margin-bottom: 30px;'>\n<p style='font-size: 14px; margin: 0 0 15px 0;'>Pasos para generar informaci\u00f3n t\u00e9cnica y cotizar su sistema de persianas inteligentes Triathlon Lutron: Clic en este enlace.<\/p>\n<p style='text-align: center; margin: 0;'> <a href='https:\/\/soporte.syscom.mx\/es\/articles\/8197177-lutron-requerimientos-para-un-proyecto-de-persianas-y-cortinas-automatizadas-lutron' style='color: inherit; text-decoration: underline;' target='_blank' rel='noopener noreferrer'>Requerimientos para un proyecto de persianas y cortinas automatizadas Lutron.<\/a> <\/p>\n<\/p><\/div>\n<div style='display: flex; flex-wrap: wrap; gap: 20px; margin-bottom: 30px;'>\n<div style='flex: 1 1 400px; min-width: 300px;'> <img style='width: 100%; height: auto; border: 1px solid rgba(150&comma;150&comma;150&comma;0.3); border-radius: 8px;' src='https:\/\/ftp3.syscom.mx\/usuarios\/mbarrio\/bll\/Persianaslutron1.JPG' alt=''> <\/div>\n<div style='flex: 1 1 400px; min-width: 300px;'> <img style='width: 100%; height: auto; border: 1px solid rgba(150&comma;150&comma;150&comma;0.3); border-radius: 8px;' src='https:\/\/ftp3.syscom.mx\/usuarios\/mbarrio\/bll\/Persianaslutron2.JPG' alt=''> <\/div>\n<\/p><\/div>\n<hr style='border: 0; border-top: 1px solid rgba(150&comma; 150&comma; 150&comma; 0.3); margin: 30px 0;'> <\/div>\n","protected":false},"excerpt":{"rendered":"<p>Persianas Roller Triathlon Lutron a bater\u00edas e inal\u00e1mbricas.<\/p>\n","protected":false},"featured_media":8157,"comment_status":"open","ping_status":"closed","template":"","meta":[],"product_brand":[],"product_cat":[72],"product_tag":[30,73,36],"class_list":{"0":"post-8158","1":"product","2":"type-product","3":"status-publish","4":"has-post-thumbnail","6":"product_cat-lutron-caseta-wireless","7":"product_tag-automatizacion-casa-inteligente","8":"product_tag-lutron-caseta-wireless","9":"product_tag-lutron-electronics","11":"first","12":"outofstock","13":"sale","14":"shipping-taxable","15":"purchasable","16":"product-type-simple"},"_links":{"self":[{"href":"https:\/\/soydeaqui.ddns.net\/pachuca\/index.php\/wp-json\/wp\/v2\/product\/8158","targetHints":{"allow":["GET"]}}],"collection":[{"href":"https:\/\/soydeaqui.ddns.net\/pachuca\/index.php\/wp-json\/wp\/v2\/product"}],"about":[{"href":"https:\/\/soydeaqui.ddns.net\/pachuca\/index.php\/wp-json\/wp\/v2\/types\/product"}],"replies":[{"embeddable":true,"href":"https:\/\/soydeaqui.ddns.net\/pachuca\/index.php\/wp-json\/wp\/v2\/comments?post=8158"}],"wp:featuredmedia":[{"embeddable":true,"href":"https:\/\/soydeaqui.ddns.net\/pachuca\/index.php\/wp-json\/wp\/v2\/media\/8157"}],"wp:attachment":[{"href":"https:\/\/soydeaqui.ddns.net\/pachuca\/index.php\/wp-json\/wp\/v2\/media?parent=8158"}],"wp:term":[{"taxonomy":"product_brand","embeddable":true,"href":"https:\/\/soydeaqui.ddns.net\/pachuca\/index.php\/wp-json\/wp\/v2\/product_brand?post=8158"},{"taxonomy":"product_cat","embeddable":true,"href":"https:\/\/soydeaqui.ddns.net\/pachuca\/index.php\/wp-json\/wp\/v2\/product_cat?post=8158"},{"taxonomy":"product_tag","embeddable":true,"href":"https:\/\/soydeaqui.ddns.net\/pachuca\/index.php\/wp-json\/wp\/v2\/product_tag?post=8158"}],"curies":[{"name":"wp","href":"https:\/\/api.w.org\/{rel}","templated":true}]}}