{"id":81576,"date":"2026-03-19T18:50:20","date_gmt":"2026-03-19T18:50:20","guid":{"rendered":"https:\/\/soydeaqui.ddns.net\/pachuca\/index.php\/producto\/jabra-engage-40-mono-uc-profesional-digital-con-conexion-usb-a-c-4093-419-269\/"},"modified":"2026-03-19T18:50:23","modified_gmt":"2026-03-19T18:50:23","slug":"jabra-engage-40-mono-uc-profesional-digital-con-conexion-usb-a-c-4093-419-269","status":"publish","type":"product","link":"https:\/\/soydeaqui.ddns.net\/pachuca\/index.php\/producto\/jabra-engage-40-mono-uc-profesional-digital-con-conexion-usb-a-c-4093-419-269\/","title":{"rendered":"Jabra Engage 40 Mono UC profesional digital con conexi\u00f3n USB A\/C (4093-419-269)"},"content":{"rendered":"<div style='width: 100%; max-width: 1200px; margin: 0 auto; font-family: sans-serif; line-height: 1.6; color: inherit; background-color: transparent;'>\n<div style='text-align: center; margin-bottom: 40px;'> <img style='width: 100%; max-width: 256px; height: auto; border: 1px solid rgba(150&comma;150&comma;150&comma;0.3); border-radius: 8px;' src='https:\/\/brandlogos.net\/wp-content\/uploads\/2022\/07\/jabra-logo_brandlogos.net_yfygu-512x512.png' alt='Jabra logo'> <\/p>\n<h1 style='font-size: 36px; margin-top: 20px; margin-bottom: 0; color: inherit; opacity: 0.8;'><span style='color: inherit;'>\u00a1Aisla tus o\u00eddos del ruido!<\/span><\/h1>\n<\/p><\/div>\n<div style='display: flex; flex-wrap: wrap; gap: 30px; margin-bottom: 30px;'>\n<div style='flex: 1 1 300px; min-width: 280px;'> <img style='width: 100%; height: auto; border: 1px solid rgba(150&comma;150&comma;150&comma;0.3); border-radius: 8px;' src='https:\/\/ftp3.syscom.mx\/usuarios\/fotos\/ENGAGE40MONOUC\/238289-jabra_engage_40_mono_w_link_mid_uc_busylight.jpg?w=700&#038;h=700&#038;extension=webp&#038;hash=703005FE9BC9DE793F6B851D188777ED' alt='Jabra Engage 40'> <\/div>\n<div style='flex: 1 1 300px; min-width: 280px;'>\n<h3 style='font-size: 22px; border-bottom: 2px solid currentColor; padding-bottom: 5px; margin-top: 0; color: inherit; opacity: 0.8;'>La satisfacci\u00f3n de un gran sonido<\/h3>\n<p style='font-size: 15px; margin-bottom: 15px; color: inherit;'>Con los Engage 40&comma; las llamadas tienen m\u00e1s claridad y los clientes disfrutan de una mejor experiencia en todos los aspectos&comma; gracias a nuestro innovador software Engage+. Para que las interacciones sean m\u00e1s significativas y eficaces con informaci\u00f3n de llamadas en tiempo real.<\/p>\n<p style='font-size: 15px; margin-bottom: 15px; color: inherit;'>Estos auriculares se han dise\u00f1ado pensando en el usuario. Son ligeros&comma; pero resistentes. C\u00f3modos&comma; pero elegantes. \u00daselos todo el d\u00eda sin sentir que los lleva puestos. Con un sistema inteligente de micr\u00f3fonos para que el sonido sea m\u00e1s claro que nunca&comma; no existen unos mejores auriculares que le ayuden a que cada cliente sea el m\u00e1s satisfecho que haya tenido hasta el momento.<\/p>\n<\/p><\/div>\n<\/p><\/div>\n<div style='display: flex; flex-wrap: wrap; gap: 30px; margin-bottom: 30px;'>\n<div style='flex: 1 1 300px; min-width: 280px;'>\n<h3 style='font-size: 22px; border-bottom: 2px solid currentColor; padding-bottom: 5px; margin-top: 0; color: inherit; opacity: 0.8;'>Dos micr\u00f3fonos&comma; doble satisfacci\u00f3n<\/h3>\n<p style='font-size: 15px; margin-bottom: 15px; color: inherit;'>La calidad del sonido puede fomentar o acabar con una llamada. Equipamos a los Engage 40 no con uno&comma; sino con dos micr\u00f3fonos: uno que le ayudar\u00e1 a acabar con el ruido de fondo de forma definitiva y el otro que mantendr\u00e1 su voz con mucha nitidez&comma; habilitando la funci\u00f3n de voz a texto.<\/p>\n<p style='font-size: 15px; margin-bottom: 15px; color: inherit;'>En combinaci\u00f3n con el software intuitivo Engage+&comma; nuestra innovadora tecnolog\u00eda de micr\u00f3fonos crea condiciones tan armoniosas que le permitir\u00e1n reducir el tiempo medio de la gesti\u00f3n de llamadas de forma generalizada.<\/p>\n<\/p><\/div>\n<div style='flex: 1 1 300px; min-width: 280px;'> <img style='width: 100%; height: auto; border: 1px solid rgba(150&comma;150&comma;150&comma;0.3); border-radius: 8px;' src='https:\/\/www.jabra.com\/-\/media\/Images\/Products\/Jabra-Engage-40\/EngagePlus\/jabra-engage-40-engage-plus.jpg?extension=webp&#038;hash=6B494C19172B20866DF4C679BB068B1D' alt='Jabra Engage Plus'> <\/div>\n<\/p><\/div>\n<div style='display: flex; flex-wrap: wrap; gap: 30px; margin-bottom: 30px;'>\n<div style='flex: 1 1 300px; min-width: 280px;'> <img style='width: 100%; height: auto; border: 1px solid rgba(150&comma;150&comma;150&comma;0.3); border-radius: 8px;' src='https:\/\/ftp3.syscom.mx\/usuarios\/fotos\/ENGAGE40STEREOUC\/238288-captura_de_pantalla_2025-03-10_a_la(s)_10.35.23 a.m..png' alt='Jabra Engage 40 Control Unit'> <\/div>\n<div style='flex: 1 1 300px; min-width: 280px;'>\n<h3 style='font-size: 22px; border-bottom: 2px solid currentColor; padding-bottom: 5px; margin-top: 0; color: inherit; opacity: 0.8;'>Conversaciones perfectas<\/h3>\n<p style='font-size: 15px; margin-bottom: 15px; color: inherit;'>Con los Engage 40&comma; todo el poder est\u00e1 al alcance de su mano. Responda&comma; silencie y controle el volumen de sus llamadas con solo unos toques sencillos. La gesti\u00f3n de llamadas nunca fue tan f\u00e1cil.<\/p>\n<p style='font-size: 15px; margin-bottom: 15px; color: inherit;'>Los botones personalizables de la unidad de control se pueden integrar con las plataformas de contact centre y Comunicaciones Unificadas (UC)&comma; como Amazon Connect y Genesys&comma; para mejorar la eficiencia all\u00ed donde importa. Alterne entre las pantallas de las plataformas y controle el volumen con botones programables para la gesti\u00f3n r\u00e1pida de las llamadas.<\/p>\n<\/p><\/div>\n<\/p><\/div>\n<div style='display: flex; flex-wrap: wrap; gap: 20px; margin-bottom: 30px;'>\n<div style='flex: 1 1 250px; border: 1px solid rgba(150&comma; 150&comma; 150&comma; 0.4); border-radius: 8px; overflow: hidden; display: flex; flex-direction: column;'>\n<div style='padding: 15px; border-bottom: 1px solid rgba(150&comma; 150&comma; 150&comma; 0.2); font-weight: bold; font-size: 18px; color: inherit;'>Especificaciones t\u00e9cnicas<\/div>\n<div style='padding: 15px; color: inherit;'>\n<ul style='padding-left: 20px; margin: 0; font-size: 14px; list-style-type: disc;'>\n<li style='margin-bottom: 5px;'><strong>Tama\u00f1o de altavoz:<\/strong> 20 mm \u00d8<\/li>\n<li style='margin-bottom: 5px;'><strong>Sensibilidad de micr\u00f3fono:<\/strong> -38dBV\/Pa<\/li>\n<li style='margin-bottom: 5px;'><strong>Rango de frecuencia:<\/strong> 50 Hz &#8211; 20&comma;000 Hz<\/li>\n<li style='margin-bottom: 5px;'><strong>Tipo de micr\u00f3fono:<\/strong> 2 X MEMS<\/li>\n<li style='margin-bottom: 5px;'><strong>Certificaciones:<\/strong> Principales proveedores de UC<\/li>\n<\/ul><\/div>\n<\/p><\/div>\n<div style='flex: 1 1 250px; border: 1px solid rgba(150&comma; 150&comma; 150&comma; 0.4); border-radius: 8px; overflow: hidden; display: flex; flex-direction: column;'>\n<div style='padding: 15px; border-bottom: 1px solid rgba(150&comma; 150&comma; 150&comma; 0.2); font-weight: bold; font-size: 18px; color: inherit;'>Ajuste y comodidad<\/div>\n<div style='padding: 15px; color: inherit;'>\n<ul style='padding-left: 20px; margin: 0; font-size: 14px; list-style-type: disc;'>\n<li style='margin-bottom: 5px;'><strong>Forma de los auriculares:<\/strong> Diadema por encima de la oreja<\/li>\n<\/ul><\/div>\n<\/p><\/div>\n<div style='flex: 1 1 250px; border: 1px solid rgba(150&comma; 150&comma; 150&comma; 0.4); border-radius: 8px; overflow: hidden; display: flex; flex-direction: column;'>\n<div style='padding: 15px; border-bottom: 1px solid rgba(150&comma; 150&comma; 150&comma; 0.2); font-weight: bold; font-size: 18px; color: inherit;'>Conectividad<\/div>\n<div style='padding: 15px; color: inherit;'>\n<ul style='padding-left: 20px; margin: 0; font-size: 14px; list-style-type: disc;'>\n<li style='margin-bottom: 5px;'><strong>Conexi\u00f3n (ordenador):<\/strong> Adaptador USB A\/C<\/li>\n<\/ul><\/div>\n<\/p><\/div>\n<\/p><\/div>\n<hr style='border: 0; border-top: 1px solid rgba(150&comma; 150&comma; 150&comma; 0.3); margin: 30px 0;'> <\/div>\n","protected":false},"excerpt":{"rendered":"<p>Jabra Engage 40 Mono UC profesional digital con conexi\u00f3n USB A\/C (4093-419-269)<\/p>\n","protected":false},"featured_media":81575,"comment_status":"open","ping_status":"closed","template":"","meta":[],"product_brand":[],"product_cat":[2050],"product_tag":[2051,2052,2004],"class_list":{"0":"post-81576","1":"product","2":"type-product","3":"status-publish","4":"has-post-thumbnail","6":"product_cat-auriculares","7":"product_tag-auriculares","8":"product_tag-jabra","9":"product_tag-voip-telefonia-ip-videoconferencia","11":"first","12":"instock","13":"sale","14":"shipping-taxable","15":"purchasable","16":"product-type-simple"},"_links":{"self":[{"href":"https:\/\/soydeaqui.ddns.net\/pachuca\/index.php\/wp-json\/wp\/v2\/product\/81576","targetHints":{"allow":["GET"]}}],"collection":[{"href":"https:\/\/soydeaqui.ddns.net\/pachuca\/index.php\/wp-json\/wp\/v2\/product"}],"about":[{"href":"https:\/\/soydeaqui.ddns.net\/pachuca\/index.php\/wp-json\/wp\/v2\/types\/product"}],"replies":[{"embeddable":true,"href":"https:\/\/soydeaqui.ddns.net\/pachuca\/index.php\/wp-json\/wp\/v2\/comments?post=81576"}],"wp:featuredmedia":[{"embeddable":true,"href":"https:\/\/soydeaqui.ddns.net\/pachuca\/index.php\/wp-json\/wp\/v2\/media\/81575"}],"wp:attachment":[{"href":"https:\/\/soydeaqui.ddns.net\/pachuca\/index.php\/wp-json\/wp\/v2\/media?parent=81576"}],"wp:term":[{"taxonomy":"product_brand","embeddable":true,"href":"https:\/\/soydeaqui.ddns.net\/pachuca\/index.php\/wp-json\/wp\/v2\/product_brand?post=81576"},{"taxonomy":"product_cat","embeddable":true,"href":"https:\/\/soydeaqui.ddns.net\/pachuca\/index.php\/wp-json\/wp\/v2\/product_cat?post=81576"},{"taxonomy":"product_tag","embeddable":true,"href":"https:\/\/soydeaqui.ddns.net\/pachuca\/index.php\/wp-json\/wp\/v2\/product_tag?post=81576"}],"curies":[{"name":"wp","href":"https:\/\/api.w.org\/{rel}","templated":true}]}}