{"id":81551,"date":"2026-03-19T18:49:19","date_gmt":"2026-03-19T18:49:19","guid":{"rendered":"https:\/\/soydeaqui.ddns.net\/pachuca\/index.php\/producto\/telefono-ip-grado-operador-3-lineas-12-botones-virtuales-multiuso-pantalla-lcd-2-8-pulgadas-puertos-gigabit-con-poe-audio-hd-compatible-con-gdms\/"},"modified":"2026-03-19T18:49:35","modified_gmt":"2026-03-19T18:49:35","slug":"telefono-ip-grado-operador-3-lineas-12-botones-virtuales-multiuso-pantalla-lcd-2-8-pulgadas-puertos-gigabit-con-poe-audio-hd-compatible-con-gdms","status":"publish","type":"product","link":"https:\/\/soydeaqui.ddns.net\/pachuca\/index.php\/producto\/telefono-ip-grado-operador-3-lineas-12-botones-virtuales-multiuso-pantalla-lcd-2-8-pulgadas-puertos-gigabit-con-poe-audio-hd-compatible-con-gdms\/","title":{"rendered":"Tel\u00e9fono IP Grado Operador \/ 3 L\u00edneas \/ 12 Botones Virtuales Multiuso \/ Pantalla LCD 2.8 Pulgadas \/ Puertos Gigabit con PoE \/ Audio HD \/ Compatible con GDMS"},"content":{"rendered":"<div style='width: 100%; max-width: 1200px; margin: 0 auto; font-family: sans-serif; line-height: 1.6; color: inherit; background-color: transparent;'>\n<div style='margin-bottom: 30px;'>\n<p style='font-size: 18px; line-height: 1.6; margin-bottom: 20px; color: inherit;'><strong>El GRP2611G es un tel\u00e9fono IP de grado operador dise\u00f1ado para una implementaci\u00f3n masiva y f\u00e1cil administraci\u00f3n. Ofrece un dise\u00f1o elegante y tecnolog\u00edas avanzadas como 12 botones virtuales multiuso (VPK)&comma; dos puertos Gigabit&comma; pantalla LCD en color y funciones de seguridad de nivel empresarial. Compatible con el sistema GDMS de Grandstream para aprovisionamiento y administraci\u00f3n centralizada.<\/strong><\/p>\n<\/p><\/div>\n<h2 style='font-size: 24px; font-weight: 600; margin-bottom: 20px; color: inherit; border-bottom: 2px solid rgba(150&comma; 150&comma; 150&comma; 0.3); padding-bottom: 8px;'>Especificaciones T\u00e9cnicas<\/h2>\n<div style='display: flex; flex-wrap: wrap; gap: 20px; margin-bottom: 30px;'>\n<div style='flex: 1 1 400px; min-width: 280px; border: 1px solid rgba(150&comma; 150&comma; 150&comma; 0.4); border-radius: 8px; overflow: hidden; display: flex; flex-direction: column;'>\n<div style='padding: 15px; border-bottom: 1px solid rgba(150&comma; 150&comma; 150&comma; 0.2); font-weight: bold; font-size: 18px; color: inherit;'>Caracter\u00edsticas Principales<\/div>\n<div style='padding: 15px; color: inherit;'>\n<ul style='padding-left: 20px; margin: 0; font-size: 14px; list-style-type: disc;'>\n<li style='margin-bottom: 5px;'>3 l\u00edneas y 12 botones virtuales multiuso<\/li>\n<li style='margin-bottom: 5px;'>Pantalla LCD de 2.8 pulgadas TFT en color<\/li>\n<li style='margin-bottom: 5px;'>Puertos Gigabit Ethernet 10\/100\/1000 Mbps con PoE<\/li>\n<li style='margin-bottom: 5px;'>Audio HD con tecnolog\u00edas avanzadas como Noise Shield<\/li>\n<li style='margin-bottom: 5px;'>Placa frontal intercambiable para personalizaci\u00f3n<\/li>\n<\/ul><\/div>\n<\/p><\/div>\n<div style='flex: 1 1 400px; min-width: 280px; border: 1px solid rgba(150&comma; 150&comma; 150&comma; 0.4); border-radius: 8px; overflow: hidden; display: flex; flex-direction: column;'>\n<div style='padding: 15px; border-bottom: 1px solid rgba(150&comma; 150&comma; 150&comma; 0.2); font-weight: bold; font-size: 18px; color: inherit;'>Funcionalidades<\/div>\n<div style='padding: 15px; color: inherit;'>\n<ul style='padding-left: 20px; margin: 0; font-size: 14px; list-style-type: disc;'>\n<li style='margin-bottom: 5px;'>Compatibilidad con hasta 3 cuentas SIP<\/li>\n<li style='margin-bottom: 5px;'>Conferencias de audio de 5 v\u00edas<\/li>\n<li style='margin-bottom: 5px;'>Soporte para todos los c\u00f3decs principales como G.722 y Opus<\/li>\n<li style='margin-bottom: 5px;'>Compatible con sistema de administraci\u00f3n GDMS<\/li>\n<li style='margin-bottom: 5px;'>Funciones de protecci\u00f3n nivel empresarial: arranque seguro&comma; im\u00e1genes de firmware duales<\/li>\n<\/ul><\/div>\n<\/p><\/div>\n<\/p><\/div>\n<h2 style='font-size: 24px; font-weight: 600; margin-bottom: 20px; color: inherit; border-bottom: 2px solid rgba(150&comma; 150&comma; 150&comma; 0.3); padding-bottom: 8px;'>Especificaciones Avanzadas<\/h2>\n<div style='display: flex; flex-wrap: wrap; gap: 20px; margin-bottom: 30px;'>\n<div style='flex: 1 1 400px; min-width: 280px; border: 1px solid rgba(150&comma; 150&comma; 150&comma; 0.4); border-radius: 8px; overflow: hidden; display: flex; flex-direction: column;'>\n<div style='padding: 15px; border-bottom: 1px solid rgba(150&comma; 150&comma; 150&comma; 0.2); font-weight: bold; font-size: 18px; color: inherit;'>Interfaces y Conectividad<\/div>\n<div style='padding: 15px; color: inherit;'>\n<ul style='padding-left: 20px; margin: 0; font-size: 14px; list-style-type: disc;'>\n<li style='margin-bottom: 5px;'>Puertos Ethernet Gigabit de 10\/100\/1000 Mbps<\/li>\n<li style='margin-bottom: 5px;'>Conector para aud\u00edfonos RJ9 con EHS<\/li>\n<li style='margin-bottom: 5px;'>Protocolos soportados: SIP&comma; TCP\/IP&comma; DHCP&comma; TLS&comma; SRTP<\/li>\n<\/ul><\/div>\n<\/p><\/div>\n<div style='flex: 1 1 400px; min-width: 280px; border: 1px solid rgba(150&comma; 150&comma; 150&comma; 0.4); border-radius: 8px; overflow: hidden; display: flex; flex-direction: column;'>\n<div style='padding: 15px; border-bottom: 1px solid rgba(150&comma; 150&comma; 150&comma; 0.2); font-weight: bold; font-size: 18px; color: inherit;'>Requisitos y Compatibilidad<\/div>\n<div style='padding: 15px; color: inherit;'>\n<ul style='padding-left: 20px; margin: 0; font-size: 14px; list-style-type: disc;'>\n<li style='margin-bottom: 5px;'>Compatible con m\u00faltiples idiomas<\/li>\n<li style='margin-bottom: 5px;'>Actualizaci\u00f3n de firmware v\u00eda FTP\/TFTP\/HTTP<\/li>\n<li style='margin-bottom: 5px;'>Soporte de montaje en pared<\/li>\n<li style='margin-bottom: 5px;'>Compatibilidad con aprovisionamiento mediante GDMS y TR-069<\/li>\n<\/ul><\/div>\n<\/p><\/div>\n<\/p><\/div>\n<h2 style='font-size: 24px; font-weight: 600; margin-bottom: 20px; color: inherit; border-bottom: 2px solid rgba(150&comma; 150&comma; 150&comma; 0.3); padding-bottom: 8px;'>Aplicaciones y Casos de Uso<\/h2>\n<div style='display: flex; flex-wrap: wrap; gap: 20px; margin-bottom: 30px;'> <\/div>\n<\/p><\/div>\n","protected":false},"excerpt":{"rendered":"<p>Tel\u00e9fono IP Grado Operador \/ 3 L\u00edneas \/ 12 Botones Virtuales Multiuso \/ Pantalla LCD 2.8 Pulgadas \/ Puertos Gigabit con PoE \/ Audio HD \/ Compatible con GDMS<\/p>\n","protected":false},"featured_media":81550,"comment_status":"open","ping_status":"closed","template":"","meta":[],"product_brand":[],"product_cat":[2003],"product_tag":[909,2005,2004],"class_list":{"0":"post-81551","1":"product","2":"type-product","3":"status-publish","4":"has-post-thumbnail","6":"product_cat-telefonos-ip","7":"product_tag-grandstream","8":"product_tag-telefonos-ip","9":"product_tag-voip-telefonia-ip-videoconferencia","11":"first","12":"instock","13":"sale","14":"shipping-taxable","15":"purchasable","16":"product-type-simple"},"_links":{"self":[{"href":"https:\/\/soydeaqui.ddns.net\/pachuca\/index.php\/wp-json\/wp\/v2\/product\/81551","targetHints":{"allow":["GET"]}}],"collection":[{"href":"https:\/\/soydeaqui.ddns.net\/pachuca\/index.php\/wp-json\/wp\/v2\/product"}],"about":[{"href":"https:\/\/soydeaqui.ddns.net\/pachuca\/index.php\/wp-json\/wp\/v2\/types\/product"}],"replies":[{"embeddable":true,"href":"https:\/\/soydeaqui.ddns.net\/pachuca\/index.php\/wp-json\/wp\/v2\/comments?post=81551"}],"wp:featuredmedia":[{"embeddable":true,"href":"https:\/\/soydeaqui.ddns.net\/pachuca\/index.php\/wp-json\/wp\/v2\/media\/81550"}],"wp:attachment":[{"href":"https:\/\/soydeaqui.ddns.net\/pachuca\/index.php\/wp-json\/wp\/v2\/media?parent=81551"}],"wp:term":[{"taxonomy":"product_brand","embeddable":true,"href":"https:\/\/soydeaqui.ddns.net\/pachuca\/index.php\/wp-json\/wp\/v2\/product_brand?post=81551"},{"taxonomy":"product_cat","embeddable":true,"href":"https:\/\/soydeaqui.ddns.net\/pachuca\/index.php\/wp-json\/wp\/v2\/product_cat?post=81551"},{"taxonomy":"product_tag","embeddable":true,"href":"https:\/\/soydeaqui.ddns.net\/pachuca\/index.php\/wp-json\/wp\/v2\/product_tag?post=81551"}],"curies":[{"name":"wp","href":"https:\/\/api.w.org\/{rel}","templated":true}]}}