{"id":81546,"date":"2026-03-19T18:49:04","date_gmt":"2026-03-19T18:49:04","guid":{"rendered":"https:\/\/soydeaqui.ddns.net\/pachuca\/index.php\/producto\/remate-preformado-de-acero-galvanizado-para-fibra-mini-adss-de-24-hilos-diametros-7-5-8-mm\/"},"modified":"2026-03-19T18:49:13","modified_gmt":"2026-03-19T18:49:13","slug":"remate-preformado-de-acero-galvanizado-para-fibra-mini-adss-de-24-hilos-diametros-7-5-8-mm","status":"publish","type":"product","link":"https:\/\/soydeaqui.ddns.net\/pachuca\/index.php\/producto\/remate-preformado-de-acero-galvanizado-para-fibra-mini-adss-de-24-hilos-diametros-7-5-8-mm\/","title":{"rendered":"Remate Preformado de Acero Galvanizado para Fibra Mini-ADSS de 24 hilos, di\u00e1metros 7.5 &#8211; 8 mm"},"content":{"rendered":"<div style='width: 100%; max-width: 1200px; margin: 0 auto; font-family: sans-serif; line-height: 1.6; color: inherit; background-color: transparent;'> <!-- Logo --> <\/p>\n<div style='width: 100%; margin-bottom: 30px;'> <img style='width: 100%; max-width: 432px; height: auto; border: 1px solid rgba(150&comma;150&comma;150&comma;0.3); border-radius: 8px;' src='https:\/\/ftp3.syscom.mx\/usuarios\/orobles\/LinkedPro\/linkedpro_logo.png' alt='Logo LinkedPro'> <\/div>\n<p> <!-- Descripci\u00f3n --> <\/p>\n<div style='width: 100%; margin-bottom: 30px;'>\n<p style='font-size: 15px; margin: 0 0 15px 0; color: inherit;'> Los Remates Preformados de LinkedPro est\u00e1n dise\u00f1ados para aplicaci\u00f3n directa al cable de fibra \u00f3ptica sin da\u00f1arlo y para proporcionar un agarre uniforme. <\/p>\n<\/p><\/div>\n<p> <!-- Caracter\u00edsticas --> <\/p>\n<div style='width: 100%; margin-bottom: 30px;'>\n<h3 style='font-size: 22px; border-bottom: 2px solid currentColor; padding-bottom: 5px; margin-top: 0; margin-bottom: 15px; color: inherit; opacity: 0.8;'>Caracter\u00edsticas<\/h3>\n<ul style='padding-left: 20px; font-size: 14px; color: inherit;'>\n<li style='margin-bottom: 5px;'><strong>Marca de color:<\/strong> Rosa<\/li>\n<li style='margin-bottom: 5px;'><strong>Longitud Total:<\/strong> 460 mm (18.1&#8242;)<\/li>\n<li style='margin-bottom: 5px;'><strong>Para cable de fibra \u00f3ptica:<\/strong> \u00d8 7.5 &#8211; 8 mm<\/li>\n<li style='margin-bottom: 5px;'><strong>Pierna Dispareja:<\/strong> Para facilitar su instalaci\u00f3n<\/li>\n<li style='margin-bottom: 5px;'>Especialmente dise\u00f1ado para instalaci\u00f3n de cable \u00f3ptico di\u00e9lectrico sin da\u00f1ar el forro<\/li>\n<li style='margin-bottom: 5px;'>Proporciona un agarre uniforme a lo largo del remate que no da\u00f1a la fibra \u00f3ptica<\/li>\n<li style='margin-bottom: 5px;'>F\u00e1cil instalaci\u00f3n&comma; puede ser instalado y desinstalado sin herramientas<\/li>\n<li style='margin-bottom: 5px;'>Fabricado en Acero Galvanizado que soporta ambientes costeros<\/li>\n<li style='margin-bottom: 5px;'>No requiere guardacabo<\/li>\n<li style='margin-bottom: 5px;'>Vida \u00datil: 20 a\u00f1os<\/li>\n<li style='margin-bottom: 5px;'><strong>Peso:<\/strong> 50 gramos<\/li>\n<\/ul><\/div>\n<p> <!-- Compatibilidad --> <\/p>\n<div style='width: 100%; margin-bottom: 30px;'>\n<h3 style='font-size: 22px; border-bottom: 2px solid currentColor; padding-bottom: 5px; margin-top: 0; margin-bottom: 15px; color: inherit; opacity: 0.8;'>Compatibilidad<\/h3>\n<ul style='padding-left: 20px; font-size: 14px; color: inherit;'>\n<li style='margin-bottom: 5px;'> <a style='color: inherit; text-decoration: underline; font-weight: 600;' href='https:\/\/www.syscom.mx\/principal\/searchcont?route=MINI-ADSS-24C-S120\/4KM-LINKEDPRO-BY-FIBERHOME-209390&#038;autodetect=MINI-ADSS-24C' target='_blank' rel='noopener'> MINI-ADSS-24C-S120\/4KM <\/a> <\/li>\n<\/ul><\/div>\n<p> <!-- Calculadora --> <\/p>\n<div style='width: 100%; margin-bottom: 30px;'> <a href='https:\/\/soporte.syscom.mx\/es\/articles\/5949129-calculadora-de-herrajes-para-fibra-optica-para-instalacion-aerea-adss-y-mini-adss' target='_blank' rel='noopener'> <\/p>\n<div style='padding: 15px; border: 1px solid rgba(150&comma; 150&comma; 150&comma; 0.4); border-radius: 8px; background-color: rgba(0&comma; 0&comma; 0&comma; 0.05); color: inherit;'> <strong>\u00a1PRESIONA AQU\u00cd! CALCULADOR DE HERRAJES PARA FIBRA OPTICA AEREA ADSS&comma; MINI-ADSS&comma; FIGURA 8 Y FINI FIGURA 8.<\/strong> <\/div>\n<p> <\/a> <\/div>\n<p> <!-- Gif calculadora --> <\/p>\n<div style='width: 100%; margin-bottom: 30px;'> <img style='width: 100%; height: auto; border: 1px solid rgba(150&comma;150&comma;150&comma;0.3); border-radius: 8px;' src='https:\/\/ftp3.syscom.mx\/usuarios\/fotos\/GDEADS060\/191447-calculadora_de_herrajes_gif-1.gif' alt='Calculadora de herrajes'> <\/div>\n<p> <!-- Imagen poste --> <\/p>\n<div style='width: 100%; margin-bottom: 30px;'> <img style='width: 100%; height: auto; border: 1px solid rgba(150&comma;150&comma;150&comma;0.3); border-radius: 8px;' src='https:\/\/ftp3.syscom.mx\/usuarios\/fotos\/GDEADS060\/191447-poste.png.jpg' alt='Instalaci\u00f3n en poste'> <\/div>\n<\/p><\/div>\n","protected":false},"excerpt":{"rendered":"<p>Remate Preformado de Acero Galvanizado para Fibra Mini-ADSS de 24 hilos, di\u00e1metros 7.5 &#8211; 8 mm<\/p>\n","protected":false},"featured_media":81545,"comment_status":"open","ping_status":"closed","template":"","meta":[],"product_brand":[],"product_cat":[2016],"product_tag":[2017,435,2011],"class_list":{"0":"post-81546","1":"product","2":"type-product","3":"status-publish","4":"has-post-thumbnail","6":"product_cat-herrajes","7":"product_tag-herrajes","8":"product_tag-linkedpro-by-epcom","9":"product_tag-redes-ftth-pon","11":"first","12":"instock","13":"sale","14":"shipping-taxable","15":"purchasable","16":"product-type-simple"},"_links":{"self":[{"href":"https:\/\/soydeaqui.ddns.net\/pachuca\/index.php\/wp-json\/wp\/v2\/product\/81546","targetHints":{"allow":["GET"]}}],"collection":[{"href":"https:\/\/soydeaqui.ddns.net\/pachuca\/index.php\/wp-json\/wp\/v2\/product"}],"about":[{"href":"https:\/\/soydeaqui.ddns.net\/pachuca\/index.php\/wp-json\/wp\/v2\/types\/product"}],"replies":[{"embeddable":true,"href":"https:\/\/soydeaqui.ddns.net\/pachuca\/index.php\/wp-json\/wp\/v2\/comments?post=81546"}],"wp:featuredmedia":[{"embeddable":true,"href":"https:\/\/soydeaqui.ddns.net\/pachuca\/index.php\/wp-json\/wp\/v2\/media\/81545"}],"wp:attachment":[{"href":"https:\/\/soydeaqui.ddns.net\/pachuca\/index.php\/wp-json\/wp\/v2\/media?parent=81546"}],"wp:term":[{"taxonomy":"product_brand","embeddable":true,"href":"https:\/\/soydeaqui.ddns.net\/pachuca\/index.php\/wp-json\/wp\/v2\/product_brand?post=81546"},{"taxonomy":"product_cat","embeddable":true,"href":"https:\/\/soydeaqui.ddns.net\/pachuca\/index.php\/wp-json\/wp\/v2\/product_cat?post=81546"},{"taxonomy":"product_tag","embeddable":true,"href":"https:\/\/soydeaqui.ddns.net\/pachuca\/index.php\/wp-json\/wp\/v2\/product_tag?post=81546"}],"curies":[{"name":"wp","href":"https:\/\/api.w.org\/{rel}","templated":true}]}}