{"id":8154,"date":"2026-03-18T07:05:21","date_gmt":"2026-03-18T07:05:21","guid":{"rendered":"https:\/\/soydeaqui.ddns.net\/pachuca\/index.php\/producto\/sistema-de-alarma-vista20p-con-teclado-alfanumerico-y-receptor-inalambrico-interconstruido-2\/"},"modified":"2026-03-18T07:05:21","modified_gmt":"2026-03-18T07:05:21","slug":"sistema-de-alarma-vista20p-con-teclado-alfanumerico-y-receptor-inalambrico-interconstruido-2","status":"publish","type":"product","link":"https:\/\/soydeaqui.ddns.net\/pachuca\/index.php\/producto\/sistema-de-alarma-vista20p-con-teclado-alfanumerico-y-receptor-inalambrico-interconstruido-2\/","title":{"rendered":"Sistema de Alarma VISTA20P con Teclado Alfanumerico y Receptor Inalambrico Interconstruido"},"content":{"rendered":"<div style='width: 100%; max-width: 1200px; margin: 0 auto; font-family: sans-serif; line-height: 1.6; color: inherit; background-color: transparent;'> <!-- Secci\u00f3n de descripci\u00f3n principal --> <\/p>\n<div style='margin-bottom: 30px;'>\n<p style='font-size: 16px; color: inherit;'>Panel de alarma para aplicaciones residenciales&comma; negocios u oficinas.<\/p>\n<\/p><\/div>\n<p> <!-- Secci\u00f3n de caracter\u00edsticas con flex --> <\/p>\n<div style='display: flex; flex-wrap: wrap; gap: 30px; margin-bottom: 30px;'>\n<div style='flex: 1 1 300px; min-width: 280px;'>\n<h3 style='font-size: 22px; border-bottom: 2px solid currentColor; padding-bottom: 5px; margin-top: 0; color: inherit; opacity: 0.8;'>Caracter\u00edsticas Principales<\/h3>\n<ul style='padding-left: 20px; font-size: 15px; color: inherit;'>\n<li style='margin-bottom: 5px;'><a href='https:\/\/www.syscom.mx\/producto\/SEMVISTA-ALARM.COM-167870.html' style='color: inherit; text-decoration: underline;'>Compatible y listo para configurarse con App y plataforma ALARM.COM<\/a>&comma; agregando el modelo SEMVISTA<\/li>\n<li style='margin-bottom: 5px;'>Integre todos los productos de <a href='https:\/\/www.syscom.mx\/principal\/listadoproductosazul\/automatizacion--e-intrusion-automatizacion-zwave-65780.html?ordenar=Precio_de_Menor_a_Mayor&#038;pag=1' style='color: inherit; text-decoration: underline;'>ZWAVE<\/a> para iniciar control de iluminaci\u00f3n&comma; clima&comma; garage&comma; chapas entre otros.<\/li>\n<li style='margin-bottom: 5px;'><a href='https:\/\/www.syscom.mx\/principal\/listadoproductosazul\/automatizacion--e-intrusion-automatizacion-lutron-casetta-wireless-65873.html?ordenar=Precio_de_Menor_a_Mayor&#038;pag=1' style='color: inherit; text-decoration: underline;'>Caseta Wireless o RA2 Select<\/a> para integrar con la App de ALARM.COM<\/li>\n<\/ul><\/div>\n<p> <!-- Secci\u00f3n de sistema --> <\/p>\n<div style='flex: 1 1 300px; min-width: 280px;'>\n<h3 style='font-size: 22px; border-bottom: 2px solid currentColor; padding-bottom: 5px; margin-top: 0; color: inherit; opacity: 0.8;'>Sistema<\/h3>\n<ul style='padding-left: 20px; font-size: 15px; color: inherit;'>\n<li style='margin-bottom: 5px;'>Programaci\u00f3n por teclado alfanum\u00e9rico&comma; software Downloading<\/li>\n<li style='margin-bottom: 5px;'>M\u00e1ximo 8 teclados&comma; soporta teclados alfanum\u00e9ricos&comma; de iconos y sensibles al tacto; m\u00e1ximo 2 (se sugiere fuente de poder auxiliar)<\/li>\n<li style='margin-bottom: 5px;'>Tiempo de entrada definido por el instalador<\/li>\n<li style='margin-bottom: 5px;'>2 zonas programables de entrada y salida con distintos tiempos<\/li>\n<li style='margin-bottom: 5px;'>Funciones de automatizaci\u00f3n<\/li>\n<li style='margin-bottom: 5px;'>Funci\u00f3n de auto armado y desarmado<\/li>\n<li style='margin-bottom: 5px;'>Soporta m\u00f3dulo de relevadores 4204&comma; m\u00e1ximo 4<\/li>\n<li style='margin-bottom: 5px;'>250 eventos en memoria. La memoria se puede leer con el software COMPASS Downloading<\/li>\n<li style='margin-bottom: 5px;'>2 particiones<\/li>\n<li style='margin-bottom: 5px;'>Confirmaci\u00f3n de armado y desarmado<\/li>\n<li style='margin-bottom: 5px;'>Auto Armado parcial configurable<\/li>\n<li style='margin-bottom: 5px;'>Salida de sirena de 2 A<\/li>\n<li style='margin-bottom: 5px;'>2 salidas de voltaje programables<\/li>\n<li style='margin-bottom: 5px;'>Detecci\u00f3n de corte de l\u00ednea telef\u00f3nica<\/li>\n<li style='margin-bottom: 5px;'>Corriente auxiliar de 600 mA<\/li>\n<li style='margin-bottom: 5px;'>Entrada de alimentaci\u00f3n de 16 Vca<\/li>\n<\/ul><\/div>\n<p> <!-- Secci\u00f3n de zonas --> <\/p>\n<div style='flex: 1 1 300px; min-width: 280px;'>\n<h3 style='font-size: 22px; border-bottom: 2px solid currentColor; padding-bottom: 5px; margin-top: 0; color: inherit; opacity: 0.8;'>Zonas<\/h3>\n<ul style='padding-left: 20px; font-size: 15px; color: inherit;'>\n<li style='margin-bottom: 5px;'>8 zonas programables&comma; configurables con o sin resistencia de fin de l\u00ednea<\/li>\n<li style='margin-bottom: 5px;'>Las zonas se pueden configurar de respuesta r\u00e1pida o lenta<\/li>\n<li style='margin-bottom: 5px;'>Capacidad de duplicaci\u00f3n de zonas<\/li>\n<li style='margin-bottom: 5px;'>En la zona uno soporta hasta 16 detectores de humo de dos hilos<\/li>\n<li style='margin-bottom: 5px;'>Soporta detectores de humo de 4 hilos<\/li>\n<li style='margin-bottom: 5px;'>Soporta 40 zonas inal\u00e1mbricas<\/li>\n<li style='margin-bottom: 5px;'>24 tipos de zonas configurables<\/li>\n<li style='margin-bottom: 5px;'>16 zonas adicionales para controles port\u00e1tiles<\/li>\n<li style='margin-bottom: 5px;'>Soporta m\u00f3dulo de expansi\u00f3n de zonas cableados 4219 y 4229<\/li>\n<li style='margin-bottom: 5px;'>Supervisi\u00f3n del sistema inal\u00e1mbrico al 100%<\/li>\n<li style='margin-bottom: 5px;'>Alcance de hasta 60 m en la serie inal\u00e1mbrica 5800<\/li>\n<\/ul><\/div>\n<p> <!-- Secci\u00f3n de usuarios --> <\/p>\n<div style='flex: 1 1 300px; min-width: 280px;'>\n<h3 style='font-size: 22px; border-bottom: 2px solid currentColor; padding-bottom: 5px; margin-top: 0; color: inherit; opacity: 0.8;'>Usuarios<\/h3>\n<ul style='padding-left: 20px; font-size: 15px; color: inherit;'>\n<li style='margin-bottom: 5px;'>48 c\u00f3digos de usuario<\/li>\n<li style='margin-bottom: 5px;'>6 niveles de autoridad: instalador&comma; maestro&comma; est\u00e1ndar&comma; invitado&comma; s\u00f3lo armar y coacci\u00f3n<\/li>\n<li style='margin-bottom: 5px;'>Sistema de armado r\u00e1pido<\/li>\n<li style='margin-bottom: 5px;'>5 niveles de armado: total&comma; parcial&comma; noche&comma; instant\u00e1neo y m\u00e1ximo<\/li>\n<li style='margin-bottom: 5px;'>Aviso de puerta abierta (CHIME)<\/li>\n<\/ul><\/div>\n<p> <!-- Secci\u00f3n de comunicaci\u00f3n --> <\/p>\n<div style='flex: 1 1 300px; min-width: 280px;'>\n<h3 style='font-size: 22px; border-bottom: 2px solid currentColor; padding-bottom: 5px; margin-top: 0; color: inherit; opacity: 0.8;'>Comunicaci\u00f3n<\/h3>\n<ul style='padding-left: 20px; font-size: 15px; color: inherit;'>\n<li style='margin-bottom: 5px;'>Comunicador interconstru\u00eddo para comunicaci\u00f3n con la Central Receptora de Alarmas<\/li>\n<li style='margin-bottom: 5px;'>Soporta los formatos de comunicaci\u00f3n en 4+2 y CONTACT ID<\/li>\n<li style='margin-bottom: 5px;'>Soporta opci\u00f3n de reporte dual y dividido<\/li>\n<\/ul><\/div>\n<p> <!-- Secci\u00f3n de incluye --> <\/p>\n<div style='flex: 1 1 300px; min-width: 280px;'>\n<h3 style='font-size: 22px; border-bottom: 2px solid currentColor; padding-bottom: 5px; margin-top: 0; color: inherit; opacity: 0.8;'>Incluye<\/h3>\n<ul style='padding-left: 20px; font-size: 15px; color: inherit;'>\n<li style='margin-bottom: 5px;'>Panel de Alarma VISTA20P<\/li>\n<li style='margin-bottom: 5px;'>Teclado Alfanum\u00e9rico con receptor inal\u00e1mbrico 6162RF<\/li>\n<li style='margin-bottom: 5px;'>Gabinete SGRPRV21<\/li>\n<\/ul><\/div>\n<\/p><\/div>\n<p> <!-- Separador --> <\/p>\n<hr style='border: 0; border-top: 1px solid rgba(150&comma; 150&comma; 150&comma; 0.3); margin: 30px 0;'> <!-- Secci\u00f3n de video y imagen --> <\/p>\n<div style='display: flex; flex-wrap: wrap; gap: 30px; margin-bottom: 30px;'> <!-- Video de YouTube --> <\/p>\n<div style='flex: 1 1 100%; min-width: 300px;'>\n<div style='position: relative; padding-bottom: 56.25%; height: 0; overflow: hidden; margin-bottom: 30px;'>   <\/div>\n<\/p><\/div>\n<p> <!-- Imagen --> <\/p>\n<div style='flex: 1 1 100%; min-width: 300px;'> <img style='width: 100%; height: auto; border: 1px solid rgba(150&comma;150&comma;150&comma;0.3); border-radius: 8px;' src='http:\/\/ftp3.syscom.mx\/usuarios\/mbarrio\/jasco\/alc2.jpg' alt=''> <\/div>\n<\/p><\/div>\n<\/p><\/div>\n","protected":false},"excerpt":{"rendered":"<p>Sistema de Alarma VISTA20P con Teclado Alfanumerico y Receptor Inalambrico Interconstruido<\/p>\n","protected":false},"featured_media":8153,"comment_status":"open","ping_status":"closed","template":"","meta":[],"product_brand":[],"product_cat":[179],"product_tag":[45,61,180],"class_list":{"0":"post-8154","1":"product","2":"type-product","3":"status-publish","4":"has-post-thumbnail","6":"product_cat-paneles-de-alarma-total-connect-honeywell","7":"product_tag-honeywell-home-resideo","8":"product_tag-paneles-de-alarma","9":"product_tag-total-connect-honeywell","11":"first","12":"outofstock","13":"sale","14":"shipping-taxable","15":"purchasable","16":"product-type-simple"},"_links":{"self":[{"href":"https:\/\/soydeaqui.ddns.net\/pachuca\/index.php\/wp-json\/wp\/v2\/product\/8154","targetHints":{"allow":["GET"]}}],"collection":[{"href":"https:\/\/soydeaqui.ddns.net\/pachuca\/index.php\/wp-json\/wp\/v2\/product"}],"about":[{"href":"https:\/\/soydeaqui.ddns.net\/pachuca\/index.php\/wp-json\/wp\/v2\/types\/product"}],"replies":[{"embeddable":true,"href":"https:\/\/soydeaqui.ddns.net\/pachuca\/index.php\/wp-json\/wp\/v2\/comments?post=8154"}],"wp:featuredmedia":[{"embeddable":true,"href":"https:\/\/soydeaqui.ddns.net\/pachuca\/index.php\/wp-json\/wp\/v2\/media\/8153"}],"wp:attachment":[{"href":"https:\/\/soydeaqui.ddns.net\/pachuca\/index.php\/wp-json\/wp\/v2\/media?parent=8154"}],"wp:term":[{"taxonomy":"product_brand","embeddable":true,"href":"https:\/\/soydeaqui.ddns.net\/pachuca\/index.php\/wp-json\/wp\/v2\/product_brand?post=8154"},{"taxonomy":"product_cat","embeddable":true,"href":"https:\/\/soydeaqui.ddns.net\/pachuca\/index.php\/wp-json\/wp\/v2\/product_cat?post=8154"},{"taxonomy":"product_tag","embeddable":true,"href":"https:\/\/soydeaqui.ddns.net\/pachuca\/index.php\/wp-json\/wp\/v2\/product_tag?post=8154"}],"curies":[{"name":"wp","href":"https:\/\/api.w.org\/{rel}","templated":true}]}}