{"id":81539,"date":"2026-03-19T18:48:48","date_gmt":"2026-03-19T18:48:48","guid":{"rendered":"https:\/\/soydeaqui.ddns.net\/pachuca\/index.php\/producto\/telefono-ip-profesional-de-12-lineas-24-teclas-de-extension-programables-wi-fi-6-poe-integrado-pantalla-lcd-4-3-pulgadas-seguridad-de-nivel-empresarial-bluetooth-integrado-compatible-con\/"},"modified":"2026-03-19T18:49:02","modified_gmt":"2026-03-19T18:49:02","slug":"telefono-ip-profesional-de-12-lineas-24-teclas-de-extension-programables-wi-fi-6-poe-integrado-pantalla-lcd-4-3-pulgadas-seguridad-de-nivel-empresarial-bluetooth-integrado-compatible-con","status":"publish","type":"product","link":"https:\/\/soydeaqui.ddns.net\/pachuca\/index.php\/producto\/telefono-ip-profesional-de-12-lineas-24-teclas-de-extension-programables-wi-fi-6-poe-integrado-pantalla-lcd-4-3-pulgadas-seguridad-de-nivel-empresarial-bluetooth-integrado-compatible-con\/","title":{"rendered":"TEL\u00c9FONO IP PROFESIONAL DE 12 L\u00cdNEAS \/ 24 TECLAS DE EXTENSI\u00d3N PROGRAMABLES \/ WI-FI 6 \/ POE INTEGRADO \/ PANTALLA LCD 4.3 PULGADAS \/ SEGURIDAD DE NIVEL EMPRESARIAL \/ BLUETOOTH INTEGRADO \/ COMPATIBLE CON GDMS \/ AUDIO HD CON NOISE-SHIELD"},"content":{"rendered":"<div style='width: 100%; max-width: 1200px; margin: 0 auto; font-family: sans-serif; line-height: 1.6; color: inherit; background-color: transparent;'>\n<div style='margin-bottom: 30px;'>\n<p style='font-size: 17px; line-height: 1.6; margin: 0 0 20px; color: inherit;'><strong>El GRP2636 es un tel\u00e9fono IP profesional&comma; parte de la serie GRP de Grandstream&comma; dise\u00f1ado para ofrecer facilidad de implementaci\u00f3n masiva y gesti\u00f3n centralizada. Su dise\u00f1o elegante integra funciones avanzadas como conferencias de voz de 5 v\u00edas&comma; PoE y Wi-Fi 6&comma; garantizando claridad superior con audio de alta definici\u00f3n. Aporta seguridad a nivel empresarial con arranque seguro&comma; im\u00e1genes de firmware duales y almacenamiento cifrado. Este modelo es ideal para profesionales que gestionan grandes vol\u00famenes de llamadas&comma; ofreciendo 24 teclas programables con una interfaz centralizada gracias al sistema GDMS de Grandstream.<\/strong><\/p>\n<\/p><\/div>\n<div style='display: flex; flex-wrap: wrap; gap: 30px; margin-bottom: 30px;'>\n<div style='flex: 1 1 300px; min-width: 280px;'>\n<h3 style='font-size: 22px; border-bottom: 2px solid currentColor; padding-bottom: 5px; margin-top: 0; color: inherit; opacity: 0.8;'>Caracter\u00edsticas Principales<\/h3>\n<ul style='padding-left: 20px; font-size: 15px; color: inherit;'>\n<li style='margin-bottom: 5px;'>12 l\u00edneas&comma; 6 cuentas SIP<\/li>\n<li style='margin-bottom: 5px;'>Placa frontal intercambiable<\/li>\n<li style='margin-bottom: 5px;'>Puertos Gigabit Ethernet de 10\/100\/1000 Mbps con PoE<\/li>\n<li style='margin-bottom: 5px;'>Pantalla gr\u00e1fica LCD de 4.3 pulgadas TFT<\/li>\n<li style='margin-bottom: 5px;'>Compatible con GDMS para gesti\u00f3n centralizada<\/li>\n<li style='margin-bottom: 5px;'>Conector para auriculares RJ9 y USB<\/li>\n<li style='margin-bottom: 5px;'>Wi-Fi 6 802.11 a\/b\/g\/n\/ac\/ax<\/li>\n<li style='margin-bottom: 5px;'>Bluetooth integrado<\/li>\n<\/ul><\/div>\n<div style='flex: 1 1 300px; min-width: 280px;'>\n<h3 style='font-size: 22px; border-bottom: 2px solid currentColor; padding-bottom: 5px; margin-top: 0; color: inherit; opacity: 0.8;'>Funcionalidades<\/h3>\n<ul style='padding-left: 20px; font-size: 15px; color: inherit;'>\n<li style='margin-bottom: 5px;'>Conferencia de audio de 5 v\u00edas<\/li>\n<li style='margin-bottom: 5px;'>Audio de alta definici\u00f3n en altavoz y auricular<\/li>\n<li style='margin-bottom: 5px;'>Teclas de l\u00ednea y extensi\u00f3n programables<\/li>\n<li style='margin-bottom: 5px;'>Tecnolog\u00eda Noise-shield<\/li>\n<li style='margin-bottom: 5px;'>Retener&comma; transferir&comma; reenviar llamadas<\/li>\n<li style='margin-bottom: 5px;'>Funciones como clic para marcar y respuesta autom\u00e1tica<\/li>\n<\/ul><\/div>\n<\/p><\/div>\n<div style='display: flex; flex-wrap: wrap; gap: 30px; margin-bottom: 30px;'>\n<div style='flex: 1 1 300px; min-width: 280px;'>\n<h3 style='font-size: 22px; border-bottom: 2px solid currentColor; padding-bottom: 5px; margin-top: 0; color: inherit; opacity: 0.8;'>Interfaces y Conectividad<\/h3>\n<ul style='padding-left: 20px; font-size: 15px; color: inherit;'>\n<li style='margin-bottom: 5px;'>Puertos Ethernet con autodetecci\u00f3n<\/li>\n<li style='margin-bottom: 5px;'>Wi-Fi de doble banda<\/li>\n<li style='margin-bottom: 5px;'>Soporte para auriculares con conector RJ9 y USB<\/li>\n<\/ul><\/div>\n<div style='flex: 1 1 300px; min-width: 280px;'>\n<h3 style='font-size: 22px; border-bottom: 2px solid currentColor; padding-bottom: 5px; margin-top: 0; color: inherit; opacity: 0.8;'>Requisitos y Compatibilidad<\/h3>\n<ul style='padding-left: 20px; font-size: 15px; color: inherit;'>\n<li style='margin-bottom: 5px;'>Compatible con protocolos SIP&comma; TCP\/IP&comma; TLS&comma; SRTP&comma; etc.<\/li>\n<li style='margin-bottom: 5px;'>Actualizaci\u00f3n a trav\u00e9s de FTP&comma; HTTP&comma; GDMS<\/li>\n<li style='margin-bottom: 5px;'>Compatible con auriculares Plantronics y serie GUV de Grandstream<\/li>\n<\/ul><\/div>\n<\/p><\/div>\n<div style='display: flex; flex-wrap: wrap; gap: 30px; margin-bottom: 30px;'>\n<div style='flex: 1 1 300px; min-width: 280px;'>\n<h3 style='font-size: 22px; border-bottom: 2px solid currentColor; padding-bottom: 5px; margin-top: 0; color: inherit; opacity: 0.8;'>Aplicaciones Empresariales<\/h3>\n<p style='font-size: 15px; color: inherit; margin-top: 0;'>Ideal para recepcionistas y profesionales que necesiten manejar m\u00faltiples l\u00edneas y altos vol\u00famenes de llamadas en entornos empresariales.<\/p>\n<\/p><\/div>\n<div style='flex: 1 1 300px; min-width: 280px;'>\n<h3 style='font-size: 22px; border-bottom: 2px solid currentColor; padding-bottom: 5px; margin-top: 0; color: inherit; opacity: 0.8;'>Proveedores de Servicios<\/h3>\n<p style='font-size: 15px; color: inherit; margin-top: 0;'>Facilidad de implementaci\u00f3n y gesti\u00f3n para proveedores de telecomunicaciones y servicios IP en gran escala.<\/p>\n<\/p><\/div>\n<\/p><\/div>\n<\/p><\/div>\n","protected":false},"excerpt":{"rendered":"<p>TEL\u00c9FONO IP PROFESIONAL DE 12 L\u00cdNEAS \/ 24 TECLAS DE EXTENSI\u00d3N PROGRAMABLES \/ WI-FI 6 \/ POE INTEGRADO \/ PANTALLA LCD 4.3 PULGADAS \/ SEGURIDAD DE NIVEL EMPRESARIAL \/ BLUETOOTH INTEGRADO \/ COMPATIBLE CON GDMS \/ AUDIO HD CON NOISE-SHIELD<\/p>\n","protected":false},"featured_media":81538,"comment_status":"open","ping_status":"closed","template":"","meta":[],"product_brand":[],"product_cat":[2003],"product_tag":[909,2005,2004],"class_list":{"0":"post-81539","1":"product","2":"type-product","3":"status-publish","4":"has-post-thumbnail","6":"product_cat-telefonos-ip","7":"product_tag-grandstream","8":"product_tag-telefonos-ip","9":"product_tag-voip-telefonia-ip-videoconferencia","11":"first","12":"instock","13":"sale","14":"shipping-taxable","15":"purchasable","16":"product-type-simple"},"_links":{"self":[{"href":"https:\/\/soydeaqui.ddns.net\/pachuca\/index.php\/wp-json\/wp\/v2\/product\/81539","targetHints":{"allow":["GET"]}}],"collection":[{"href":"https:\/\/soydeaqui.ddns.net\/pachuca\/index.php\/wp-json\/wp\/v2\/product"}],"about":[{"href":"https:\/\/soydeaqui.ddns.net\/pachuca\/index.php\/wp-json\/wp\/v2\/types\/product"}],"replies":[{"embeddable":true,"href":"https:\/\/soydeaqui.ddns.net\/pachuca\/index.php\/wp-json\/wp\/v2\/comments?post=81539"}],"wp:featuredmedia":[{"embeddable":true,"href":"https:\/\/soydeaqui.ddns.net\/pachuca\/index.php\/wp-json\/wp\/v2\/media\/81538"}],"wp:attachment":[{"href":"https:\/\/soydeaqui.ddns.net\/pachuca\/index.php\/wp-json\/wp\/v2\/media?parent=81539"}],"wp:term":[{"taxonomy":"product_brand","embeddable":true,"href":"https:\/\/soydeaqui.ddns.net\/pachuca\/index.php\/wp-json\/wp\/v2\/product_brand?post=81539"},{"taxonomy":"product_cat","embeddable":true,"href":"https:\/\/soydeaqui.ddns.net\/pachuca\/index.php\/wp-json\/wp\/v2\/product_cat?post=81539"},{"taxonomy":"product_tag","embeddable":true,"href":"https:\/\/soydeaqui.ddns.net\/pachuca\/index.php\/wp-json\/wp\/v2\/product_tag?post=81539"}],"curies":[{"name":"wp","href":"https:\/\/api.w.org\/{rel}","templated":true}]}}