{"id":81529,"date":"2026-03-19T18:48:22","date_gmt":"2026-03-19T18:48:22","guid":{"rendered":"https:\/\/soydeaqui.ddns.net\/pachuca\/index.php\/producto\/par-de-raquetas-para-cable-de-fibra-optica-adss-14\/"},"modified":"2026-03-19T18:48:33","modified_gmt":"2026-03-19T18:48:33","slug":"par-de-raquetas-para-cable-de-fibra-optica-adss-14","status":"publish","type":"product","link":"https:\/\/soydeaqui.ddns.net\/pachuca\/index.php\/producto\/par-de-raquetas-para-cable-de-fibra-optica-adss-14\/","title":{"rendered":"Par de Raquetas para cable de Fibra \u00d3ptica ADSS, 14&#8243;"},"content":{"rendered":"<div style='width: 100%; max-width: 1200px; margin: 0 auto; font-family: sans-serif; line-height: 1.6; color: inherit; background-color: transparent;'> <!-- Logo --> <\/p>\n<div style='width: 100%; margin: 20px 0;'> <img style='width: auto; max-width: 100%; height: auto; border: 1px solid rgba(150&comma;150&comma;150&comma;0.3); border-radius: 8px; display: block; margin: 0 auto;' src='https:\/\/ftp3.syscom.mx\/usuarios\/orobles\/LinkedPro\/linkedpro_logo.png' alt='Logo'> <\/div>\n<p> <!-- Descripci\u00f3n principal --> <\/p>\n<div style='margin-bottom: 30px; font-size: 15px; color: inherit;'>\n<p>Las raquetas para cable de fibra \u00f3ptica son un elemento para reservar el excedente del cable de fibra \u00f3ptica en instalaciones a\u00e9reas. Se puede instalar directamente en el cable de fibra ADSS sin da\u00f1arlo&comma; gracias a sus accesorios incluidos. Est\u00e1n hechas de resina termopl\u00e1stica de alto impacto resistente a los rayos UV.<\/p>\n<\/p><\/div>\n<p> <!-- Caracter\u00edsticas --> <\/p>\n<div style='display: flex; flex-wrap: wrap; gap: 30px; margin-bottom: 30px;'>\n<div style='flex: 1 1 300px; min-width: 280px;'>\n<h3 style='font-size: 22px; border-bottom: 2px solid currentColor; padding-bottom: 5px; margin-top: 0; color: inherit; opacity: 0.8;'>Caracter\u00edsticas<\/h3>\n<ul style='padding-left: 20px; font-size: 15px; color: inherit;'>\n<li style='margin-bottom: 5px;'>Totalmente diel\u00e9ctricas para incorporar abrazaderas termopl\u00e1sticas reforzadas<\/li>\n<li style='margin-bottom: 5px;'>Utiliza soportes de montaje de &#8216;conexi\u00f3n directa&#8217; autoalineables<\/li>\n<li style='margin-bottom: 5px;'>Se pueden utilizar con postes de madera&comma; acero u hormig\u00f3n.<\/li>\n<li style='margin-bottom: 5px;'>El patr\u00f3n de almacenamiento Figura 8 evita que se tuerza el forro de la fibra cuando se recupera el cable almacenado para su uso<\/li>\n<\/ul><\/div>\n<\/p><\/div>\n<p> <!-- Incluye --> <\/p>\n<div style='display: flex; flex-wrap: wrap; gap: 30px; margin-bottom: 30px;'>\n<div style='flex: 1 1 300px; min-width: 280px;'>\n<h3 style='font-size: 22px; border-bottom: 2px solid currentColor; padding-bottom: 5px; margin-top: 0; color: inherit; opacity: 0.8;'>Incluye<\/h3>\n<ul style='padding-left: 20px; font-size: 15px; color: inherit;'>\n<li style='margin-bottom: 5px;'>1 par de raquetas<\/li>\n<li style='margin-bottom: 5px;'>2 sujetadores de fibra<\/li>\n<\/ul><\/div>\n<\/p><\/div>\n<p> <!-- Enlace importante --> <\/p>\n<div style='margin: 30px 0;'>\n<p style='font-size: 15px; color: inherit;'> <a style='color: inherit; text-decoration: none; font-weight: bold;' href='https:\/\/soporte.syscom.mx\/es\/articles\/5949129-calculadora-de-herrajes-para-fibra-optica-para-instalacion-aerea-adss-y-mini-adss' target='_blank' rel='noopener'> \u00a1PRESIONA AQU\u00cd! CALCULADOR DE HERRAJES PARA FIBRA OPTICA AEREA ADSS&comma; MINI-ADSS&comma; FIGURA 8 Y MINI FIGURA 8. <\/a> <\/p>\n<\/p><\/div>\n<p> <!-- Im\u00e1genes adicionales --> <\/p>\n<div style='display: flex; flex-wrap: wrap; gap: 20px; justify-content: center; margin-bottom: 30px;'>\n<div style='flex: 1 1 400px; min-width: 300px;'> <img style='width: 100%; height: auto; border: 1px solid rgba(150&comma;150&comma;150&comma;0.3); border-radius: 8px;' src='https:\/\/ftp3.syscom.mx\/usuarios\/fotos\/LPSFSC12\/191655-calculadora_de_herrajes_gif-1.gif' alt='Calculadora de herrajes'> <\/div>\n<div style='flex: 1 1 400px; min-width: 300px;'> <img style='width: 100%; height: auto; border: 1px solid rgba(150&comma;150&comma;150&comma;0.3); border-radius: 8px;' src='https:\/\/ftp3.syscom.mx\/usuarios\/fotos\/LPBDC\/195583-diagramas_clamps_fittings.png' alt='Diagramas de abrazaderas'> <\/div>\n<\/p><\/div>\n<\/p><\/div>\n","protected":false},"excerpt":{"rendered":"<p>Par de Raquetas para cable de Fibra \u00d3ptica ADSS, 14&#8243;<\/p>\n","protected":false},"featured_media":81528,"comment_status":"open","ping_status":"closed","template":"","meta":[],"product_brand":[],"product_cat":[2016],"product_tag":[2017,435,2011],"class_list":{"0":"post-81529","1":"product","2":"type-product","3":"status-publish","4":"has-post-thumbnail","6":"product_cat-herrajes","7":"product_tag-herrajes","8":"product_tag-linkedpro-by-epcom","9":"product_tag-redes-ftth-pon","11":"first","12":"instock","13":"sale","14":"shipping-taxable","15":"purchasable","16":"product-type-simple"},"_links":{"self":[{"href":"https:\/\/soydeaqui.ddns.net\/pachuca\/index.php\/wp-json\/wp\/v2\/product\/81529","targetHints":{"allow":["GET"]}}],"collection":[{"href":"https:\/\/soydeaqui.ddns.net\/pachuca\/index.php\/wp-json\/wp\/v2\/product"}],"about":[{"href":"https:\/\/soydeaqui.ddns.net\/pachuca\/index.php\/wp-json\/wp\/v2\/types\/product"}],"replies":[{"embeddable":true,"href":"https:\/\/soydeaqui.ddns.net\/pachuca\/index.php\/wp-json\/wp\/v2\/comments?post=81529"}],"wp:featuredmedia":[{"embeddable":true,"href":"https:\/\/soydeaqui.ddns.net\/pachuca\/index.php\/wp-json\/wp\/v2\/media\/81528"}],"wp:attachment":[{"href":"https:\/\/soydeaqui.ddns.net\/pachuca\/index.php\/wp-json\/wp\/v2\/media?parent=81529"}],"wp:term":[{"taxonomy":"product_brand","embeddable":true,"href":"https:\/\/soydeaqui.ddns.net\/pachuca\/index.php\/wp-json\/wp\/v2\/product_brand?post=81529"},{"taxonomy":"product_cat","embeddable":true,"href":"https:\/\/soydeaqui.ddns.net\/pachuca\/index.php\/wp-json\/wp\/v2\/product_cat?post=81529"},{"taxonomy":"product_tag","embeddable":true,"href":"https:\/\/soydeaqui.ddns.net\/pachuca\/index.php\/wp-json\/wp\/v2\/product_tag?post=81529"}],"curies":[{"name":"wp","href":"https:\/\/api.w.org\/{rel}","templated":true}]}}