{"id":81498,"date":"2026-03-19T18:47:02","date_gmt":"2026-03-19T18:47:02","guid":{"rendered":"https:\/\/soydeaqui.ddns.net\/pachuca\/index.php\/producto\/onu-gpon-epon-con-wi-fi-6-ax1500-4-puertos-gigabit-puerto-pon-sc-upc-hasta-1500-mbps\/"},"modified":"2026-03-19T18:47:07","modified_gmt":"2026-03-19T18:47:07","slug":"onu-gpon-epon-con-wi-fi-6-ax1500-4-puertos-gigabit-puerto-pon-sc-upc-hasta-1500-mbps","status":"publish","type":"product","link":"https:\/\/soydeaqui.ddns.net\/pachuca\/index.php\/producto\/onu-gpon-epon-con-wi-fi-6-ax1500-4-puertos-gigabit-puerto-pon-sc-upc-hasta-1500-mbps\/","title":{"rendered":"ONU GPON\/EPON con Wi-Fi 6 AX1500 \/ 4 Puertos Gigabit \/ Puerto PON SC\/UPC, Hasta 1500 Mbps"},"content":{"rendered":"<div style='width: 100%; max-width: 1200px; margin: 0 auto; font-family: sans-serif; line-height: 1.6; color: inherit; background-color: transparent;'> <!-- Secci\u00f3n de caracter\u00edsticas en grid --> <\/p>\n<div style='display: grid; grid-template-columns: repeat(auto-fit&comma; minmax(280px&comma; 1fr)); gap: 30px; margin-bottom: 30px;'>\n<div style='border-left: 5px solid #ff0000; border-radius: 8px; padding: 15px; box-shadow: 0 2px 10px rgba(216&comma;216&comma;216&comma;0.3);'>\n<h3 style='font-size: 20px; margin-top: 0; margin-bottom: 15px; color: inherit; font-weight: 600;'>Caracter\u00edsticas principales<\/h3>\n<ul style='padding-left: 20px; margin: 0; font-size: 15px; color: inherit; list-style-position: outside;'>\n<li style='margin-bottom: 8px;'>Dimensiones: 260 \u00d7 157.4 \u00d7 45.8 mm (largo \u00d7 ancho \u00d7 alto)<\/li>\n<li style='margin-bottom: 8px;'>Aplicaciones ISP<\/li>\n<li style='margin-bottom: 8px;'>Gesti\u00f3n y Monitoreo en l\u00ednea desde la OLT V-SOL<\/li>\n<li style='margin-bottom: 8px;'>Gesti\u00f3n amigable desde: EMS \/ Web \/ Telnet \/ CLI<\/li>\n<\/ul><\/div>\n<div style='border-left: 5px solid #ff0000; border-radius: 8px; padding: 15px; box-shadow: 0 2px 10px rgba(216&comma;216&comma;216&comma;0.3);'>\n<h3 style='font-size: 20px; margin-top: 0; margin-bottom: 15px; color: inherit; font-weight: 600;'>Caracter\u00edsticas F\u00edsicas y El\u00e9ctricas<\/h3>\n<ul style='padding-left: 20px; margin: 0; font-size: 15px; color: inherit; list-style-position: outside;'>\n<li style='margin-bottom: 8px;'>Alimentaci\u00f3n: 12V 1.5A (Fuente Incluida)<\/li>\n<li style='margin-bottom: 8px;'>Consumo m\u00e1ximo: 18W<\/li>\n<li style='margin-bottom: 8px;'>Peso: 0.45 Kg<\/li>\n<li style='margin-bottom: 8px;'>Temperatura de operaci\u00f3n: -10 a 55\u00b0 C<\/li>\n<\/ul><\/div>\n<div style='border-left: 5px solid #ff0000; border-radius: 8px; padding: 15px; box-shadow: 0 2px 10px rgba(216&comma;216&comma;216&comma;0.3);'>\n<h3 style='font-size: 20px; margin-top: 0; margin-bottom: 15px; color: inherit; font-weight: 600;'>Caracter\u00edsticas de Red<\/h3>\n<ul style='padding-left: 20px; margin: 0; font-size: 15px; color: inherit; list-style-position: outside;'>\n<li style='margin-bottom: 8px;'>4 Puertos 1Gbps RJ45<\/li>\n<li style='margin-bottom: 8px;'>1 Puerto PON SC\/UPC<\/li>\n<li style='margin-bottom: 8px;'>4 Antenas Wi-Fi con 5 dBi<\/li>\n<li style='margin-bottom: 8px;'>Wi-Fi 6: 802.11a\/n\/ac\/ax 5GHz<\/li>\n<li style='margin-bottom: 8px;'>Wi-Fi 4: 802.11g\/b\/n 2.4GHz<\/li>\n<\/ul><\/div>\n<\/p><\/div>\n<p> <!-- T\u00edtulos centrales --> <\/p>\n<div style='text-align: center; margin: 30px 0;'>\n<h2 style='font-size: 28px; margin: 0 0 15px; color: inherit; font-weight: 600;'>V2804AX XPON Doble banda Wi-Fi 6 ONT<\/h2>\n<p style='margin: 0; font-size: 16px; color: inherit;'>AX15 Wi-Fi 6 | OFDMA Multiusuario | One SSID for Dual Band<\/p>\n<\/p><\/div>\n<p> <!-- Imagenes --> <\/p>\n<div style='margin: 30px 0;'> <img style='width: 100%; height: auto; border: 1px solid rgba(150&comma;150&comma;150&comma;0.3); border-radius: 8px;' src='http:\/\/ftp3.syscom.mx\/usuarios\/ftp\/2025\/10\/14\/3137\/1760481196239.png_froala_68eecfae1db35' alt=''> <\/div>\n<p> <!-- Secci\u00f3n Wi-Fi 6 --> <\/p>\n<div style='margin: 30px 0;'>\n<h2 style='font-size: 24px; margin: 20px 0; color: inherit; font-weight: 600; text-align: center;'>La era de Wi-Fi 6 ONT&comma; Se\u00f1al mejorada FEM<\/h2>\n<p style='margin: 0 0 20px; font-size: 15px; color: inherit; text-align: center;'>1XPON+4GE+1USB3.0+Wi-Fi 6<\/p>\n<p> <img style='width: 100%; height: auto; border: 1px solid rgba(150&comma;150&comma;150&comma;0.3); border-radius: 8px;' src='http:\/\/ftp3.syscom.mx\/usuarios\/ftp\/2025\/10\/14\/3137\/1760481196046.png_froala_68eecfaee0c9a' alt=''> <\/div>\n<p> <!-- Secci\u00f3n OFDMA --> <\/p>\n<div style='margin: 30px 0;'>\n<h2 style='font-size: 24px; margin: 20px 0; color: inherit; font-weight: 600; text-align: center;'>Wi-Fi 6: la tecnolog\u00eda OFDMA reduce la latencia en un 75%<\/h2>\n<p style='margin: 0 0 20px; font-size: 15px; color: inherit; text-align: center;'>Reducir la latencia de los equipos aprovechando los recursos.<\/p>\n<p> <img style='width: 100%; height: auto; border: 1px solid rgba(150&comma;150&comma;150&comma;0.3); border-radius: 8px;' src='http:\/\/ftp3.syscom.mx\/usuarios\/ftp\/2025\/10\/14\/3137\/1760481196018.png_froala_68eecfaccc39b' alt=''> <\/div>\n<p> <!-- Secci\u00f3n ahorro energ\u00e9tico --> <\/p>\n<div style='margin: 30px 0;'>\n<h2 style='font-size: 24px; margin: 20px 0; color: inherit; font-weight: 600; text-align: center;'>Wi-Fi 6: Ahorro del 30% del consumo el\u00e9ctrico<\/h2>\n<p> <img style='width: 100%; height: auto; border: 1px solid rgba(150&comma;150&comma;150&comma;0.3); border-radius: 8px;' src='http:\/\/ftp3.syscom.mx\/usuarios\/ftp\/2025\/10\/14\/3137\/1760481196116.png_froala_68eecfadac06b' alt=''> <\/div>\n<p> <!-- Secci\u00f3n MEF --> <\/p>\n<div style='margin: 30px 0;'>\n<h2 style='font-size: 24px; margin: 20px 0; color: inherit; font-weight: 600; text-align: center;'>MEF incorporado de 4 canales&comma; mayor efecto de paso a trav\u00e9s de la pared<\/h2>\n<p> <img style='width: 100%; height: auto; border: 1px solid rgba(150&comma;150&comma;150&comma;0.3); border-radius: 8px;' src='http:\/\/ftp3.syscom.mx\/usuarios\/ftp\/2025\/10\/14\/3137\/1760481195923.png_froala_68eecfae86b10' alt=''> <\/div>\n<p> <!-- Separador final --> <\/p>\n<hr style='border: 0; border-top: 1px solid rgba(150&comma;150&comma;150&comma;0.3); margin: 30px 0;'> <\/div>\n","protected":false},"excerpt":{"rendered":"<p>ONU GPON\/EPON con Wi-Fi 6 AX1500 \/ 4 Puertos Gigabit \/ Puerto PON SC\/UPC, Hasta 1500 Mbps<\/p>\n","protected":false},"featured_media":81497,"comment_status":"open","ping_status":"closed","template":"","meta":[],"product_brand":[],"product_cat":[2010],"product_tag":[2012,2011,2013],"class_list":{"0":"post-81498","1":"product","2":"type-product","3":"status-publish","4":"has-post-thumbnail","6":"product_cat-onus-onts","7":"product_tag-onus-onts","8":"product_tag-redes-ftth-pon","9":"product_tag-v-sol","11":"first","12":"instock","13":"sale","14":"shipping-taxable","15":"purchasable","16":"product-type-simple"},"_links":{"self":[{"href":"https:\/\/soydeaqui.ddns.net\/pachuca\/index.php\/wp-json\/wp\/v2\/product\/81498","targetHints":{"allow":["GET"]}}],"collection":[{"href":"https:\/\/soydeaqui.ddns.net\/pachuca\/index.php\/wp-json\/wp\/v2\/product"}],"about":[{"href":"https:\/\/soydeaqui.ddns.net\/pachuca\/index.php\/wp-json\/wp\/v2\/types\/product"}],"replies":[{"embeddable":true,"href":"https:\/\/soydeaqui.ddns.net\/pachuca\/index.php\/wp-json\/wp\/v2\/comments?post=81498"}],"wp:featuredmedia":[{"embeddable":true,"href":"https:\/\/soydeaqui.ddns.net\/pachuca\/index.php\/wp-json\/wp\/v2\/media\/81497"}],"wp:attachment":[{"href":"https:\/\/soydeaqui.ddns.net\/pachuca\/index.php\/wp-json\/wp\/v2\/media?parent=81498"}],"wp:term":[{"taxonomy":"product_brand","embeddable":true,"href":"https:\/\/soydeaqui.ddns.net\/pachuca\/index.php\/wp-json\/wp\/v2\/product_brand?post=81498"},{"taxonomy":"product_cat","embeddable":true,"href":"https:\/\/soydeaqui.ddns.net\/pachuca\/index.php\/wp-json\/wp\/v2\/product_cat?post=81498"},{"taxonomy":"product_tag","embeddable":true,"href":"https:\/\/soydeaqui.ddns.net\/pachuca\/index.php\/wp-json\/wp\/v2\/product_tag?post=81498"}],"curies":[{"name":"wp","href":"https:\/\/api.w.org\/{rel}","templated":true}]}}