{"id":81494,"date":"2026-03-19T18:46:53","date_gmt":"2026-03-19T18:46:53","guid":{"rendered":"https:\/\/soydeaqui.ddns.net\/pachuca\/index.php\/producto\/switch-administrable-capa-3-10gbps-8-puertos-100-1g-2-5g-5g-10gbase-t-rj45-4-puertos-10gbase-x-sfp-enrutamiento-estatico-ipv4-ipv6-240gbps-switch-fabric-seguridad-de-nivel-empresarial-so\/"},"modified":"2026-03-19T18:47:00","modified_gmt":"2026-03-19T18:47:00","slug":"switch-administrable-capa-3-10gbps-8-puertos-100-1g-2-5g-5g-10gbase-t-rj45-4-puertos-10gbase-x-sfp-enrutamiento-estatico-ipv4-ipv6-240gbps-switch-fabric-seguridad-de-nivel-empresarial-so","status":"publish","type":"product","link":"https:\/\/soydeaqui.ddns.net\/pachuca\/index.php\/producto\/switch-administrable-capa-3-10gbps-8-puertos-100-1g-2-5g-5g-10gbase-t-rj45-4-puertos-10gbase-x-sfp-enrutamiento-estatico-ipv4-ipv6-240gbps-switch-fabric-seguridad-de-nivel-empresarial-so\/","title":{"rendered":"Switch Administrable Capa 3 10Gbps+ \/ 8 Puertos 100\/1G\/2.5G\/5G\/10GBASE-T RJ45 \/ 4 Puertos 10GBASE-X SFP+ \/ Enrutamiento Est\u00e1tico IPv4\/IPv6 \/ 240Gbps Switch Fabric \/ Seguridad de Nivel Empresarial \/ Soporte Completo IPv6"},"content":{"rendered":"<div style='width: 100%; max-width: 1200px; margin: 0 auto; font-family: sans-serif; line-height: 1.6; color: inherit; background-color: transparent;'> <!-- Secci\u00f3n de im\u00e1genes --> <\/p>\n<div style='display: flex; flex-wrap: wrap; gap: 15px; justify-content: center; margin-bottom: 30px;'> <img style='width: 64px; height: 64px; border: 1px solid rgba(150&comma;150&comma;150&comma;0.3); border-radius: 8px;' src='https:\/\/www.planet.com.tw\/storage\/icons\/460\/4icon_10Gbps_RJ45.png' alt='10Gbps RJ45'> <img style='width: 64px; height: 64px; border: 1px solid rgba(150&comma;150&comma;150&comma;0.3); border-radius: 8px;' src='https:\/\/www.planet.com.tw\/storage\/icons\/3icon_NMS.png' alt='NMS'> <img style='width: 64px; height: 64px; border: 1px solid rgba(150&comma;150&comma;150&comma;0.3); border-radius: 8px;' src='https:\/\/www.planet.com.tw\/storage\/icons\/722\/NMS-ViewerPro.png' alt='NMS ViewerPro'> <img style='width: 64px; height: 64px; border: 1px solid rgba(150&comma;150&comma;150&comma;0.3); border-radius: 8px;' src='https:\/\/www.planet.com.tw\/storage\/icons\/0icon_IPv6IPv4_Routing.png' alt='IPv6\/IPv4 Routing'> <img style='width: 64px; height: 64px; border: 1px solid rgba(150&comma;150&comma;150&comma;0.3); border-radius: 8px;' src='https:\/\/www.planet.com.tw\/storage\/icons\/4icon_L3_OSPF_Routing.png' alt='L3 OSPF Routing'> <img style='width: 64px; height: 64px; border: 1px solid rgba(150&comma;150&comma;150&comma;0.3); border-radius: 8px;' src='https:\/\/www.planet.com.tw\/storage\/icons\/6icon_RING.png' alt='RING'> <\/div>\n<p> <!-- Descripci\u00f3n general --> <\/p>\n<div style='margin-bottom: 30px;'>\n<p style='font-size: 17px; margin-bottom: 15px;'>La serie PLANET XGS-6311 es un conmutador Ethernet completamente gestionado con todos los puertos de 10Gbps&comma; dise\u00f1ado para facilitar la gesti\u00f3n de redes de alta capacidad gracias a su integraci\u00f3n con PLANET UNI-NMS. Ideal para puntos de acceso inal\u00e1mbricos Wi-Fi 6\/6E\/7&comma; NAS y estaciones de trabajo que requieren ancho de banda elevado&comma; posee una arquitectura de conmutaci\u00f3n de alto rendimiento con una capacidad de switch fabric de 240Gbps&comma; asegurando un rendimiento de retransmisi\u00f3n a velocidad de l\u00ednea.<\/p>\n<\/p><\/div>\n<p> <!-- Imagen principal --> <\/p>\n<div style='margin-bottom: 30px;'> <img style='width: 100%; height: auto; border: 1px solid rgba(150&comma;150&comma;150&comma;0.3); border-radius: 8px;' src='https:\/\/www.planet.com.tw\/storage\/products\/49782\/XGS-6311-8T4XR_Front-Panel-Introduction.png' alt='Panel frontal'> <\/div>\n<p> <!-- Caracter\u00edsticas Principales --> <\/p>\n<div style='margin-bottom: 30px;'>\n<h3 style='font-size: 22px; border-bottom: 2px solid currentColor; padding-bottom: 5px; margin-top: 0; color: inherit; opacity: 0.8;'>Caracter\u00edsticas Principales<\/h3>\n<ul style='padding-left: 20px; font-size: 15px; color: inherit; margin-top: 15px;'>\n<li style='margin-bottom: 5px;'>8 puertos 100\/1G\/2.5G\/5G\/10GBASE-T RJ45 y 4 puertos 10GBASE-X SFP+ para amplia conectividad.<\/li>\n<li style='margin-bottom: 5px;'>Routing Capa 3 con soporte para protocolos RIPv1\/v2&comma; OSPFv2 y soporte para IPv6 como RIPng y OSPFv3.<\/li>\n<li style='margin-bottom: 5px;'>Calidad de servicio mejorada con 8 colas de prioridad y pol\u00edticas de WRR.<\/li>\n<li style='margin-bottom: 5px;'>Capaz de manejar hasta 240Gbps de switch fabric sin bloqueos y throughput de 178.56Mpps.<\/li>\n<li style='margin-bottom: 5px;'>Integraci\u00f3n con sistemas de gesti\u00f3n como PLANET NMS para controlar hasta 102&comma;400 nodos.<\/li>\n<\/ul><\/div>\n<p> <!-- Detalles t\u00e9cnicos --> <\/p>\n<div style='display: flex; flex-wrap: wrap; gap: 20px; margin-bottom: 30px;'>\n<div style='flex: 1 1 400px; min-width: 300px; border: 1px solid rgba(150&comma; 150&comma; 150&comma; 0.4); border-radius: 8px; overflow: hidden;'>\n<div style='padding: 15px; border-bottom: 1px solid rgba(150&comma; 150&comma; 150&comma; 0.2); font-weight: bold; font-size: 18px; color: inherit;'>Especificaciones<\/div>\n<div style='padding: 15px; color: inherit;'>\n<ul style='padding-left: 20px; margin: 0; font-size: 14px; list-style-type: disc;'>\n<li style='margin-bottom: 5px;'>Conmutador de alto rendimiento&comma; arquitectura Store-and-Forward&comma; control de tormentas broadcast.<\/li>\n<li style='margin-bottom: 5px;'>120V AC redundante&comma; consumo m\u00e1ximo de 56W.<\/li>\n<li style='margin-bottom: 5px;'>Dimensiones: 441.5 x 207.5 x 44 mm (1U de altura).<\/li>\n<li style='margin-bottom: 5px;'>Capacidades avanzadas de seguridad incluyendo la autenticaci\u00f3n de acceso IEEE 802.1x.<\/li>\n<\/ul><\/div>\n<\/p><\/div>\n<div style='flex: 1 1 400px; min-width: 300px; border: 1px solid rgba(150&comma; 150&comma; 150&comma; 0.4); border-radius: 8px; overflow: hidden;'>\n<div style='padding: 15px; border-bottom: 1px solid rgba(150&comma; 150&comma; 150&comma; 0.2); font-weight: bold; font-size: 18px; color: inherit;'>Interfaces y Conectividad<\/div>\n<div style='padding: 15px; color: inherit;'>\n<ul style='padding-left: 20px; margin: 0; font-size: 14px; list-style-type: disc;'>\n<li style='margin-bottom: 5px;'>Console RJ45 para configuraci\u00f3n b\u00e1sica.<\/li>\n<li style='margin-bottom: 5px;'>Soporte para IEEE 802.1Q VLAN tagging&comma; Q-in-Q (VLAN stacking)&comma; VLAN basadas en MAC e IP.<\/li>\n<li style='margin-bottom: 5px;'>Agregaci\u00f3n de enlaces IEEE 802.3ad LACP&comma; hasta 64 grupos de trunking.<\/li>\n<\/ul><\/div>\n<\/p><\/div>\n<\/p><\/div>\n<p> <!-- Aplicaciones y casos de uso --> <\/p>\n<div style='margin-bottom: 30px;'>\n<h3 style='font-size: 22px; border-bottom: 2px solid currentColor; padding-bottom: 5px; margin-top: 0; color: inherit; opacity: 0.8;'>Aplicaciones y Casos de Uso<\/h3>\n<div style='display: flex; flex-wrap: wrap; gap: 20px; margin-top: 15px;'>\n<div style='flex: 1 1 300px; min-width: 280px; border: 1px solid rgba(150&comma; 150&comma; 150&comma; 0.4); border-radius: 8px; overflow: hidden; padding: 15px;'>\n<p style='font-size: 15px; color: inherit;'>Ideal para empresas&comma; ciudades inteligentes y redes metropolitanas que requieren alta capacidad y disponibilidad.<\/p>\n<\/p><\/div>\n<div style='flex: 1 1 300px; min-width: 280px; border: 1px solid rgba(150&comma; 150&comma; 150&comma; 0.4); border-radius: 8px; overflow: hidden; padding: 15px;'>\n<p style='font-size: 15px; color: inherit;'>Dise\u00f1ado para soportar la gesti\u00f3n centralizada de grandes escalas utilizando UNI-NMS&comma; con una capacidad de recuperaci\u00f3n r\u00e1pida y seguridad robusta para la segmentaci\u00f3n mediante VLAN&comma; Multicast y QoS.<\/p>\n<\/p><\/div>\n<div style='flex: 1 1 300px; min-width: 280px; border: 1px solid rgba(150&comma; 150&comma; 150&comma; 0.4); border-radius: 8px; overflow: hidden; padding: 15px;'>\n<p style='font-size: 15px; color: inherit;'>Soporte para aplicaciones avanzadas como VoIP&comma; conferencias de v\u00eddeo y centros de datos empresariales con 10Gbps de capacidad.<\/p>\n<\/p><\/div>\n<\/p><\/div>\n<\/p><\/div>\n<p> <!-- Separador final --> <\/p>\n<hr style='border: 0; border-top: 1px solid rgba(150&comma; 150&comma; 150&comma; 0.3); margin: 30px 0;'> <\/div>\n","protected":false},"excerpt":{"rendered":"<p>Switch Administrable Capa 3 10Gbps+ \/ 8 Puertos 100\/1G\/2.5G\/5G\/10GBASE-T RJ45 \/ 4 Puertos 10GBASE-X SFP+ \/ Enrutamiento Est\u00e1tico IPv4\/IPv6 \/ 240Gbps Switch Fabric \/ Seguridad de Nivel Empresarial \/ Soporte Completo IPv6<\/p>\n","protected":false},"featured_media":81493,"comment_status":"open","ping_status":"closed","template":"","meta":[],"product_brand":[],"product_cat":[1970],"product_tag":[664,2033,1971],"class_list":{"0":"post-81494","1":"product","2":"type-product","3":"status-publish","4":"has-post-thumbnail","6":"product_cat-switches","7":"product_tag-networking","8":"product_tag-planet","9":"product_tag-switches","11":"first","12":"outofstock","13":"sale","14":"shipping-taxable","15":"purchasable","16":"product-type-simple"},"_links":{"self":[{"href":"https:\/\/soydeaqui.ddns.net\/pachuca\/index.php\/wp-json\/wp\/v2\/product\/81494","targetHints":{"allow":["GET"]}}],"collection":[{"href":"https:\/\/soydeaqui.ddns.net\/pachuca\/index.php\/wp-json\/wp\/v2\/product"}],"about":[{"href":"https:\/\/soydeaqui.ddns.net\/pachuca\/index.php\/wp-json\/wp\/v2\/types\/product"}],"replies":[{"embeddable":true,"href":"https:\/\/soydeaqui.ddns.net\/pachuca\/index.php\/wp-json\/wp\/v2\/comments?post=81494"}],"wp:featuredmedia":[{"embeddable":true,"href":"https:\/\/soydeaqui.ddns.net\/pachuca\/index.php\/wp-json\/wp\/v2\/media\/81493"}],"wp:attachment":[{"href":"https:\/\/soydeaqui.ddns.net\/pachuca\/index.php\/wp-json\/wp\/v2\/media?parent=81494"}],"wp:term":[{"taxonomy":"product_brand","embeddable":true,"href":"https:\/\/soydeaqui.ddns.net\/pachuca\/index.php\/wp-json\/wp\/v2\/product_brand?post=81494"},{"taxonomy":"product_cat","embeddable":true,"href":"https:\/\/soydeaqui.ddns.net\/pachuca\/index.php\/wp-json\/wp\/v2\/product_cat?post=81494"},{"taxonomy":"product_tag","embeddable":true,"href":"https:\/\/soydeaqui.ddns.net\/pachuca\/index.php\/wp-json\/wp\/v2\/product_tag?post=81494"}],"curies":[{"name":"wp","href":"https:\/\/api.w.org\/{rel}","templated":true}]}}