{"id":81478,"date":"2026-03-19T18:46:17","date_gmt":"2026-03-19T18:46:17","guid":{"rendered":"https:\/\/soydeaqui.ddns.net\/pachuca\/index.php\/producto\/equipos-ruijie-demo-ideal-para-probar-integraciones-de-redes-y-wifi-6-con-cctv\/"},"modified":"2026-03-19T18:46:19","modified_gmt":"2026-03-19T18:46:19","slug":"equipos-ruijie-demo-ideal-para-probar-integraciones-de-redes-y-wifi-6-con-cctv","status":"publish","type":"product","link":"https:\/\/soydeaqui.ddns.net\/pachuca\/index.php\/producto\/equipos-ruijie-demo-ideal-para-probar-integraciones-de-redes-y-wifi-6-con-cctv\/","title":{"rendered":"Equipos Ruijie DEMO Ideal para Probar Integraciones de Redes y WiFi 6 con CCTV"},"content":{"rendered":"<div style='width: 100%; max-width: 1200px; margin: 0 auto; font-family: sans-serif; line-height: 1.6; color: inherit;'>\n<div style='display: flex; flex-direction: column; gap: 30px;'>\n<div style='flex: 1 1 100%;'> <img style='width: 100%; height: auto; border: 1px solid rgba(150&comma;150&comma;150&comma;0.3); border-radius: 8px;' src='https:\/\/ftp3.syscom.mx\/usuarios\/fotos\/RGRAP2260(G)\/203964-output.png' alt=''> <\/div>\n<div style='flex: 1 1 100%;'>\n<h3 style='font-size: 22px; border-bottom: 2px solid currentColor; padding-bottom: 5px; margin-top: 0; color: inherit; opacity: 0.8; background-color: #f1c40f;'>Contenido del DEMO:<\/h3>\n<ul style='padding-left: 20px; font-size: 15px; color: inherit;'>\n<li style='margin-bottom: 5px; font-size: 14pt;'>1pz Router modelo RG-EG105GV3<\/li>\n<li style='margin-bottom: 5px; font-size: 14pt;'>1pz Switch PoE modelo RG-ES206GS-P<\/li>\n<li style='margin-bottom: 5px; font-size: 14pt;'>1pz Access Point modelo RG-RAP2266<\/li>\n<\/ul><\/div>\n<div style='flex: 1 1 100%;'>\n<p style='text-align: justify;'>A continuaci\u00f3n encontrar\u00e1s una descripci\u00f3n del \u201cDiagrama de Red Oficina\/Hotel\u201d que aparece en la imagen&comma; junto con los beneficios de contar con un dise\u00f1o bien estructurado tanto en entornos de hoteler\u00eda como de oficinas.<\/p>\n<\/p><\/div>\n<div style='flex: 1 1 100%;'> <img style='width: 100%; height: auto; border: 1px solid rgba(150&comma;150&comma;150&comma;0.3); border-radius: 8px;' src='https:\/\/ftp3.syscom.mx\/usuarios\/fotos\/RGKITOH100\/239818-100_v2.png' alt=''> <\/div>\n<div style='flex: 1 1 100%;'>\n<h3 style='font-size: 22px; border-bottom: 2px solid currentColor; padding-bottom: 5px; margin-top: 0; color: inherit; opacity: 0.8;'>Beneficios generales de un buen dise\u00f1o de red<\/h3>\n<div style='display: flex; flex-wrap: wrap; gap: 20px;'>\n<div style='flex: 1 1 250px; border: 1px solid rgba(150&comma; 150&comma; 150&comma; 0.4); border-radius: 8px; overflow: hidden; display: flex; flex-direction: column;'>\n<div style='padding: 15px; border-bottom: 1px solid rgba(150&comma; 150&comma; 150&comma; 0.2); font-weight: bold; font-size: 18px; color: inherit;'>Alta disponibilidad y redundancia<\/div>\n<div style='padding: 15px; color: inherit;'>\n<ul style='padding-left: 20px; margin: 0; font-size: 14px; list-style-type: disc;'>\n<li style='margin-bottom: 5px;'>Balanceo de carga y fail-over entre dos ISP.<\/li>\n<li style='margin-bottom: 5px;'>Reducci\u00f3n de \u201cpuntos \u00fanicos de fallo\u201d (SPOF).<\/li>\n<\/ul><\/div>\n<\/p><\/div>\n<div style='flex: 1 1 250px; border: 1px solid rgba(150&comma; 150&comma; 150&comma; 0.4); border-radius: 8px; overflow: hidden; display: flex; flex-direction: column;'>\n<div style='padding: 15px; border-bottom: 1px solid rgba(150&comma; 150&comma; 150&comma; 0.2); font-weight: bold; font-size: 18px; color: inherit;'>Segmentaci\u00f3n y seguridad<\/div>\n<div style='padding: 15px; color: inherit;'>\n<ul style='padding-left: 20px; margin: 0; font-size: 14px; list-style-type: disc;'>\n<li style='margin-bottom: 5px;'>VLANs separadas para evitar que c\u00e1maras de CCTV&comma; datos sensibles o tr\u00e1fico de invitados se mezclen.<\/li>\n<li style='margin-bottom: 5px;'>Pol\u00edticas de firewall y ACL espec\u00edficas por VLAN.<\/li>\n<\/ul><\/div>\n<\/p><\/div>\n<div style='flex: 1 1 250px; border: 1px solid rgba(150&comma; 150&comma; 150&comma; 0.4); border-radius: 8px; overflow: hidden; display: flex; flex-direction: column;'>\n<div style='padding: 15px; border-bottom: 1px solid rgba(150&comma; 150&comma; 150&comma; 0.2); font-weight: bold; font-size: 18px; color: inherit;'>Calidad de servicio (QoS)<\/div>\n<div style='padding: 15px; color: inherit;'>\n<ul style='padding-left: 20px; margin: 0; font-size: 14px; list-style-type: disc;'>\n<li style='margin-bottom: 5px;'>Prioriza voz (VoIP)&comma; videovigilancia o aplicaciones cr\u00edticas frente a descargas m\u00e1s \u201clivianas\u201d.<\/li>\n<li style='margin-bottom: 5px;'>Evita jitter y latencia en llamadas y c\u00e1maras.<\/li>\n<\/ul><\/div>\n<\/p><\/div>\n<div style='flex: 1 1 250px; border: 1px solid rgba(150&comma; 150&comma; 150&comma; 0.4); border-radius: 8px; overflow: hidden; display: flex; flex-direction: column;'>\n<div style='padding: 15px; border-bottom: 1px solid rgba(150&comma; 150&comma; 150&comma; 0.2); font-weight: bold; font-size: 18px; color: inherit;'>Escalabilidad y gesti\u00f3n centralizada<\/div>\n<div style='padding: 15px; color: inherit;'>\n<ul style='padding-left: 20px; margin: 0; font-size: 14px; list-style-type: disc;'>\n<li style='margin-bottom: 5px;'>F\u00e1cil adici\u00f3n de nuevos APs&comma; switches o VLANs sin redise\u00f1ar desde cero.<\/li>\n<li style='margin-bottom: 5px;'>Gesti\u00f3n unificada (Ruijie Cloud o interfaz local) de router&comma; switch y AP.<\/li>\n<\/ul><\/div>\n<\/p><\/div>\n<div style='flex: 1 1 250px; border: 1px solid rgba(150&comma; 150&comma; 150&comma; 0.4); border-radius: 8px; overflow: hidden; display: flex; flex-direction: column;'>\n<div style='padding: 15px; border-bottom: 1px solid rgba(150&comma; 150&comma; 150&comma; 0.2); font-weight: bold; font-size: 18px; color: inherit;'>Ahorro de costes operativos<\/div>\n<div style='padding: 15px; color: inherit;'>\n<ul style='padding-left: 20px; margin: 0; font-size: 14px; list-style-type: disc;'>\n<li style='margin-bottom: 5px;'>Equipos PoE+ eliminan la necesidad de fuentes de alimentaci\u00f3n separadas para c\u00e1maras y AP.<\/li>\n<li style='margin-bottom: 5px;'>Mantenimiento simplificado gracias a la visibilidad granular de tr\u00e1fico.<\/li>\n<\/ul><\/div>\n<\/p><\/div>\n<\/p><\/div>\n<\/p><\/div>\n<\/p><\/div>\n<\/p><\/div>\n","protected":false},"excerpt":{"rendered":"<p>Equipos Ruijie DEMO Ideal para Probar Integraciones de Redes y WiFi 6 con CCTV<\/p>\n","protected":false},"featured_media":81477,"comment_status":"open","ping_status":"closed","template":"","meta":[],"product_brand":[],"product_cat":[2036,2035,2034],"product_tag":[2039,2038,664,2037,2123],"class_list":{"0":"post-81478","1":"product","2":"type-product","3":"status-publish","4":"has-post-thumbnail","6":"product_cat-balanceadores","7":"product_cat-firewalls","8":"product_cat-routers","9":"product_tag-balanceadores","10":"product_tag-firewalls","11":"product_tag-networking","12":"product_tag-routers","13":"product_tag-ruijie","15":"first","16":"outofstock","17":"sale","18":"shipping-taxable","19":"purchasable","20":"product-type-simple"},"_links":{"self":[{"href":"https:\/\/soydeaqui.ddns.net\/pachuca\/index.php\/wp-json\/wp\/v2\/product\/81478","targetHints":{"allow":["GET"]}}],"collection":[{"href":"https:\/\/soydeaqui.ddns.net\/pachuca\/index.php\/wp-json\/wp\/v2\/product"}],"about":[{"href":"https:\/\/soydeaqui.ddns.net\/pachuca\/index.php\/wp-json\/wp\/v2\/types\/product"}],"replies":[{"embeddable":true,"href":"https:\/\/soydeaqui.ddns.net\/pachuca\/index.php\/wp-json\/wp\/v2\/comments?post=81478"}],"wp:featuredmedia":[{"embeddable":true,"href":"https:\/\/soydeaqui.ddns.net\/pachuca\/index.php\/wp-json\/wp\/v2\/media\/81477"}],"wp:attachment":[{"href":"https:\/\/soydeaqui.ddns.net\/pachuca\/index.php\/wp-json\/wp\/v2\/media?parent=81478"}],"wp:term":[{"taxonomy":"product_brand","embeddable":true,"href":"https:\/\/soydeaqui.ddns.net\/pachuca\/index.php\/wp-json\/wp\/v2\/product_brand?post=81478"},{"taxonomy":"product_cat","embeddable":true,"href":"https:\/\/soydeaqui.ddns.net\/pachuca\/index.php\/wp-json\/wp\/v2\/product_cat?post=81478"},{"taxonomy":"product_tag","embeddable":true,"href":"https:\/\/soydeaqui.ddns.net\/pachuca\/index.php\/wp-json\/wp\/v2\/product_tag?post=81478"}],"curies":[{"name":"wp","href":"https:\/\/api.w.org\/{rel}","templated":true}]}}