{"id":81467,"date":"2026-03-19T18:45:52","date_gmt":"2026-03-19T18:45:52","guid":{"rendered":"https:\/\/soydeaqui.ddns.net\/pachuca\/index.php\/producto\/unidad-de-estado-solido-ssd-512-gb-pcie-3-0-m-2-nvme-alto-rendimiento-2500-mb-s-lectura-1025-mb-s-escritura\/"},"modified":"2026-03-19T18:45:57","modified_gmt":"2026-03-19T18:45:57","slug":"unidad-de-estado-solido-ssd-512-gb-pcie-3-0-m-2-nvme-alto-rendimiento-2500-mb-s-lectura-1025-mb-s-escritura","status":"publish","type":"product","link":"https:\/\/soydeaqui.ddns.net\/pachuca\/index.php\/producto\/unidad-de-estado-solido-ssd-512-gb-pcie-3-0-m-2-nvme-alto-rendimiento-2500-mb-s-lectura-1025-mb-s-escritura\/","title":{"rendered":"Unidad de estado s\u00f3lido (SSD) 512 GB \/ PCIE 3.0 \/ M.2 NVME \/ Alto Rendimiento \/ 2500 MB\/s Lectura \/ 1025 MB\/s escritura"},"content":{"rendered":"<div style='width: 100%; max-width: 1200px; margin: 0 auto; font-family: sans-serif; line-height: 1.6; color: inherit; background-color: transparent;'> <!-- Banner principal --> <\/p>\n<div style='width: 100%; max-width: 1200px; margin: 30px auto; text-align: center;'> <img style='width: 100%; height: auto; border: 1px solid rgba(150&comma;150&comma;150&comma;0.3); border-radius: 8px;' src='https:\/\/ftp3.syscom.mx\/usuarios\/gmagos\/HIK\/storage\/Vaners\/hiksemi.png' alt='HIKSEMI Banner'> <\/div>\n<p> <!-- Descripci\u00f3n general --> <\/p>\n<div style='display: flex; flex-wrap: wrap; gap: 30px; margin-bottom: 30px;'>\n<div style='flex: 1 1 300px; min-width: 280px;'>\n<h3 style='font-size: 22px; border-bottom: 2px solid currentColor; padding-bottom: 5px; margin-top: 0; color: inherit; opacity: 0.8;'>Descripci\u00f3n General<\/h3>\n<p style='font-size: 15px; color: inherit; margin-top: 10px;'>El SSD de la serie WAVE(P) de HIKSEMI est\u00e1 dise\u00f1ado para ofrecer un rendimiento excepcional en dispositivos de computaci\u00f3n personal y consolas de juegos. Con el uso de tecnolog\u00eda avanzada de control maestro SSD y tecnolog\u00eda 3D NAND Flash&comma; asegura alta velocidad de lectura y escritura al mismo tiempo que garantiza la seguridad de los datos.<\/p>\n<\/p><\/div>\n<\/p><\/div>\n<p> <!-- Caracter\u00edsticas principales --> <\/p>\n<div style='display: flex; flex-wrap: wrap; gap: 20px; margin-bottom: 30px;'>\n<div style='flex: 1 1 250px; border: 1px solid rgba(150&comma; 150&comma; 150&comma; 0.4); border-radius: 8px; overflow: hidden; display: flex; flex-direction: column;'>\n<div style='padding: 15px; border-bottom: 1px solid rgba(150&comma; 150&comma; 150&comma; 0.2); font-weight: bold; font-size: 18px; color: inherit;'>Caracter\u00edsticas Principales<\/div>\n<div style='padding: 15px; color: inherit;'>\n<ul style='padding-left: 20px; margin: 0; font-size: 14px; list-style-type: disc;'>\n<li style='margin-bottom: 5px;'>Interfaz PCIe de alta velocidad con velocidad m\u00e1xima de lectura de hasta 2500 MB\/s.<\/li>\n<li style='margin-bottom: 5px;'>Tecnolog\u00eda 3D NAND para mayor capacidad&comma; rendimiento y estabilidad.<\/li>\n<li style='margin-bottom: 5px;'>Estructura sin componentes mec\u00e1nicos&comma; resistente a golpes y ca\u00eddas&comma; brindando mayor seguridad a los datos.<\/li>\n<li style='margin-bottom: 5px;'>Adecuado para su uso en computadoras personales y port\u00e1tiles.<\/li>\n<li style='margin-bottom: 5px;'>Automatizaci\u00f3n en la producci\u00f3n y pruebas bajo est\u00e1ndares estrictos de HIKSEMI para garantizar un servicio estable.<\/li>\n<\/ul><\/div>\n<\/p><\/div>\n<\/p><\/div>\n<p> <!-- Especificaciones t\u00e9cnicas --> <\/p>\n<div style='display: flex; flex-wrap: wrap; gap: 20px; margin-bottom: 30px;'>\n<div style='flex: 1 1 250px; border: 1px solid rgba(150&comma; 150&comma; 150&comma; 0.4); border-radius: 8px; overflow: hidden; display: flex; flex-direction: column;'>\n<div style='padding: 15px; border-bottom: 1px solid rgba(150&comma; 150&comma; 150&comma; 0.2); font-weight: bold; font-size: 18px; color: inherit;'>Especificaciones<\/div>\n<div style='padding: 15px; color: inherit;'>\n<ul style='padding-left: 20px; margin: 0; font-size: 14px; list-style-type: disc;'>\n<li style='margin-bottom: 5px;'><strong>Capacidades:<\/strong> 256 GB<\/li>\n<li style='margin-bottom: 5px;'><strong>Formato:<\/strong> M.2 2280<\/li>\n<li style='margin-bottom: 5px;'><strong>Velocidad M\u00e1xima de Lectura Secuencial:<\/strong> 2500 MB\/s<\/li>\n<li style='margin-bottom: 5px;'><strong>Velocidad M\u00e1xima de Escritura Secuencial:<\/strong> 1025 MB\/s<\/li>\n<li style='margin-bottom: 5px;'><strong>Velocidad Aleatoria 4K M\u00e1xima de Lectura (IOPS):<\/strong> 55 K<\/li>\n<li style='margin-bottom: 5px;'><strong>Velocidad Aleatoria 4K M\u00e1xima de Escritura (IOPS):<\/strong> 225 K<\/li>\n<li style='margin-bottom: 5px;'><strong>Consumo M\u00e1ximo de Energ\u00eda:<\/strong> 2.2 W<\/li>\n<li style='margin-bottom: 5px;'><strong>TBW:<\/strong> 120 TB<\/li>\n<li style='margin-bottom: 5px;'><strong>MTBF:<\/strong> 1&comma;500&comma;000 horas<\/li>\n<li style='margin-bottom: 5px;'><strong>Medio de Almacenamiento:<\/strong> 3D NAND<\/li>\n<li style='margin-bottom: 5px;'><strong>Peso:<\/strong> \u22647g<\/li>\n<\/ul><\/div>\n<\/p><\/div>\n<div style='flex: 1 1 250px; border: 1px solid rgba(150&comma; 150&comma; 150&comma; 0.4); border-radius: 8px; overflow: hidden; display: flex; flex-direction: column;'>\n<div style='padding: 15px; border-bottom: 1px solid rgba(150&comma; 150&comma; 150&comma; 0.2); font-weight: bold; font-size: 18px; color: inherit;'>Interfaces y Conectividad<\/div>\n<div style='padding: 15px; color: inherit;'>\n<ul style='padding-left: 20px; margin: 0; font-size: 14px; list-style-type: disc;'>\n<li style='margin-bottom: 5px;'><strong>Interfaz:<\/strong> PCIe<\/li>\n<li style='margin-bottom: 5px;'><strong>Soporte para TRIM:<\/strong> S\u00ed<\/li>\n<\/ul><\/div>\n<\/p><\/div>\n<\/p><\/div>\n<p> <!-- Aplicaciones --> <\/p>\n<div style='display: flex; flex-wrap: wrap; gap: 30px; margin-bottom: 30px;'>\n<div style='flex: 1 1 300px; min-width: 280px;'>\n<h3 style='font-size: 22px; border-bottom: 2px solid currentColor; padding-bottom: 5px; margin-top: 0; color: inherit; opacity: 0.8;'>Aplicaciones y Casos de Uso<\/h3>\n<p style='font-size: 15px; color: inherit; margin-top: 10px;'>Este SSD se puede utilizar en computadoras personales&comma; port\u00e1tiles y consolas de juegos para mejorar el rendimiento del sistema&comma; proporcionando servicios estables y de alta velocidad.<\/p>\n<\/p><\/div>\n<\/p><\/div>\n<p> <!-- Videos --> <\/p>\n<div style='display: flex; flex-wrap: wrap; gap: 30px; margin-bottom: 30px;'>\n<div style='flex: 1 1 500px; min-width: 300px;'>\n<div style='position: relative; padding-bottom: 56.25%; height: 0; overflow: hidden; margin-bottom: 30px;'>   <\/div>\n<\/p><\/div>\n<div style='flex: 1 1 500px; min-width: 300px;'>\n<div style='position: relative; padding-bottom: 56.25%; height: 0; overflow: hidden; margin-bottom: 30px;'>   <\/div>\n<\/p><\/div>\n<\/p><\/div>\n<p> <!-- Im\u00e1genes con texto --> <\/p>\n<div style='position: relative; width: 100%; max-width: 1200px; margin: 30px auto; overflow: hidden;'> <img style='width: 100%; height: auto; border: 1px solid rgba(150&comma;150&comma;150&comma;0.3); border-radius: 8px;' src='https:\/\/ftp3.syscom.mx\/usuarios\/gmagos\/HIK\/storage\/Pagina%20WEB\/WAVE%20PRO%28P%29\/WAVE-Pro-%28P%29_01.jpg' alt='Imagen de Fondo'> <\/p>\n<div style='position: absolute; top: 50%; left: 50%; transform: translate(-50%&comma; -50%); text-align: center; color: white; padding: 20px;'>\n<h1 style='font-size: 35px; margin: 10px 0;'><strong>SSD Serie Wave PCIe 3.0 NVMe M.2<\/strong><\/h1>\n<h2 style='font-size: 20px; margin: 10px 0;'>Revolucionaria combinaci\u00f3n de potencia y eficiencia \u00a1Bienvenido al futuro del almacenamiento!<\/h2>\n<\/p><\/div>\n<\/p><\/div>\n<p> <!-- Secci\u00f3n con imagen y texto --> <\/p>\n<div style='display: flex; flex-wrap: wrap; gap: 30px; margin: 30px 0;'>\n<div style='flex: 1 1 300px; min-width: 280px; text-align: center;'> <img style='width: 100%; height: auto; border: 1px solid rgba(150&comma;150&comma;150&comma;0.3); border-radius: 8px;' src='https:\/\/ftp3.syscom.mx\/usuarios\/gmagos\/HIK\/storage\/Pagina%20WEB\/WAVE%20PRO%28P%29\/WAVE-Pro-%28P%29_02.jpg' alt='Imagen SSD'> <\/div>\n<div style='flex: 2 1 400px; min-width: 300px;'>\n<h3 style='font-size: 22px; border-bottom: 2px solid currentColor; padding-bottom: 5px; margin-top: 0; color: inherit; opacity: 0.8;'>Tecnolog\u00eda PCIe 3.0 NVMe<\/h3>\n<p style='font-size: 15px; color: inherit; margin-top: 10px;'>Experimenta la potencia de la tecnolog\u00eda PCIe 3.0 NVMe con los SSD M.2 de Hiksemi. Alcanza velocidades de lectura impresionantes&comma; desatando un rendimiento sin igual con tasas de hasta 2450 MB\/s. Descubre una nueva dimensi\u00f3n de velocidad y eficiencia en el mundo del almacenamiento.<\/p>\n<\/p><\/div>\n<\/p><\/div>\n<p> <!-- Secci\u00f3n con imagen y texto invertida --> <\/p>\n<div style='display: flex; flex-wrap: wrap; gap: 30px; margin: 30px 0;'>\n<div style='flex: 2 1 400px; min-width: 300px;'>\n<h3 style='font-size: 22px; border-bottom: 2px solid currentColor; padding-bottom: 5px; margin-top: 0; color: inherit; opacity: 0.8;'>WAVE (P)<\/h3>\n<p style='font-size: 15px; color: inherit; margin-top: 10px;'>Presentamos WAVE (P)&comma; la elecci\u00f3n definitiva para clientes en busca de un rendimiento excepcional en entornos de oficina y juegos. Dise\u00f1ada para satisfacer las demandas m\u00e1s exigentes&comma; esta serie de SSDs M.2 de Hiksemi eleva los est\u00e1ndares de alto rendimiento tanto para profesionales como para entusiastas del gaming. Descubre la potencia que necesitas para conquistar cualquier tarea o desaf\u00edo.<\/p>\n<\/p><\/div>\n<div style='flex: 1 1 300px; min-width: 280px; text-align: center;'> <img style='width: 100%; height: auto; border: 1px solid rgba(150&comma;150&comma;150&comma;0.3); border-radius: 8px;' src='https:\/\/ftp3.syscom.mx\/usuarios\/gmagos\/HIK\/storage\/Pagina%20WEB\/WAVE%20PRO%28P%29\/WAVE-Pro-%28P%29_03.jpg' alt='Imagen SSD 2'> <\/div>\n<\/p><\/div>\n<p> <!-- Imagen con texto --> <\/p>\n<div style='position: relative; width: 100%; max-width: 1200px; margin: 30px auto; overflow: hidden;'> <img style='width: 100%; height: auto; border: 1px solid rgba(150&comma;150&comma;150&comma;0.3); border-radius: 8px;' src='https:\/\/ftp3.syscom.mx\/usuarios\/gmagos\/HIK\/storage\/Pagina%20WEB\/WAVE%20PRO%28P%29\/WAVE-Pro-%28P%29_04.jpg' alt='Imagen de Fondo'> <\/p>\n<div style='position: absolute; top: 50%; left: 50%; transform: translate(-50%&comma; -50%); text-align: center; color: white; padding: 20px;'>\n<h1 style='font-size: 35px; margin: 10px 0;'><strong>F\u00e1cil instalaci\u00f3n<\/strong><\/h1>\n<h2 style='font-size: 20px; margin: 10px 0;'>Dise\u00f1ados para una instalaci\u00f3n sencilla&comma; permiti\u00e9ndole sumergirse en la rapidez y eficiencia de un torrente de datos como nunca antes.<\/h2>\n<\/p><\/div>\n<\/p><\/div>\n<p> <!-- Banner final --> <\/p>\n<div style='width: 100%; max-width: 1200px; margin: 30px auto; text-align: center;'> <img style='width: 100%; height: auto; border: 1px solid rgba(150&comma;150&comma;150&comma;0.3); border-radius: 8px;' src='https:\/\/ftp3.syscom.mx\/usuarios\/gmagos\/HIK\/storage\/Vaners\/HIKSEMI-banner1.jpg' alt='Banner Final'> <\/div>\n<p> <!-- Separador final --> <\/p>\n<hr style='border: 0; border-top: 1px solid rgba(150&comma; 150&comma; 150&comma; 0.3); margin: 30px 0;'> <\/div>\n","protected":false},"excerpt":{"rendered":"<p>Unidad de estado s\u00f3lido (SSD) 512 GB \/ PCIE 3.0 \/ M.2 NVME \/ Alto Rendimiento \/ 2500 MB\/s Lectura \/ 1025 MB\/s escritura<\/p>\n","protected":false},"featured_media":81466,"comment_status":"open","ping_status":"closed","template":"","meta":[],"product_brand":[],"product_cat":[2138],"product_tag":[1974,2129,2139],"class_list":{"0":"post-81467","1":"product","2":"type-product","3":"status-publish","4":"has-post-thumbnail","6":"product_cat-unidades-de-estado-solido-ssd","7":"product_tag-almacenamiento","8":"product_tag-hiksemi-by-hikvision","9":"product_tag-unidades-de-estado-solido-ssd","11":"first","12":"instock","13":"sale","14":"shipping-taxable","15":"purchasable","16":"product-type-simple"},"_links":{"self":[{"href":"https:\/\/soydeaqui.ddns.net\/pachuca\/index.php\/wp-json\/wp\/v2\/product\/81467","targetHints":{"allow":["GET"]}}],"collection":[{"href":"https:\/\/soydeaqui.ddns.net\/pachuca\/index.php\/wp-json\/wp\/v2\/product"}],"about":[{"href":"https:\/\/soydeaqui.ddns.net\/pachuca\/index.php\/wp-json\/wp\/v2\/types\/product"}],"replies":[{"embeddable":true,"href":"https:\/\/soydeaqui.ddns.net\/pachuca\/index.php\/wp-json\/wp\/v2\/comments?post=81467"}],"wp:featuredmedia":[{"embeddable":true,"href":"https:\/\/soydeaqui.ddns.net\/pachuca\/index.php\/wp-json\/wp\/v2\/media\/81466"}],"wp:attachment":[{"href":"https:\/\/soydeaqui.ddns.net\/pachuca\/index.php\/wp-json\/wp\/v2\/media?parent=81467"}],"wp:term":[{"taxonomy":"product_brand","embeddable":true,"href":"https:\/\/soydeaqui.ddns.net\/pachuca\/index.php\/wp-json\/wp\/v2\/product_brand?post=81467"},{"taxonomy":"product_cat","embeddable":true,"href":"https:\/\/soydeaqui.ddns.net\/pachuca\/index.php\/wp-json\/wp\/v2\/product_cat?post=81467"},{"taxonomy":"product_tag","embeddable":true,"href":"https:\/\/soydeaqui.ddns.net\/pachuca\/index.php\/wp-json\/wp\/v2\/product_tag?post=81467"}],"curies":[{"name":"wp","href":"https:\/\/api.w.org\/{rel}","templated":true}]}}