{"id":81456,"date":"2026-03-19T18:45:24","date_gmt":"2026-03-19T18:45:24","guid":{"rendered":"https:\/\/soydeaqui.ddns.net\/pachuca\/index.php\/producto\/switch-administrable-poe-capa-2-plus-con-24-puertos-gigabit-poe-802-3af-at-4-sfp-para-fibra-10gb-gestion-gratuita-desde-la-nube-370w\/"},"modified":"2026-03-19T18:45:32","modified_gmt":"2026-03-19T18:45:32","slug":"switch-administrable-poe-capa-2-plus-con-24-puertos-gigabit-poe-802-3af-at-4-sfp-para-fibra-10gb-gestion-gratuita-desde-la-nube-370w","status":"publish","type":"product","link":"https:\/\/soydeaqui.ddns.net\/pachuca\/index.php\/producto\/switch-administrable-poe-capa-2-plus-con-24-puertos-gigabit-poe-802-3af-at-4-sfp-para-fibra-10gb-gestion-gratuita-desde-la-nube-370w\/","title":{"rendered":"Switch Administrable PoE Capa 2+ Plus, con 24 puertos Gigabit PoE 802.3af\/at + 4 SFP+ para fibra 10Gb, gesti\u00f3n gratuita desde la nube, 370w"},"content":{"rendered":"<div style='width: 100%; max-width: 1200px; margin: 0 auto; font-family: sans-serif; line-height: 1.6; color: inherit; background-color: transparent;'> <!-- Secci\u00f3n de caracter\u00edsticas --> <\/p>\n<div style='display: flex; flex-wrap: wrap; gap: 30px; margin-bottom: 30px;'>\n<div style='flex: 1 1 300px; min-width: 280px;'>\n<h3 style='font-size: 22px; border-bottom: 2px solid currentColor; padding-bottom: 5px; margin-top: 0; color: inherit; opacity: 0.8;'>Caracter\u00edsticas<\/h3>\n<ul style='padding-left: 20px; font-size: 15px; color: inherit;'>\n<li style='margin-bottom: 5px;'><strong>Puertos:<\/strong> 24 puertos 10\/100\/1000 Base-T PoE+ y 4 puertos SFP+ de enlace ascendente<\/li>\n<li style='margin-bottom: 5px;'><strong>PoE(802.3af)\/PoE+(802.3at):<\/strong> 370 W<\/li>\n<li style='margin-bottom: 5px;'><strong>Capacidad de conmutaci\u00f3n:<\/strong> 128 Gbps<\/li>\n<li style='margin-bottom: 5px;'><strong>Velocidad de reenv\u00edo:<\/strong> 95.24 Mpps<\/li>\n<li style='margin-bottom: 5px;'><strong>Tabla de direcciones MAC:<\/strong> 16000<\/li>\n<li style='margin-bottom: 5px;'><strong>M\u00e1ximo n\u00famero de VLAN:<\/strong> 4094<\/li>\n<li style='margin-bottom: 5px;'><strong>Ventilador:<\/strong> Flujo de aire individual&comma; lado izquierdo hacia la parte posterior<\/li>\n<li style='margin-bottom: 5px;'><strong>Sobrecarga en el puerto:<\/strong> 6 kV<\/li>\n<li style='margin-bottom: 5px;'><strong>Dimensiones (ANCHO \u00d7 FONDO \u00d7 ALTO):<\/strong> 440 mm x 357.6 mm x 43.6 mm<\/li>\n<li style='margin-bottom: 5px;'><strong>Peso (con empaque):<\/strong> 4.75 kg<\/li>\n<li style='margin-bottom: 5px;'><strong>MTBF:<\/strong> > 200&comma;000 horas<\/li>\n<li style='margin-bottom: 5px;'><strong>Garant\u00eda:<\/strong> 5 a\u00f1os<\/li>\n<\/ul><\/div>\n<\/p><\/div>\n<p> <!-- Secci\u00f3n de caracter\u00edsticas destacadas --> <\/p>\n<div style='display: flex; flex-wrap: wrap; gap: 20px; margin-bottom: 30px;'>\n<div style='flex: 1 1 250px; border: 1px solid rgba(150&comma; 150&comma; 150&comma; 0.4); border-radius: 8px; overflow: hidden; display: flex; flex-direction: column;'>\n<div style='padding: 15px; border-bottom: 1px solid rgba(150&comma; 150&comma; 150&comma; 0.2); font-weight: bold; font-size: 18px; color: inherit;'>Caracter\u00edsticas Destacadas<\/div>\n<div style='padding: 15px; color: inherit;'>\n<ul style='padding-left: 20px; margin: 0; font-size: 14px; list-style-type: disc;'>\n<li style='margin-bottom: 5px;'>Alto rendimiento de nivel empresarial: Los switches proporcionan un rendimiento confiable y s\u00f3lido&comma; adecuado para empresas que buscan eficiencia y estabilidad.<\/li>\n<li style='margin-bottom: 5px;'>Variedad de funciones de seguridad: Ofrecen m\u00faltiples pol\u00edticas de seguridad&comma; protegiendo eficazmente la red de posibles amenazas y asegurando la estabilidad.<\/li>\n<li style='margin-bottom: 5px;'>Administraci\u00f3n intuitiva desde la nube: Los switches pueden ser administrados a trav\u00e9s de Ruijie Cloud en cualquier momento y lugar&comma; simplificando la gesti\u00f3n y el mantenimiento de la red y ahorrando tiempo y costos.<\/li>\n<li style='margin-bottom: 5px;'>Prevenci\u00f3n de Bucles: Gesti\u00f3n autom\u00e1tica para mantener el servicio continuo sin interrupciones.<\/li>\n<li style='margin-bottom: 5px;'>Soporte PoE Robusto: Soporte para dispositivos 802.3at y 802.3af&comma; ideal para variedad de aplicaciones.<\/li>\n<li style='margin-bottom: 5px;'>Adaptaci\u00f3n Inteligente de PoE: Ajuste autom\u00e1tico de alimentaci\u00f3n para dispositivos PoE para maximizar la eficiencia.<\/li>\n<\/ul><\/div>\n<\/p><\/div>\n<div style='flex: 1 1 250px; border: 1px solid rgba(150&comma; 150&comma; 150&comma; 0.4); border-radius: 8px; overflow: hidden; display: flex; flex-direction: column;'>\n<div style='padding: 15px; border-bottom: 1px solid rgba(150&comma; 150&comma; 150&comma; 0.2); font-weight: bold; font-size: 18px; color: inherit;'>Rendimiento Excepcional<\/div>\n<div style='padding: 15px; color: inherit;'>\n<ul style='padding-left: 20px; margin: 0; font-size: 14px; list-style-type: disc;'>\n<li style='margin-bottom: 5px;'>Capacidad de Conmutaci\u00f3n: De 128 Gbps para un rendimiento adaptable y escalable.<\/li>\n<li style='margin-bottom: 5px;'>Rendimiento de Reenv\u00edo: Desde 95.24 Mpps para un tr\u00e1fico de red fluido y eficiente.<\/li>\n<li style='margin-bottom: 5px;'>Puertos PoE\/PoE+: Con 24 puertos disponibles y presupuesto PoE de hasta 370 W&comma; IEEE 802.3at \/ IEEE 802.3af.<\/li>\n<\/ul><\/div>\n<\/p><\/div>\n<div style='flex: 1 1 250px; border: 1px solid rgba(150&comma; 150&comma; 150&comma; 0.4); border-radius: 8px; overflow: hidden; display: flex; flex-direction: column;'>\n<div style='padding: 15px; border-bottom: 1px solid rgba(150&comma; 150&comma; 150&comma; 0.2); font-weight: bold; font-size: 18px; color: inherit;'>Gesti\u00f3n y Soporte Avanzados<\/div>\n<div style='padding: 15px; color: inherit;'>\n<ul style='padding-left: 20px; margin: 0; font-size: 14px; list-style-type: disc;'>\n<li style='margin-bottom: 5px;'>Provisionamiento SIN: Configuraci\u00f3n sin intervenci\u00f3n manual gracias a la nube.<\/li>\n<li style='margin-bottom: 5px;'>VLANs Configurables desde el M\u00f3vil: Aproveche la app Ruijie Cloud para configurar el taggeo f\u00e1cilmente de las VLANs.<\/li>\n<li style='margin-bottom: 5px;'>Supervisi\u00f3n en Tiempo Real: Estad\u00edsticas y monitoreo al alcance de tu mano&comma; en cualquier momento y lugar.<\/li>\n<\/ul><\/div>\n<\/p><\/div>\n<div style='flex: 1 1 250px; border: 1px solid rgba(150&comma; 150&comma; 150&comma; 0.4); border-radius: 8px; overflow: hidden; display: flex; flex-direction: column;'>\n<div style='padding: 15px; border-bottom: 1px solid rgba(150&comma; 150&comma; 150&comma; 0.2); font-weight: bold; font-size: 18px; color: inherit;'>Fiabilidad y Garant\u00eda<\/div>\n<div style='padding: 15px; color: inherit;'>\n<ul style='padding-left: 20px; margin: 0; font-size: 14px; list-style-type: disc;'>\n<li style='margin-bottom: 5px;'>Dise\u00f1o Compacto: Ideal para cualquier espacio de trabajo con construcci\u00f3n robusta.<\/li>\n<li style='margin-bottom: 5px;'>Alta Fiabilidad: MTBF de m\u00e1s de 200&comma;000 horas garantizando durabilidad.<\/li>\n<li style='margin-bottom: 5px;'>Cobertura de Garant\u00eda: para su tranquilidad y protecci\u00f3n.<\/li>\n<\/ul><\/div>\n<\/p><\/div>\n<\/p><\/div>\n<p> <!-- Resumen --> <\/p>\n<div style='margin-top: 30px;'>\n<h3 style='font-size: 22px; border-bottom: 2px solid currentColor; padding-bottom: 5px; color: inherit; opacity: 0.8;'>Resumen<\/h3>\n<p style='font-size: 15px; color: inherit;'>En resumen&comma; la serie RG-NBS3132 representa una soluci\u00f3n confiable y avanzada para la administraci\u00f3n de redes de capa 2&comma; con la flexibilidad y seguridad necesarias para apoyar las operaciones empresariales actuales.<\/p>\n<\/p><\/div>\n<p> <!-- Separador --> <\/p>\n<hr style='border: 0; border-top: 1px solid rgba(150&comma; 150&comma; 150&comma; 0.3); margin: 30px 0;'> <\/div>\n","protected":false},"excerpt":{"rendered":"<p>Switch Administrable PoE Capa 2+ Plus, con 24 puertos Gigabit PoE 802.3af\/at + 4 SFP+ para fibra 10Gb, gesti\u00f3n gratuita desde la nube, 370w<\/p>\n","protected":false},"featured_media":81455,"comment_status":"open","ping_status":"closed","template":"","meta":[],"product_brand":[],"product_cat":[1986],"product_tag":[664,2123,1987],"class_list":{"0":"post-81456","1":"product","2":"type-product","3":"status-publish","4":"has-post-thumbnail","6":"product_cat-switches-poe","7":"product_tag-networking","8":"product_tag-ruijie","9":"product_tag-switches-poe","11":"first","12":"instock","13":"sale","14":"shipping-taxable","15":"purchasable","16":"product-type-simple"},"_links":{"self":[{"href":"https:\/\/soydeaqui.ddns.net\/pachuca\/index.php\/wp-json\/wp\/v2\/product\/81456","targetHints":{"allow":["GET"]}}],"collection":[{"href":"https:\/\/soydeaqui.ddns.net\/pachuca\/index.php\/wp-json\/wp\/v2\/product"}],"about":[{"href":"https:\/\/soydeaqui.ddns.net\/pachuca\/index.php\/wp-json\/wp\/v2\/types\/product"}],"replies":[{"embeddable":true,"href":"https:\/\/soydeaqui.ddns.net\/pachuca\/index.php\/wp-json\/wp\/v2\/comments?post=81456"}],"wp:featuredmedia":[{"embeddable":true,"href":"https:\/\/soydeaqui.ddns.net\/pachuca\/index.php\/wp-json\/wp\/v2\/media\/81455"}],"wp:attachment":[{"href":"https:\/\/soydeaqui.ddns.net\/pachuca\/index.php\/wp-json\/wp\/v2\/media?parent=81456"}],"wp:term":[{"taxonomy":"product_brand","embeddable":true,"href":"https:\/\/soydeaqui.ddns.net\/pachuca\/index.php\/wp-json\/wp\/v2\/product_brand?post=81456"},{"taxonomy":"product_cat","embeddable":true,"href":"https:\/\/soydeaqui.ddns.net\/pachuca\/index.php\/wp-json\/wp\/v2\/product_cat?post=81456"},{"taxonomy":"product_tag","embeddable":true,"href":"https:\/\/soydeaqui.ddns.net\/pachuca\/index.php\/wp-json\/wp\/v2\/product_tag?post=81456"}],"curies":[{"name":"wp","href":"https:\/\/api.w.org\/{rel}","templated":true}]}}