{"id":81409,"date":"2026-03-19T18:43:24","date_gmt":"2026-03-19T18:43:24","guid":{"rendered":"https:\/\/soydeaqui.ddns.net\/pachuca\/index.php\/producto\/unifi-enterprise-ventilador-industrial-velocidad-18000-rpm-peso-1-5-kg-consumo-maximo-de-potencia-10-8w-flujo-de-aire-frontal-a-trasero\/"},"modified":"2026-03-19T18:43:38","modified_gmt":"2026-03-19T18:43:38","slug":"unifi-enterprise-ventilador-industrial-velocidad-18000-rpm-peso-1-5-kg-consumo-maximo-de-potencia-10-8w-flujo-de-aire-frontal-a-trasero","status":"publish","type":"product","link":"https:\/\/soydeaqui.ddns.net\/pachuca\/index.php\/producto\/unifi-enterprise-ventilador-industrial-velocidad-18000-rpm-peso-1-5-kg-consumo-maximo-de-potencia-10-8w-flujo-de-aire-frontal-a-trasero\/","title":{"rendered":"UniFi Enterprise Ventilador Industrial \/ Velocidad 18000 RPM \/ Peso 1.5 kg \/ Consumo M\u00e1ximo de Potencia 10.8W \/ Flujo de Aire Frontal a Trasero"},"content":{"rendered":"<div style='width: 100%; max-width: 1200px; margin: 0 auto; font-family: sans-serif; line-height: 1.6; color: inherit; background-color: transparent;'> <!-- Secci\u00f3n de descripci\u00f3n general --> <\/p>\n<div style='display: flex; flex-direction: column; padding-top: 20px; margin-top: 20px; border-top: 1px solid rgba(150&comma;150&comma;150&comma;0.3); color: inherit; opacity: 0.8; font-size: 14px;'>\n<div style='margin-bottom: 20px;'>\n<h3 style='font-size: 18px; border-bottom: 2px solid currentColor; padding-bottom: 5px; margin-top: 0; color: inherit; opacity: 0.8;'>M\u00f3dulo de Ventilador Hot-Swappable<\/h3>\n<\/p><\/div>\n<div style='margin-bottom: 20px;'>\n<p style='margin: 0; color: inherit;'>UACC-FAN-F2B-4020<\/p>\n<\/p><\/div>\n<div style='margin-bottom: 20px;'>\n<p style='margin: 0; color: inherit;'>M\u00f3dulo de ventilador intercambiable en caliente con flujo de aire frontal a posterior.<\/p>\n<\/p><\/div>\n<div style='margin-bottom: 20px;'>\n<p style='margin: 0; color: inherit;'><strong>Compatibility:<\/strong> ECS-Aggregation&comma; ECS-48-PoE&comma; ECS-24-PoE<\/p>\n<\/p><\/div>\n<p style='margin: 0; color: inherit;'>Ventilador industrial est\u00e1 dise\u00f1ado para operaciones de enfriamiento efectivas con alta eficiencia energ\u00e9tica. Su velocidad de rotaci\u00f3n y dise\u00f1o mec\u00e1nico robusto lo hacen ideal para ambientes que requieren un control de temperatura preciso y continuo.<\/p>\n<\/p><\/div>\n<p> <!-- Secci\u00f3n de caracter\u00edsticas principales --> <\/p>\n<div style='display: flex; flex-wrap: wrap; gap: 30px; margin: 30px 0;'>\n<div style='flex: 1 1 300px; min-width: 280px;'>\n<h3 style='font-size: 22px; border-bottom: 2px solid currentColor; padding-bottom: 5px; margin-top: 0; color: inherit; opacity: 0.8;'>Caracter\u00edsticas Principales<\/h3>\n<ul style='padding-left: 20px; font-size: 15px; color: inherit;'>\n<li style='margin-bottom: 5px;'>Velocidad de operaci\u00f3n de 18&comma;000 RPM para un rendimiento \u00f3ptimo.<\/li>\n<li style='margin-bottom: 5px;'>Construcci\u00f3n robusta con un peso de 1.5 kg&comma; proporciona estabilidad y durabilidad.<\/li>\n<li style='margin-bottom: 5px;'>Optimizaci\u00f3n del consumo energ\u00e9tico con un m\u00e1ximo de 10.8W.<\/li>\n<li style='margin-bottom: 5px;'>Dise\u00f1o de flujo de aire de adelante hacia atr\u00e1s para una eficiente gesti\u00f3n t\u00e9rmica.<\/li>\n<\/ul><\/div>\n<\/p><\/div>\n<p> <!-- Imagen --> <\/p>\n<div style='width: 100%; margin: 30px 0;'> <img style='width: 100%; height: auto; border: 1px solid rgba(150&comma;150&comma;150&comma;0.3); border-radius: 8px;' src='https:\/\/images.svc.ui.com\/?u=https%3A%2F%2Fcdn.ecomm.ui.com%2Fproducts%2Ff33f0978-61ef-403d-915f-3445e1cf6fa1%2F4d3f28b1-a5e2-48a7-a1aa-37f6494f5973.png&#038;q=75&#038;w=1920' alt=''> <\/div>\n<p> <!-- Secci\u00f3n de especificaciones --> <\/p>\n<div style='display: flex; flex-wrap: wrap; gap: 30px; margin: 30px 0;'>\n<div style='flex: 1 1 300px; min-width: 280px;'>\n<h3 style='font-size: 22px; border-bottom: 2px solid currentColor; padding-bottom: 5px; margin-top: 0; color: inherit; opacity: 0.8;'>Especificaciones<\/h3>\n<ul style='padding-left: 20px; font-size: 15px; color: inherit;'>\n<li style='margin-bottom: 5px;'><strong>Dimensiones:<\/strong> 79.9 x 47.5 x 41.3 mm (3.1 x 1.9 x 1.6 pulgadas).<\/li>\n<li style='margin-bottom: 5px;'><strong>Velocidad:<\/strong> 18&comma;000 \u00b110% RPM.<\/li>\n<li style='margin-bottom: 5px;'><strong>Peso:<\/strong> 1.5 kg (3.3 lb).<\/li>\n<li style='margin-bottom: 5px;'><strong>Consumo m\u00e1ximo de potencia:<\/strong> 10.8W.<\/li>\n<\/ul><\/div>\n<div style='flex: 1 1 300px; min-width: 280px;'>\n<h3 style='font-size: 22px; border-bottom: 2px solid currentColor; padding-bottom: 5px; margin-top: 0; color: inherit; opacity: 0.8;'>Interfaces y Conectividad<\/h3>\n<ul style='padding-left: 20px; font-size: 15px; color: inherit;'>\n<li style='margin-bottom: 5px;'><strong>Flujo de aire:<\/strong> Frontal a trasero.<\/li>\n<\/ul><\/div>\n<\/p><\/div>\n<p> <!-- Secci\u00f3n de aplicaciones --> <\/p>\n<div style='display: flex; flex-wrap: wrap; gap: 30px; margin: 30px 0;'>\n<div style='flex: 1 1 300px; min-width: 280px;'>\n<h3 style='font-size: 22px; border-bottom: 2px solid currentColor; padding-bottom: 5px; margin-top: 0; color: inherit; opacity: 0.8;'>Aplicaciones y Casos de Uso<\/h3>\n<p style='font-size: 15px; color: inherit; margin: 0;'>Ideal para su uso en centros de datos&comma; bloquea t\u00e9rmicas y sistemas de enfriamiento industrial donde se requiere una ventilaci\u00f3n efectiva y constante.<\/p>\n<\/p><\/div>\n<\/p><\/div>\n<p> <!-- Separador final --> <\/p>\n<hr style='border: 0; border-top: 1px solid rgba(150&comma;150&comma;150&comma;0.3); margin: 30px 0;'> <\/div>\n","protected":false},"excerpt":{"rendered":"<p>UniFi Enterprise Ventilador Industrial \/ Velocidad 18000 RPM \/ Peso 1.5 kg \/ Consumo M\u00e1ximo de Potencia 10.8W \/ Flujo de Aire Frontal a Trasero<\/p>\n","protected":false},"featured_media":81408,"comment_status":"open","ping_status":"closed","template":"","meta":[],"product_brand":[],"product_cat":[1986],"product_tag":[664,1987,166],"class_list":{"0":"post-81409","1":"product","2":"type-product","3":"status-publish","4":"has-post-thumbnail","6":"product_cat-switches-poe","7":"product_tag-networking","8":"product_tag-switches-poe","9":"product_tag-ubiquiti","11":"first","12":"outofstock","13":"sale","14":"shipping-taxable","15":"purchasable","16":"product-type-simple"},"_links":{"self":[{"href":"https:\/\/soydeaqui.ddns.net\/pachuca\/index.php\/wp-json\/wp\/v2\/product\/81409","targetHints":{"allow":["GET"]}}],"collection":[{"href":"https:\/\/soydeaqui.ddns.net\/pachuca\/index.php\/wp-json\/wp\/v2\/product"}],"about":[{"href":"https:\/\/soydeaqui.ddns.net\/pachuca\/index.php\/wp-json\/wp\/v2\/types\/product"}],"replies":[{"embeddable":true,"href":"https:\/\/soydeaqui.ddns.net\/pachuca\/index.php\/wp-json\/wp\/v2\/comments?post=81409"}],"wp:featuredmedia":[{"embeddable":true,"href":"https:\/\/soydeaqui.ddns.net\/pachuca\/index.php\/wp-json\/wp\/v2\/media\/81408"}],"wp:attachment":[{"href":"https:\/\/soydeaqui.ddns.net\/pachuca\/index.php\/wp-json\/wp\/v2\/media?parent=81409"}],"wp:term":[{"taxonomy":"product_brand","embeddable":true,"href":"https:\/\/soydeaqui.ddns.net\/pachuca\/index.php\/wp-json\/wp\/v2\/product_brand?post=81409"},{"taxonomy":"product_cat","embeddable":true,"href":"https:\/\/soydeaqui.ddns.net\/pachuca\/index.php\/wp-json\/wp\/v2\/product_cat?post=81409"},{"taxonomy":"product_tag","embeddable":true,"href":"https:\/\/soydeaqui.ddns.net\/pachuca\/index.php\/wp-json\/wp\/v2\/product_tag?post=81409"}],"curies":[{"name":"wp","href":"https:\/\/api.w.org\/{rel}","templated":true}]}}