{"id":81403,"date":"2026-03-19T18:43:08","date_gmt":"2026-03-19T18:43:08","guid":{"rendered":"https:\/\/soydeaqui.ddns.net\/pachuca\/index.php\/producto\/switch-core-distribucion-ekit-administrable-capa-3-48-puertos-gigabit-poe-4-sfp-poe-perpetuo-poe-budget-849-w-sin-licenciamiento\/"},"modified":"2026-03-19T18:43:19","modified_gmt":"2026-03-19T18:43:19","slug":"switch-core-distribucion-ekit-administrable-capa-3-48-puertos-gigabit-poe-4-sfp-poe-perpetuo-poe-budget-849-w-sin-licenciamiento","status":"publish","type":"product","link":"https:\/\/soydeaqui.ddns.net\/pachuca\/index.php\/producto\/switch-core-distribucion-ekit-administrable-capa-3-48-puertos-gigabit-poe-4-sfp-poe-perpetuo-poe-budget-849-w-sin-licenciamiento\/","title":{"rendered":"Switch Core\/Distribuci\u00f3n eKit Administrable \/ Capa 3 \/ 48 puertos Gigabit PoE+ + 4 SFP+ \/ PoE Perpetuo \/ PoE Budget 849 W \/ Sin Licenciamiento"},"content":{"rendered":"<div style='width: 100%; max-width: 1200px; margin: 0 auto; font-family: sans-serif; line-height: 1.6; color: inherit; background-color: transparent;'> <!-- Imagen principal --> <\/p>\n<div style='margin-bottom: 30px;'> <img style='width: 100%; height: auto; border: 1px solid rgba(150&comma;150&comma;150&comma;0.3); border-radius: 8px;' src='https:\/\/ftp3.syscom.mx\/usuarios\/fotos\/AP362\/223796-captura_de_pantalla_2023-12-06_a_la(s)_15.46.50.png' alt='Captura de pantalla del producto'> <\/div>\n<p> <!-- Secci\u00f3n de especificaciones en cards --> <\/p>\n<div style='display: flex; flex-wrap: wrap; gap: 20px; margin-bottom: 30px;'>\n<div style='flex: 1 1 250px; border: 1px solid rgba(150&comma; 150&comma; 150&comma; 0.4); border-radius: 8px; overflow: hidden; display: flex; flex-direction: column;'>\n<div style='padding: 15px; border-bottom: 1px solid rgba(150&comma; 150&comma; 150&comma; 0.2); font-weight: bold; font-size: 18px; color: inherit;'>Especificaciones<\/div>\n<div style='padding: 15px; color: inherit;'>\n<ul style='padding-left: 20px; margin: 0; font-size: 14px; list-style-type: disc;'>\n<li style='margin-bottom: 5px;'>Dimesiones: 185 mm x 650 mm x 550 mm con caja<\/li>\n<li style='margin-bottom: 5px;'>Dimesiones: 43.6 mm x 442 mm x 220 mm sin caja<\/li>\n<li style='margin-bottom: 5px;'>Estandar PoE: 802.3 af\/at<\/li>\n<li style='margin-bottom: 5px;'>48 Puertos PoE+ Gigabit<\/li>\n<li style='margin-bottom: 5px;'>4 Puertos de fibra \u00f3ptica SFP\/SFP+<\/li>\n<li style='margin-bottom: 5px;'>Material del chasis: Metal<\/li>\n<li style='margin-bottom: 5px;'>Consumo del equipo: Sin PoE: 74.66 W \/ Con PoE: 991.74 W<\/li>\n<li style='margin-bottom: 5px;'>Instalaci\u00f3n en rack (Incluido) o en escritorio (1 Unidad de rack)<\/li>\n<li style='margin-bottom: 5px;'>2 modulos de abanicos<\/li>\n<li style='margin-bottom: 5px;'>Capa 3<\/li>\n<li style='margin-bottom: 5px;'>Capacidad de Switching: 176 Gbps<\/li>\n<li style='margin-bottom: 5px;'>Reenv\u00edo de paquetes: 131 Mpps<\/li>\n<li style='margin-bottom: 5px;'>Protecci\u00f3n contra sobretensiones de la fuente de alimentaci\u00f3n: [kV] Modo diferencial: \u00b16 kV; modo com\u00fan: \u00b16 kV<\/li>\n<li style='margin-bottom: 5px;'>Fuente de alimentaci\u00f3n: 100 VCA &#8211; 290 VCA; 50 Hz &#8211; 60 Hz<\/li>\n<li style='margin-bottom: 5px;'>Temperatura de operaci\u00f3n: -5\u00b0C to 50\u00b0C<\/li>\n<li style='margin-bottom: 5px;'>Peso: 8.04 kg<\/li>\n<\/ul><\/div>\n<\/p><\/div>\n<div style='flex: 1 1 250px; border: 1px solid rgba(150&comma; 150&comma; 150&comma; 0.4); border-radius: 8px; overflow: hidden; display: flex; flex-direction: column;'>\n<div style='padding: 15px; border-bottom: 1px solid rgba(150&comma; 150&comma; 150&comma; 0.2); font-weight: bold; font-size: 18px; color: inherit;'>Caracter\u00edsticas de las interfaces<\/div>\n<div style='padding: 15px; color: inherit;'>\n<ul style='padding-left: 20px; margin: 0; font-size: 14px; list-style-type: disc;'>\n<li style='margin-bottom: 5px;'>48 Puertos PoE+ (802.3 af\/at) 10\/100\/1000 Mbps (Autonegociable)<\/li>\n<li style='margin-bottom: 5px;'>4 Puertos Uplink SFP+ 1000\/10000 Mbps<\/li>\n<li style='margin-bottom: 5px;'>1 Puerto de consola<\/li>\n<li style='margin-bottom: 5px;'>1 Puerto USB tipo A<\/li>\n<\/ul><\/div>\n<\/p><\/div>\n<div style='flex: 1 1 250px; border: 1px solid rgba(150&comma; 150&comma; 150&comma; 0.4); border-radius: 8px; overflow: hidden; display: flex; flex-direction: column;'>\n<div style='padding: 15px; border-bottom: 1px solid rgba(150&comma; 150&comma; 150&comma; 0.2); font-weight: bold; font-size: 18px; color: inherit;'>Funciones del equipo<\/div>\n<div style='padding: 15px; color: inherit;'>\n<ul style='padding-left: 20px; margin: 0; font-size: 14px; list-style-type: disc;'>\n<li style='margin-bottom: 5px;'>Soporta Istack de hasta 4 equipos de su misma linea<\/li>\n<li style='margin-bottom: 5px;'>Modo de disipaci\u00f3n de calor: refrigeraci\u00f3n por aire para disipaci\u00f3n de calor&comma; ajuste inteligente de la velocidad del ventilador<\/li>\n<li style='margin-bottom: 5px;'>Sin licenciamiento oculto<\/li>\n<li style='margin-bottom: 5px;'>Gesti\u00f3n en la nube gratuita<\/li>\n<li style='margin-bottom: 5px;'>Modos de gesti\u00f3n: Interfaz web&comma; CLI o Nube de SNC de Huawei<\/li>\n<li style='margin-bottom: 5px;'>Soluci\u00f3n de problemas en cuesti\u00f3n de minutos desde la nube con IA<\/li>\n<li style='margin-bottom: 5px;'>Soporte STP&comma; RSTP y MSTP<\/li>\n<li style='margin-bottom: 5px;'>Autenticaci\u00f3n por direcci\u00f3n MAC y 802.1X&comma; y aplican din\u00e1micamente pol\u00edticas de usuario (VLAN&comma; QoS y ACL)<\/li>\n<li style='margin-bottom: 5px;'>Defensa contra ataques DoS y ataques dirigidos al usuario<\/li>\n<li style='margin-bottom: 5px;'>DHCP Snooping<\/li>\n<li style='margin-bottom: 5px;'>Tabla ARP<\/li>\n<li style='margin-bottom: 5px; color: #c0392b;'>No Soporta fuente redundante<\/li>\n<\/ul><\/div>\n<\/p><\/div>\n<\/p><\/div>\n<p> <!-- Secci\u00f3n de descripci\u00f3n general --> <\/p>\n<div style='display: flex; flex-wrap: wrap; gap: 30px; margin-bottom: 30px;'>\n<div style='flex: 1 1 400px; min-width: 280px;'>\n<h3 style='font-size: 22px; border-bottom: 2px solid currentColor; padding-bottom: 5px; margin-top: 0; color: inherit; opacity: 0.8;'>Descripci\u00f3n general<\/h3>\n<p style='font-size: 15px; color: inherit;'>Switch de alta densidad con 48 puertos PoE+ (802.3af\/at) Gigabit Ethernet&comma; para encender cualquier tipo de dispositivo PoE como: c\u00e1maras&comma; puntos de acceso Wi-Fi&comma; controles de acceso&comma; entre otros. 4 Puertos para el enlace ascendente por medio de fibra \u00f3ptica&comma; otorgando velocidades de 1\/10 Gbps seg\u00fan la necesidad que tengamos.<\/p>\n<\/p><\/div>\n<\/p><\/div>\n<p> <!-- Secci\u00f3n de PoE Perpetuo --> <\/p>\n<div style='display: flex; flex-wrap: wrap; gap: 30px; margin-bottom: 30px;'>\n<div style='flex: 1 1 400px; min-width: 280px;'> <img style='width: 100%; height: auto; border: 1px solid rgba(150&comma;150&comma;150&comma;0.3); border-radius: 8px;' src='https:\/\/ftp3.syscom.mx\/usuarios\/fotos\/S31048HP4X\/241062-pertpetual_poe_ekit.png' alt='PoE Perpetuo'> <\/div>\n<div style='flex: 1 1 400px; min-width: 280px;'>\n<h3 style='font-size: 22px; border-bottom: 2px solid currentColor; padding-bottom: 5px; margin-top: 0; color: inherit; opacity: 0.8;'>PoE Perpetuo<\/h3>\n<p style='font-size: 15px; color: inherit;'>Compatible con PoE r\u00e1pido y PoE permanente. Los dispositivos PoE conectados se encienden en segundos. Los switches se reinician y la alimentaci\u00f3n de los dispositivos conectados no se interrumpe.<\/p>\n<p style='font-size: 15px; color: inherit;'>Esto nos funciona en aplicaciones como Video vigilancia donde las c\u00e1maras son cruciales y no deben de apagarse por ninguna raz\u00f3n.<\/p>\n<\/p><\/div>\n<\/p><\/div>\n<p> <!-- Secci\u00f3n de iStack --> <\/p>\n<div style='display: flex; flex-wrap: wrap; gap: 30px; margin-bottom: 30px;'>\n<div style='flex: 1 1 400px; min-width: 280px;'>\n<h3 style='font-size: 22px; border-bottom: 2px solid currentColor; padding-bottom: 5px; margin-top: 0; color: inherit; opacity: 0.8;'>iStack<\/h3>\n<p style='font-size: 15px; color: inherit;'>iStack es una funci\u00f3n para tener m\u00e1s 1 un equipo trabajando como si fuera uno solo&comma; en este caso debe de ser switchs de la misma serie&comma; para tener m\u00e1s puertos&comma; m\u00e1s capacidad y m\u00e1s rendimiento.<\/p>\n<\/p><\/div>\n<div style='flex: 1 1 400px; min-width: 280px;'> <img style='width: 100%; height: auto; border: 1px solid rgba(150&comma;150&comma;150&comma;0.3); border-radius: 8px;' src='https:\/\/ftp3.syscom.mx\/usuarios\/fotos\/S31048HP4X\/241062-istack_s310.png' alt='iStack S310'> <\/div>\n<\/p><\/div>\n<p> <!-- Secci\u00f3n de gesti\u00f3n eKit --> <\/p>\n<div style='display: flex; flex-wrap: wrap; gap: 30px; margin-bottom: 30px;'>\n<div style='flex: 1 1 400px; min-width: 280px;'> <img style='width: 100%; height: auto; border: 1px solid rgba(150&comma;150&comma;150&comma;0.3); border-radius: 8px;' src='https:\/\/ftp3.syscom.mx\/usuarios\/fotos\/AP271E\/241040-ekitqr.png' alt='C\u00f3digo QR eKit'> <\/div>\n<div style='flex: 1 1 400px; min-width: 280px;'>\n<h3 style='font-size: 22px; border-bottom: 2px solid currentColor; padding-bottom: 5px; margin-top: 0; color: inherit; opacity: 0.8;'>Gesti\u00f3n eKit<\/h3>\n<p style='font-size: 15px; color: inherit;'>Con el siguiente c\u00f3digo QR puedes descargar la aplicaci\u00f3n de Huawei eKit en donde podr\u00e1s dar de alta equipos como: Routers&comma; Switch y puntos de acceso de la l\u00ednea eKit&comma; en cuesti\u00f3n de minutos y poder desplegar redes de la comodidad de su smartphone.<\/p>\n<p style='font-size: 15px; color: inherit;'>Disponible para iOS&comma; Android y Harmony OS.<\/p>\n<\/p><\/div>\n<\/p><\/div>\n<p> <!-- Secci\u00f3n de gesti\u00f3n en la nube --> <\/p>\n<div style='display: flex; flex-wrap: wrap; gap: 30px; margin-bottom: 30px;'>\n<div style='flex: 1 1 400px; min-width: 280px;'> <img style='width: 100%; height: auto; border: 1px solid rgba(150&comma;150&comma;150&comma;0.3); border-radius: 8px;' src='https:\/\/ftp3.syscom.mx\/usuarios\/fotos\/AP271E\/241040-snc.png' alt='Gesti\u00f3n en la nube'> <\/div>\n<div style='flex: 1 1 400px; min-width: 280px;'>\n<h3 style='font-size: 22px; border-bottom: 2px solid currentColor; padding-bottom: 5px; margin-top: 0; color: inherit; opacity: 0.8;'>Gesti\u00f3n en la nube<\/h3>\n<p style='font-size: 15px; color: inherit;'>M\u00e9todos flexibles de gesti\u00f3n: desde la interfaz web&comma; APP (iOS\/Android\/Harmony OS) y desde la <a style='color: inherit; text-decoration: underline;' href='https:\/\/ekit.huawei.com\/'>nube SNC<\/a> de Huawei.<\/p>\n<p style='font-size: 15px; color: inherit;'>Comparta proyectos para clientes espec\u00edficos&comma; gestione y de soporte t\u00e9cnico de manera remota sin pagos extras&comma; ya que es totalmente gratuita la plataforma de eKit.<\/p>\n<\/p><\/div>\n<\/p><\/div>\n<p> <!-- Secci\u00f3n de soluci\u00f3n de problemas con IA --> <\/p>\n<div style='display: flex; flex-wrap: wrap; gap: 30px; margin-bottom: 30px;'>\n<div style='flex: 1 1 400px; min-width: 280px;'>\n<h3 style='font-size: 22px; border-bottom: 2px solid currentColor; padding-bottom: 5px; margin-top: 0; color: inherit; opacity: 0.8;'>Soluci\u00f3n de problemas con IA<\/h3>\n<p style='font-size: 15px; color: inherit;'>Lo importante del soporte t\u00e9cnico o solucionar problemas&comma; es hacerlo de manera r\u00e1pida y efectiva. Huawei viene a revolucionar esto con la funci\u00f3n de soluci\u00f3n de problemas impulsado por la IA (Inteligencia artificial) teniendo un diagn\u00f3stico de la red en sus diferentes par\u00e1metros en cuesti\u00f3n de minutos&comma; indicando problemas y posibles soluciones de cada uno de ellos.<\/p>\n<\/p><\/div>\n<div style='flex: 1 1 400px; min-width: 280px;'> <img style='width: 100%; height: auto; border: 1px solid rgba(150&comma;150&comma;150&comma;0.3); border-radius: 8px;' src='https:\/\/ftp3.syscom.mx\/usuarios\/fotos\/AP271E\/241040-ia_troubleshooting.png' alt='Soluci\u00f3n de problemas con IA'> <\/div>\n<\/p><\/div>\n<p> <!-- Imagen principal del producto --> <\/p>\n<div style='margin-bottom: 30px;'> <img style='width: 100%; height: auto; border: 1px solid rgba(150&comma;150&comma;150&comma;0.3); border-radius: 8px;' src='https:\/\/ftp3.syscom.mx\/usuarios\/fotos\/S31048HP4X\/241062-s310-48hp4x.png' alt='Vista frontal del S310-48HP4X'> <\/div>\n<\/p><\/div>\n","protected":false},"excerpt":{"rendered":"<p>Switch Core\/Distribuci\u00f3n eKit Administrable \/ Capa 3 \/ 48 puertos Gigabit PoE+ + 4 SFP+ \/ PoE Perpetuo \/ PoE Budget 849 W \/ Sin Licenciamiento<\/p>\n","protected":false},"featured_media":81402,"comment_status":"open","ping_status":"closed","template":"","meta":[],"product_brand":[],"product_cat":[1986],"product_tag":[718,664,1987],"class_list":{"0":"post-81403","1":"product","2":"type-product","3":"status-publish","4":"has-post-thumbnail","6":"product_cat-switches-poe","7":"product_tag-huawei","8":"product_tag-networking","9":"product_tag-switches-poe","11":"first","12":"instock","13":"sale","14":"shipping-taxable","15":"purchasable","16":"product-type-simple"},"_links":{"self":[{"href":"https:\/\/soydeaqui.ddns.net\/pachuca\/index.php\/wp-json\/wp\/v2\/product\/81403","targetHints":{"allow":["GET"]}}],"collection":[{"href":"https:\/\/soydeaqui.ddns.net\/pachuca\/index.php\/wp-json\/wp\/v2\/product"}],"about":[{"href":"https:\/\/soydeaqui.ddns.net\/pachuca\/index.php\/wp-json\/wp\/v2\/types\/product"}],"replies":[{"embeddable":true,"href":"https:\/\/soydeaqui.ddns.net\/pachuca\/index.php\/wp-json\/wp\/v2\/comments?post=81403"}],"wp:featuredmedia":[{"embeddable":true,"href":"https:\/\/soydeaqui.ddns.net\/pachuca\/index.php\/wp-json\/wp\/v2\/media\/81402"}],"wp:attachment":[{"href":"https:\/\/soydeaqui.ddns.net\/pachuca\/index.php\/wp-json\/wp\/v2\/media?parent=81403"}],"wp:term":[{"taxonomy":"product_brand","embeddable":true,"href":"https:\/\/soydeaqui.ddns.net\/pachuca\/index.php\/wp-json\/wp\/v2\/product_brand?post=81403"},{"taxonomy":"product_cat","embeddable":true,"href":"https:\/\/soydeaqui.ddns.net\/pachuca\/index.php\/wp-json\/wp\/v2\/product_cat?post=81403"},{"taxonomy":"product_tag","embeddable":true,"href":"https:\/\/soydeaqui.ddns.net\/pachuca\/index.php\/wp-json\/wp\/v2\/product_tag?post=81403"}],"curies":[{"name":"wp","href":"https:\/\/api.w.org\/{rel}","templated":true}]}}