{"id":81381,"date":"2026-03-19T18:42:16","date_gmt":"2026-03-19T18:42:16","guid":{"rendered":"https:\/\/soydeaqui.ddns.net\/pachuca\/index.php\/producto\/punto-de-acceso-inalambrico-ekit-wi-fi-7-3-57-gbps-smart-antenna-montaje-en-pared-seguridad-wpa3-gestion-local-y-en-la-nube-gratis-puerto-2-5ge-4-ge\/"},"modified":"2026-03-19T18:42:25","modified_gmt":"2026-03-19T18:42:25","slug":"punto-de-acceso-inalambrico-ekit-wi-fi-7-3-57-gbps-smart-antenna-montaje-en-pared-seguridad-wpa3-gestion-local-y-en-la-nube-gratis-puerto-2-5ge-4-ge","status":"publish","type":"product","link":"https:\/\/soydeaqui.ddns.net\/pachuca\/index.php\/producto\/punto-de-acceso-inalambrico-ekit-wi-fi-7-3-57-gbps-smart-antenna-montaje-en-pared-seguridad-wpa3-gestion-local-y-en-la-nube-gratis-puerto-2-5ge-4-ge\/","title":{"rendered":"Punto de Acceso Inal\u00e1mbrico eKit Wi-Fi 7 \/ 3.57 Gbps \/ Smart Antenna \/ Montaje en Pared \/ Seguridad WPA3 \/ Gesti\u00f3n Local y en la Nube Gratis \/ Puerto 2.5GE + 4 GE"},"content":{"rendered":"<div style='width: 100%; max-width: 1200px; margin: 0 auto; font-family: sans-serif; line-height: 1.6; color: inherit; background-color: transparent;'> <!-- Video principal --> <\/p>\n<div style='display: flex; flex-wrap: wrap; gap: 30px; margin-bottom: 30px;'>\n<div style='flex: 1 1 300px; min-width: 280px;'>\n<div style='position: relative; padding-bottom: 56.25%; height: 0; overflow: hidden;'> <video style='position: absolute; top: 0; left: 0; width: 100%; height: 100%; border: 1px solid rgba(150&comma;150&comma;150&comma;0.3); border-radius: 8px;' autoplay muted loop playsinline><source src='https:\/\/ftp3.syscom.mx\/usuarios\/axel\/Huawei\/eKit\/AP271E\/HUAWEI%20eKitEngine%20AP271E%20Product%20Introduction%20Video.mp4' type='video\/mp4'>Tu navegador no soporta la reproducci\u00f3n de video.<\/video> <\/div>\n<\/p><\/div>\n<\/p><\/div>\n<p> <!-- Secci\u00f3n principal --> <\/p>\n<div style='display: flex; flex-wrap: wrap; gap: 30px; margin-bottom: 30px;'>\n<div style='flex: 1 1 300px; min-width: 280px;'> <img style='width: 100%; height: auto; border: 1px solid rgba(150&comma;150&comma;150&comma;0.3); border-radius: 8px;' src='http:\/\/ftp3.syscom.mx\/usuarios\/ftp\/2026\/01\/13\/1971\/Captura_de_pantalla_20260113_a_la_s__3.47.48p.m..png_froala_6966bdcc638b2' alt=''> <\/div>\n<div style='flex: 2 1 600px; min-width: 280px;'>\n<h3 style='font-size: 22px; border-bottom: 2px solid currentColor; padding-bottom: 5px; margin-top: 0; color: inherit; opacity: 0.8;'>Potencia y eficiencia Wi-Fi 7 para cualquier espacio interior<\/h3>\n<p style='font-size: 15px; color: inherit; margin-top: 15px; text-align: justify;'>El Huawei eKitEngine AP271E es un punto de acceso (AP) de pared delgado para interiores que cumple con el \u00faltimo est\u00e1ndar Wi-Fi 7 (802.11be). Es compatible con las nuevas tecnolog\u00edas Wi-Fi 7&comma; como la operaci\u00f3n multienlace (MLO) para agregaci\u00f3n de enlaces&comma; la tecnolog\u00eda multiusuario de m\u00faltiples entradas y m\u00faltiples salidas (MU-MIMO)&comma; el ancho de canal Wi-Fi 7 de 160 MHz y la modulaci\u00f3n de amplitud en cuadratura (QAM) de 4096 MHz.<\/p>\n<\/p><\/div>\n<\/p><\/div>\n<p> <!-- Secci\u00f3n de especificaciones --> <\/p>\n<div style='display: flex; flex-wrap: wrap; gap: 20px; margin-bottom: 30px;'> <!-- Caracter\u00edsticas principales --> <\/p>\n<div style='flex: 1 1 250px; border: 1px solid rgba(150&comma;150&comma;150&comma;0.4); border-radius: 8px; overflow: hidden; display: flex; flex-direction: column;'>\n<div style='padding: 15px; border-bottom: 1px solid rgba(150&comma;150&comma;150&comma;0.2); font-weight: bold; font-size: 18px; color: inherit;'>Caracter\u00edsticas principales<\/div>\n<div style='padding: 15px; color: inherit;'>\n<ul style='padding-left: 20px; margin: 0; font-size: 14px; list-style-type: disc;'>\n<li style='margin-bottom: 5px;'>(1) Puerto Ethernet PoE in 10\/100\/1000\/2500 Mbps<\/li>\n<li style='margin-bottom: 5px;'>(4) Puertos Downlink 10\/100\/1000 Mbps (No PoE Out)<\/li>\n<li style='margin-bottom: 5px;'>(2) Puertos Pass-through (No PoE Out)<\/li>\n<li style='margin-bottom: 5px;'>(1) Puerto USB<\/li>\n<li style='margin-bottom: 5px;'>(1) Bot\u00f3n de reset<\/li>\n<li style='margin-bottom: 5px;'><strong>Modo de operaci\u00f3n<\/strong>: Punto de Acceso<\/li>\n<li style='margin-bottom: 5px;'><strong>Frecuencias<\/strong>: 2.4 y 5 GHz<\/li>\n<li style='margin-bottom: 5px;'>MU-MIMO 2&#215;2<\/li>\n<li style='margin-bottom: 5px;'><strong>Ganancia<\/strong>: 2.4 GHz 5 dBi \/ 5 GHz 5 dBi<\/li>\n<li style='margin-bottom: 5px;'><strong>Potencia<\/strong>: 2.4 GHz 23 dBm \/ 5 GHz 23 dBm<\/li>\n<li style='margin-bottom: 5px;'><strong>Seguridad Inal\u00e1mbrica<\/strong>: WEP&comma; WPA\/WPA2-PSK&comma; WPA3-SAE&comma; WPA\/WPA2-PPSK&comma; y WPA\/WPA2\/WPA3-802.1<\/li>\n<li style='margin-bottom: 5px;'><strong>Gesti\u00f3n<\/strong>: interfaz web&comma; CLI&comma; nube&comma; APP o controladora f\u00edsica<\/li>\n<li style='margin-bottom: 5px;'><strong>Cantidad de clientes<\/strong>: 256 m\u00e1ximo&comma; 80 recomendado<\/li>\n<li style='margin-bottom: 5px;'><strong>Cobertura<\/strong>: Hasta 18 metros de radio<\/li>\n<\/ul><\/div>\n<\/p><\/div>\n<p> <!-- Caracter\u00edsticas f\u00edsicas y el\u00e9ctricas --> <\/p>\n<div style='flex: 1 1 250px; border: 1px solid rgba(150&comma;150&comma;150&comma;0.4); border-radius: 8px; overflow: hidden; display: flex; flex-direction: column;'>\n<div style='padding: 15px; border-bottom: 1px solid rgba(150&comma;150&comma;150&comma;0.2); font-weight: bold; font-size: 18px; color: inherit;'>Caracter\u00edsticas f\u00edsicas y el\u00e9ctricas<\/div>\n<div style='padding: 15px; color: inherit;'>\n<ul style='padding-left: 20px; margin: 0; font-size: 14px; list-style-type: disc;'>\n<li style='margin-bottom: 5px;'><strong>Doble banda<\/strong>: 2.4 y 5 GHz<\/li>\n<li style='margin-bottom: 5px;'><strong>N\u00famero de SSIDs<\/strong>: 10<\/li>\n<li style='margin-bottom: 5px;'><strong>Alimentaci\u00f3n<\/strong>: PoE 802.3af\/at (No incluido&comma; se recomienda el modelo: <a href='https:\/\/www.syscom.pro\/products\/228206\/5600620' style='color: inherit; text-decoration: underline;'>AD-560062T0E<\/a>)<\/li>\n<li style='margin-bottom: 5px;'><strong>Dimensiones<\/strong>: 175 mm x 86 mm x 45 mm<\/li>\n<li style='margin-bottom: 5px;'><strong>Peso<\/strong>: 0.405 kg<\/li>\n<li style='margin-bottom: 5px;'><strong>Consumo m\u00e1ximo<\/strong>: 13.2 W<\/li>\n<li style='margin-bottom: 5px;'><strong>Temperatura de operaci\u00f3n<\/strong>: 0\u00b0C a +40\u00b0C<\/li>\n<li style='margin-bottom: 5px;'><strong>Humedad de operaci\u00f3n<\/strong>: 5% a 95% (No condensado)<\/li>\n<\/ul><\/div>\n<\/p><\/div>\n<p> <!-- Funciones avanzadas --> <\/p>\n<div style='flex: 1 1 250px; border: 1px solid rgba(150&comma;150&comma;150&comma;0.4); border-radius: 8px; overflow: hidden; display: flex; flex-direction: column;'>\n<div style='padding: 15px; border-bottom: 1px solid rgba(150&comma;150&comma;150&comma;0.2); font-weight: bold; font-size: 18px; color: inherit;'>Funciones avanzadas<\/div>\n<div style='padding: 15px; color: inherit;'>\n<ul style='padding-left: 20px; margin: 0; font-size: 14px; list-style-type: disc;'>\n<li style='margin-bottom: 5px;'>Smart Antenna (Hasta 20% m\u00e1s cobertura)<\/li>\n<li style='margin-bottom: 5px;'>Beamforming<\/li>\n<li style='margin-bottom: 5px;'>Bandsteering<\/li>\n<li style='margin-bottom: 5px;'>Optimizaci\u00f3n de Wi-Fi basada en IA<\/li>\n<li style='margin-bottom: 5px;'>Aislamiento de clientes<\/li>\n<li style='margin-bottom: 15px;'>Escaneo autom\u00e1tico de canales para mitigar interferencias<\/li>\n<li style='margin-bottom: 5px;'>Smart y fast Roaming<\/li>\n<li style='margin-bottom: 5px;'>Horarios de Wi-Fi<\/li>\n<li style='margin-bottom: 5px;'>Resoluci\u00f3n de problemas con IA desde nube SNC<\/li>\n<li style='margin-bottom: 5px;'>Soporta redes MESH<\/li>\n<\/ul><\/div>\n<\/p><\/div>\n<p> <!-- Contenido del paquete --> <\/p>\n<div style='flex: 1 1 250px; border: 1px solid rgba(150&comma;150&comma;150&comma;0.4); border-radius: 8px; overflow: hidden; display: flex; flex-direction: column;'>\n<div style='padding: 15px; border-bottom: 1px solid rgba(150&comma;150&comma;150&comma;0.2); font-weight: bold; font-size: 18px; color: inherit;'>Contenido del paquete<\/div>\n<div style='padding: 15px; color: inherit;'>\n<ul style='padding-left: 20px; margin: 0; font-size: 14px; list-style-type: disc;'>\n<li style='margin-bottom: 5px;'>(1) Punto de acceso AP271E<\/li>\n<li style='margin-bottom: 5px;'>(1) Montaje pared<\/li>\n<\/ul>\n<div style='margin-top: 15px; padding-top: 15px; border-top: 1px solid rgba(150&comma;150&comma;150&comma;0.2);'>\n<div style='font-weight: bold; margin-bottom: 10px; color: inherit;'>Accesorios opcionales<\/div>\n<ul style='padding-left: 20px; margin: 0; font-size: 14px; list-style-type: disc;'>\n<li style='margin-bottom: 5px;'><a href='https:\/\/www.syscom.pro\/products\/228206\/5600620' style='color: inherit; text-decoration: underline;'>Inyector PoE: AD-560062T0E<\/a><\/li>\n<\/ul><\/div>\n<\/p><\/div>\n<\/p><\/div>\n<\/p><\/div>\n<p> <!-- Secci\u00f3n adicional 1 --> <\/p>\n<div style='display: flex; flex-wrap: wrap; gap: 30px; margin-bottom: 30px;'>\n<div style='flex: 1 1 300px; min-width: 280px;'> <img style='width: 100%; height: auto; border: 1px solid rgba(150&comma;150&comma;150&comma;0.3); border-radius: 8px;' src='http:\/\/ftp3.syscom.mx\/usuarios\/ftp\/2026\/01\/14\/1971\/Captura_de_pantalla_20260114_a_la_s__9.13.34a.m..png_froala_6967b31157408' alt=''> <\/div>\n<div style='flex: 2 1 600px; min-width: 280px;'>\n<h3 style='font-size: 22px; border-bottom: 2px solid currentColor; padding-bottom: 5px; margin-top: 0; color: inherit; opacity: 0.8;'>Todo en uno para la conectividad de la habitaci\u00f3n<\/h3>\n<p style='font-size: 15px; color: inherit; margin-top: 15px; text-align: justify;'>Una soluci\u00f3n integral para cubrir todas las necesidades de red en una habitaci\u00f3n&comma; ideal para accesos inal\u00e1mbricos y por cable&comma; como IPTV&comma; computadoras y tel\u00e9fonos&comma; garantizando conectividad estable y eficiente.<\/p>\n<\/p><\/div>\n<\/p><\/div>\n<p> <!-- Secci\u00f3n adicional 2 --> <\/p>\n<div style='display: flex; flex-wrap: wrap; gap: 30px; margin-bottom: 30px;'>\n<div style='flex: 1 1 300px; min-width: 280px; order: 2;'> <img style='width: 100%; height: auto; border: 1px solid rgba(150&comma;150&comma;150&comma;0.3); border-radius: 8px;' src='http:\/\/ftp3.syscom.mx\/usuarios\/ftp\/2026\/01\/14\/1971\/Captura_de_pantalla_20260114_a_la_s__9.17.23a.m..png_froala_6967b38e48fd3' alt=''> <\/div>\n<div style='flex: 2 1 600px; min-width: 280px; order: 1;'>\n<h3 style='font-size: 22px; border-bottom: 2px solid currentColor; padding-bottom: 5px; margin-top: 0; color: inherit; opacity: 0.8;'>Eficiente&comma; sustentable y de bajo consumo<\/h3>\n<p style='font-size: 15px; color: inherit; margin-top: 15px; text-align: justify;'>Dise\u00f1ado con materiales ecol\u00f3gicos de policarbonato y cumpliendo con la normativa EMC clase B&comma; este equipo ofrece un funcionamiento saludable&comma; eficiente y amigable con el medio ambiente&comma; con un consumo energ\u00e9tico reducido de solo 13.2 W.<\/p>\n<\/p><\/div>\n<\/p><\/div>\n<p> <!-- Secci\u00f3n adicional 3 --> <\/p>\n<div style='display: flex; flex-wrap: wrap; gap: 30px; margin-bottom: 30px;'>\n<div style='flex: 1 1 300px; min-width: 280px;'> <img style='width: 100%; height: auto; border: 1px solid rgba(150&comma;150&comma;150&comma;0.3); border-radius: 8px;' src='http:\/\/ftp3.syscom.mx\/usuarios\/ftp\/2026\/01\/14\/1971\/Captura_de_pantalla_20260114_a_la_s__9.20.40a.m..png_froala_6967b4533e34f' alt=''> <\/div>\n<div style='flex: 2 1 600px; min-width: 280px;'>\n<h3 style='font-size: 22px; border-bottom: 2px solid currentColor; padding-bottom: 5px; margin-top: 0; color: inherit; opacity: 0.8;'>Mayor velocidad con uplink de 2.5 Gbps<\/h3>\n<p style='font-size: 15px; color: inherit; margin-top: 15px; text-align: justify;'>Cuenta con un <strong>puerto uplink 2.5 GE diferenciado<\/strong>&comma; que permite un acceso <strong>inal\u00e1mbrico y cableado m\u00e1s eficiente<\/strong>&comma; optimizando el rendimiento de la red y evitando cuellos de botella.<\/p>\n<\/p><\/div>\n<\/p><\/div>\n<p> <!-- Secci\u00f3n adicional 4 --> <\/p>\n<div style='display: flex; flex-wrap: wrap; gap: 30px; margin-bottom: 30px;'>\n<div style='flex: 1 1 300px; min-width: 280px; order: 2;'> <img style='width: 100%; height: auto; border: 1px solid rgba(150&comma;150&comma;150&comma;0.3); border-radius: 8px;' src='http:\/\/ftp3.syscom.mx\/usuarios\/ftp\/2025\/10\/22\/1971\/1761144118408.png_froala_68f8ed37afdc6' alt=''> <\/div>\n<div style='flex: 2 1 600px; min-width: 280px; order: 1;'>\n<h3 style='font-size: 22px; border-bottom: 2px solid currentColor; padding-bottom: 5px; margin-top: 0; color: inherit; opacity: 0.8;'>Gesti\u00f3n flexible y remota sin costo<\/h3>\n<p style='font-size: 15px; color: inherit; margin-top: 15px; text-align: justify;'>M\u00e9todos flexibles de gesti\u00f3n: desde la interfaz web&comma; APP (iOS\/Android\/Harmony OS) y desde la <a href='https:\/\/ekit.huawei.com\/#\/serve\/main?countryCode=MX&#038;lang=en' style='color: inherit; text-decoration: underline;'>nube SNC de Huawei eKit<\/a>.<\/p>\n<p style='font-size: 15px; color: inherit; margin-top: 15px; text-align: justify;'>Comparta proyectos para clientes espec\u00edficos&comma; gestione y d\u00e9 soporte t\u00e9cnico de manera remota sin pagos extra&comma; ya que es totalmente gratuita la plataforma de eKit.<\/p>\n<\/p><\/div>\n<\/p><\/div>\n<p> <!-- Secci\u00f3n adicional 5 --> <\/p>\n<div style='display: flex; flex-wrap: wrap; gap: 30px; margin-bottom: 30px;'>\n<div style='flex: 1 1 300px; min-width: 280px;'> <img style='width: 100%; height: auto; border: 1px solid rgba(150&comma;150&comma;150&comma;0.3); border-radius: 8px;' src='http:\/\/ftp3.syscom.mx\/usuarios\/ftp\/2025\/10\/22\/1971\/1761144251539.png_froala_68f8edbbcde2b' alt=''> <\/div>\n<div style='flex: 2 1 600px; min-width: 280px;'>\n<h3 style='font-size: 22px; border-bottom: 2px solid currentColor; padding-bottom: 5px; margin-top: 0; color: inherit; opacity: 0.8;'>Resoluci\u00f3n de problemas con IA<\/h3>\n<p style='font-size: 15px; color: inherit; margin-top: 15px; text-align: justify;'>Lo importante del soporte t\u00e9cnico o solucionar problemas&comma; es hacerlo de manera r\u00e1pida y efectiva.<\/p>\n<p style='font-size: 15px; color: inherit; margin-top: 15px; text-align: justify;'>Huawei viene a revolucionar esto con la funci\u00f3n de soluci\u00f3n de problemas impulsada por la IA (Inteligencia artificial)&comma; teniendo un diagn\u00f3stico de la red en sus diferentes par\u00e1metros en cuesti\u00f3n de minutos&comma; indicando problemas y posibles soluciones de cada uno de ellos.<\/p>\n<\/p><\/div>\n<\/p><\/div>\n<p> <!-- Secci\u00f3n adicional 6 --> <\/p>\n<div style='display: flex; flex-wrap: wrap; gap: 30px; margin-bottom: 30px;'>\n<div style='flex: 1 1 300px; min-width: 280px; order: 2;'> <img style='width: 100%; height: auto; border: 1px solid rgba(150&comma;150&comma;150&comma;0.3); border-radius: 8px;' src='http:\/\/ftp3.syscom.mx\/usuarios\/ftp\/2025\/10\/22\/1971\/1761144341865.jpeg_froala_68f8ee16889ee' alt=''> <\/div>\n<div style='flex: 2 1 600px; min-width: 280px; order: 1;'>\n<h3 style='font-size: 22px; border-bottom: 2px solid currentColor; padding-bottom: 5px; margin-top: 0; color: inherit; opacity: 0.8;'>Planea y simula tu red Wi-Fi con precisi\u00f3n usando WLAN Planner<\/h3>\n<p style='font-size: 15px; color: inherit; margin-top: 15px; text-align: justify;'>Para dimensionar una red Wi-Fi con un archivo entregable para el usuario final&comma; puedes utilizar la herramienta de planeaci\u00f3n <a href='https:\/\/sg.o3community.huawei.com\/sg\/en\/o3\/detail?activeIndex=undefined&#038;o3src=https:\/\/stm-sg.o3community.huawei.com\/stmo3\/en\/tool\/tool-details-extranet-o3-sxz%3Fid%3DGT2021113005' style='color: inherit; text-decoration: underline;'>WLAN Planner de Huawei<\/a>&comma; en la cual podr\u00e1s dibujar las paredes del sitio seg\u00fan su material para simular la cobertura que se tendr\u00e1 de acuerdo a los puntos de acceso Wi-Fi que selecciones.<\/p>\n<\/p><\/div>\n<\/p><\/div>\n<p> <!-- Secci\u00f3n adicional 7 --> <\/p>\n<div style='display: flex; flex-wrap: wrap; gap: 30px; margin-bottom: 30px;'>\n<div style='flex: 1 1 300px; min-width: 280px;'> <img style='width: 100%; height: auto; border: 1px solid rgba(150&comma;150&comma;150&comma;0.3); border-radius: 8px;' src='http:\/\/ftp3.syscom.mx\/usuarios\/ftp\/2025\/10\/22\/1971\/1761144660933.png_froala_68f8ef55554a4' alt=''> <\/div>\n<div style='flex: 2 1 600px; min-width: 280px;'>\n<h3 style='font-size: 22px; border-bottom: 2px solid currentColor; padding-bottom: 5px; margin-top: 0; color: inherit; opacity: 0.8;'>Configura y gestiona tu red eKit desde la app m\u00f3vil<\/h3>\n<p style='font-size: 15px; color: inherit; margin-top: 15px; text-align: justify;'>Con el siguiente c\u00f3digo QR puedes descargar la aplicaci\u00f3n de Huawei eKit en donde podr\u00e1s dar de alta equipos como: Routers&comma; Switch y puntos de acceso de la l\u00ednea eKit&comma; en cuesti\u00f3n de minutos y poder desplegar redes con la comodidad de su smartphone.<\/p>\n<p style='font-size: 15px; color: inherit; margin-top: 15px; text-align: justify;'>Disponible para iOS&comma; Android y Harmony OS.<\/p>\n<\/p><\/div>\n<\/p><\/div>\n<p> <!-- Secci\u00f3n con video --> <\/p>\n<div style='display: flex; flex-wrap: wrap; gap: 30px; margin-bottom: 30px;'>\n<div style='flex: 1 1 300px; min-width: 280px;'>\n<div style='position: relative; padding-bottom: 56.25%; height: 0; overflow: hidden; margin-bottom: 30px;'> <video style='position: absolute; top: 0; left: 0; width: 100%; height: 100%; border: none;' autoplay muted loop playsinline><source src='https:\/\/e-file.huawei.com\/mediares\/MarketingMaterial_MCD\/EBG\/PUBLIC\/en\/2024\/04\/64deee88-adbe-44f5-bd8d-d4b5599c9b51.mp4' type='video\/mp4'>Tu navegador no soporta la reproducci\u00f3n de video.<\/video> <\/div>\n<\/p><\/div>\n<div style='flex: 2 1 600px; min-width: 280px;'>\n<h3 style='font-size: 22px; border-bottom: 2px solid currentColor; padding-bottom: 5px; margin-top: 0; color: inherit; opacity: 0.8;'>Smart Antenna en Puntos de acceso eKit<\/h3>\n<p style='font-size: 15px; color: inherit; margin-top: 15px; text-align: justify;'>La funci\u00f3n Smart Antenna incluida en este punto de acceso es una caracter\u00edstica avanzada de antenaje que mejora la cobertura&comma; precisi\u00f3n y eficiencia de la se\u00f1al inal\u00e1mbrica&comma; ganando hasta un 20% m\u00e1s de cobertura.<\/p>\n<\/p><\/div>\n<\/p><\/div>\n<p> <!-- Separador final --> <\/p>\n<hr style='border: 0; border-top: 1px solid rgba(150&comma; 150&comma; 150&comma; 0.3); margin: 30px 0;'> <\/div>\n","protected":false},"excerpt":{"rendered":"<p>Punto de Acceso Inal\u00e1mbrico eKit Wi-Fi 7 \/ 3.57 Gbps \/ Smart Antenna \/ Montaje en Pared \/ Seguridad WPA3 \/ Gesti\u00f3n Local y en la Nube Gratis \/ Puerto 2.5GE + 4 GE<\/p>\n","protected":false},"featured_media":81380,"comment_status":"open","ping_status":"closed","template":"","meta":[],"product_brand":[],"product_cat":[1794],"product_tag":[718,1795,1479],"class_list":{"0":"post-81381","1":"product","2":"type-product","3":"status-publish","4":"has-post-thumbnail","6":"product_cat-puntos-de-acceso","7":"product_tag-huawei","8":"product_tag-puntos-de-acceso","9":"product_tag-redes-wifi","11":"first","12":"instock","13":"sale","14":"shipping-taxable","15":"purchasable","16":"product-type-simple"},"_links":{"self":[{"href":"https:\/\/soydeaqui.ddns.net\/pachuca\/index.php\/wp-json\/wp\/v2\/product\/81381","targetHints":{"allow":["GET"]}}],"collection":[{"href":"https:\/\/soydeaqui.ddns.net\/pachuca\/index.php\/wp-json\/wp\/v2\/product"}],"about":[{"href":"https:\/\/soydeaqui.ddns.net\/pachuca\/index.php\/wp-json\/wp\/v2\/types\/product"}],"replies":[{"embeddable":true,"href":"https:\/\/soydeaqui.ddns.net\/pachuca\/index.php\/wp-json\/wp\/v2\/comments?post=81381"}],"wp:featuredmedia":[{"embeddable":true,"href":"https:\/\/soydeaqui.ddns.net\/pachuca\/index.php\/wp-json\/wp\/v2\/media\/81380"}],"wp:attachment":[{"href":"https:\/\/soydeaqui.ddns.net\/pachuca\/index.php\/wp-json\/wp\/v2\/media?parent=81381"}],"wp:term":[{"taxonomy":"product_brand","embeddable":true,"href":"https:\/\/soydeaqui.ddns.net\/pachuca\/index.php\/wp-json\/wp\/v2\/product_brand?post=81381"},{"taxonomy":"product_cat","embeddable":true,"href":"https:\/\/soydeaqui.ddns.net\/pachuca\/index.php\/wp-json\/wp\/v2\/product_cat?post=81381"},{"taxonomy":"product_tag","embeddable":true,"href":"https:\/\/soydeaqui.ddns.net\/pachuca\/index.php\/wp-json\/wp\/v2\/product_tag?post=81381"}],"curies":[{"name":"wp","href":"https:\/\/api.w.org\/{rel}","templated":true}]}}