{"id":81376,"date":"2026-03-19T18:42:04","date_gmt":"2026-03-19T18:42:04","guid":{"rendered":"https:\/\/soydeaqui.ddns.net\/pachuca\/index.php\/producto\/punto-de-acceso-ekit-wi-fi-7-doble-banda-mlo-puerto-uplink-de-2-5-gbps-alta-densidad-hasta-1024-usuarios-gestion-gratuita-en-la-nube\/"},"modified":"2026-03-19T18:42:13","modified_gmt":"2026-03-19T18:42:13","slug":"punto-de-acceso-ekit-wi-fi-7-doble-banda-mlo-puerto-uplink-de-2-5-gbps-alta-densidad-hasta-1024-usuarios-gestion-gratuita-en-la-nube","status":"publish","type":"product","link":"https:\/\/soydeaqui.ddns.net\/pachuca\/index.php\/producto\/punto-de-acceso-ekit-wi-fi-7-doble-banda-mlo-puerto-uplink-de-2-5-gbps-alta-densidad-hasta-1024-usuarios-gestion-gratuita-en-la-nube\/","title":{"rendered":"Punto de Acceso eKit Wi-Fi 7 \/ Doble Banda \/ MLO \/ Puerto Uplink de 2.5 Gbps \/ Alta Densidad Hasta 1,024 Usuarios \/ Gesti\u00f3n Gratuita en la Nube"},"content":{"rendered":"<div style='width: 100%; max-width: 1200px; margin: 0 auto; font-family: sans-serif; line-height: 1.6; color: inherit; background-color: transparent;'> <!-- Imagen principal --> <\/p>\n<div style='margin-bottom: 30px;'> <img style='width: 100%; height: auto; border: 1px solid rgba(150&comma;150&comma;150&comma;0.3); border-radius: 8px;' src='https:\/\/ftp3.syscom.mx\/usuarios\/fotos\/AP362\/223796-captura_de_pantalla_2023-12-06_a_la(s)_15.46.50.png' alt='Huawei eKit AP572'> <\/div>\n<p> <!-- Descripci\u00f3n principal --> <\/p>\n<div style='margin-bottom: 30px;'>\n<p style='font-size: 16px; color: inherit;'> eKitEngine AP572 es un punto de acceso para interiores que cumple con el \u00faltimo est\u00e1ndar Wi-Fi 7 (802.11be). Con la operaci\u00f3n multienlace (MLO) para agregaci\u00f3n de enlaces&comma; la tecnolog\u00eda multiusuario de m\u00faltiples entradas y m\u00faltiples salidas (MU-MIMO)&comma; el ancho de canal Wi-Fi 7 de 160 MHz y la modulaci\u00f3n de amplitud en cuadratura (QAM) de 4096 MHz. <\/p>\n<\/p><\/div>\n<p> <!-- Logo eKit --> <\/p>\n<div style='margin-bottom: 30px; text-align: center;'> <img style='width: auto; height: 80px; border: 1px solid rgba(150&comma;150&comma;150&comma;0.3); border-radius: 8px;' src='https:\/\/ftp3.syscom.mx\/usuarios\/fotos\/FG736\/241827-ekit-logo.png' alt='eKit Logo'> <\/div>\n<p> <!-- Especificaciones --> <\/p>\n<div style='display: flex; flex-wrap: wrap; gap: 20px; margin-bottom: 30px;'>\n<div style='flex: 1 1 300px; border: 1px solid rgba(150&comma; 150&comma; 150&comma; 0.4); border-radius: 8px; overflow: hidden; display: flex; flex-direction: column;'>\n<div style='padding: 15px; border-bottom: 1px solid rgba(150&comma; 150&comma; 150&comma; 0.2); font-weight: bold; font-size: 18px; color: inherit;'>Especificaciones<\/div>\n<div style='padding: 15px; color: inherit;'>\n<ul style='padding-left: 20px; margin: 0; font-size: 14px; list-style-type: disc;'>\n<li style='margin-bottom: 5px;'>Dimensiones: 220 mm x 45 mm<\/li>\n<li style='margin-bottom: 5px;'>Puertos: 1 x Uplink PoE 2.5 Gbps + 1 Secundario 1 Gbps + 1 USB<\/li>\n<li style='margin-bottom: 5px;'>Protocolo Wi-Fi 7 (802.11be)<\/li>\n<li style='margin-bottom: 5px;'>Ganancia de antenas: 2.4 GHz: 4 dBi \/ 5 GHz: 5 dBi<\/li>\n<li style='margin-bottom: 5px;'>Potencia de salida: 2.4 GHz 23 dBm \/ 5 GHz 26 dBm<\/li>\n<li style='margin-bottom: 5px;'>10 SSIDs por cada radio<\/li>\n<li style='margin-bottom: 5px;'>Cantidad m\u00e1xima de usuarios: 1&comma;024 (Recomendado para 160 usuarios)<\/li>\n<li style='margin-bottom: 5px;'>Fuente de alimentaci\u00f3n: PoE af\/at<\/li>\n<li style='margin-bottom: 5px;'>M\u00e1ximo consumo: 14.8W (Excluyendo USB)<\/li>\n<li style='margin-bottom: 5px;'>Temperatura de operaci\u00f3n: 0\u00b0C a 50\u00b0C<\/li>\n<li style='margin-bottom: 5px;'>Peso: 0.730 kg<\/li>\n<li style='margin-bottom: 5px;'>No incluye inyector PoE&comma; agregar por separado modelo: <a style='color: inherit; text-decoration: underline;' href='https:\/\/www.syscom.mx\/products\/228206'>AD-560062T0E<\/a><\/li>\n<\/ul><\/div>\n<\/p><\/div>\n<div style='flex: 1 1 300px; border: 1px solid rgba(150&comma; 150&comma; 150&comma; 0.4); border-radius: 8px; overflow: hidden; display: flex; flex-direction: column;'>\n<div style='padding: 15px; border-bottom: 1px solid rgba(150&comma; 150&comma; 150&comma; 0.2); font-weight: bold; font-size: 18px; color: inherit;'>Caracter\u00edsticas de las interfaces<\/div>\n<div style='padding: 15px; color: inherit;'>\n<ul style='padding-left: 20px; margin: 0; font-size: 14px; list-style-type: disc;'>\n<li style='margin-bottom: 5px;'>1 Puerto PoE Uplink RJ45 100\/1000\/2500 Mbit\/s (Autonegociable)<\/li>\n<li style='margin-bottom: 5px;'>1 Puerto Secundario RJ45 10\/100\/1000 Mbit\/s (Autonegociable)<\/li>\n<li style='margin-bottom: 5px;'>IEEE 802.11 b\/g\/n\/ax\/be (2.4 GHz)<\/li>\n<li style='margin-bottom: 5px;'>IEEE 802.11 a\/n\/ac\/ax\/be (5 GHz)<\/li>\n<li style='margin-bottom: 5px;'>MU-MIMO (2.4 GHz: 2&#215;2 &#038; 5 GHz: 4&#215;4)<\/li>\n<li style='margin-bottom: 5px;'>Beamforming<\/li>\n<li style='margin-bottom: 5px;'>802.11k and 802.11v smart roaming<\/li>\n<li style='margin-bottom: 5px;'>802.11r fast roaming (\u2264 50 ms)<\/li>\n<li style='margin-bottom: 5px;'>MLO (Multi Link Operation)<\/li>\n<li style='margin-bottom: 5px;'>Modulaci\u00f3n de hasta 4096 QAM<\/li>\n<li style='margin-bottom: 5px;'>Ancho de canal de hasta 160 MHz<\/li>\n<\/ul><\/div>\n<\/p><\/div>\n<div style='flex: 1 1 300px; border: 1px solid rgba(150&comma; 150&comma; 150&comma; 0.4); border-radius: 8px; overflow: hidden; display: flex; flex-direction: column;'>\n<div style='padding: 15px; border-bottom: 1px solid rgba(150&comma; 150&comma; 150&comma; 0.2); font-weight: bold; font-size: 18px; color: inherit;'>Funciones del equipo<\/div>\n<div style='padding: 15px; color: inherit;'>\n<ul style='padding-left: 20px; margin: 0; font-size: 14px; list-style-type: disc;'>\n<li style='margin-bottom: 5px;'>Sincronizaci\u00f3n autom\u00e1tica de la configuraci\u00f3n Wi-Fi<\/li>\n<li style='margin-bottom: 5px;'>Soluci\u00f3n de problemas basado en IA (en minutos)<\/li>\n<li style='margin-bottom: 5px;'>Soporta funci\u00f3n MESH<\/li>\n<li style='margin-bottom: 5px;'>Modos de gesti\u00f3n: Interfaz web&comma; CLI o Nube de SNC de Huawei<\/li>\n<li style='margin-bottom: 5px;'>Aislamiento de clientes en la misma VLAN<\/li>\n<li style='margin-bottom: 5px;'>WPA-WPA2\/WPA2-WPA3 Autenticaci\u00f3n h\u00edbrida<\/li>\n<li style='margin-bottom: 5px;'>Calibraci\u00f3n autom\u00e1tica de radios<\/li>\n<\/ul><\/div>\n<\/p><\/div>\n<\/p><\/div>\n<p> <!-- C\u00f3mo funciona Smart Antenna --> <\/p>\n<div style='margin-bottom: 30px;'>\n<h2 style='font-size: 22px; color: inherit; margin-top: 0; margin-bottom: 15px;'>\u00bfC\u00f3mo funciona Smart Antenna?<\/h2>\n<div style='display: flex; flex-wrap: wrap; gap: 20px; align-items: center;'>\n<div style='flex: 1 1 300px; min-width: 280px;'>\n<p style='font-size: 15px; color: inherit;'> Las redes Wi-Fi tradicionales tienen direcciones de cobertura fijas&comma; lo que genera muchos puntos ciegos. <\/p>\n<p style='font-size: 15px; color: inherit;'> Ajuste inteligentemente el \u00e1ngulo de la antena y la intensidad de la se\u00f1al para cubrir con precisi\u00f3n las dispositivos finales. <\/p>\n<\/p><\/div>\n<div style='flex: 1 1 300px; min-width: 280px;'>\n<div style='position: relative; padding-bottom: 56.25%; height: 0; overflow: hidden;'> <video style='position: absolute; top: 0; left: 0; width: 100%; height: 100%; border: 1px solid rgba(150&comma;150&comma;150&comma;0.3); border-radius: 8px; background-color: #000;' autoplay loop muted controls><source src='https:\/\/e-file.huawei.com\/mediares\/MarketingMaterial_MCD\/EBG\/PUBLIC\/en\/2024\/04\/64deee88-adbe-44f5-bd8d-d4b5599c9b51.mp4' type='video\/mp4'>Tu navegador no soporta el elemento de video.<\/video> <\/div>\n<\/p><\/div>\n<\/p><\/div>\n<\/p><\/div>\n<p> <!-- Gesti\u00f3n en la nube --> <\/p>\n<div style='margin-bottom: 30px;'>\n<div style='display: flex; flex-wrap: wrap; gap: 20px; align-items: center;'>\n<div style='flex: 1 1 400px; min-width: 280px;'> <img style='width: 100%; height: auto; border: 1px solid rgba(150&comma;150&comma;150&comma;0.3); border-radius: 8px;' src='https:\/\/ftp3.syscom.mx\/usuarios\/fotos\/AP271E\/241040-snc.png' alt='Gesti\u00f3n en la nube SNC'> <\/div>\n<div style='flex: 1 1 400px; min-width: 280px;'>\n<p style='font-size: 15px; color: inherit;'> M\u00e9todos flexibles de gesti\u00f3n: desde la interfaz web&comma; APP (iOS\/Android\/Harmony OS) y desde la <a style='color: inherit; text-decoration: underline;' href='https:\/\/ekit.huawei.com\/'>nube SNC<\/a> de Huawei. <\/p>\n<p style='font-size: 15px; color: inherit;'> Comparta proyectos para clientes espec\u00edficos&comma; gestione y de soporte t\u00e9cnico de manera remota sin pagos extras&comma; ya que es totalmente gratuita la plataforma de eKit. <\/p>\n<\/p><\/div>\n<\/p><\/div>\n<\/p><\/div>\n<p> <!-- Soluci\u00f3n de problemas con IA --> <\/p>\n<div style='margin-bottom: 30px;'>\n<div style='display: flex; flex-wrap: wrap; gap: 20px; align-items: center;'>\n<div style='flex: 1 1 400px; min-width: 280px;'>\n<p style='font-size: 15px; color: inherit;'> Lo importante del soporte t\u00e9cnico o solucionar problemas&comma; es hacerlo de manera r\u00e1pida y efectiva. <\/p>\n<p style='font-size: 15px; color: inherit;'> Huawei viene a revolucionar esto con la funci\u00f3n de soluci\u00f3n de problemas impulsado por la IA (Inteligencia artificial) teniendo un diagn\u00f3stico de la red en sus diferentes par\u00e1metros en cuesti\u00f3n de minutos&comma; indicando problemas y posibles soluciones de cada uno de ellos. <\/p>\n<\/p><\/div>\n<div style='flex: 1 1 400px; min-width: 280px;'> <img style='width: 100%; height: auto; border: 1px solid rgba(150&comma;150&comma;150&comma;0.3); border-radius: 8px;' src='https:\/\/ftp3.syscom.mx\/usuarios\/fotos\/AP271E\/241040-ia_troubleshooting.png' alt='Soluci\u00f3n de problemas con IA'> <\/div>\n<\/p><\/div>\n<\/p><\/div>\n<p> <!-- WLAN Planner --> <\/p>\n<div style='margin-bottom: 30px;'>\n<div style='display: flex; flex-wrap: wrap; gap: 20px; align-items: center;'>\n<div style='flex: 1 1 400px; min-width: 280px;'> <img style='width: 100%; height: auto; border: 1px solid rgba(150&comma;150&comma;150&comma;0.3); border-radius: 8px;' src='https:\/\/ftp3.syscom.mx\/usuarios\/fotos\/AP271E\/241040-9c1384c482cb48a68f84e5b74444479a.jpeg' alt='WLAN Planner'> <\/div>\n<div style='flex: 1 1 400px; min-width: 280px;'>\n<p style='font-size: 15px; color: inherit;'> Para dimensionar una red Wi-Fi con un archivo entregable para el usuario final&comma; puedes utilizar la herramienta de planeaci\u00f3n <a style='color: inherit; text-decoration: underline;' href='https:\/\/sg.o3community.huawei.com\/sg\/en\/o3\/detail?activeIndex=undefined&#038;o3src=https:\/\/stm-sg.o3community.huawei.com\/stmo3\/en\/tool\/tool-details-extranet-o3-sxz%3Fid%3DGT2021113005'>WLAN Planner de Huawei<\/a>&comma; en la cual podr\u00e1s dibujar las paredes del sitio seg\u00fan su material para simular la cobertura que se tendr\u00e1 de acuerdo a los puntos de acceso Wi-Fi que selecciones. <\/p>\n<\/p><\/div>\n<\/p><\/div>\n<\/p><\/div>\n<p> <!-- Aplicaci\u00f3n eKit --> <\/p>\n<div style='margin-bottom: 30px;'>\n<div style='display: flex; flex-wrap: wrap; gap: 20px; align-items: center;'>\n<div style='flex: 1 1 400px; min-width: 280px;'>\n<p style='font-size: 15px; color: inherit;'> Con el siguiente c\u00f3digo QR puedes descargar la aplicaci\u00f3n de Huawei eKit en donde podr\u00e1s dar de alta equipos como: Routers&comma; Switch y puntos de acceso de la l\u00ednea eKit&comma; en cuesti\u00f3n de minutos y poder desplegar redes de la comodidad de su smartphone. <\/p>\n<p style='font-size: 15px; color: inherit;'> Disponible para iOS&comma; Android y Harmony OS. <\/p>\n<\/p><\/div>\n<div style='flex: 1 1 400px; min-width: 280px;'> <img style='width: 100%; height: auto; border: 1px solid rgba(150&comma;150&comma;150&comma;0.3); border-radius: 8px;' src='https:\/\/ftp3.syscom.mx\/usuarios\/fotos\/AP271E\/241040-223794-ekitqr.png' alt='C\u00f3digo QR eKit'> <\/div>\n<\/p><\/div>\n<\/p><\/div>\n<p> <!-- 4096-QAM --> <\/p>\n<div style='margin-bottom: 30px;'>\n<div style='display: flex; flex-wrap: wrap; gap: 20px; align-items: center;'>\n<div style='flex: 1 1 400px; min-width: 280px;'> <img style='width: 100%; height: auto; border: 1px solid rgba(150&comma;150&comma;150&comma;0.3); border-radius: 8px;' src='https:\/\/ftp3.syscom.mx\/usuarios\/fotos\/AP371\/231653-qam_wi-fi_7.png' alt='4096-QAM'> <\/div>\n<div style='flex: 1 1 400px; min-width: 280px;'>\n<p style='font-size: 15px; color: inherit;'> <span style='font-weight: bold;'>Modulaci\u00f3n m\u00e1xima de 4096-QAM<\/span> <\/p>\n<p style='font-size: 15px; color: inherit;'> Se transmiten muchos m\u00e1s datos en el mismo periodo&comma; lo que mejora la velocidad de transmisi\u00f3n en un 20 %. Esto se convierte en una mejor experiencia Wi-Fi para los dispositivos finales&comma; al estar conectados en puntos de acceso Huawei eKit. <\/p>\n<\/p><\/div>\n<\/p><\/div>\n<\/p><\/div>\n<p> <!-- Escenarios de aplicaci\u00f3n --> <\/p>\n<div style='margin-bottom: 30px;'>\n<h2 style='font-size: 22px; color: inherit; margin-top: 0; margin-bottom: 15px; text-align: center;'>Escenario t\u00edpicos de aplicaci\u00f3n<\/h2>\n<div style='display: flex; flex-wrap: wrap; gap: 20px; justify-content: center;'>\n<div style='flex: 1 1 300px; min-width: 250px;'> <img style='width: 100%; height: auto; border: 1px solid rgba(150&comma;150&comma;150&comma;0.3); border-radius: 8px;' src='https:\/\/ftp3.syscom.mx\/usuarios\/fotos\/AP271E\/241040-hotel.png' alt='Hoteler\u00eda'> <\/p>\n<p style='text-align: center; margin-top: 10px; font-size: 16px; color: inherit;'>Hoteler\u00eda<\/p>\n<\/p><\/div>\n<div style='flex: 1 1 300px; min-width: 250px;'> <img style='width: 100%; height: auto; border: 1px solid rgba(150&comma;150&comma;150&comma;0.3); border-radius: 8px;' src='https:\/\/ftp3.syscom.mx\/usuarios\/fotos\/AP572\/241030-restaurante.jpg' alt='Restaurantes'> <\/p>\n<p style='text-align: center; margin-top: 10px; font-size: 16px; color: inherit;'>Restaurantes<\/p>\n<\/p><\/div>\n<div style='flex: 1 1 300px; min-width: 250px;'> <img style='width: 100%; height: auto; border: 1px solid rgba(150&comma;150&comma;150&comma;0.3); border-radius: 8px;' src='https:\/\/ftp3.syscom.mx\/usuarios\/fotos\/AP572\/241030-centro_de_convenciones.jpg' alt='Centros de convenciones'> <\/p>\n<p style='text-align: center; margin-top: 10px; font-size: 16px; color: inherit;'>Centros de convenciones<\/p>\n<\/p><\/div>\n<div style='flex: 1 1 300px; min-width: 250px;'> <img style='width: 100%; height: auto; border: 1px solid rgba(150&comma;150&comma;150&comma;0.3); border-radius: 8px;' src='https:\/\/ftp3.syscom.mx\/usuarios\/fotos\/AP271E\/241040-escuela.png' alt='Salones de clases'> <\/p>\n<p style='text-align: center; margin-top: 10px; font-size: 16px; color: inherit;'>Salones de clases<\/p>\n<\/p><\/div>\n<div style='flex: 1 1 300px; min-width: 250px;'> <img style='width: 100%; height: auto; border: 1px solid rgba(150&comma;150&comma;150&comma;0.3); border-radius: 8px;' src='https:\/\/ftp3.syscom.mx\/usuarios\/fotos\/AP572\/241030-centro_comercial.jpg' alt='Centros comerciales'> <\/p>\n<p style='text-align: center; margin-top: 10px; font-size: 16px; color: inherit;'>Centros comerciales<\/p>\n<\/p><\/div>\n<div style='flex: 1 1 300px; min-width: 250px;'> <img style='width: 100%; height: auto; border: 1px solid rgba(150&comma;150&comma;150&comma;0.3); border-radius: 8px;' src='https:\/\/ftp3.syscom.mx\/usuarios\/fotos\/AP572\/241030-aeropuerto.jpeg' alt='Aeropuertos'> <\/p>\n<p style='text-align: center; margin-top: 10px; font-size: 16px; color: inherit;'>Aeropuertos<\/p>\n<\/p><\/div>\n<\/p><\/div>\n<\/p><\/div>\n<p> <!-- Separador final --> <\/p>\n<hr style='border: 0; border-top: 1px solid rgba(150&comma; 150&comma; 150&comma; 0.3); margin: 30px 0;'> <\/div>\n","protected":false},"excerpt":{"rendered":"<p>Punto de Acceso eKit Wi-Fi 7 \/ Doble Banda \/ MLO \/ Puerto Uplink de 2.5 Gbps \/ Alta Densidad Hasta 1,024 Usuarios \/ Gesti\u00f3n Gratuita en la Nube<\/p>\n","protected":false},"featured_media":81375,"comment_status":"open","ping_status":"closed","template":"","meta":[],"product_brand":[],"product_cat":[1794],"product_tag":[718,1795,1479],"class_list":{"0":"post-81376","1":"product","2":"type-product","3":"status-publish","4":"has-post-thumbnail","6":"product_cat-puntos-de-acceso","7":"product_tag-huawei","8":"product_tag-puntos-de-acceso","9":"product_tag-redes-wifi","11":"first","12":"outofstock","13":"sale","14":"shipping-taxable","15":"purchasable","16":"product-type-simple"},"_links":{"self":[{"href":"https:\/\/soydeaqui.ddns.net\/pachuca\/index.php\/wp-json\/wp\/v2\/product\/81376","targetHints":{"allow":["GET"]}}],"collection":[{"href":"https:\/\/soydeaqui.ddns.net\/pachuca\/index.php\/wp-json\/wp\/v2\/product"}],"about":[{"href":"https:\/\/soydeaqui.ddns.net\/pachuca\/index.php\/wp-json\/wp\/v2\/types\/product"}],"replies":[{"embeddable":true,"href":"https:\/\/soydeaqui.ddns.net\/pachuca\/index.php\/wp-json\/wp\/v2\/comments?post=81376"}],"wp:featuredmedia":[{"embeddable":true,"href":"https:\/\/soydeaqui.ddns.net\/pachuca\/index.php\/wp-json\/wp\/v2\/media\/81375"}],"wp:attachment":[{"href":"https:\/\/soydeaqui.ddns.net\/pachuca\/index.php\/wp-json\/wp\/v2\/media?parent=81376"}],"wp:term":[{"taxonomy":"product_brand","embeddable":true,"href":"https:\/\/soydeaqui.ddns.net\/pachuca\/index.php\/wp-json\/wp\/v2\/product_brand?post=81376"},{"taxonomy":"product_cat","embeddable":true,"href":"https:\/\/soydeaqui.ddns.net\/pachuca\/index.php\/wp-json\/wp\/v2\/product_cat?post=81376"},{"taxonomy":"product_tag","embeddable":true,"href":"https:\/\/soydeaqui.ddns.net\/pachuca\/index.php\/wp-json\/wp\/v2\/product_tag?post=81376"}],"curies":[{"name":"wp","href":"https:\/\/api.w.org\/{rel}","templated":true}]}}