{"id":81370,"date":"2026-03-19T18:41:48","date_gmt":"2026-03-19T18:41:48","guid":{"rendered":"https:\/\/soydeaqui.ddns.net\/pachuca\/index.php\/producto\/punto-de-acceso-wi-fi-7-para-exterior-sectorial-70o-1024-usuarios-puerto-sfp-hasta-6-45-gbps-gestion-gratuita-desde-la-nube\/"},"modified":"2026-03-19T18:42:00","modified_gmt":"2026-03-19T18:42:00","slug":"punto-de-acceso-wi-fi-7-para-exterior-sectorial-70o-1024-usuarios-puerto-sfp-hasta-6-45-gbps-gestion-gratuita-desde-la-nube","status":"publish","type":"product","link":"https:\/\/soydeaqui.ddns.net\/pachuca\/index.php\/producto\/punto-de-acceso-wi-fi-7-para-exterior-sectorial-70o-1024-usuarios-puerto-sfp-hasta-6-45-gbps-gestion-gratuita-desde-la-nube\/","title":{"rendered":"Punto de Acceso Wi-Fi 7 para Exterior \/ Sectorial 70\u00ba \/ 1,024 Usuarios \/ Puerto SFP+ \/ Hasta 6.45 Gbps \/ Gesti\u00f3n Gratuita desde la Nube"},"content":{"rendered":"<div style='width: 100%; max-width: 1200px; margin: 0 auto; font-family: sans-serif; line-height: 1.6; color: inherit; background-color: transparent;'> <!-- Secci\u00f3n de video principal --> <\/p>\n<div style='display: flex; flex-wrap: wrap; gap: 30px; margin-bottom: 30px;'>\n<div style='flex: 1 1 300px; min-width: 280px;'>\n<div style='position: relative; padding-bottom: 56.25%; height: 0; overflow: hidden; margin-bottom: 30px;'> <video src='https:\/\/ftp3.syscom.mx\/usuarios\/axel\/Huawei\/eKit\/AP772E\/HUAWEI%20eKitEngine%20AP772E%20Wireless%20Access%20Point%20Product%20Introduction%20Video.mp4' autoplay muted loop playsinline style='position: absolute; top: 0; left: 0; width: 100%; height: 100%; border: 1px solid rgba(150&comma;150&comma;150&comma;0.3); border-radius: 8px;' class='fr-fvc fr-dvb fr-draggable'><\/video> <\/div>\n<\/p><\/div>\n<\/p><\/div>\n<p> <!-- Secci\u00f3n de descripci\u00f3n principal --> <\/p>\n<div style='display: flex; flex-wrap: wrap; gap: 30px; margin-bottom: 30px;'>\n<div style='flex: 1 1 300px; min-width: 280px;'> <img src='http:\/\/ftp3.syscom.mx\/usuarios\/ftp\/2025\/11\/10\/1971\/Captura_de_pantalla_20251110_a_la_s__1.59.48p.m..png_froala_69124439386cc' alt='Switch Industrial eKit S210I-8T4SX' style='width: 100%; height: auto; border: 1px solid rgba(150&comma;150&comma;150&comma;0.3); border-radius: 8px;'> <\/div>\n<div style='flex: 1 1 360px; min-width: 280px;'>\n<h3 style='font-size: 22px; border-bottom: 2px solid currentColor; padding-bottom: 5px; margin-top: 0; color: inherit; opacity: 0.8;'>Potencia y eficiencia Wi-Fi 7 para cualquier espacio exterior<\/h3>\n<p style='color: inherit; font-size: 15px; margin-top: 15px; margin-bottom: 15px; text-align: justify;'>El Huawei eKitEngine AP772E es un punto de acceso Wi-Fi 7 para exteriores con seis flujos espaciales que ofrece una experiencia inal\u00e1mbrica superior. Destaca por su amplia cobertura con su antena sectorial&comma; protecci\u00f3n IP68 y alta resistencia a sobretensiones&comma; ideal para estadios&comma; plazas y parques de alta densidad.<\/p>\n<\/p><\/div>\n<\/p><\/div>\n<p> <!-- Secci\u00f3n de cards con especificaciones --> <\/p>\n<div style='display: flex; flex-wrap: wrap; gap: 20px; margin-bottom: 30px;'> <!-- Caracter\u00edsticas principales --> <\/p>\n<div style='flex: 1 1 250px; border: 1px solid rgba(150&comma; 150&comma; 150&comma; 0.4); border-radius: 8px; overflow: hidden; display: flex; flex-direction: column;'>\n<div style='padding: 15px; border-bottom: 1px solid rgba(150&comma; 150&comma; 150&comma; 0.2); font-weight: bold; font-size: 18px; color: inherit;'>Caracter\u00edsticas principales<\/div>\n<div style='padding: 15px; color: inherit;'>\n<ul style='padding-left: 20px; margin: 0; font-size: 14px; list-style-type: disc;'>\n<li style='margin-bottom: 5px;'>(1) Puerto Ethernet PoE in 10\/100\/1000\/25000 Mbps<\/li>\n<li style='margin-bottom: 5px;'>(1) Puerto SFP+ 1000\/25000\/10000 Mbps<\/li>\n<li style='margin-bottom: 5px;'>(1) Entrada de alimentaci\u00f3n CD<\/li>\n<li style='margin-bottom: 5px;'>(1) Puerto USB<\/li>\n<li style='margin-bottom: 5px;'><strong>Modo de operaci\u00f3n:<\/strong> Punto de Acceso<\/li>\n<li style='margin-bottom: 5px;'><strong>Frecuencias:<\/strong> 2.4 y 5 GHz<\/li>\n<li style='margin-bottom: 5px;'>MU-MIMO: 2.4 GHz: 2&#215;2 \/ 5 GHz 4&#215;4<\/li>\n<li style='margin-bottom: 5px;'><strong>Ganancia:<\/strong> 2.4 GHz 10 dBi \/ 5 GHz 11 dBi<\/li>\n<li style='margin-bottom: 5px;'><strong>Potencia:<\/strong> 2.4 GHz 28 dBm \/ 5 GHz 30 dBm<\/li>\n<li style='margin-bottom: 5px;'><strong>Seguridad Inal\u00e1mbrica:<\/strong> WEP&comma; WPA\/WPA2-PSK&comma; WPA3-SAE&comma; WPA\/WPA2-PPSK&comma; y WPA\/WPA2\/WPA3-802.1X<\/li>\n<li style='margin-bottom: 5px;'><strong>Gesti\u00f3n:<\/strong> interfaz web&comma; CLI&comma; nube&comma; APP o controladora f\u00edsica<\/li>\n<li style='margin-bottom: 5px;'><strong>Cantidad de clientes:<\/strong> 1&comma;024 m\u00e1ximo&comma; 130 recomendado<\/li>\n<li style='margin-bottom: 5px;'><strong>Cobertura:<\/strong> Hasta 250 metros<\/li>\n<\/ul><\/div>\n<\/p><\/div>\n<p> <!-- Caracter\u00edsticas f\u00edsicas y el\u00e9ctricas --> <\/p>\n<div style='flex: 1 1 250px; border: 1px solid rgba(150&comma; 150&comma; 150&comma; 0.4); border-radius: 8px; overflow: hidden; display: flex; flex-direction: column;'>\n<div style='padding: 15px; border-bottom: 1px solid rgba(150&comma; 150&comma; 150&comma; 0.2); font-weight: bold; font-size: 18px; color: inherit;'>Caracter\u00edsticas f\u00edsicas y el\u00e9ctricas<\/div>\n<div style='padding: 15px; color: inherit;'>\n<ul style='padding-left: 20px; margin: 0; font-size: 14px; list-style-type: disc;'>\n<li style='margin-bottom: 5px;'><strong>Doble banda:<\/strong> 2.4 y 5 GHz<\/li>\n<li style='margin-bottom: 5px;'><strong>N\u00famero de SSIDs:<\/strong> 10<\/li>\n<li style='margin-bottom: 5px;'><strong>Alimentaci\u00f3n:<\/strong> PoE: 802.3at\/bt (No incluido&comma; se recomienda el modelo: <a href='https:\/\/www.syscom.pro\/products\/228206\/5600620' style='color: inherit; text-decoration: underline;'>AD-560062T0E<\/a>) CD: 43.2 V a 57.6 V<\/li>\n<li style='margin-bottom: 5px;'><strong>Dimensiones:<\/strong> 170 mm x 555 mm x 370 mm<\/li>\n<li style='margin-bottom: 5px;'><strong>Peso:<\/strong> 5.65 kg<\/li>\n<li style='margin-bottom: 5px;'><strong>Consumo m\u00e1ximo:<\/strong> 20.4 W (Excluyendo el puerto USB)<\/li>\n<li style='margin-bottom: 5px;'><strong>Temperatura de operaci\u00f3n:<\/strong> \u201340\u00b0C to +70\u00b0C<\/li>\n<li style='margin-bottom: 5px;'><strong>Humedad de operaci\u00f3n:<\/strong> 5% a 95% (No condensado)<\/li>\n<\/ul><\/div>\n<\/p><\/div>\n<p> <!-- Funciones avanzadas --> <\/p>\n<div style='flex: 1 1 250px; border: 1px solid rgba(150&comma; 150&comma; 150&comma; 0.4); border-radius: 8px; overflow: hidden; display: flex; flex-direction: column;'>\n<div style='padding: 15px; border-bottom: 1px solid rgba(150&comma; 150&comma; 150&comma; 0.2); font-weight: bold; font-size: 18px; color: inherit;'>Funciones avanzadas<\/div>\n<div style='padding: 15px; color: inherit;'>\n<ul style='padding-left: 20px; margin: 0; font-size: 14px; list-style-type: disc;'>\n<li style='margin-bottom: 5px;'>Smart Antenna (Hasta 20% m\u00e1s cobertura)<\/li>\n<li style='margin-bottom: 5px;'>Beamforming<\/li>\n<li style='margin-bottom: 5px;'>Bandsteering<\/li>\n<li style='margin-bottom: 5px;'>Optimizaci\u00f3n de Wi-Fi basada en IA<\/li>\n<li style='margin-bottom: 5px;'>Aislamiento de clientes<\/li>\n<li style='margin-bottom: 5px;'>Escaneo autom\u00e1tico de canales para mitigar interferencias<\/li>\n<li style='margin-bottom: 5px;'>Smart y fast Roaming<\/li>\n<li style='margin-bottom: 5px;'>Horarios de Wi-Fi<\/li>\n<li style='margin-bottom: 5px;'>Resoluci\u00f3n de problemas con IA desde nube SNC<\/li>\n<li style='margin-bottom: 5px;'>Soporta redes MESH<\/li>\n<\/ul><\/div>\n<\/p><\/div>\n<p> <!-- Contenido del paquete --> <\/p>\n<div style='flex: 1 1 250px; border: 1px solid rgba(150&comma; 150&comma; 150&comma; 0.4); border-radius: 8px; overflow: hidden; display: flex; flex-direction: column;'>\n<div style='padding: 15px; border-bottom: 1px solid rgba(150&comma; 150&comma; 150&comma; 0.2); font-weight: bold; font-size: 18px; color: inherit;'>Contenido del paquete<\/div>\n<div style='padding: 15px; color: inherit;'>\n<ul style='padding-left: 20px; margin: 0; font-size: 14px; list-style-type: disc;'>\n<li style='margin-bottom: 5px;'>(1) Punto de acceso AP772<\/li>\n<li style='margin-bottom: 5px;'>(2) Tornilllos<\/li>\n<li style='margin-bottom: 5px;'>(2) Abrazadera metalica<\/li>\n<li style='margin-bottom: 5px;'>(1) Montaje para pared o mastil<\/li>\n<\/ul><\/div>\n<div style='padding: 15px; border-top: 1px solid rgba(150&comma; 150&comma; 150&comma; 0.2); color: inherit;'>\n<div style='font-weight: bold; margin-bottom: 10px;'>Accesorios opcionales:<\/div>\n<ul style='padding-left: 20px; margin: 0; font-size: 14px; list-style-type: disc;'>\n<li style='margin-bottom: 5px;'>Inyector PoE: <a href='https:\/\/www.syscom.pro\/products\/228206\/5600620' style='color: inherit; text-decoration: underline;'>AD-560062T0E<\/a><\/li>\n<\/ul><\/div>\n<\/p><\/div>\n<\/p><\/div>\n<p> <!-- Secci\u00f3n de caracter\u00edsticas detalladas --> <\/p>\n<div style='display: flex; flex-wrap: wrap; gap: 30px; margin-bottom: 30px;'>\n<div style='flex: 1 1 300px; min-width: 280px;'> <img src='http:\/\/ftp3.syscom.mx\/usuarios\/ftp\/2025\/10\/23\/1971\/1761258779492.png_froala_68faad1cd085a' alt='Switch Industrial eKit S210I-8T4SX' style='width: 100%; height: auto; border: 1px solid rgba(150&comma;150&comma;150&comma;0.3); border-radius: 8px;'> <\/div>\n<div style='flex: 1 1 360px; min-width: 280px;'>\n<h3 style='font-size: 22px; border-bottom: 2px solid currentColor; padding-bottom: 5px; margin-top: 0; color: inherit; opacity: 0.8;'>Redes flexibles para una conectividad efectiva<\/h3>\n<p style='color: inherit; font-size: 15px; margin-top: 15px; margin-bottom: 15px; text-align: justify;'>Cuenta con m\u00e9todos flexibles de alimentaci\u00f3n&comma; compatibles con PoE at\/bt o corriente directa de 43.2 V a 57.6 V. Incluye un puerto uplink PoE autonegociable con velocidades de 100\/1000\/2500 Mbps y un puerto SFP+ secundario para fibra \u00f3ptica monomodo o multimodo&comma; capaz de alcanzar 2.5 o 10 Gbps&comma; ofreciendo as\u00ed mayor versatilidad y rendimiento en la conexi\u00f3n.<\/p>\n<\/p><\/div>\n<\/p><\/div>\n<p> <!-- Secci\u00f3n de cobertura sectorial --> <\/p>\n<div style='display: flex; flex-wrap: wrap; gap: 30px; margin-bottom: 30px;'>\n<div style='flex: 1 1 360px; min-width: 280px; order: 1;'>\n<h3 style='font-size: 22px; border-bottom: 2px solid currentColor; padding-bottom: 5px; margin-top: 0; color: inherit; opacity: 0.8;'>Cobertura sectorial a largo alcance: Wi-Fi que llega a todos lados<\/h3>\n<p style='color: inherit; font-size: 15px; margin-top: 15px; margin-bottom: 15px; text-align: justify;'>Disfruta de una conexi\u00f3n Wi-Fi potente y estable&comma; dise\u00f1ada para cubrir exactamente donde m\u00e1s lo necesitas. Su antena sectorial ofrece 35\u00b0 de cobertura vertical y 70\u00b0 horizontal&comma; alcanzando distancias de hasta 250 metros con se\u00f1al firme y rendimiento constante&comma; ideal para entornos amplios y de alta demanda.<\/p>\n<\/p><\/div>\n<div style='flex: 1 1 300px; min-width: 280px; order: 2;'> <img src='http:\/\/ftp3.syscom.mx\/usuarios\/ftp\/2025\/11\/10\/1971\/Captura_de_pantalla_20251110_a_la_s__2.00.29p.m..png_froala_6912446499b8f' alt='Switch Industrial eKit S210I-8T4SX' style='width: 100%; height: auto; border: 1px solid rgba(150&comma;150&comma;150&comma;0.3); border-radius: 8px;'> <\/div>\n<\/p><\/div>\n<p> <!-- Secci\u00f3n de resistencia ambiental --> <\/p>\n<div style='display: flex; flex-wrap: wrap; gap: 30px; margin-bottom: 30px;'>\n<div style='flex: 1 1 300px; min-width: 280px;'> <img src='http:\/\/ftp3.syscom.mx\/usuarios\/ftp\/2025\/11\/10\/1971\/Captura_de_pantalla_20251110_a_la_s__1.49.25p.m..png_froala_691241ca1dcc3' alt='Switch Industrial eKit S210I-8T4SX' style='width: 100%; height: auto; border: 1px solid rgba(150&comma;150&comma;150&comma;0.3); border-radius: 8px;'> <\/div>\n<div style='flex: 1 1 360px; min-width: 280px;'>\n<h3 style='font-size: 22px; border-bottom: 2px solid currentColor; padding-bottom: 5px; margin-top: 0; color: inherit; opacity: 0.8;'>Listo para todo: rendimiento imparable en cualquier entorno<\/h3>\n<p style='color: inherit; font-size: 15px; margin-top: 15px; margin-bottom: 15px; text-align: justify;'>Dise\u00f1ado para resistir los entornos m\u00e1s exigentes&comma; este equipo cuenta con protecci\u00f3n IP68 y un rango de operaci\u00f3n de -40\u00b0C a 70\u00b0C&comma; garantizando un funcionamiento estable sin importar las condiciones. Lluvia&comma; polvo&comma; nieve o ambientes costeros \u2014 nada detiene su desempe\u00f1o. Perfecto para cualquier escenario donde la conexi\u00f3n no puede fallar.<\/p>\n<\/p><\/div>\n<\/p><\/div>\n<p> <!-- Secci\u00f3n de instalaci\u00f3n --> <\/p>\n<div style='display: flex; flex-wrap: wrap; gap: 30px; margin-bottom: 30px;'>\n<div style='flex: 1 1 360px; min-width: 280px; order: 1;'>\n<h3 style='font-size: 22px; border-bottom: 2px solid currentColor; padding-bottom: 5px; margin-top: 0; color: inherit; opacity: 0.8;'>Inst\u00e1lalo donde quieras&comma; sin complicaciones<\/h3>\n<p style='color: inherit; font-size: 15px; margin-top: 15px; margin-bottom: 15px; text-align: justify;'>Dise\u00f1o vers\u00e1til y montaje incluido&comma; este punto de acceso puede instalarse f\u00e1cilmente en pared o en m\u00e1stil&comma; adapt\u00e1ndose a cualquier entorno. Disfruta de una instalaci\u00f3n r\u00e1pida&comma; segura y sin necesidad de accesorios adicionales. Ideal para interiores o exteriores donde la flexibilidad marca la diferencia.<\/p>\n<\/p><\/div>\n<div style='flex: 1 1 300px; min-width: 280px; order: 2;'> <img src='http:\/\/ftp3.syscom.mx\/usuarios\/ftp\/2025\/11\/10\/1971\/Captura_de_pantalla_20251110_a_la_s__2.02.22p.m..png_froala_691244d26b574' alt='Switch Industrial eKit S210I-8T4SX' style='width: 100%; height: auto; border: 1px solid rgba(150&comma;150&comma;150&comma;0.3); border-radius: 8px;'> <\/div>\n<\/p><\/div>\n<p> <!-- Secci\u00f3n de liderazgo tecnol\u00f3gico --> <\/p>\n<div style='display: flex; flex-wrap: wrap; gap: 30px; margin-bottom: 30px;'>\n<div style='flex: 1 1 300px; min-width: 280px;'> <img src='http:\/\/ftp3.syscom.mx\/usuarios\/ftp\/2025\/10\/22\/1971\/Captura_de_pantalla_20251022_a_la_s__8.38.30a.m..png_froala_68f8ec6e89f6e' alt='Switch Industrial eKit S210I-8T4SX' style='width: 100%; height: auto; border: 1px solid rgba(150&comma;150&comma;150&comma;0.3); border-radius: 8px;'> <\/div>\n<div style='flex: 1 1 360px; min-width: 280px;'>\n<h3 style='font-size: 22px; border-bottom: 2px solid currentColor; padding-bottom: 5px; margin-top: 0; color: inherit; opacity: 0.8;'>L\u00edder de la industria tecnol\u00f3gica<\/h3>\n<p style='color: inherit; font-size: 15px; margin-top: 15px; margin-bottom: 15px; text-align: justify;'>Huawei se posiciona como l\u00edder en la industria Wi-Fi 6 y Wi-Fi 7&comma; con patentes l\u00edderes en dispositivos y un papel destacado en la formulaci\u00f3n de est\u00e1ndares y dise\u00f1o de chips. Sus equipos de red ofrecen compatibilidad con aplicaciones profesionales&comma; consolidando su influencia y confiabilidad en el sector tecnol\u00f3gico.<\/p>\n<\/p><\/div>\n<\/p><\/div>\n<p> <!-- Secci\u00f3n de gesti\u00f3n remota --> <\/p>\n<div style='display: flex; flex-wrap: wrap; gap: 30px; margin-bottom: 30px;'>\n<div style='flex: 1 1 360px; min-width: 280px; order: 1;'>\n<h3 style='font-size: 22px; border-bottom: 2px solid currentColor; padding-bottom: 5px; margin-top: 0; color: inherit; opacity: 0.8;'>Gesti\u00f3n flexible y remota sin costo<\/h3>\n<p style='color: inherit; font-size: 15px; margin-top: 15px; margin-bottom: 15px; text-align: justify;'>M\u00e9todos flexibles de gesti\u00f3n: desde la interfaz web&comma; APP (iOS\/Android\/Harmony OS) y desde la <a href='https:\/\/ekit.huawei.com\/#\/serve\/main?countryCode=MX&#038;lang=en' style='color: inherit; text-decoration: underline;'>nube SNC de Huawei eKit<\/a>.<\/p>\n<p style='color: inherit; font-size: 15px; margin-top: 15px; margin-bottom: 15px; text-align: justify;'>Comparta proyectos para clientes espec\u00edficos&comma; gestione y d\u00e9 soporte t\u00e9cnico de manera remota sin pagos extra&comma; ya que es totalmente gratuita la plataforma de eKit.<\/p>\n<\/p><\/div>\n<div style='flex: 1 1 300px; min-width: 280px; order: 2;'> <img src='http:\/\/ftp3.syscom.mx\/usuarios\/ftp\/2025\/10\/22\/1971\/1761144118408.png_froala_68f8ed37afdc6' alt='Switch Industrial eKit S210I-8T4SX' style='width: 100%; height: auto; border: 1px solid rgba(150&comma;150&comma;150&comma;0.3); border-radius: 8px;'> <\/div>\n<\/p><\/div>\n<p> <!-- Secci\u00f3n de diagn\u00f3stico IA --> <\/p>\n<div style='display: flex; flex-wrap: wrap; gap: 30px; margin-bottom: 30px;'>\n<div style='flex: 1 1 300px; min-width: 280px;'> <img src='http:\/\/ftp3.syscom.mx\/usuarios\/ftp\/2025\/10\/22\/1971\/1761144251539.png_froala_68f8edbbcde2b' alt='Switch Industrial eKit S210I-8T4SX' style='width: 100%; height: auto; border: 1px solid rgba(150&comma;150&comma;150&comma;0.3); border-radius: 8px;'> <\/div>\n<div style='flex: 1 1 360px; min-width: 280px;'>\n<h3 style='font-size: 22px; border-bottom: 2px solid currentColor; padding-bottom: 5px; margin-top: 0; color: inherit; opacity: 0.8;'>Resoluci\u00f3n de problemas con IA<\/h3>\n<p style='color: inherit; font-size: 15px; margin-top: 15px; margin-bottom: 15px; text-align: justify;'>Lo importante del soporte t\u00e9cnico o solucionar problemas&comma; es hacerlo de manera r\u00e1pida y efectiva. Huawei viene a revolucionar esto con la funci\u00f3n de soluci\u00f3n de problemas impulsada por la IA (Inteligencia artificial)&comma; teniendo un diagn\u00f3stico de la red en sus diferentes par\u00e1metros en cuesti\u00f3n de minutos&comma; indicando problemas y posibles soluciones de cada uno de ellos.<\/p>\n<\/p><\/div>\n<\/p><\/div>\n<p> <!-- Secci\u00f3n de planeaci\u00f3n de red --> <\/p>\n<div style='display: flex; flex-wrap: wrap; gap: 30px; margin-bottom: 30px;'>\n<div style='flex: 1 1 360px; min-width: 280px; order: 1;'>\n<h3 style='font-size: 22px; border-bottom: 2px solid currentColor; padding-bottom: 5px; margin-top: 0; color: inherit; opacity: 0.8;'>Planea y simula tu red Wi-Fi con precisi\u00f3n usando WLAN Planner<\/h3>\n<p style='color: inherit; font-size: 15px; margin-top: 15px; margin-bottom: 15px; text-align: justify;'>Para dimensionar una red Wi-Fi con un archivo entregable para el usuario final&comma; puedes utilizar la herramienta de planeaci\u00f3n <a href='https:\/\/sg.o3community.huawei.com\/sg\/en\/o3\/detail?activeIndex=undefined&#038;o3src=https:\/\/stm-sg.o3community.huawei.com\/stmo3\/en\/tool\/tool-details-extranet-o3-sxz%3Fid%3DGT2021113005' style='color: inherit; text-decoration: underline;'>WLAN Planner de Huawei<\/a>&comma; en la cual podr\u00e1s dibujar las paredes del sitio seg\u00fan su material para simular la cobertura que se tendr\u00e1 de acuerdo a los puntos de acceso Wi-Fi que selecciones.<\/p>\n<\/p><\/div>\n<div style='flex: 1 1 300px; min-width: 280px; order: 2;'> <img src='http:\/\/ftp3.syscom.mx\/usuarios\/ftp\/2025\/10\/22\/1971\/1761144341865.jpeg_froala_68f8ee16889ee' alt='Switch Industrial eKit S210I-8T4SX' style='width: 100%; height: auto; border: 1px solid rgba(150&comma;150&comma;150&comma;0.3); border-radius: 8px;'> <\/div>\n<\/p><\/div>\n<p> <!-- Secci\u00f3n de gesti\u00f3n m\u00f3vil --> <\/p>\n<div style='display: flex; flex-wrap: wrap; gap: 30px; margin-bottom: 30px;'>\n<div style='flex: 1 1 300px; min-width: 280px;'> <img src='http:\/\/ftp3.syscom.mx\/usuarios\/ftp\/2025\/10\/22\/1971\/1761144660933.png_froala_68f8ef55554a4' alt='Switch Industrial eKit S210I-8T4SX' style='width: 100%; height: auto; border: 1px solid rgba(150&comma;150&comma;150&comma;0.3); border-radius: 8px;'> <\/div>\n<div style='flex: 1 1 360px; min-width: 280px;'>\n<h3 style='font-size: 22px; border-bottom: 2px solid currentColor; padding-bottom: 5px; margin-top: 0; color: inherit; opacity: 0.8;'>Configura y gestiona tu red eKit desde la app m\u00f3vil<\/h3>\n<p style='color: inherit; font-size: 15px; margin-top: 15px; margin-bottom: 15px; text-align: justify;'>Con el siguiente c\u00f3digo QR puedes descargar la aplicaci\u00f3n de Huawei eKit en donde podr\u00e1s dar de alta equipos como: Routers&comma; Switch y puntos de acceso de la l\u00ednea eKit&comma; en cuesti\u00f3n de minutos y poder desplegar redes con la comodidad de su smartphone. Disponible para iOS&comma; Android y Harmony OS.<\/p>\n<\/p><\/div>\n<\/p><\/div>\n<p> <!-- Separador final --> <\/p>\n<hr style='border: 0; border-top: 1px solid rgba(150&comma; 150&comma; 150&comma; 0.3); margin: 30px 0;'> <\/div>\n","protected":false},"excerpt":{"rendered":"<p>Punto de Acceso Wi-Fi 7 para Exterior \/ Sectorial 70\u00ba \/ 1,024 Usuarios \/ Puerto SFP+ \/ Hasta 6.45 Gbps \/ Gesti\u00f3n Gratuita desde la Nube<\/p>\n","protected":false},"featured_media":81369,"comment_status":"open","ping_status":"closed","template":"","meta":[],"product_brand":[],"product_cat":[1794],"product_tag":[718,1795,1479],"class_list":{"0":"post-81370","1":"product","2":"type-product","3":"status-publish","4":"has-post-thumbnail","6":"product_cat-puntos-de-acceso","7":"product_tag-huawei","8":"product_tag-puntos-de-acceso","9":"product_tag-redes-wifi","11":"first","12":"instock","13":"sale","14":"shipping-taxable","15":"purchasable","16":"product-type-simple"},"_links":{"self":[{"href":"https:\/\/soydeaqui.ddns.net\/pachuca\/index.php\/wp-json\/wp\/v2\/product\/81370","targetHints":{"allow":["GET"]}}],"collection":[{"href":"https:\/\/soydeaqui.ddns.net\/pachuca\/index.php\/wp-json\/wp\/v2\/product"}],"about":[{"href":"https:\/\/soydeaqui.ddns.net\/pachuca\/index.php\/wp-json\/wp\/v2\/types\/product"}],"replies":[{"embeddable":true,"href":"https:\/\/soydeaqui.ddns.net\/pachuca\/index.php\/wp-json\/wp\/v2\/comments?post=81370"}],"wp:featuredmedia":[{"embeddable":true,"href":"https:\/\/soydeaqui.ddns.net\/pachuca\/index.php\/wp-json\/wp\/v2\/media\/81369"}],"wp:attachment":[{"href":"https:\/\/soydeaqui.ddns.net\/pachuca\/index.php\/wp-json\/wp\/v2\/media?parent=81370"}],"wp:term":[{"taxonomy":"product_brand","embeddable":true,"href":"https:\/\/soydeaqui.ddns.net\/pachuca\/index.php\/wp-json\/wp\/v2\/product_brand?post=81370"},{"taxonomy":"product_cat","embeddable":true,"href":"https:\/\/soydeaqui.ddns.net\/pachuca\/index.php\/wp-json\/wp\/v2\/product_cat?post=81370"},{"taxonomy":"product_tag","embeddable":true,"href":"https:\/\/soydeaqui.ddns.net\/pachuca\/index.php\/wp-json\/wp\/v2\/product_tag?post=81370"}],"curies":[{"name":"wp","href":"https:\/\/api.w.org\/{rel}","templated":true}]}}