{"id":81342,"date":"2026-03-19T18:40:43","date_gmt":"2026-03-19T18:40:43","guid":{"rendered":"https:\/\/soydeaqui.ddns.net\/pachuca\/index.php\/producto\/generador-inversor-portatil-a-gasolina-15-kw-120-240vca-arranque-electrico\/"},"modified":"2026-03-19T18:40:44","modified_gmt":"2026-03-19T18:40:44","slug":"generador-inversor-portatil-a-gasolina-15-kw-120-240vca-arranque-electrico","status":"publish","type":"product","link":"https:\/\/soydeaqui.ddns.net\/pachuca\/index.php\/producto\/generador-inversor-portatil-a-gasolina-15-kw-120-240vca-arranque-electrico\/","title":{"rendered":"Generador Inversor Port\u00e1til a Gasolina, 15 kW, 120\/240Vca,  Arranque El\u00e9ctrico"},"content":{"rendered":"<div style='width: 100%; max-width: 1200px; margin: 0 auto; font-family: sans-serif; line-height: 1.6; color: inherit; background-color: transparent;'>\n<h2 style='font-size: 24px; margin-top: 0; color: inherit; opacity: 0.9;'><strong>Generador Inversor Port\u00e1til a Gasolina de 15&comma;000 W de Potencia Nominal<\/strong><\/h2>\n<div style='display: flex; flex-wrap: wrap; gap: 30px; margin-top: 20px;'>\n<div style='flex: 1 1 300px; min-width: 280px;'>\n<h3 style='font-size: 22px; border-bottom: 2px solid currentColor; padding-bottom: 5px; margin-top: 0; color: inherit; opacity: 0.8;'>Caracter\u00edsticas generales:<\/h3>\n<ul style='padding-left: 20px; font-size: 15px; color: inherit;'>\n<li style='margin-bottom: 5px;'>Tecnolog\u00eda Avanzada PowerRush\u2122 ofrece un 30% m\u00e1s de capacidad de arranque&comma; lo que permite hacer m\u00e1s con menos.<\/li>\n<li style='margin-bottom: 5px;'>Modelo de arranque el\u00e9ctrico para una f\u00e1cil operaci\u00f3n (Bater\u00eda incluida)<\/li>\n<li style='margin-bottom: 5px;'>La parada por nivel bajo de aceite protege autom\u00e1ticamente el motor contra da\u00f1os.<\/li>\n<li style='margin-bottom: 5px;'>El tanque de combustible de acero de gran capacidad con indicador de combustible incorporado proporciona durabilidad y hasta 11 horas de funcionamiento con una carga del 50%.<\/li>\n<li style='margin-bottom: 5px;'>Soporte de tubo de acero de 1 <span style='margin: 0px; padding: 0px; border: 0px; font-variant-numeric: inherit; font-variant-east-asian: inherit; font-variant-alternates: inherit; font-variant-position: inherit; font-stretch: inherit; font-size: 15px; line-height: inherit; font-optical-sizing: inherit; font-kerning: inherit; font-feature-settings: inherit; font-variation-settings: inherit; vertical-align: baseline; color: inherit; background-color: transparent; font-family: inherit;'><span style='vertical-align: inherit;'>\u00bc\u201d <\/span><\/span>para mayor durabilidad y resistencia.<\/li>\n<li style='margin-bottom: 5px;'>El hor\u00f3metro rastrea los intervalos de mantenimiento.<\/li>\n<li style='margin-bottom: 5px;'>Las ruedas resistentes que nunca se desinflan permiten un f\u00e1cil transporte.<\/li>\n<li style='margin-bottom: 5px;'>Asa plegable para una portabilidad robusta y un almacenamiento compacto.<\/li>\n<\/ul><\/div>\n<div style='flex: 1 1 300px; min-width: 280px;'>\n<h3 style='font-size: 22px; border-bottom: 2px solid currentColor; padding-bottom: 5px; margin-top: 0; color: inherit; opacity: 0.8;'>Caracter\u00edsticas F\u00edsicas y El\u00e9ctricas:<\/h3>\n<ul style='padding-left: 20px; font-size: 15px; color: inherit;'>\n<li style='margin-bottom: 5px;'><strong>Potencia nominal:<\/strong> 15 kW<\/li>\n<li style='margin-bottom: 5px;'><strong>Potencia al Arranque:<\/strong> 19.3 kW<\/li>\n<li style='margin-bottom: 5px;'><strong>Frecuencia:<\/strong> 60 Hz<\/li>\n<li style='margin-bottom: 5px;'><strong>Voltaje de salida:<\/strong> 120 \/ 220 V<\/li>\n<li style='margin-bottom: 5px;'><strong>Peso:<\/strong> 191 kg<\/li>\n<li style='margin-bottom: 5px;'><strong>Dimensiones:<\/strong> 1485 x 786 x 929 mm.<\/li>\n<\/ul><\/div>\n<div style='flex: 1 1 300px; min-width: 280px;'>\n<h3 style='font-size: 22px; border-bottom: 2px solid currentColor; padding-bottom: 5px; margin-top: 0; color: inherit; opacity: 0.8;'>Aceite<\/h3>\n<ul style='padding-left: 20px; font-size: 15px; color: inherit;'>\n<li style='margin-bottom: 5px;'><strong>Tipo:<\/strong> 10W-30 \/ SAE 30<\/li>\n<li style='margin-bottom: 5px;'><strong>Volumen:<\/strong> 2 L<\/li>\n<\/ul>\n<h3 style='font-size: 22px; border-bottom: 2px solid currentColor; padding-bottom: 5px; margin-top: 20px; color: inherit; opacity: 0.8;'>Combustible<\/h3>\n<ul style='padding-left: 20px; font-size: 15px; color: inherit;'>\n<li style='margin-bottom: 5px;'><strong>Tipo:<\/strong> Gasolina sin plomo<\/li>\n<li style='margin-bottom: 5px;'><strong>Capacidad del tanque:<\/strong> 54 L<\/li>\n<\/ul><\/div>\n<\/p><\/div>\n<\/p><\/div>\n","protected":false},"excerpt":{"rendered":"<p>Generador Inversor Port\u00e1til a Gasolina, 15 kW, 120\/240Vca,  Arranque El\u00e9ctrico<\/p>\n","protected":false},"featured_media":81341,"comment_status":"open","ping_status":"closed","template":"","meta":[],"product_brand":[],"product_cat":[1275],"product_tag":[1277,1276,1062],"class_list":{"0":"post-81342","1":"product","2":"type-product","3":"status-publish","4":"has-post-thumbnail","6":"product_cat-plantas-de-energia","7":"product_tag-generac","8":"product_tag-plantas-de-energia","9":"product_tag-ups-respaldo","11":"first","12":"instock","13":"sale","14":"shipping-taxable","15":"purchasable","16":"product-type-simple"},"_links":{"self":[{"href":"https:\/\/soydeaqui.ddns.net\/pachuca\/index.php\/wp-json\/wp\/v2\/product\/81342","targetHints":{"allow":["GET"]}}],"collection":[{"href":"https:\/\/soydeaqui.ddns.net\/pachuca\/index.php\/wp-json\/wp\/v2\/product"}],"about":[{"href":"https:\/\/soydeaqui.ddns.net\/pachuca\/index.php\/wp-json\/wp\/v2\/types\/product"}],"replies":[{"embeddable":true,"href":"https:\/\/soydeaqui.ddns.net\/pachuca\/index.php\/wp-json\/wp\/v2\/comments?post=81342"}],"wp:featuredmedia":[{"embeddable":true,"href":"https:\/\/soydeaqui.ddns.net\/pachuca\/index.php\/wp-json\/wp\/v2\/media\/81341"}],"wp:attachment":[{"href":"https:\/\/soydeaqui.ddns.net\/pachuca\/index.php\/wp-json\/wp\/v2\/media?parent=81342"}],"wp:term":[{"taxonomy":"product_brand","embeddable":true,"href":"https:\/\/soydeaqui.ddns.net\/pachuca\/index.php\/wp-json\/wp\/v2\/product_brand?post=81342"},{"taxonomy":"product_cat","embeddable":true,"href":"https:\/\/soydeaqui.ddns.net\/pachuca\/index.php\/wp-json\/wp\/v2\/product_cat?post=81342"},{"taxonomy":"product_tag","embeddable":true,"href":"https:\/\/soydeaqui.ddns.net\/pachuca\/index.php\/wp-json\/wp\/v2\/product_tag?post=81342"}],"curies":[{"name":"wp","href":"https:\/\/api.w.org\/{rel}","templated":true}]}}