{"id":81338,"date":"2026-03-19T18:40:35","date_gmt":"2026-03-19T18:40:35","guid":{"rendered":"https:\/\/soydeaqui.ddns.net\/pachuca\/index.php\/producto\/pantalla-interactiva-ideahub-board-3-pro-de-86-para-colaboracion-inteligente-4k-harmony-os-wi-fi-6\/"},"modified":"2026-03-19T18:40:41","modified_gmt":"2026-03-19T18:40:41","slug":"pantalla-interactiva-ideahub-board-3-pro-de-86-para-colaboracion-inteligente-4k-harmony-os-wi-fi-6","status":"publish","type":"product","link":"https:\/\/soydeaqui.ddns.net\/pachuca\/index.php\/producto\/pantalla-interactiva-ideahub-board-3-pro-de-86-para-colaboracion-inteligente-4k-harmony-os-wi-fi-6\/","title":{"rendered":"Pantalla Interactiva IdeaHub Board 3 PRO de 86&#8221; para Colaboraci\u00f3n Inteligente, 4K, Harmony OS, Wi-Fi 6"},"content":{"rendered":"<div style='width: 100%; max-width: 1200px; margin: 0 auto; font-family: sans-serif; line-height: 1.6; color: inherit; background-color: transparent;'> <!-- Video secci\u00f3n --> <\/p>\n<div style='display: flex; flex-wrap: wrap; gap: 30px; margin-bottom: 30px;'>\n<div style='flex: 1 1 300px; min-width: 280px;'>\n<div style='position: relative; padding-bottom: 56.25%; height: 0; overflow: hidden; margin-bottom: 30px;'> <video style='position: absolute; top: 0; left: 0; width: 100%; height: 100%; border: 1px solid rgba(150&comma;150&comma;150&comma;0.3); border-radius: 8px;' src='https:\/\/ftp3.syscom.mx\/usuarios\/axel\/Huawei\/IdeaHub\/%5Bhd%5DIdeaHub%20Board%203%20Pro%20Product%20Video.mp4' autoplay muted loop playsinline><\/video> <\/div>\n<\/p><\/div>\n<\/p><\/div>\n<p> <!-- Secci\u00f3n de descripci\u00f3n principal --> <\/p>\n<div style='display: flex; flex-wrap: wrap; gap: 30px; margin-bottom: 30px;'>\n<div style='flex: 1 1 300px; min-width: 280px;'> <img style='width: 100%; height: auto; border: 1px solid rgba(150&comma;150&comma;150&comma;0.3); border-radius: 8px;' src='http:\/\/ftp3.syscom.mx\/usuarios\/ftp\/2025\/10\/16\/1971\/overview1.jpg_froala_68f14d0f3d475' alt=''> <\/div>\n<div style='flex: 2 1 500px; min-width: 280px;'>\n<h3 style='font-size: 22px; border-bottom: 2px solid currentColor; padding-bottom: 5px; margin-top: 0; color: inherit; opacity: 0.8;'>Reimagina tus espacios de trabajo inteligentes<\/h3>\n<p style='font-size: 15px; color: inherit;'> Esta pantalla interactiva cuenta con una pantalla 4K de luz suave con protecci\u00f3n \u00f3ptica contra la luz azul&comma; baja latencia de 16 ms&comma; proyecci\u00f3n Wi-Fi Direct y amplias aplicaciones. Ideal para salas de reuniones&comma; \u00e1reas de debate abiertas&comma; salones de clases y salas de formaci\u00f3n&comma; ofrece una experiencia de oficina digital fluida y ligera. <\/p>\n<\/p><\/div>\n<\/p><\/div>\n<p> <!-- Secci\u00f3n de cards con especificaciones --> <\/p>\n<div style='display: flex; flex-wrap: wrap; gap: 20px; margin-bottom: 30px;'>\n<div style='flex: 1 1 250px; border: 1px solid rgba(150&comma; 150&comma; 150&comma; 0.4); border-radius: 8px; overflow: hidden; display: flex; flex-direction: column;'>\n<div style='padding: 15px; border-bottom: 1px solid rgba(150&comma; 150&comma; 150&comma; 0.2); font-weight: bold; font-size: 18px; color: inherit;'>Caracter\u00edsticas principales<\/div>\n<div style='padding: 15px; color: inherit;'>\n<ul style='padding-left: 20px; margin: 0; font-size: 14px; list-style-type: disc;'>\n<li style='margin-bottom: 5px;'><strong>Pantalla:<\/strong><br \/>Resoluci\u00f3n: 4K<br \/>Tipo de luz de fondo: D-LED<\/li>\n<li style='margin-bottom: 5px;'><strong>Altavoz:<\/strong><br \/>Dominio de frecuencia: De 100 Hz a 20 kHz<br \/>N\u00famero de unidades: 4<br \/>Potencia total: 30 W<\/li>\n<li style='margin-bottom: 5px;'><strong>Micr\u00f3fono:<\/strong><br \/>\u00c1ngulo de captaci\u00f3n de sonido: 180\u00ba<br \/>Distancia de captura de sonido: 10 m<br \/>Cantidad: 6<\/li>\n<\/ul><\/div>\n<\/p><\/div>\n<div style='flex: 1 1 250px; border: 1px solid rgba(150&comma; 150&comma; 150&comma; 0.4); border-radius: 8px; overflow: hidden; display: flex; flex-direction: column;'>\n<div style='padding: 15px; border-bottom: 1px solid rgba(150&comma; 150&comma; 150&comma; 0.2); font-weight: bold; font-size: 18px; color: inherit;'>Caracter\u00edsticas f\u00edsicas<\/div>\n<div style='padding: 15px; color: inherit;'>\n<ul style='padding-left: 20px; margin: 0; font-size: 14px; list-style-type: disc;'>\n<li style='margin-bottom: 5px;'><strong>Sistema:<\/strong><br \/>CPU*: 8 n\u00facleos<br \/>RAM: 8 GB<br \/>Flash: 64 GB<br \/>Sistema operativo: HarmonyOS&comma; Windows (Para Windows se requiere el modelo: <a href='https:\/\/www.syscom.pro\/products\/239110' style='color: inherit; text-decoration: underline;'>OPSW022Z<\/a> o <a href='https:\/\/syscom.pro\/products\/245164?_gl=1*l8vb8v*_gcl_au*MjEwNjE2MjUyLjE3NTg3OTU4Mjc.' style='color: inherit; text-decoration: underline;'>OPSW021Z<\/a>)<\/li>\n<li style='margin-bottom: 5px;'><strong>Conexi\u00f3n inal\u00e1mbrica:<\/strong><br \/>M\u00f3dulo Wi-Fi*: Wi-Fi 6<br \/>Frecuencia Wi-Fi: 2.4 GHz + 5 GHz<br \/>NFC: S\u00ed<\/li>\n<li style='margin-bottom: 5px;'><strong>Interfaz:<\/strong><br \/>1 x USB Tipo C<br \/>2 x puertos USB 3.0<br \/>1 x USB 3.0<br \/>2 x Entradas HDMI<br \/>1 x Salida HDMI<br \/>1 x puerto COM<br \/>1 x Salida de l\u00ednea de 3.5 mm<br \/>1 x Entrada de l\u00ednea de 3.5 mm<br \/>1 x RJ45 (LAN de 10\/100\/1000 Mbit\/s)<\/li>\n<\/ul><\/div>\n<\/p><\/div>\n<div style='flex: 1 1 250px; border: 1px solid rgba(150&comma; 150&comma; 150&comma; 0.4); border-radius: 8px; overflow: hidden; display: flex; flex-direction: column;'>\n<div style='padding: 15px; border-bottom: 1px solid rgba(150&comma; 150&comma; 150&comma; 0.2); font-weight: bold; font-size: 18px; color: inherit;'>Caracter\u00edsticas de Colaboraci\u00f3n<\/div>\n<div style='padding: 15px; color: inherit;'>\n<ul style='padding-left: 20px; margin: 0; font-size: 14px; list-style-type: disc;'>\n<li style='margin-bottom: 5px;'><strong>Escritura:<\/strong><br \/>Latencia: 16 ms<br \/>Distancia de detecci\u00f3n t\u00e1ctil: 1.5 mm de ancho<br \/>Reconocimiento de escritura inteligente<\/li>\n<li style='margin-bottom: 5px;'><strong>Conferencias:<\/strong><br \/>Reuni\u00f3n nativa (audio\/video + datos compartidos):<br \/>Huawei Cloud Meeting: 1080p 30 fps + 1080p 30 fps<br \/>Terceros 1080p<br \/>BYOM: S\u00ed<\/li>\n<\/ul><\/div>\n<\/p><\/div>\n<div style='flex: 1 1 250px; border: 1px solid rgba(150&comma; 150&comma; 150&comma; 0.4); border-radius: 8px; overflow: hidden; display: flex; flex-direction: column;'>\n<div style='padding: 15px; border-bottom: 1px solid rgba(150&comma; 150&comma; 150&comma; 0.2); font-weight: bold; font-size: 18px; color: inherit;'>Contenido del paquete<\/div>\n<div style='padding: 15px; color: inherit;'>\n<ul style='padding-left: 20px; margin: 0; font-size: 14px; list-style-type: disc;'>\n<li style='margin-bottom: 5px;'>1 Pantalla<\/li>\n<li style='margin-bottom: 5px;'>2 Plumas stylus<\/li>\n<li style='margin-bottom: 5px;'>1 Cable de alimentaci\u00f3n<\/li>\n<\/ul><\/div>\n<\/p><\/div>\n<\/p><\/div>\n<p> <!-- Secci\u00f3n de accesorios --> <\/p>\n<div style='display: flex; flex-wrap: wrap; gap: 30px; margin-bottom: 30px;'>\n<div style='flex: 1 1 100%;'>\n<h3 style='font-size: 22px; border-bottom: 2px solid currentColor; padding-bottom: 5px; margin-top: 0; color: inherit; opacity: 0.8;'>Accesorios opcionales<\/h3>\n<ul style='padding-left: 20px; font-size: 15px; color: inherit;'>\n<li style='margin-bottom: 5px;'>Tarjeta de mantenimiento anual: <a href='https:\/\/www.syscom.pro\/products\/228324\/2651' style='color: inherit; text-decoration: underline;'>MCS2651Y<\/a><\/li>\n<li style='margin-bottom: 5px;'>Repuesto de plumas: <a href='https:\/\/www.syscom.pro\/products\/231705\/861' style='color: inherit; text-decoration: underline;'>IFP-UG86E-STP-V1<\/a><\/li>\n<li style='margin-bottom: 5px;'>Montaje en pared: <a href='https:\/\/www.syscom.pro\/products\/220436' style='color: inherit; text-decoration: underline;'>WB1M0IDEAHUB02<\/a><\/li>\n<li style='margin-bottom: 5px;'>Montaje Rolling (movible): <a href='https:\/\/www.syscom.pro\/products\/220435' style='color: inherit; text-decoration: underline;'>WB1M0IDEAHUB07<\/a><\/li>\n<li style='margin-bottom: 5px;'>OPS Compatibles (Windows 11): <a href='https:\/\/www.syscom.pro\/products\/239110' style='color: inherit; text-decoration: underline;'>OPSW022Z<\/a> (i7) y <a href='https:\/\/syscom.pro\/products\/245164?_gl=1*l8vb8v*_gcl_au*MjEwNjE2MjUyLjE3NTg3OTU4Mjc.' style='color: inherit; text-decoration: underline;'>OPSW021Z<\/a> (i5)<\/li>\n<li style='margin-bottom: 5px;'>IdeaShare: <a href='https:\/\/www.syscom.pro\/products\/220442' style='color: inherit; text-decoration: underline;'>HWA01<\/a><\/li>\n<li style='margin-bottom: 5px;'>Control remoto: <a href='https:\/\/www.syscom.pro\/products\/220440' style='color: inherit; text-decoration: underline;'>IHC<\/a><\/li>\n<\/ul><\/div>\n<\/p><\/div>\n<p> <!-- Secci\u00f3n de caracter\u00edsticas adicionales --> <\/p>\n<div style='display: flex; flex-wrap: wrap; gap: 30px; margin-bottom: 30px;'>\n<div style='flex: 1 1 300px; min-width: 280px;'> <img style='width: 100%; height: auto; border: 1px solid rgba(150&comma;150&comma;150&comma;0.3); border-radius: 8px;' src='http:\/\/ftp3.syscom.mx\/usuarios\/ftp\/2025\/10\/16\/1971\/secondbanner1pccn1216.jpg_froala_68f155439c3de' alt=''> <\/div>\n<div style='flex: 2 1 500px; min-width: 280px;'>\n<h3 style='font-size: 22px; border-bottom: 2px solid currentColor; padding-bottom: 5px; margin-top: 0; color: inherit; opacity: 0.8;'>Pantalla 4K con luz suave para proteger tu salud visual<\/h3>\n<ul style='padding-left: 20px; font-size: 15px; color: inherit;'>\n<li style='margin-bottom: 5px;'>Anti-luz azul \u00f3ptico con cero dominante de color<\/li>\n<li style='margin-bottom: 5px;'>Pantalla 4K&comma; im\u00e1genes n\u00edtidas<\/li>\n<\/ul><\/div>\n<\/p><\/div>\n<p> <!-- Secci\u00f3n de caracter\u00edsticas Wi-Fi Direct --> <\/p>\n<div style='display: flex; flex-wrap: wrap-reverse; gap: 30px; margin-bottom: 30px;'>\n<div style='flex: 2 1 500px; min-width: 280px;'>\n<h3 style='font-size: 22px; border-bottom: 2px solid currentColor; padding-bottom: 5px; margin-top: 0; color: inherit; opacity: 0.8;'>Proyecci\u00f3n Wi-Fi Direct&comma; sin necesidad de conexi\u00f3n a la red<\/h3>\n<p style='font-size: 15px; color: inherit; margin-top: 0;'> Simplemente activa el Wi-Fi en tu IdeaHub y tu PC\/tel\u00e9fono m\u00f3vil para iniciar una proyecci\u00f3n 4K sin necesidad de contrase\u00f1a ni conexi\u00f3n a la red. <\/p>\n<\/p><\/div>\n<div style='flex: 1 1 300px; min-width: 280px;'> <img style='width: 100%; height: auto; border: 1px solid rgba(150&comma;150&comma;150&comma;0.3); border-radius: 8px;' src='http:\/\/ftp3.syscom.mx\/usuarios\/ftp\/2025\/10\/16\/1971\/secondbanner2pcen1.jpg_froala_68f155d8e03a4' alt=''> <\/div>\n<\/p><\/div>\n<p> <!-- Secci\u00f3n de anotaciones en varias pantallas --> <\/p>\n<div style='display: flex; flex-wrap: wrap; gap: 30px; margin-bottom: 30px;'>\n<div style='flex: 1 1 300px; min-width: 280px;'> <img style='width: 100%; height: auto; border: 1px solid rgba(150&comma;150&comma;150&comma;0.3); border-radius: 8px;' src='http:\/\/ftp3.syscom.mx\/usuarios\/ftp\/2025\/10\/16\/1971\/secondbanner3pccn1216.jpg_froala_68f15621c2e9c' alt=''> <\/div>\n<div style='flex: 2 1 500px; min-width: 280px;'>\n<h3 style='font-size: 22px; border-bottom: 2px solid currentColor; padding-bottom: 5px; margin-top: 0; color: inherit; opacity: 0.8;'>Anotaciones en varias pantallas: escribe y guarda en cualquier momento<\/h3>\n<p style='font-size: 15px; color: inherit; margin-top: 0;'> Obt\u00e9n informaci\u00f3n \u00fanica y comentarios profesionales. Anota f\u00e1cilmente en varias pantallas de tu PPT con una eficiencia fluida. <\/p>\n<\/p><\/div>\n<\/p><\/div>\n<p> <!-- Secci\u00f3n de escritura fluida --> <\/p>\n<div style='display: flex; flex-wrap: wrap-reverse; gap: 30px; margin-bottom: 30px;'>\n<div style='flex: 2 1 500px; min-width: 280px;'>\n<h3 style='font-size: 22px; border-bottom: 2px solid currentColor; padding-bottom: 5px; margin-top: 0; color: inherit; opacity: 0.8;'>Escritura m\u00e1s fluida e inteligente<\/h3>\n<ul style='padding-left: 20px; font-size: 15px; color: inherit;'>\n<li style='margin-bottom: 5px;'>Latencia de escritura ultrabaja de 16 ms<\/li>\n<li style='margin-bottom: 5px;'>Cambio de colores&comma; grueso de l\u00edneas y m\u00e1s&comma; conforme hace sus apuntes en la pantalla<\/li>\n<li style='margin-bottom: 5px;'>Inserci\u00f3n de im\u00e1genes<\/li>\n<li style='margin-bottom: 5px;'>Reconocimiento de escritura a mano<\/li>\n<\/ul><\/div>\n<div style='flex: 1 1 300px; min-width: 280px;'> <img style='width: 100%; height: auto; border: 1px solid rgba(150&comma;150&comma;150&comma;0.3); border-radius: 8px;' src='http:\/\/ftp3.syscom.mx\/usuarios\/ftp\/2025\/10\/13\/1971\/secondbannerpc3.jpg_froala_68ed81518cd47' alt=''> <\/div>\n<\/p><\/div>\n<p> <!-- Secci\u00f3n de cambio de sistema operativo --> <\/p>\n<div style='display: flex; flex-wrap: wrap; gap: 30px; margin-bottom: 30px;'>\n<div style='flex: 1 1 300px; min-width: 280px;'> <img style='width: 100%; height: auto; border: 1px solid rgba(150&comma;150&comma;150&comma;0.3); border-radius: 8px;' src='http:\/\/ftp3.syscom.mx\/usuarios\/ftp\/2025\/10\/16\/1971\/secondbanner4pccn1216.jpg_froala_68f156adb3a68' alt=''> <\/div>\n<div style='flex: 2 1 500px; min-width: 280px;'>\n<h3 style='font-size: 22px; border-bottom: 2px solid currentColor; padding-bottom: 5px; margin-top: 0; color: inherit; opacity: 0.8;'>Cambio de sistema operativo con un solo toque<\/h3>\n<p style='font-size: 15px; color: inherit; margin-top: 0;'> Cambia f\u00e1cilmente entre HarmonyOS y Windows. Con el OPS ad\u00e1ptate a m\u00e1s aplicaciones. <\/p>\n<\/p><\/div>\n<\/p><\/div>\n<p> <!-- Secci\u00f3n de latencia de escritura --> <\/p>\n<div style='display: flex; flex-wrap: wrap-reverse; gap: 30px; margin-bottom: 30px;'>\n<div style='flex: 2 1 500px; min-width: 280px;'>\n<h3 style='font-size: 22px; border-bottom: 2px solid currentColor; padding-bottom: 5px; margin-top: 0; color: inherit; opacity: 0.8;'>Latencia de escritura ultrabaja de 16 ms para una escritura fluida<\/h3>\n<ul style='padding-left: 20px; font-size: 15px; color: inherit;'>\n<li style='margin-bottom: 5px;'>Seguimiento de escritura a mano con IA y escritura y visualizaci\u00f3n simult\u00e1neas.<\/li>\n<li style='margin-bottom: 5px;'>Convierte textos y gr\u00e1ficos escritos a mano en formatos digitales.<\/li>\n<li style='margin-bottom: 5px;'>Permite guardar contenido escaneando un c\u00f3digo QR.<\/li>\n<\/ul><\/div>\n<div style='flex: 1 1 300px; min-width: 280px;'> <img style='width: 100%; height: auto; border: 1px solid rgba(150&comma;150&comma;150&comma;0.3); border-radius: 8px;' src='http:\/\/ftp3.syscom.mx\/usuarios\/ftp\/2025\/10\/16\/1971\/secondbanner5pccn1216.jpg_froala_68f157953b97c' alt=''> <\/div>\n<\/p><\/div>\n<p> <!-- Secci\u00f3n de proyecci\u00f3n sin red --> <\/p>\n<div style='display: flex; flex-wrap: wrap; gap: 30px; margin-bottom: 30px;'>\n<div style='flex: 1 1 300px; min-width: 280px;'> <img style='width: 100%; height: auto; border: 1px solid rgba(150&comma;150&comma;150&comma;0.3); border-radius: 8px;' src='http:\/\/ftp3.syscom.mx\/usuarios\/ftp\/2025\/10\/16\/1971\/secondbannerpc41.jpg_froala_68f1237692461' alt=''> <\/div>\n<div style='flex: 2 1 500px; min-width: 280px;'>\n<h3 style='font-size: 22px; border-bottom: 2px solid currentColor; padding-bottom: 5px; margin-top: 0; color: inherit; opacity: 0.8;'>Inicie una proyecci\u00f3n sin red<\/h3>\n<p style='font-size: 15px; color: inherit; margin-top: 0;'> Se basa en la innovadora tecnolog\u00eda Wi-Fi 6 para la proyecci\u00f3n directa; s\u00f3lo se requiere habilitar Wi-Fi en el IdeaHub y en su tel\u00e9fono m\u00f3vil o PC sin conectarse a la red. La aplicaci\u00f3n IdeaShare descubre de manera autom\u00e1tica el IdeaHub pr\u00f3ximo para establecer las conexiones y completa autom\u00e1ticamente el c\u00f3digo de proyecci\u00f3n tras la primera letra. Tambi\u00e9n puede utilizar esta funci\u00f3n en su tel\u00e9fono Huawei mediante NFC o la opci\u00f3n de proyecci\u00f3n en el men\u00fa desplegable. La aplicaci\u00f3n IdeaShare es compatible con HarmonyOS&comma; Android&comma; iOS&comma; Windows y macOS. <\/p>\n<\/p><\/div>\n<\/p><\/div>\n<p> <!-- Secci\u00f3n de bloqueo de seguridad --> <\/p>\n<div style='display: flex; flex-wrap: wrap-reverse; gap: 30px; margin-bottom: 30px;'>\n<div style='flex: 2 1 500px; min-width: 280px;'>\n<h3 style='font-size: 22px; border-bottom: 2px solid currentColor; padding-bottom: 5px; margin-top: 0; color: inherit; opacity: 0.8;'>Bloqueo de pantalla con contrase\u00f1a<\/h3>\n<p style='font-size: 15px; color: inherit; margin-top: 0;'> Protecci\u00f3n de seguridad integral&comma; que protege eficazmente la privacidad de la empresa y evita fugas de datos. <\/p>\n<\/p><\/div>\n<div style='flex: 1 1 300px; min-width: 280px;'> <img style='width: 100%; height: auto; border: 1px solid rgba(150&comma;150&comma;150&comma;0.3); border-radius: 8px;' src='http:\/\/ftp3.syscom.mx\/usuarios\/ftp\/2025\/10\/16\/1971\/secondbanner7pcen.jpg_froala_68f157ed6edd1' alt=''> <\/div>\n<\/p><\/div>\n<p> <!-- Secci\u00f3n de operaci\u00f3n inteligente --> <\/p>\n<div style='display: flex; flex-wrap: wrap; gap: 30px; margin-bottom: 30px;'>\n<div style='flex: 1 1 300px; min-width: 280px;'> <img style='width: 100%; height: auto; border: 1px solid rgba(150&comma;150&comma;150&comma;0.3); border-radius: 8px;' src='http:\/\/ftp3.syscom.mx\/usuarios\/ftp\/2025\/10\/13\/1971\/ib2secondbanner6pccn.jpg_froala_68ed6bcc5456f' alt=''> <\/div>\n<div style='flex: 2 1 500px; min-width: 280px;'>\n<h3 style='font-size: 22px; border-bottom: 2px solid currentColor; padding-bottom: 5px; margin-top: 0; color: inherit; opacity: 0.8;'>Operaci\u00f3n y mantenimiento inteligente<\/h3>\n<p style='font-size: 15px; color: inherit; margin-top: 0;'> La plataforma de gesti\u00f3n de dispositivos IdeaManager gestiona y controla de manera remota m\u00faltiples IdeaHubs y admite la configuraci\u00f3n&comma; actualizaci\u00f3n y apagado de lotes de hasta 50&comma;000 dispositivos. IdeaCare realiza un diagn\u00f3stico r\u00e1pido en un clic y los fallos y soluci\u00f3n de problemas t\u00edpicos. <\/p>\n<\/p><\/div>\n<\/p><\/div>\n<\/p><\/div>\n","protected":false},"excerpt":{"rendered":"<p>Pantalla Interactiva IdeaHub Board 3 PRO de 86&#8221; para Colaboraci\u00f3n Inteligente, 4K, Harmony OS, Wi-Fi 6<\/p>\n","protected":false},"featured_media":81337,"comment_status":"open","ping_status":"closed","template":"","meta":[],"product_brand":[],"product_cat":[2048],"product_tag":[2049,718,2004],"class_list":{"0":"post-81338","1":"product","2":"type-product","3":"status-publish","4":"has-post-thumbnail","6":"product_cat-audio-video-conferencia","7":"product_tag-audio-video-conferencia","8":"product_tag-huawei","9":"product_tag-voip-telefonia-ip-videoconferencia","11":"first","12":"instock","13":"sale","14":"shipping-taxable","15":"purchasable","16":"product-type-simple"},"_links":{"self":[{"href":"https:\/\/soydeaqui.ddns.net\/pachuca\/index.php\/wp-json\/wp\/v2\/product\/81338","targetHints":{"allow":["GET"]}}],"collection":[{"href":"https:\/\/soydeaqui.ddns.net\/pachuca\/index.php\/wp-json\/wp\/v2\/product"}],"about":[{"href":"https:\/\/soydeaqui.ddns.net\/pachuca\/index.php\/wp-json\/wp\/v2\/types\/product"}],"replies":[{"embeddable":true,"href":"https:\/\/soydeaqui.ddns.net\/pachuca\/index.php\/wp-json\/wp\/v2\/comments?post=81338"}],"wp:featuredmedia":[{"embeddable":true,"href":"https:\/\/soydeaqui.ddns.net\/pachuca\/index.php\/wp-json\/wp\/v2\/media\/81337"}],"wp:attachment":[{"href":"https:\/\/soydeaqui.ddns.net\/pachuca\/index.php\/wp-json\/wp\/v2\/media?parent=81338"}],"wp:term":[{"taxonomy":"product_brand","embeddable":true,"href":"https:\/\/soydeaqui.ddns.net\/pachuca\/index.php\/wp-json\/wp\/v2\/product_brand?post=81338"},{"taxonomy":"product_cat","embeddable":true,"href":"https:\/\/soydeaqui.ddns.net\/pachuca\/index.php\/wp-json\/wp\/v2\/product_cat?post=81338"},{"taxonomy":"product_tag","embeddable":true,"href":"https:\/\/soydeaqui.ddns.net\/pachuca\/index.php\/wp-json\/wp\/v2\/product_tag?post=81338"}],"curies":[{"name":"wp","href":"https:\/\/api.w.org\/{rel}","templated":true}]}}