{"id":81330,"date":"2026-03-19T18:40:15","date_gmt":"2026-03-19T18:40:15","guid":{"rendered":"https:\/\/soydeaqui.ddns.net\/pachuca\/index.php\/producto\/fuente-de-alimentacion-ac-para-ea5800-x2\/"},"modified":"2026-03-19T18:40:21","modified_gmt":"2026-03-19T18:40:21","slug":"fuente-de-alimentacion-ac-para-ea5800-x2","status":"publish","type":"product","link":"https:\/\/soydeaqui.ddns.net\/pachuca\/index.php\/producto\/fuente-de-alimentacion-ac-para-ea5800-x2\/","title":{"rendered":"Fuente de Alimentaci\u00f3n AC para EA5800-X2"},"content":{"rendered":"<div style='width: 100%; max-width: 1200px; margin: 0 auto; font-family: sans-serif; line-height: 1.6; color: inherit; background-color: transparent;'>\n<div style='display: flex; flex-wrap: wrap; gap: 30px; margin-bottom: 30px;'>\n<div style='flex: 1 1 300px; min-width: 280px;'> <img style='width: 100%; height: auto; border: 1px solid rgba(150&comma;150&comma;150&comma;0.3); border-radius: 8px;' src='https:\/\/ftp3.syscom.mx\/usuarios\/orobles\/Huawei\/Huawei-horizontal-logo_2018.jpg' alt=''> <\/div>\n<div style='flex: 1 1 300px; min-width: 280px;'>\n<p style='font-size: 15px; color: inherit;'> La tarjeta H902PISB es una placa de alimentaci\u00f3n de corriente alterna que consta de una unidad de alimentaci\u00f3n de AC y una unidad de control. La placa suministra energ\u00eda a las otras placas y admite la bater\u00eda de plomo-\u00e1cido como respaldo de energ\u00eda. La unidad de alimentaci\u00f3n de AC proporciona protecci\u00f3n contra sobrecorriente&comma; sobrevoltaje de salida&comma; cortocircuito y sobretemperatura. La unidad de monitoreo proporciona una gesti\u00f3n integral para el sistema de energ\u00eda y la bater\u00eda de almacenamiento y tambi\u00e9n proporciona funciones de monitoreo del entorno. <\/p>\n<\/p><\/div>\n<\/p><\/div>\n<div style='display: flex; flex-wrap: wrap; gap: 20px; margin-bottom: 30px;'>\n<div style='flex: 1 1 250px; border: 1px solid rgba(150&comma; 150&comma; 150&comma; 0.4); border-radius: 8px; overflow: hidden; display: flex; flex-direction: column;'>\n<div style='padding: 15px; border-bottom: 1px solid rgba(150&comma; 150&comma; 150&comma; 0.2); font-weight: bold; font-size: 18px; color: inherit;'>Caracter\u00edsticas<\/div>\n<div style='padding: 15px; color: inherit;'>\n<ul style='padding-left: 20px; margin: 0; font-size: 14px; list-style-type: disc;'>\n<li style='margin-bottom: 5px;'><strong>Compatible con:<\/strong> OLTs EA5800-X2<\/li>\n<li style='margin-bottom: 5px;'><strong>Rango de voltaje de entrada:<\/strong> 100 &#8211; 240 Vca<\/li>\n<li style='margin-bottom: 5px;'><strong>Potencia de salida:<\/strong> 600W<\/li>\n<li style='margin-bottom: 5px;'><strong>Dimensiones (H x W x D) [mm]:<\/strong> 130 x 35.28 x 253<\/li>\n<li style='margin-bottom: 5px;'><strong>Peso:<\/strong> 1.15 kg<\/li>\n<li style='margin-bottom: 5px;'><strong>Potencia de consumo est\u00e1tico:<\/strong> 5 W<\/li>\n<li style='margin-bottom: 5px;'><strong>Potencia m\u00e1xima de consumo:<\/strong> 45 W<\/li>\n<li style='margin-bottom: 5px;'><strong>Temperatura de operaci\u00f3n:<\/strong> -40\u00b0C a +65\u00b0C<\/li>\n<\/ul><\/div>\n<\/p><\/div>\n<\/p><\/div>\n<\/p><\/div>\n","protected":false},"excerpt":{"rendered":"<p>Fuente de Alimentaci\u00f3n AC para EA5800-X2<\/p>\n","protected":false},"featured_media":81329,"comment_status":"open","ping_status":"closed","template":"","meta":[],"product_brand":[],"product_cat":[2018],"product_tag":[718,2019,2011],"class_list":{"0":"post-81330","1":"product","2":"type-product","3":"status-publish","4":"has-post-thumbnail","6":"product_cat-olts","7":"product_tag-huawei","8":"product_tag-olts","9":"product_tag-redes-ftth-pon","11":"first","12":"instock","13":"sale","14":"shipping-taxable","15":"purchasable","16":"product-type-simple"},"_links":{"self":[{"href":"https:\/\/soydeaqui.ddns.net\/pachuca\/index.php\/wp-json\/wp\/v2\/product\/81330","targetHints":{"allow":["GET"]}}],"collection":[{"href":"https:\/\/soydeaqui.ddns.net\/pachuca\/index.php\/wp-json\/wp\/v2\/product"}],"about":[{"href":"https:\/\/soydeaqui.ddns.net\/pachuca\/index.php\/wp-json\/wp\/v2\/types\/product"}],"replies":[{"embeddable":true,"href":"https:\/\/soydeaqui.ddns.net\/pachuca\/index.php\/wp-json\/wp\/v2\/comments?post=81330"}],"wp:featuredmedia":[{"embeddable":true,"href":"https:\/\/soydeaqui.ddns.net\/pachuca\/index.php\/wp-json\/wp\/v2\/media\/81329"}],"wp:attachment":[{"href":"https:\/\/soydeaqui.ddns.net\/pachuca\/index.php\/wp-json\/wp\/v2\/media?parent=81330"}],"wp:term":[{"taxonomy":"product_brand","embeddable":true,"href":"https:\/\/soydeaqui.ddns.net\/pachuca\/index.php\/wp-json\/wp\/v2\/product_brand?post=81330"},{"taxonomy":"product_cat","embeddable":true,"href":"https:\/\/soydeaqui.ddns.net\/pachuca\/index.php\/wp-json\/wp\/v2\/product_cat?post=81330"},{"taxonomy":"product_tag","embeddable":true,"href":"https:\/\/soydeaqui.ddns.net\/pachuca\/index.php\/wp-json\/wp\/v2\/product_tag?post=81330"}],"curies":[{"name":"wp","href":"https:\/\/api.w.org\/{rel}","templated":true}]}}