{"id":81311,"date":"2026-03-19T18:39:30","date_gmt":"2026-03-19T18:39:30","guid":{"rendered":"https:\/\/soydeaqui.ddns.net\/pachuca\/index.php\/producto\/controlador-para-puntos-de-acceso-altai-administra-hasta-50-aps-crecimiento-hasta-200-aps\/"},"modified":"2026-03-19T18:39:42","modified_gmt":"2026-03-19T18:39:42","slug":"controlador-para-puntos-de-acceso-altai-administra-hasta-50-aps-crecimiento-hasta-200-aps","status":"publish","type":"product","link":"https:\/\/soydeaqui.ddns.net\/pachuca\/index.php\/producto\/controlador-para-puntos-de-acceso-altai-administra-hasta-50-aps-crecimiento-hasta-200-aps\/","title":{"rendered":"Controlador Para Puntos de Acceso Altai, Administra Hasta 50 APs, Crecimiento Hasta 200 APs"},"content":{"rendered":"<div style='width: 100%; max-width: 1200px; margin: 0 auto; font-family: sans-serif; line-height: 1.6; color: inherit; background-color: transparent;'> <!-- Im\u00e1genes iniciales --> <\/p>\n<div style='display: flex; flex-wrap: wrap; gap: 20px; justify-content: center; margin-bottom: 30px;'> <img style='width: 100%; max-width: 600px; height: auto; border: 1px solid rgba(150&comma;150&comma;150&comma;0.3); border-radius: 8px;' src='https:\/\/ftp3.syscom.mx\/usuarios\/hortega\/Altai\/Altai.png' alt=''> <img style='width: 100%; max-width: 350px; height: auto; border: 1px solid rgba(150&comma;150&comma;150&comma;0.3); border-radius: 8px;' src='https:\/\/ftp3.syscom.mx\/usuarios\/fotos\/C1N\/74401-image_2019_11_19t22_34_31_506z.png' alt=''> <\/div>\n<p> <!-- Descripci\u00f3n principal --> <\/p>\n<div style='margin-bottom: 30px; font-size: 15px;'>\n<p>AltaiGate 210 es un controlador WLAN dise\u00f1ado espec\u00edficamente para redes de tama\u00f1o peque\u00f1o a mediano. Equipado con un procesador central que alberga cuatro n\u00facleos&comma; cada uno con dos subprocesos&comma; el AltaiGate 210 le permite administrar sin esfuerzo hasta 200 puntos de acceso Altai Super WiFi y alojar 4000 dispositivos cliente en una arquitectura de red de reenv\u00edo centralizada.<\/p>\n<p>Dise\u00f1ado con la facilidad de uso en mente&comma; el AltaiGate 210 simplifica la configuraci\u00f3n de toda su red Wi-Fi. Su interfaz de configuraci\u00f3n intuitiva basada en la web garantiza una experiencia fluida y sin complicaciones. El AltaiGate se puede implementar en cualquier red de Capa 2\/3 y se conecta sin problemas con los puntos de acceso Altai Super WiFi&comma; lo que permite una implementaci\u00f3n de red Wi-Fi verdaderamente plug-and-play.<\/p>\n<\/p><\/div>\n<p> <!-- Imagen destacada --> <\/p>\n<div style='text-align: center; margin-bottom: 30px;'> <img style='width: 100%; max-width: 800px; height: auto; border: 1px solid rgba(150&comma;150&comma;150&comma;0.3); border-radius: 8px;' src='https:\/\/www.altaitechnologies.com\/wp-content\/uploads\/2024\/02\/AltaiGate510_1200x520.png' alt=''> <\/div>\n<p> <!-- Secci\u00f3n de caracter\u00edsticas --> <\/p>\n<div style='display: flex; flex-wrap: wrap; gap: 30px; margin-bottom: 40px;'>\n<div style='flex: 1 1 300px; min-width: 280px;'>\n<h3 style='font-size: 20px; border-bottom: 2px solid currentColor; padding-bottom: 8px; margin-top: 0; color: inherit; opacity: 0.85;'>Caracter\u00edsticas principales<\/h3>\n<ul style='padding-left: 20px; margin: 15px 0; font-size: 14px; color: inherit; list-style-type: disc;'>\n<li style='margin-bottom: 8px;'>Administraci\u00f3n centralizada<\/li>\n<li style='margin-bottom: 8px;'>Soporta hasta 200 Puntos de Acceso<\/li>\n<li style='margin-bottom: 8px;'>Usuarios concurrentes hasta 4000 Max<\/li>\n<li style='margin-bottom: 8px;'>Incluye licencia activada para 50 Puntos de Acceso Altai<\/li>\n<li style='margin-bottom: 8px;'>Interfaz web intuitiva<\/li>\n<li style='margin-bottom: 8px;'>Monitoreo de enlaces AP\/estaci\u00f3n\/cresta en tiempo real<\/li>\n<li style='margin-bottom: 8px;'>Visualizaci\u00f3n de topolog\u00eda de enlaces<\/li>\n<li style='margin-bottom: 8px;'>Informes programados<\/li>\n<li style='margin-bottom: 8px;'>Notificaci\u00f3n de alerta<\/li>\n<li style='margin-bottom: 8px;'>Portal Cautivo<\/li>\n<\/ul><\/div>\n<div style='flex: 1 1 300px; min-width: 280px;'>\n<h3 style='font-size: 20px; border-bottom: 2px solid currentColor; padding-bottom: 8px; margin-top: 0; color: inherit; opacity: 0.85;'>Caracter\u00edsticas F\u00edsicas y El\u00e9ctricas<\/h3>\n<ul style='padding-left: 20px; margin: 15px 0; font-size: 14px; color: inherit; list-style-type: disc;'>\n<li style='margin-bottom: 8px;'>4 puertos Gigabit y 2 puertos SFP para fines especiales&comma; p.e. acceso de gesti\u00f3n local&comma; HA 1+1<\/li>\n<li style='margin-bottom: 8px;'>4 puertos (para conexi\u00f3n de red)<\/li>\n<li style='margin-bottom: 8px;'>1 puerto Gigabit (consola)<\/li>\n<li style='margin-bottom: 8px;'>M\u00f3dulos de fuente de alimentaci\u00f3n de CA redundantes 1+1<\/li>\n<li style='margin-bottom: 8px;'>Dimensiones (43.8&#215;42.2&#215;4.4 cm)<\/li>\n<li style='margin-bottom: 8px;'>Peso 9kg<\/li>\n<li style='margin-bottom: 8px;'>Temperatura de operaci\u00f3n (0\u00b0 a 40\u00b0C)<\/li>\n<\/ul><\/div>\n<div style='flex: 1 1 300px; min-width: 280px;'>\n<h3 style='font-size: 20px; border-bottom: 2px solid currentColor; padding-bottom: 8px; margin-top: 0; color: inherit; opacity: 0.85;'>Caracter\u00edsticas Destacadas<\/h3>\n<ul style='padding-left: 20px; margin: 15px 0; font-size: 14px; color: inherit; list-style-type: disc;'>\n<li style='margin-bottom: 8px;'>Controlador AltaiGate 210<\/li>\n<li style='margin-bottom: 8px;'>Fuente de alimentaci\u00f3n de CA redundante 1+1<\/li>\n<li style='margin-bottom: 8px;'>Licencia b\u00e1sica para 50 puntos de acceso Altai<\/li>\n<\/ul><\/div>\n<\/p><\/div>\n<p> <!-- Videos --> <\/p>\n<div style='display: flex; flex-wrap: wrap; gap: 30px; justify-content: center; margin-bottom: 40px;'>\n<div style='position: relative; padding-bottom: 56.25%; height: 0; overflow: hidden; flex: 1 1 300px; min-width: 280px;'>   <\/div>\n<div style='position: relative; padding-bottom: 56.25%; height: 0; overflow: hidden; flex: 1 1 300px; min-width: 280px;'>   <\/div>\n<\/p><\/div>\n<p> <!-- Videos adicionales --> <\/p>\n<div style='display: flex; flex-wrap: wrap; gap: 20px; justify-content: center; margin-bottom: 30px;'>\n<div style='position: relative; padding-bottom: 56.25%; height: 0; overflow: hidden; flex: 1 1 250px; min-width: 250px;'>   <\/div>\n<div style='position: relative; padding-bottom: 56.25%; height: 0; overflow: hidden; flex: 1 1 250px; min-width: 250px;'>   <\/div>\n<div style='position: relative; padding-bottom: 56.25%; height: 0; overflow: hidden; flex: 1 1 250px; min-width: 250px;'>   <\/div>\n<\/p><\/div>\n<p> <!-- Nota final --> <\/p>\n<div style='margin-top: 30px; padding: 15px; border-left: 4px solid rgba(184&comma; 49&comma; 47&comma; 0.8); background-color: rgba(184&comma; 49&comma; 47&comma; 0.05); font-size: 14px; color: inherit;'> <em>La m\u00e1xima distancia en cobertura&comma; capacidad de dispositivos m\u00f3viles WiFi&comma; velocidades de conexi\u00f3n&comma; etc. depender\u00e1 particularmente de cada sitio de instalaci\u00f3n&comma; l\u00ednea de vista plena 100%&comma; niveles de ruido e interferencia&comma; tipo de dispositivos WiFi&comma; alineaci\u00f3n y altura de las antenas.<\/em> <\/div>\n<\/p><\/div>\n","protected":false},"excerpt":{"rendered":"<p>Controlador Para Puntos de Acceso Altai, Administra Hasta 50 APs, Crecimiento Hasta 200 APs<\/p>\n","protected":false},"featured_media":81310,"comment_status":"open","ping_status":"closed","template":"","meta":[],"product_brand":[],"product_cat":[2032],"product_tag":[1950,1419,1479],"class_list":{"0":"post-81311","1":"product","2":"type-product","3":"status-publish","4":"has-post-thumbnail","6":"product_cat-controladores-redes-wifi","7":"product_tag-altai-technologies","8":"product_tag-controladores","9":"product_tag-redes-wifi","11":"first","12":"outofstock","13":"sale","14":"shipping-taxable","15":"purchasable","16":"product-type-simple"},"_links":{"self":[{"href":"https:\/\/soydeaqui.ddns.net\/pachuca\/index.php\/wp-json\/wp\/v2\/product\/81311","targetHints":{"allow":["GET"]}}],"collection":[{"href":"https:\/\/soydeaqui.ddns.net\/pachuca\/index.php\/wp-json\/wp\/v2\/product"}],"about":[{"href":"https:\/\/soydeaqui.ddns.net\/pachuca\/index.php\/wp-json\/wp\/v2\/types\/product"}],"replies":[{"embeddable":true,"href":"https:\/\/soydeaqui.ddns.net\/pachuca\/index.php\/wp-json\/wp\/v2\/comments?post=81311"}],"wp:featuredmedia":[{"embeddable":true,"href":"https:\/\/soydeaqui.ddns.net\/pachuca\/index.php\/wp-json\/wp\/v2\/media\/81310"}],"wp:attachment":[{"href":"https:\/\/soydeaqui.ddns.net\/pachuca\/index.php\/wp-json\/wp\/v2\/media?parent=81311"}],"wp:term":[{"taxonomy":"product_brand","embeddable":true,"href":"https:\/\/soydeaqui.ddns.net\/pachuca\/index.php\/wp-json\/wp\/v2\/product_brand?post=81311"},{"taxonomy":"product_cat","embeddable":true,"href":"https:\/\/soydeaqui.ddns.net\/pachuca\/index.php\/wp-json\/wp\/v2\/product_cat?post=81311"},{"taxonomy":"product_tag","embeddable":true,"href":"https:\/\/soydeaqui.ddns.net\/pachuca\/index.php\/wp-json\/wp\/v2\/product_tag?post=81311"}],"curies":[{"name":"wp","href":"https:\/\/api.w.org\/{rel}","templated":true}]}}