{"id":81306,"date":"2026-03-19T18:39:18","date_gmt":"2026-03-19T18:39:18","guid":{"rendered":"https:\/\/soydeaqui.ddns.net\/pachuca\/index.php\/producto\/disipador-de-calor-activo-para-ssd-m-2-aleacion-de-aluminio-facil-de-instalacion-ideal-para-pc-de-escritorio\/"},"modified":"2026-03-19T18:39:27","modified_gmt":"2026-03-19T18:39:27","slug":"disipador-de-calor-activo-para-ssd-m-2-aleacion-de-aluminio-facil-de-instalacion-ideal-para-pc-de-escritorio","status":"publish","type":"product","link":"https:\/\/soydeaqui.ddns.net\/pachuca\/index.php\/producto\/disipador-de-calor-activo-para-ssd-m-2-aleacion-de-aluminio-facil-de-instalacion-ideal-para-pc-de-escritorio\/","title":{"rendered":"Disipador de calor Activo para SSD M.2 \/ Aleaci\u00f3n de Aluminio \/ F\u00e1cil de Instalaci\u00f3n \/ Ideal para PC de Escritorio"},"content":{"rendered":"<div style='width: 100%; max-width: 1200px; margin: 0 auto; font-family: sans-serif; line-height: 1.6; color: inherit; background-color: transparent;'> <!-- Banner --> <\/p>\n<div style='text-align: center; margin: 1.5rem 0;'> <img style='width: 100%; height: auto; border: 1px solid rgba(150&comma;150&comma;150&comma;0.3); border-radius: 8px;' src='https:\/\/ftp3.syscom.mx\/usuarios\/gmagos\/HIK\/storage\/Vaners\/hiksemi.png' alt='Banner'> <\/div>\n<p> <!-- Especificaciones --> <\/p>\n<div style='display: flex; flex-wrap: wrap; gap: 30px; margin-bottom: 30px;'>\n<div style='flex: 1 1 300px; min-width: 280px;'>\n<h3 style='font-size: 22px; border-bottom: 2px solid currentColor; padding-bottom: 5px; margin-top: 0; color: inherit; opacity: 0.8;'>Caracter\u00edsticas Principales<\/h3>\n<ul style='padding-left: 20px; font-size: 15px; color: inherit;'>\n<li style='margin-bottom: 5px;'><strong>Placa SSD compatible:<\/strong> 22*80 mm (alto: 2 ~ 4 mm)<\/li>\n<li style='margin-bottom: 5px;'><strong>Material Principal:<\/strong> Aleaci\u00f3n de aluminio<\/li>\n<li style='margin-bottom: 5px;'><strong>Reducir Efectivamente la Temperatura:<\/strong> \u226430\u00b0C<\/li>\n<li style='margin-bottom: 5px;'><strong>Plataforma de Soporte:<\/strong> Escritorio<\/li>\n<li style='margin-bottom: 5px;'><strong>Alimentaci\u00f3n:<\/strong> De la placa base 12V<\/li>\n<li style='margin-bottom: 5px;'><strong>Interfaz de Fuente de Alimentaci\u00f3n:<\/strong> Puerto del ventilador de la placa base de 4 pines<\/li>\n<li style='margin-bottom: 5px;'><strong>Color:<\/strong> Negro<\/li>\n<li style='margin-bottom: 5px;'><strong>Tama\u00f1o:<\/strong> 73 x 22 x 9 mm<\/li>\n<li style='margin-bottom: 5px;'><strong>Peso:<\/strong> 54.8g<\/li>\n<\/ul><\/div>\n<\/p><\/div>\n<p> <!-- Videos --> <\/p>\n<div style='display: flex; flex-wrap: wrap; gap: 20px; margin-bottom: 30px;'>\n<div style='flex: 1 1 300px; min-width: 280px;'>\n<h3 style='font-size: 18px; margin: 0 0 15px 0; text-align: center;'><strong>\u00bfQui\u00e9n es HIKSEMI?<\/strong><\/h3>\n<div style='position: relative; padding-bottom: 56.25%; height: 0; overflow: hidden; margin-bottom: 30px;'>   <\/div>\n<\/p><\/div>\n<div style='flex: 1 1 300px; min-width: 280px;'>\n<h3 style='font-size: 18px; margin: 0 0 15px 0; text-align: center;'><strong>Unidades de Estado S\u00f3lido<\/strong><\/h3>\n<div style='position: relative; padding-bottom: 56.25%; height: 0; overflow: hidden; margin-bottom: 30px;'>   <\/div>\n<\/p><\/div>\n<\/p><\/div>\n<p> <!-- Imagen 1 --> <\/p>\n<div style='position: relative; width: 100%; margin-bottom: 30px;'> <img style='width: 100%; height: auto; border: 1px solid rgba(150&comma;150&comma;150&comma;0.3); border-radius: 8px;' src='https:\/\/ftp3.syscom.mx\/usuarios\/gmagos\/HIK\/storage\/Pagina%20WEB\/Disipador%20CA\/MHF1_01.jpg' alt='Imagen de Fondo'> <\/p>\n<div style='position: absolute; top: 0; left: 0; width: 100%; height: 100%; display: flex; align-items: center; justify-content: center; padding: 50px; box-sizing: border-box; pointer-events: none;'>\n<div style='background: rgba(255&comma;255&comma;255&comma;0.8); padding: 30px; border-radius: 8px; max-width: 600px; text-align: center;'>\n<h1 style='font-size: 35px; margin: 0 0 10px 0; color: inherit;'><strong>Disipador de Calor para M.2<\/strong><\/h1>\n<h2 style='font-size: 20px; margin: 0; color: inherit;'>Mejor refrigeraci\u00f3n para un alto rendimiento estable<\/h2>\n<\/p><\/div>\n<\/p><\/div>\n<\/p><\/div>\n<p> <!-- Informaci\u00f3n 1 --> <\/p>\n<div style='display: flex; flex-wrap: wrap; gap: 20px; margin-bottom: 30px;'>\n<div style='flex: 1 1 300px; min-width: 280px;'> <img style='width: 100%; height: auto; border: 1px solid rgba(150&comma;150&comma;150&comma;0.3); border-radius: 8px;' src='https:\/\/ftp3.syscom.mx\/usuarios\/gmagos\/HIK\/storage\/Pagina%20WEB\/Disipador%20CA\/MHF1_03.jpg' alt='Amplia compatibilidad'> <\/div>\n<div style='flex: 1 1 300px; min-width: 280px;'>\n<h3 style='font-size: 22px; margin-top: 0; color: inherit; opacity: 0.8;'>Amplia compatibilidad<\/h3>\n<p style='font-size: 15px; color: inherit;'>Experimenta el rendimiento \u00f3ptimo con nuestro nuevo disipador de calor para SSD M.2 de Hik Semi. Dise\u00f1ado con amplia compatibilidad&comma; este innovador producto es ideal para SSD NVMe M.2 2280&comma; asegurando que tu dispositivo funcione a su m\u00e1ximo potencial. Disfruta de la eficiencia t\u00e9rmica y la tranquilidad que brinda nuestra soluci\u00f3n de enfriamiento de vanguardia.<\/p>\n<\/p><\/div>\n<\/p><\/div>\n<p> <!-- Informaci\u00f3n 2 --> <\/p>\n<div style='display: flex; flex-wrap: wrap; gap: 20px; margin-bottom: 30px; flex-direction: column-reverse;'>\n<div style='flex: 1 1 300px; min-width: 280px;'>\n<h3 style='font-size: 22px; margin-top: 0; color: inherit; opacity: 0.8; text-align: right;'>Evite que su SSD se sobrecaliente<\/h3>\n<p style='font-size: 15px; color: inherit; text-align: right;'>Prevenga el sobrecalentamiento de su SSD con nuestro innovador dise\u00f1o. Fabricado con una resistente aleaci\u00f3n de aluminio&comma; nuestro producto ofrece una disipaci\u00f3n de calor eficiente que asegura un rendimiento estable y \u00f3ptimo para su SSD.<\/p>\n<\/p><\/div>\n<div style='flex: 1 1 300px; min-width: 280px;'> <img style='width: 100%; height: auto; border: 1px solid rgba(150&comma;150&comma;150&comma;0.3); border-radius: 8px;' src='https:\/\/ftp3.syscom.mx\/usuarios\/gmagos\/HIK\/storage\/Pagina%20WEB\/Disipador%20CA\/MHF1_02.jpg' alt='Aleaci\u00f3n de aluminio'> <\/div>\n<\/p><\/div>\n<p> <!-- Imagen 2 --> <\/p>\n<div style='position: relative; width: 100%; margin-bottom: 30px;'> <img style='width: 100%; height: auto; border: 1px solid rgba(150&comma;150&comma;150&comma;0.3); border-radius: 8px;' src='https:\/\/ftp3.syscom.mx\/usuarios\/gmagos\/HIK\/storage\/Pagina%20WEB\/Disipador%20CA\/MHF1_04.jpg' alt='Imagen de Fondo'> <\/p>\n<div style='position: absolute; top: 0; left: 0; width: 100%; height: 100%; display: flex; align-items: center; justify-content: center; padding: 50px; box-sizing: border-box; pointer-events: none;'>\n<div style='background: rgba(0&comma;0&comma;0&comma;0.6); padding: 30px; border-radius: 8px; max-width: 600px; text-align: center;'>\n<h1 style='font-size: 35px; margin: 0 0 10px 0; color: white;'><strong>Diagrama de instalaci\u00f3n<\/strong><\/h1>\n<h2 style='font-size: 20px; margin: 0; color: white;'>Equipado con almohadilla t\u00e9rmica&comma; f\u00e1cil de instalar<\/h2>\n<\/p><\/div>\n<\/p><\/div>\n<\/p><\/div>\n<p> <!-- Banner Final --> <\/p>\n<div style='text-align: center; margin: 1.5rem 0;'> <img style='width: 100%; height: auto; border: 1px solid rgba(150&comma;150&comma;150&comma;0.3); border-radius: 8px;' src='https:\/\/ftp3.syscom.mx\/usuarios\/gmagos\/HIK\/storage\/Vaners\/HIKSEMI-banner1.jpg' alt='Banner final'> <\/div>\n<p> <!-- Separador final --> <\/p>\n<hr style='border: 0; border-top: 1px solid rgba(150&comma; 150&comma; 150&comma; 0.3); margin: 30px 0;'> <\/div>\n","protected":false},"excerpt":{"rendered":"<p>Disipador de calor Activo para SSD M.2 \/ Aleaci\u00f3n de Aluminio \/ F\u00e1cil de Instalaci\u00f3n \/ Ideal para PC de Escritorio<\/p>\n","protected":false},"featured_media":81305,"comment_status":"open","ping_status":"closed","template":"","meta":[],"product_brand":[],"product_cat":[2138],"product_tag":[1974,2129,2139],"class_list":{"0":"post-81306","1":"product","2":"type-product","3":"status-publish","4":"has-post-thumbnail","6":"product_cat-unidades-de-estado-solido-ssd","7":"product_tag-almacenamiento","8":"product_tag-hiksemi-by-hikvision","9":"product_tag-unidades-de-estado-solido-ssd","11":"first","12":"instock","13":"sale","14":"shipping-taxable","15":"purchasable","16":"product-type-simple"},"_links":{"self":[{"href":"https:\/\/soydeaqui.ddns.net\/pachuca\/index.php\/wp-json\/wp\/v2\/product\/81306","targetHints":{"allow":["GET"]}}],"collection":[{"href":"https:\/\/soydeaqui.ddns.net\/pachuca\/index.php\/wp-json\/wp\/v2\/product"}],"about":[{"href":"https:\/\/soydeaqui.ddns.net\/pachuca\/index.php\/wp-json\/wp\/v2\/types\/product"}],"replies":[{"embeddable":true,"href":"https:\/\/soydeaqui.ddns.net\/pachuca\/index.php\/wp-json\/wp\/v2\/comments?post=81306"}],"wp:featuredmedia":[{"embeddable":true,"href":"https:\/\/soydeaqui.ddns.net\/pachuca\/index.php\/wp-json\/wp\/v2\/media\/81305"}],"wp:attachment":[{"href":"https:\/\/soydeaqui.ddns.net\/pachuca\/index.php\/wp-json\/wp\/v2\/media?parent=81306"}],"wp:term":[{"taxonomy":"product_brand","embeddable":true,"href":"https:\/\/soydeaqui.ddns.net\/pachuca\/index.php\/wp-json\/wp\/v2\/product_brand?post=81306"},{"taxonomy":"product_cat","embeddable":true,"href":"https:\/\/soydeaqui.ddns.net\/pachuca\/index.php\/wp-json\/wp\/v2\/product_cat?post=81306"},{"taxonomy":"product_tag","embeddable":true,"href":"https:\/\/soydeaqui.ddns.net\/pachuca\/index.php\/wp-json\/wp\/v2\/product_tag?post=81306"}],"curies":[{"name":"wp","href":"https:\/\/api.w.org\/{rel}","templated":true}]}}