{"id":81297,"date":"2026-03-19T18:38:52","date_gmt":"2026-03-19T18:38:52","guid":{"rendered":"https:\/\/soydeaqui.ddns.net\/pachuca\/index.php\/producto\/disipador-de-calor-para-ssd-m-2-aleacion-de-aluminio-facil-de-instalar-compatible-con-computadoras-de-escritorio-y-ps5\/"},"modified":"2026-03-19T18:39:12","modified_gmt":"2026-03-19T18:39:12","slug":"disipador-de-calor-para-ssd-m-2-aleacion-de-aluminio-facil-de-instalar-compatible-con-computadoras-de-escritorio-y-ps5","status":"publish","type":"product","link":"https:\/\/soydeaqui.ddns.net\/pachuca\/index.php\/producto\/disipador-de-calor-para-ssd-m-2-aleacion-de-aluminio-facil-de-instalar-compatible-con-computadoras-de-escritorio-y-ps5\/","title":{"rendered":"Disipador de Calor para SSD M.2 \/ Aleaci\u00f3n de Aluminio \/ F\u00e1cil de Instalar \/ Compatible con Computadoras de Escritorio y PS5"},"content":{"rendered":"<div style='width: 100%; max-width: 1200px; margin: 0 auto; font-family: sans-serif; line-height: 1.6; color: inherit; background-color: transparent;'> <!-- Banner --> <\/p>\n<div style='width: 100%; text-align: center; margin: 1.5rem 0;'> <img style='width: 100%; height: auto; border: 1px solid rgba(150&comma;150&comma;150&comma;0.3); border-radius: 8px;' src='https:\/\/ftp3.syscom.mx\/usuarios\/gmagos\/HIK\/storage\/Vaners\/hiksemi.png' alt='Banner'> <\/div>\n<p> <!-- Especificaciones --> <\/p>\n<div style='display: flex; flex-wrap: wrap; gap: 30px; margin-bottom: 30px;'>\n<div style='flex: 1 1 300px; min-width: 280px;'>\n<h3 style='font-size: 22px; border-bottom: 2px solid currentColor; padding-bottom: 5px; margin-top: 0; color: inherit; opacity: 0.8;'>Caracter\u00edsticas Principales<\/h3>\n<ul style='padding-left: 20px; font-size: 15px; color: inherit;'>\n<li style='margin-bottom: 5px;'>Placa SSD compatible: 22*80 mm (alto: 2 ~ 4 mm)<\/li>\n<li style='margin-bottom: 5px;'>Material principal: Aleaci\u00f3n de Aluminio<\/li>\n<li style='margin-bottom: 5px;'>Reducir Efectivamente la Temperatura: \u226425\u2103<\/li>\n<li style='margin-bottom: 5px;'>Plataforma de soporte: Escritorio&comma; PS5&comma; etc.<\/li>\n<li style='margin-bottom: 5px;'>Tama\u00f1o: 73 x 22 x 9 mm<\/li>\n<li style='margin-bottom: 5px;'>Peso: 23.8g<\/li>\n<\/ul><\/div>\n<\/p><\/div>\n<p> <!-- Videos --> <\/p>\n<div style='display: flex; flex-wrap: wrap; gap: 30px; margin-bottom: 30px;'>\n<div style='flex: 1 1 300px; min-width: 280px;'>\n<h3 style='font-size: 22px; border-bottom: 2px solid currentColor; padding-bottom: 5px; margin-top: 0; color: inherit; opacity: 0.8;'>\u00bfQui\u00e9n es HIKSEMI?<\/h3>\n<div style='position: relative; padding-bottom: 56.25%; height: 0; overflow: hidden; margin-bottom: 30px;'>   <\/div>\n<\/p><\/div>\n<div style='flex: 1 1 300px; min-width: 280px;'>\n<h3 style='font-size: 22px; border-bottom: 2px solid currentColor; padding-bottom: 5px; margin-top: 0; color: inherit; opacity: 0.8;'>Unidades de Estado S\u00f3lido<\/h3>\n<div style='position: relative; padding-bottom: 56.25%; height: 0; overflow: hidden; margin-bottom: 30px;'>   <\/div>\n<\/p><\/div>\n<\/p><\/div>\n<p> <!-- Imagen 1 con overlay --> <\/p>\n<div style='position: relative; width: 100%; margin: 30px 0;'> <img style='width: 100%; height: auto; border: 1px solid rgba(150&comma;150&comma;150&comma;0.3); border-radius: 8px;' src='https:\/\/ftp3.syscom.mx\/usuarios\/gmagos\/HIK\/storage\/Pagina%20WEB\/Dicipador\/MH1_01.jpg' alt='Imagen de Fondo'> <\/p>\n<div style='position: absolute; top: 20px; left: 50%; transform: translateX(-50%); padding: 20px; text-align: center;'>\n<h1 style='font-size: 35px; color: inherit; margin: 0 0 10px; font-weight: bold; font-family: verdana&comma; geneva&comma; sans-serif;'>Disipador de Calor para M.2<\/h1>\n<h2 style='font-size: 20px; color: inherit; margin: 0; font-family: verdana&comma; geneva&comma; sans-serif;'>Mejor refrigeraci\u00f3n para un alto rendimiento estable<\/h2>\n<\/p><\/div>\n<\/p><\/div>\n<p> <!-- Informaci\u00f3n 1 --> <\/p>\n<div style='display: flex; flex-wrap: wrap; gap: 30px; margin-bottom: 30px; align-items: center;'>\n<div style='flex: 1 1 300px; min-width: 280px; text-align: center;'> <img style='width: 100%; height: auto; border: 1px solid rgba(150&comma;150&comma;150&comma;0.3); border-radius: 8px;' src='https:\/\/ftp3.syscom.mx\/usuarios\/gmagos\/HIK\/storage\/Pagina%20WEB\/Dicipador\/MH1_03.jpg' alt='Amplia compatibilidad'> <\/div>\n<div style='flex: 2 1 400px;'>\n<h3 style='font-size: 22px; border-bottom: 2px solid currentColor; padding-bottom: 5px; margin-top: 0; color: inherit; opacity: 0.8;'>Amplia compatibilidad<\/h3>\n<p style='font-size: 15px; color: inherit; text-align: justify;'>Experimenta el rendimiento \u00f3ptimo con nuestro nuevo disipador de calor para SSD M.2 de Hik Semi. Dise\u00f1ado con amplia compatibilidad&comma; este innovador producto es ideal para SSD NVMe M.2 2280&comma; asegurando que tu dispositivo funcione a su m\u00e1ximo potencial. Disfruta de la eficiencia t\u00e9rmica y la tranquilidad que brinda nuestra soluci\u00f3n de enfriamiento de vanguardia.<\/p>\n<\/p><\/div>\n<\/p><\/div>\n<p> <!-- Informaci\u00f3n 2 --> <\/p>\n<div style='display: flex; flex-wrap: wrap; gap: 30px; margin-bottom: 30px; align-items: center;'>\n<div style='flex: 1 1 300px; min-width: 280px;'>\n<h3 style='font-size: 22px; border-bottom: 2px solid currentColor; padding-bottom: 5px; margin-top: 0; color: inherit; opacity: 0.8;'>Evite que su SSD se sobrecaliente<\/h3>\n<p style='font-size: 15px; color: inherit; text-align: justify;'>Prevenga el sobrecalentamiento de su SSD con nuestro innovador dise\u00f1o. Fabricado con una resistente aleaci\u00f3n de aluminio&comma; nuestro producto ofrece una disipaci\u00f3n de calor eficiente que asegura un rendimiento estable y \u00f3ptimo para su SSD.<\/p>\n<\/p><\/div>\n<div style='flex: 1 1 300px; min-width: 280px; text-align: center;'> <img style='width: 100%; height: auto; border: 1px solid rgba(150&comma;150&comma;150&comma;0.3); border-radius: 8px;' src='https:\/\/ftp3.syscom.mx\/usuarios\/gmagos\/HIK\/storage\/Pagina%20WEB\/Dicipador\/MH1_02.jpg' alt='Aleaci\u00f3n de aluminio'> <\/div>\n<\/p><\/div>\n<p> <!-- Imagen 2 con overlay --> <\/p>\n<div style='position: relative; width: 100%; margin: 30px 0;'> <img style='width: 100%; height: auto; border: 1px solid rgba(150&comma;150&comma;150&comma;0.3); border-radius: 8px;' src='https:\/\/ftp3.syscom.mx\/usuarios\/gmagos\/HIK\/storage\/Pagina%20WEB\/Dicipador\/MH1_04.jpg' alt='Imagen de Fondo'> <\/p>\n<div style='position: absolute; top: 20px; left: 50%; transform: translateX(-50%); padding: 20px; text-align: center;'>\n<h1 style='font-size: 35px; color: inherit; margin: 0 0 10px; font-weight: bold; font-family: verdana&comma; geneva&comma; sans-serif;'>Diagrama de instalaci\u00f3n<\/h1>\n<h2 style='font-size: 20px; color: inherit; margin: 0; font-family: verdana&comma; geneva&comma; sans-serif;'>Equipado con almohadilla t\u00e9rmica&comma; f\u00e1cil de instalar<\/h2>\n<\/p><\/div>\n<\/p><\/div>\n<p> <!-- Banner Final --> <\/p>\n<div style='width: 100%; text-align: center; margin: 30px 0;'> <img style='width: 100%; height: auto; border: 1px solid rgba(150&comma;150&comma;150&comma;0.3); border-radius: 8px;' src='https:\/\/ftp3.syscom.mx\/usuarios\/gmagos\/HIK\/storage\/Vaners\/HIKSEMI-banner1.jpg' alt='Banner final'> <\/div>\n<\/p><\/div>\n","protected":false},"excerpt":{"rendered":"<p>Disipador de Calor para SSD M.2 \/ Aleaci\u00f3n de Aluminio \/ F\u00e1cil de Instalar \/ Compatible con Computadoras de Escritorio y PS5<\/p>\n","protected":false},"featured_media":81296,"comment_status":"open","ping_status":"closed","template":"","meta":[],"product_brand":[],"product_cat":[2138],"product_tag":[1974,2129,2139],"class_list":{"0":"post-81297","1":"product","2":"type-product","3":"status-publish","4":"has-post-thumbnail","6":"product_cat-unidades-de-estado-solido-ssd","7":"product_tag-almacenamiento","8":"product_tag-hiksemi-by-hikvision","9":"product_tag-unidades-de-estado-solido-ssd","11":"first","12":"instock","13":"sale","14":"shipping-taxable","15":"purchasable","16":"product-type-simple"},"_links":{"self":[{"href":"https:\/\/soydeaqui.ddns.net\/pachuca\/index.php\/wp-json\/wp\/v2\/product\/81297","targetHints":{"allow":["GET"]}}],"collection":[{"href":"https:\/\/soydeaqui.ddns.net\/pachuca\/index.php\/wp-json\/wp\/v2\/product"}],"about":[{"href":"https:\/\/soydeaqui.ddns.net\/pachuca\/index.php\/wp-json\/wp\/v2\/types\/product"}],"replies":[{"embeddable":true,"href":"https:\/\/soydeaqui.ddns.net\/pachuca\/index.php\/wp-json\/wp\/v2\/comments?post=81297"}],"wp:featuredmedia":[{"embeddable":true,"href":"https:\/\/soydeaqui.ddns.net\/pachuca\/index.php\/wp-json\/wp\/v2\/media\/81296"}],"wp:attachment":[{"href":"https:\/\/soydeaqui.ddns.net\/pachuca\/index.php\/wp-json\/wp\/v2\/media?parent=81297"}],"wp:term":[{"taxonomy":"product_brand","embeddable":true,"href":"https:\/\/soydeaqui.ddns.net\/pachuca\/index.php\/wp-json\/wp\/v2\/product_brand?post=81297"},{"taxonomy":"product_cat","embeddable":true,"href":"https:\/\/soydeaqui.ddns.net\/pachuca\/index.php\/wp-json\/wp\/v2\/product_cat?post=81297"},{"taxonomy":"product_tag","embeddable":true,"href":"https:\/\/soydeaqui.ddns.net\/pachuca\/index.php\/wp-json\/wp\/v2\/product_tag?post=81297"}],"curies":[{"name":"wp","href":"https:\/\/api.w.org\/{rel}","templated":true}]}}