{"id":81291,"date":"2026-03-19T18:38:40","date_gmt":"2026-03-19T18:38:40","guid":{"rendered":"https:\/\/soydeaqui.ddns.net\/pachuca\/index.php\/producto\/transceptor-mini-gbic-sfp-rj45-admite-10gbase-t-5gbase-t-2-5gbase-t-1000base-t-y-100base-tx-distancia-hasta-30-metros-conector-rj45-10g\/"},"modified":"2026-03-19T18:38:46","modified_gmt":"2026-03-19T18:38:46","slug":"transceptor-mini-gbic-sfp-rj45-admite-10gbase-t-5gbase-t-2-5gbase-t-1000base-t-y-100base-tx-distancia-hasta-30-metros-conector-rj45-10g","status":"publish","type":"product","link":"https:\/\/soydeaqui.ddns.net\/pachuca\/index.php\/producto\/transceptor-mini-gbic-sfp-rj45-admite-10gbase-t-5gbase-t-2-5gbase-t-1000base-t-y-100base-tx-distancia-hasta-30-metros-conector-rj45-10g\/","title":{"rendered":"Transceptor mini-GBIC SFP+ RJ45 \/ Admite 10GBASE-T, 5GBASE-T, 2.5GBASE-T, 1000BASE-T y 100BASE-TX \/  Distancia Hasta 30 metros \/ Conector RJ45 (10G)"},"content":{"rendered":"<div style='width: 100%; max-width: 1200px; margin: 0 auto; font-family: sans-serif; line-height: 1.6; color: inherit; background-color: transparent;'> <!-- Imagen principal --> <\/p>\n<div style='width: 100%; margin-bottom: 30px;'> <img style='width: 100%; height: auto; border: 1px solid rgba(150&comma;150&comma;150&comma;0.3); border-radius: 8px;' src='https:\/\/ftp3.syscom.mx\/usuarios\/fotos\/TLSM5310T\/225362-image_-_2023-12-14t102727.760.png' alt='Transceptor mini-GBIC SFP+ RJ45'> <\/div>\n<p> <!-- Secci\u00f3n de caracter\u00edsticas --> <\/p>\n<div style='display: flex; flex-wrap: wrap; gap: 30px; margin-bottom: 30px;'>\n<div style='flex: 1 1 300px; min-width: 280px;'>\n<h3 style='font-size: 22px; border-bottom: 2px solid currentColor; padding-bottom: 5px; margin-top: 0; color: inherit; opacity: 0.8;'>Caracteristicas principales<\/h3>\n<div style='margin-bottom: 20px;'> <img style='width: 100%; height: auto; border: 1px solid rgba(150&comma;150&comma;150&comma;0.3); border-radius: 8px;' src='https:\/\/ftp3.syscom.mx\/usuarios\/fotos\/TLSM5310T\/225362-image_-_2023-12-14t102732.295.png' alt='Caracter\u00edstica 1'> <\/div>\n<div style='margin-bottom: 20px;'>\n<h4 style='font-size: 18px; color: inherit; margin-top: 0;'>Rendimiento superior de 10G para convertir SFP+ a RJ45<\/h4>\n<p> <img style='width: 100%; height: auto; border: 1px solid rgba(150&comma;150&comma;150&comma;0.3); border-radius: 8px;' src='https:\/\/ftp3.syscom.mx\/usuarios\/fotos\/TLSM5310T\/225362-image_-_2023-12-14t102736.740.png' alt='Rendimiento superior'> <\/div>\n<div style='margin-bottom: 20px;'>\n<h4 style='font-size: 18px; color: inherit; margin-top: 0;'>Carcasa de metal duradero&comma; alta calidad y resistencia<\/h4>\n<p> <img style='width: 100%; height: auto; border: 1px solid rgba(150&comma;150&comma;150&comma;0.3); border-radius: 8px;' src='https:\/\/ftp3.syscom.mx\/usuarios\/fotos\/TLSM5310T\/225362-image_-_2023-12-14t102751.318.png' alt='Carcasa de metal'> <\/div>\n<\/p><\/div>\n<p> <!-- Secci\u00f3n de especificaciones --> <\/p>\n<div style='flex: 1 1 300px; min-width: 280px;'>\n<h3 style='font-size: 22px; border-bottom: 2px solid currentColor; padding-bottom: 5px; margin-top: 0; color: inherit; opacity: 0.8;'>Especificaciones<\/h3>\n<div style='border: 1px solid rgba(150&comma; 150&comma; 150&comma; 0.4); border-radius: 8px; overflow: hidden;'>\n<div style='padding: 15px; border-bottom: 1px solid rgba(150&comma; 150&comma; 150&comma; 0.2); font-weight: bold; font-size: 18px; color: inherit;'>Detalles t\u00e9cnicos<\/div>\n<div style='padding: 15px; color: inherit;'>\n<ul style='padding-left: 20px; margin: 0; font-size: 14px; list-style-type: disc;'>\n<li style='margin-bottom: 5px;'><strong>Dimensiones:<\/strong> 67.4 x 13.75 x 13.8 mm<\/li>\n<li style='margin-bottom: 5px;'><strong>Tipo de puerto:<\/strong> 1 puerto RJ45 10G<\/li>\n<li style='margin-bottom: 5px;'><strong>Estandares:<\/strong> IEEE Std 802.3&comma; 802.3ab&comma; 802.3bz&comma; 82.3an<\/li>\n<li style='margin-bottom: 5px;'><strong>Tasa de datos:<\/strong> 10.3 Gbps<\/li>\n<li style='margin-bottom: 5px;'><strong>Compatibilidad:<\/strong> <a href='https:\/\/www.tp-link.com\/es\/tl-sm5310-t\/product-list\/' style='color: inherit; text-decoration: underline;'>Leer m\u00e1s<\/a><\/li>\n<li style='margin-bottom: 5px;'><strong>Intercambiables en caliente:<\/strong> S\u00ed<\/li>\n<li style='margin-bottom: 5px;'><strong>Alimentaci\u00f3n:<\/strong> 3.3V<\/li>\n<li style='margin-bottom: 5px;'><strong>Temperatura de operaci\u00f3n:<\/strong> 0 a 70\u00b0 C<\/li>\n<li style='margin-bottom: 5px;'><strong>Certificaciones:<\/strong> CE&comma; FCC&comma; RoHS<\/li>\n<li style='margin-bottom: 5px;'><strong>Contenido del Paquete:<\/strong> M\u00f3dulo TL-SM5310-T&comma; Gu\u00eda de instalaci\u00f3n<\/li>\n<\/ul><\/div>\n<\/p><\/div>\n<\/p><\/div>\n<\/p><\/div>\n<p> <!-- Separador --> <\/p>\n<hr style='border: 0; border-top: 1px solid rgba(150&comma; 150&comma; 150&comma; 0.3); margin: 30px 0;'> <\/div>\n","protected":false},"excerpt":{"rendered":"<p>Transceptor mini-GBIC SFP+ RJ45 \/ Admite 10GBASE-T, 5GBASE-T, 2.5GBASE-T, 1000BASE-T y 100BASE-TX \/  Distancia Hasta 30 metros \/ Conector RJ45 (10G)<\/p>\n","protected":false},"featured_media":81290,"comment_status":"open","ping_status":"closed","template":"","meta":[],"product_brand":[],"product_cat":[663],"product_tag":[664,71,665],"class_list":{"0":"post-81291","1":"product","2":"type-product","3":"status-publish","4":"has-post-thumbnail","6":"product_cat-transceptores-de-fibra","7":"product_tag-networking","8":"product_tag-tp-link","9":"product_tag-transceptores-de-fibra","11":"first","12":"instock","13":"sale","14":"shipping-taxable","15":"purchasable","16":"product-type-simple"},"_links":{"self":[{"href":"https:\/\/soydeaqui.ddns.net\/pachuca\/index.php\/wp-json\/wp\/v2\/product\/81291","targetHints":{"allow":["GET"]}}],"collection":[{"href":"https:\/\/soydeaqui.ddns.net\/pachuca\/index.php\/wp-json\/wp\/v2\/product"}],"about":[{"href":"https:\/\/soydeaqui.ddns.net\/pachuca\/index.php\/wp-json\/wp\/v2\/types\/product"}],"replies":[{"embeddable":true,"href":"https:\/\/soydeaqui.ddns.net\/pachuca\/index.php\/wp-json\/wp\/v2\/comments?post=81291"}],"wp:featuredmedia":[{"embeddable":true,"href":"https:\/\/soydeaqui.ddns.net\/pachuca\/index.php\/wp-json\/wp\/v2\/media\/81290"}],"wp:attachment":[{"href":"https:\/\/soydeaqui.ddns.net\/pachuca\/index.php\/wp-json\/wp\/v2\/media?parent=81291"}],"wp:term":[{"taxonomy":"product_brand","embeddable":true,"href":"https:\/\/soydeaqui.ddns.net\/pachuca\/index.php\/wp-json\/wp\/v2\/product_brand?post=81291"},{"taxonomy":"product_cat","embeddable":true,"href":"https:\/\/soydeaqui.ddns.net\/pachuca\/index.php\/wp-json\/wp\/v2\/product_cat?post=81291"},{"taxonomy":"product_tag","embeddable":true,"href":"https:\/\/soydeaqui.ddns.net\/pachuca\/index.php\/wp-json\/wp\/v2\/product_tag?post=81291"}],"curies":[{"name":"wp","href":"https:\/\/api.w.org\/{rel}","templated":true}]}}