{"id":81283,"date":"2026-03-19T18:38:22","date_gmt":"2026-03-19T18:38:22","guid":{"rendered":"https:\/\/soydeaqui.ddns.net\/pachuca\/index.php\/producto\/onu-ont-gpon-router-wifi-ax-1800-1-puerto-pon-sc-apc-1-puerto-fxs-rj11-4-puertos-lan-10-100-1000-mbps-compatible-con-easymesh-soporta-aginet-config-aginet-acs-herramienta-de-geston-r\/"},"modified":"2026-03-19T18:38:27","modified_gmt":"2026-03-19T18:38:27","slug":"onu-ont-gpon-router-wifi-ax-1800-1-puerto-pon-sc-apc-1-puerto-fxs-rj11-4-puertos-lan-10-100-1000-mbps-compatible-con-easymesh-soporta-aginet-config-aginet-acs-herramienta-de-geston-r","status":"publish","type":"product","link":"https:\/\/soydeaqui.ddns.net\/pachuca\/index.php\/producto\/onu-ont-gpon-router-wifi-ax-1800-1-puerto-pon-sc-apc-1-puerto-fxs-rj11-4-puertos-lan-10-100-1000-mbps-compatible-con-easymesh-soporta-aginet-config-aginet-acs-herramienta-de-geston-r\/","title":{"rendered":"ONU\/ONT &#8211; GPON Router WIFI AX 1800 \/ 1 Puerto PON SC\/APC \/ 1 Puerto FXS (RJ11) \/ 4 Puertos LAN 10\/100\/1000 MBPS \/ Compatible con EasyMesh \/  Soporta AgiNet Config &#8211; AgiNet ACS (herramienta de gest\u00f3n remota)"},"content":{"rendered":"<div style=\"width: 100%; max-width: 1200px; margin: 0 auto; font-family: sans-serif; line-height: 1.6; color: inherit; background-color: transparent;\"><!-- Secci\u00f3n hero con imagen y descripci\u00f3n --><\/p>\n<div style=\"display: flex; flex-wrap: wrap; gap: 30px; align-items: center; border: 1px solid rgba(150&comma;150&comma;150&comma;0.3); border-radius: 12px; padding: 20px; margin-bottom: 30px;\"><!-- Imagen --><\/p>\n<div style=\"flex: 1 1 320px; min-width: 280px;\"><img decoding=\"async\" style=\"width: 100%; height: auto; border: 1px solid rgba(150&comma; 150&comma; 150&comma; 0.3); border-radius: 8px;\" src=\"http:\/\/ftp3.syscom.mx\/usuarios\/ftp\/2025\/10\/13\/1908\/a.jpg_froala_68ed40231cc53\" alt=\"Router GPON(ONU\/ONT): XX230v\" class=\"fr-fic fr-dii\"><\/div>\n<p><!-- Descripci\u00f3n --><\/p>\n<div style=\"flex: 1 1 360px; min-width: 280px;\">\n<h2 style=\"font-size: 22px; margin-top: 0; margin-bottom: 10px; color: inherit; opacity: 0.9;\">Router GPON AX1800 EasyMesh<\/h2>\n<div style=\"margin-bottom: 15px; font-weight: 600; color: inherit; opacity: 0.7;\">Modelo: XX230<\/div>\n<p style=\"margin: 0; color: inherit;\">Experimenta la nueva generaci&oacute;n de conectividad con el XX231v&comma; un router de alto rendimiento dise&ntilde;ado para hogares inteligentes y usuarios exigentes. Equipado con Wi-Fi 6 de banda dual&comma; puertos Gigabit&comma; voz VoIP y acceso CATV\/IPTV&comma; este dispositivo combina velocidad&comma; estabilidad y versatilidad en un dise&ntilde;o moderno y confiable<\/p>\n<\/div>\n<\/div>\n<p><!-- Secci\u00f3n de cards con especificaciones --><\/p>\n<div style=\"display: flex; flex-wrap: wrap; gap: 20px; margin-bottom: 30px;\"><!-- Card: Caracter\u00edsticas principales --><\/p>\n<div style=\"flex: 1 1 280px; min-width: 260px; border: 1px solid rgba(150&comma;150&comma;150&comma;0.3); border-radius: 8px; overflow: hidden; display: flex; flex-direction: column;\">\n<div style=\"padding: 15px; border-bottom: 1px solid rgba(150&comma;150&comma;150&comma;0.2); font-weight: bold; font-size: 18px; color: inherit;\">Caracter&iacute;sticas principales<\/div>\n<div style=\"padding: 15px; color: inherit;\">\n<ul style=\"padding-left: 20px; margin: 0; font-size: 14px; list-style-type: disc;\">\n<li style=\"margin-bottom: 5px;\">3 Puertos LAN RJ45 (10\/100\/1000 Mbps)<\/li>\n<li style=\"margin-bottom: 5px;\">1 Puerto WAN\/LAN RJ45 (10\/100\/1000 Mbps)<\/li>\n<li style=\"margin-bottom: 5px;\">1 Puerto SC\/APC GPON<\/li>\n<li style=\"margin-bottom: 5px;\">1 Puerto USB<\/li>\n<li style=\"margin-bottom: 5px;\">1 Puerto FXS RJ11<\/li>\n<li style=\"margin-bottom: 5px;\">Gesti&oacute;n Web \/ App<\/li>\n<li style=\"margin-bottom: 5px;\">Certificaciones: CE<\/li>\n<li style=\"margin-bottom: 5px;\">4 Antenas externas<\/li>\n<li style=\"margin-bottom: 5px;\">Bot&oacute;n: Reset\/WPS<\/li>\n<li style=\"margin-bottom: 5px;\"><a href=\"https:\/\/service-provider.tp-link.com\/gpon\/\" style=\"color: inherit; text-decoration: underline;\">Aprende M&aacute;s Sobre GPON<\/a><\/li>\n<\/ul>\n<\/div>\n<\/div>\n<p><!-- Card: F\u00edsicas y el\u00e9ctricas --><\/p>\n<div style=\"flex: 1 1 280px; min-width: 260px; border: 1px solid rgba(150&comma;150&comma;150&comma;0.3); border-radius: 8px; overflow: hidden; display: flex; flex-direction: column;\">\n<div style=\"padding: 15px; border-bottom: 1px solid rgba(150&comma;150&comma;150&comma;0.2); font-weight: bold; font-size: 18px; color: inherit;\">Caracter&iacute;sticas f&iacute;sicas y el&eacute;ctricas<\/div>\n<div style=\"padding: 15px; color: inherit;\">\n<ul style=\"padding-left: 20px; margin: 0; font-size: 14px; list-style-type: disc;\">\n<li style=\"margin-bottom: 5px;\">Dimensiones: 260.2 x 135 x 49 mm<\/li>\n<li style=\"margin-bottom: 5px;\">Alimentaci&oacute;n: 12 Vcd \/ 1.5A<\/li>\n<li style=\"margin-bottom: 5px;\">Consumo m&aacute;ximo: 18W<\/li>\n<li style=\"margin-bottom: 5px;\">Temperatura de operaci&oacute;n: 0&ordm; a 40&ordm;<\/li>\n<li style=\"margin-bottom: 5px;\">Humedad de operaci&oacute;n: 10 a 90% sin condensaci&oacute;n<\/li>\n<li style=\"margin-bottom: 5px;\">Frecuencia: 2.4 GHz \/ 5 GHz (no soporta DFS)<\/li>\n<li style=\"margin-bottom: 5px;\">Potencia de transmisi&oacute;n:<br \/>2.4 GHz: 20dBm(EIRP)&comma; 5 GHz: 23dBm(EIRP)<\/li>\n<li style=\"margin-bottom: 5px;\">Sesibilidad de recepci&oacute;n: -27dBm<\/li>\n<li style=\"margin-bottom: 5px;\">Multi SSID: 2 SSID por Banda (4 en total)<\/li>\n<\/ul>\n<\/div>\n<\/div>\n<p><!-- Card: Contenido del Paquete --><\/p>\n<div style=\"flex: 1 1 280px; min-width: 260px; border: 1px solid rgba(150&comma;150&comma;150&comma;0.3); border-radius: 8px; overflow: hidden; display: flex; flex-direction: column;\">\n<div style=\"padding: 15px; border-bottom: 1px solid rgba(150&comma;150&comma;150&comma;0.2); font-weight: bold; font-size: 18px; color: inherit;\">Contenido del Paquete<\/div>\n<div style=\"padding: 15px; color: inherit;\">\n<ul style=\"padding-left: 20px; margin: 0; font-size: 14px; list-style-type: disc;\">\n<li style=\"margin-bottom: 5px;\">Router GPON(ONU\/ONT): XX230v<\/li>\n<li style=\"margin-bottom: 5px;\">Cable Ethernet RJ45<\/li>\n<li style=\"margin-bottom: 5px;\">Adaptador de corriente<\/li>\n<li style=\"margin-bottom: 5px;\">Gu&iacute;a de instalaci&oacute;n<\/li>\n<li style=\"margin-bottom: 5px;\"><\/li>\n<\/ul>\n<\/div>\n<\/div>\n<p><!-- Card: Funciones Avanzadas --><\/p>\n<div style=\"flex: 1 1 280px; min-width: 260px; border: 1px solid rgba(150&comma;150&comma;150&comma;0.3); border-radius: 8px; overflow: hidden; display: flex; flex-direction: column;\">\n<div style=\"padding: 15px; border-bottom: 1px solid rgba(150&comma;150&comma;150&comma;0.2); font-weight: bold; font-size: 18px; color: inherit;\">Funciones Avanzadas:<\/div>\n<div style=\"padding: 15px; color: inherit;\">\n<ul style=\"padding-left: 20px; margin: 0; font-size: 14px; list-style-type: disc;\">\n<li style=\"margin-bottom: 5px;\">Calidad de Servicio QoS<\/li>\n<li style=\"margin-bottom: 5px;\">Seguridad Inal&aacute;mbrica: WPA\/WPA2\/WPA3-PSK<\/li>\n<li style=\"margin-bottom: 5px;\">Tecnolog&iacute;a Mesh: WPA EasyMesh<\/li>\n<li style=\"margin-bottom: 5px;\">DynDNS \/ no-IP<\/li>\n<li style=\"margin-bottom: 5px;\">Servidor VPN: VPN PPTP&comma; VPN IPSec&comma; OpenVPN<\/li>\n<li style=\"margin-bottom: 5px;\">Apertura de puerto<\/li>\n<li style=\"margin-bottom: 5px;\">Administraci&oacute;n en la nube: TP-Link Aginet Unified Cloud (TAUC)<\/li>\n<li style=\"margin-bottom: 5px;\">IGMP<\/li>\n<li style=\"margin-bottom: 5px;\">Registro SIP<\/li>\n<\/ul>\n<\/div>\n<\/div>\n<\/div>\n<p><!-- Secci\u00f3n de caracter\u00edsticas t\u00e9cnicas --><\/p>\n<div style=\"display: flex; flex-wrap: wrap; gap: 30px; margin-bottom: 30px;\">\n<div style=\"flex: 1 1 300px; min-width: 280px;\">\n<h3 style=\"font-size: 22px; border-bottom: 2px solid currentColor; padding-bottom: 5px; margin-top: 0; color: inherit; opacity: 0.8;\">M&aacute;s conexiones a alta velocidad<\/h3>\n<p style=\"color: inherit;\">Gestione f&aacute;cilmente docenas de dispositivos que transmiten y juegan simult&aacute;neamente. OFDMA y MU-MIMO preparan su red dom&eacute;stica para el futuro&comma; ofreciendo mayor capacidad para conectar m&aacute;s dispositivos.**<\/p>\n<p style=\"color: inherit;\">OFDMA: separa un solo espectro en m&uacute;ltiples unidades y permite que diferentes dispositivos compartan un flujo de transmisi&oacute;n&comma; lo que aumenta la eficiencia y reduce la latencia.<\/p>\n<p style=\"color: inherit;\">MU-MIMO: Transfiere datos simult&aacute;neamente a m&uacute;ltiples dispositivos para un rendimiento 2 veces m&aacute;s r&aacute;pido.<\/p>\n<\/div>\n<\/div>\n<p><!-- Secci\u00f3n de WiFi 6 --><\/p>\n<div style=\"display: flex; flex-wrap: wrap; gap: 30px; margin-bottom: 30px;\">\n<div style=\"flex: 1 1 300px; min-width: 280px;\">\n<h3 style=\"font-size: 22px; border-bottom: 2px solid currentColor; padding-bottom: 5px; margin-top: 0; color: inherit; opacity: 0.8;\">WiFi 6 de doble banda hasta 1.2 Gbps<\/h3>\n<p style=\"color: inherit;\">La tecnolog&iacute;a WiFi 6 (802.11ax) ofrece mayor velocidad&comma; menor latencia y mayor capacidad&comma; lo que permite m&aacute;s conexiones simult&aacute;neas en tu red dom&eacute;stica. Todas las aplicaciones se sienten m&aacute;s fluidas gracias a una velocidad WiFi dr&aacute;sticamente mejorada. Tanto la banda de 2&comma;4 GHz como la de 5 GHz se actualizan a la generaci&oacute;n WiFi 6&comma; perfecta para streaming 4K&comma; juegos en l&iacute;nea y descargas r&aacute;pidas.<\/p>\n<\/div>\n<div style=\"flex: 1 1 300px; min-width: 280px;\"><img decoding=\"async\" style=\"width: 100%; height: auto; border: 1px solid rgba(150&comma; 150&comma; 150&comma; 0.3); border-radius: 8px;\" src=\"http:\/\/ftp3.syscom.mx\/usuarios\/ftp\/2025\/10\/13\/1908\/1.jpg_froala_68ed564228784\" alt=\"Router GPON(ONU\/ONT): XX230v\" class=\"fr-fic fr-dii\"><\/div>\n<\/div>\n<p><!-- Secci\u00f3n de cobertura WiFi --><\/p>\n<div style=\"display: flex; flex-wrap: wrap; gap: 30px; margin-bottom: 30px;\">\n<div style=\"flex: 1 1 300px; min-width: 280px;\"><img decoding=\"async\" style=\"width: 100%; height: auto; border: 1px solid rgba(150&comma; 150&comma; 150&comma; 0.3); border-radius: 8px;\" src=\"http:\/\/ftp3.syscom.mx\/usuarios\/ftp\/2025\/10\/13\/1908\/1.jpg_froala_68ed1820dc9a4\" alt=\"Router GPON(ONU\/ONT): XX230v\" class=\"fr-fic fr-dii\"><\/div>\n<div style=\"flex: 1 1 300px; min-width: 280px;\">\n<h3 style=\"font-size: 22px; border-bottom: 2px solid currentColor; padding-bottom: 5px; margin-top: 0; color: inherit; opacity: 0.8;\">Amplia cobertura WiFi<\/h3>\n<p style=\"color: inherit;\">Con cuatro antenas de doble banda de alto rendimiento y la tecnolog&iacute;a de formaci&oacute;n de haz se combinan para adaptar la cobertura WiFi a la perfecci&oacute;n para que se ajuste a su hogar y concentre la intensidad de la se&ntilde;al en cada dispositivo.<\/p>\n<\/div>\n<\/div>\n<p><!-- Secci\u00f3n de configuraci\u00f3n --><\/p>\n<div style=\"display: flex; flex-wrap: wrap; gap: 30px; margin-bottom: 30px;\">\n<div style=\"flex: 1 1 300px; min-width: 280px;\">\n<h3 style=\"font-size: 22px; border-bottom: 2px solid currentColor; padding-bottom: 5px; margin-top: 0; color: inherit; opacity: 0.8;\">F&aacute;cil de configurar y usar<\/h3>\n<p style=\"color: inherit;\">Puede configurar su dispositivo y red en minutos&comma; ya sea que prefiera la potente aplicaci&oacute;n Aginet o la intuitiva interfaz web. La aplicaci&oacute;n Aginet le permite administrar su red desde un tel&eacute;fono inteligente o una tableta.<\/p>\n<\/div>\n<div style=\"flex: 1 1 300px; min-width: 280px;\"><img decoding=\"async\" style=\"width: 100%; height: auto; border: 1px solid rgba(150&comma; 150&comma; 150&comma; 0.3); border-radius: 8px;\" src=\"http:\/\/ftp3.syscom.mx\/usuarios\/ftp\/2025\/10\/13\/1908\/1.jpg_froala_68ed19123b55d\" alt=\"Router GPON(ONU\/ONT): XX230v\" class=\"fr-fic fr-dii\"><\/div>\n<\/div>\n<\/div>\n","protected":false},"excerpt":{"rendered":"<p>ONU\/ONT &#8211; GPON Router WIFI AX 1800 \/ 1 Puerto PON SC\/APC \/ 1 Puerto FXS (RJ11) \/ 4 Puertos LAN 10\/100\/1000 MBPS \/ Compatible con EasyMesh \/  Soporta AgiNet Config &#8211; AgiNet ACS (herramienta de gest\u00f3n remota)<\/p>\n","protected":false},"featured_media":81282,"comment_status":"open","ping_status":"closed","template":"","meta":[],"product_brand":[],"product_cat":[2010],"product_tag":[2012,2011,71],"class_list":{"0":"post-81283","1":"product","2":"type-product","3":"status-publish","4":"has-post-thumbnail","6":"product_cat-onus-onts","7":"product_tag-onus-onts","8":"product_tag-redes-ftth-pon","9":"product_tag-tp-link","11":"first","12":"instock","13":"sale","14":"shipping-taxable","15":"purchasable","16":"product-type-simple"},"_links":{"self":[{"href":"https:\/\/soydeaqui.ddns.net\/pachuca\/index.php\/wp-json\/wp\/v2\/product\/81283","targetHints":{"allow":["GET"]}}],"collection":[{"href":"https:\/\/soydeaqui.ddns.net\/pachuca\/index.php\/wp-json\/wp\/v2\/product"}],"about":[{"href":"https:\/\/soydeaqui.ddns.net\/pachuca\/index.php\/wp-json\/wp\/v2\/types\/product"}],"replies":[{"embeddable":true,"href":"https:\/\/soydeaqui.ddns.net\/pachuca\/index.php\/wp-json\/wp\/v2\/comments?post=81283"}],"wp:featuredmedia":[{"embeddable":true,"href":"https:\/\/soydeaqui.ddns.net\/pachuca\/index.php\/wp-json\/wp\/v2\/media\/81282"}],"wp:attachment":[{"href":"https:\/\/soydeaqui.ddns.net\/pachuca\/index.php\/wp-json\/wp\/v2\/media?parent=81283"}],"wp:term":[{"taxonomy":"product_brand","embeddable":true,"href":"https:\/\/soydeaqui.ddns.net\/pachuca\/index.php\/wp-json\/wp\/v2\/product_brand?post=81283"},{"taxonomy":"product_cat","embeddable":true,"href":"https:\/\/soydeaqui.ddns.net\/pachuca\/index.php\/wp-json\/wp\/v2\/product_cat?post=81283"},{"taxonomy":"product_tag","embeddable":true,"href":"https:\/\/soydeaqui.ddns.net\/pachuca\/index.php\/wp-json\/wp\/v2\/product_tag?post=81283"}],"curies":[{"name":"wp","href":"https:\/\/api.w.org\/{rel}","templated":true}]}}