{"id":81269,"date":"2026-03-19T18:37:49","date_gmt":"2026-03-19T18:37:49","guid":{"rendered":"https:\/\/soydeaqui.ddns.net\/pachuca\/index.php\/producto\/huawei-ideahub-b3-pantalla-interactiva-para-colaboracion-inteligente-75-4k-uhd-harmony-wi-fi-6-seguimiento-de-voz-byom-administracion-desde-la-nube-gratis-blanco-jade\/"},"modified":"2026-03-19T18:37:57","modified_gmt":"2026-03-19T18:37:57","slug":"huawei-ideahub-b3-pantalla-interactiva-para-colaboracion-inteligente-75-4k-uhd-harmony-wi-fi-6-seguimiento-de-voz-byom-administracion-desde-la-nube-gratis-blanco-jade","status":"publish","type":"product","link":"https:\/\/soydeaqui.ddns.net\/pachuca\/index.php\/producto\/huawei-ideahub-b3-pantalla-interactiva-para-colaboracion-inteligente-75-4k-uhd-harmony-wi-fi-6-seguimiento-de-voz-byom-administracion-desde-la-nube-gratis-blanco-jade\/","title":{"rendered":"HUAWEI IdeaHub B3, Pantalla interactiva para Colaboraci\u00f3n Inteligente, 75&#8243;, 4K UHD, Harmony, Wi-Fi 6, Seguimiento de Voz, BYOM, Administraci\u00f3n desde la Nube Gratis, blanco Jade"},"content":{"rendered":"<div style='width: 100%; max-width: 1200px; margin: 0 auto; font-family: sans-serif; line-height: 1.6; color: inherit; background-color: transparent;'> <!-- Video Section --> <\/p>\n<div style='display: flex; flex-wrap: wrap; gap: 30px; margin-bottom: 30px;'>\n<div style='flex: 1 1 300px; min-width: 280px;'>\n<div style='position: relative; padding-bottom: 56.25%; height: 0; overflow: hidden; margin-bottom: 30px;'> <video style='position: absolute; top: 0; left: 0; width: 100%; height: 100%; border: 1px solid rgba(150&comma;150&comma;150&comma;0.3); border-radius: 8px;' src='https:\/\/ftp3.syscom.mx\/usuarios\/axel\/Huawei\/IdeaHub\/%5Bhd%5DHUAWEI%20IdeaHub%20B3%20Concept%20Video.mp4' autoplay muted loop playsinline><\/video> <\/div>\n<\/p><\/div>\n<\/p><\/div>\n<p> <!-- Hero Section --> <\/p>\n<div style='display: flex; flex-wrap: wrap; gap: 30px; margin-bottom: 30px;'>\n<div style='flex: 1 1 300px; min-width: 280px;'> <img style='width: 100%; height: auto; border: 1px solid rgba(150&comma;150&comma;150&comma;0.3); border-radius: 8px;' src='http:\/\/ftp3.syscom.mx\/usuarios\/ftp\/2025\/10\/13\/1971\/ideahubb3overview.jpg_froala_68ed6e0b7570d' alt=''> <\/div>\n<div style='flex: 2 1 400px; min-width: 280px;'>\n<h2 style='font-size: 22px; border-bottom: 2px solid currentColor; padding-bottom: 5px; margin-top: 0; color: inherit; opacity: 0.8;'>IdeaHub B3: La era de la colaboraci\u00f3n inteligente<\/h2>\n<div style='font-size: 14px; color: rgba(255&comma;255&comma;255&comma;0.6); margin: 10px 0;'>Modelo: IHB3-75SA<\/div>\n<p style='font-size: 15px; color: inherit; margin-top: 10px; margin-bottom: 20px;'>IdeaHub B3 admite una vasta gama de funciones&comma; incluso reuniones en la nube HD 1080p&comma; soporta tecnolog\u00eda BYOM&comma; Wi-Fi 6 para proyecci\u00f3n directa y latencia de escritura de 16 ms&comma; sirve como una vers\u00e1til terminal de pantalla y de conferencias para la oficina moderna actual.<\/p>\n<\/p><\/div>\n<\/p><\/div>\n<p> <!-- Features Grid --> <\/p>\n<div style='display: flex; flex-wrap: wrap; gap: 20px; margin-bottom: 30px;'> <!-- Features Card --> <\/p>\n<div style='flex: 1 1 250px; border: 1px solid rgba(150&comma; 150&comma; 150&comma; 0.4); border-radius: 8px; overflow: hidden; display: flex; flex-direction: column;'>\n<div style='padding: 15px; border-bottom: 1px solid rgba(150&comma; 150&comma; 150&comma; 0.2); font-weight: bold; font-size: 18px; color: inherit;'>Caracter\u00edsticas principales<\/div>\n<div style='padding: 15px; color: inherit;'>\n<ul style='padding-left: 20px; margin: 0; font-size: 14px; list-style-type: disc;'>\n<li style='margin-bottom: 5px;'><strong>Pantalla<\/strong>:<br \/>Resoluci\u00f3n: 4K<br \/>Tipo de luz de fondo: D-LED<\/li>\n<li style='margin-bottom: 5px;'><strong>C\u00e1mara<\/strong>:<br \/>Resoluci\u00f3n: 4K<br \/>Zoom digital: 2x<br \/>Campo de visi\u00f3n horizontal: 80\u00ba<\/li>\n<li style='margin-bottom: 5px;'><strong>Altavoz<\/strong>:<br \/>Dominio de frecuencia: De 100 Hz a 20 kHz<br \/>N\u00famero de unidades: 4<br \/>Potencia total: 30 W<\/li>\n<li style='margin-bottom: 5px;'><strong>Micr\u00f3fono<\/strong>:<br \/>\u00c1ngulo de captaci\u00f3n de sonido: 180\u00ba<br \/>Distancia de captura de sonido: 10 m<br \/>Cantidad: 6<\/li>\n<\/ul><\/div>\n<\/p><\/div>\n<p> <!-- Physical Card --> <\/p>\n<div style='flex: 1 1 250px; border: 1px solid rgba(150&comma; 150&comma; 150&comma; 0.4); border-radius: 8px; overflow: hidden; display: flex; flex-direction: column;'>\n<div style='padding: 15px; border-bottom: 1px solid rgba(150&comma; 150&comma; 150&comma; 0.2); font-weight: bold; font-size: 18px; color: inherit;'>Caracter\u00edsticas f\u00edsicas<\/div>\n<div style='padding: 15px; color: inherit;'>\n<ul style='padding-left: 20px; margin: 0; font-size: 14px; list-style-type: disc;'>\n<li style='margin-bottom: 5px;'><strong>Sistema<\/strong>:<br \/>CPU: 8 n\u00facleos<br \/>RAM: 8 GB<br \/>Flash: 64 GB<br \/>Sistema operativo: HarmonyOS&comma; Windows (Para windows se requiere el modelo: OPSW022Z)<\/li>\n<li style='margin-bottom: 5px;'><strong>Conexi\u00f3n inal\u00e1mbrica<\/strong>:<br \/>M\u00f3dulo Wi-Fi: Wi-Fi 6<br \/>Frecuencia Wi-Fi: 2.4 GHz + 5 GHz<br \/>NFC: S\u00ed<\/li>\n<li style='margin-bottom: 5px;'><strong>Interfaz<\/strong>:<br \/>1 x USB Tipo C<br \/>2 x puertos USB 3.0<br \/>1 x USB 3.0<br \/>2 x Entradas HDMI<br \/>1 x Salida HDMI<br \/>1 x puerto COM<br \/>1 x Salida de l\u00ednea de 3.5 mm<br \/>1 x Entrada de l\u00ednea de 3.5 mm<br \/>1 x RJ45 (LAN de 10\/100\/1000 Mbit\/s)<\/li>\n<\/ul><\/div>\n<\/p><\/div>\n<p> <!-- Performance Card --> <\/p>\n<div style='flex: 1 1 250px; border: 1px solid rgba(150&comma; 150&comma; 150&comma; 0.4); border-radius: 8px; overflow: hidden; display: flex; flex-direction: column;'>\n<div style='padding: 15px; border-bottom: 1px solid rgba(150&comma; 150&comma; 150&comma; 0.2); font-weight: bold; font-size: 18px; color: inherit;'>Caracter\u00edsticas de Colaboraci\u00f3n<\/div>\n<div style='padding: 15px; color: inherit;'>\n<ul style='padding-left: 20px; margin: 0; font-size: 14px; list-style-type: disc;'>\n<li style='margin-bottom: 5px;'><strong>Escritura<\/strong>:<br \/>Latencia: 16 ms<br \/>Distancia de detecci\u00f3n t\u00e1ctil: 1.5 mm de ancho<br \/>Reconocimiento de escritura inteligente<\/li>\n<li style='margin-bottom: 5px;'><strong>Conferencias<\/strong>:<br \/>Reuni\u00f3n nativa (audio\/video + datos compartidos):<br \/>Huawei Cloud Meeting: 1080p 30 fps + 1080p 30 fps<br \/>BYOM: S\u00ed<\/li>\n<li style='margin-bottom: 5px;'><strong>Funci\u00f3n AI<\/strong>:<br \/>Autoencuadre: S\u00ed<br \/>Seguimiento inteligente: S\u00ed<\/li>\n<\/ul><\/div>\n<\/p><\/div>\n<p> <!-- Advanced Features Card --> <\/p>\n<div style='flex: 1 1 250px; border: 1px solid rgba(150&comma; 150&comma; 150&comma; 0.4); border-radius: 8px; overflow: hidden; display: flex; flex-direction: column;'>\n<div style='padding: 15px; border-bottom: 1px solid rgba(150&comma; 150&comma; 150&comma; 0.2); font-weight: bold; font-size: 18px; color: inherit;'>Contenido del paquete:<\/div>\n<div style='padding: 15px; color: inherit;'>\n<ul style='padding-left: 20px; margin: 0; font-size: 14px; list-style-type: disc;'>\n<li style='margin-bottom: 5px;'>1 Pantalla<\/li>\n<li style='margin-bottom: 5px;'>2 Plumas stylus<\/li>\n<li style='margin-bottom: 5px;'>1 Cable de alimentaci\u00f3n<\/li>\n<\/ul>\n<div style='margin-top: 15px; font-weight: bold; font-size: 16px; color: inherit; border-top: 1px solid rgba(150&comma;150&comma;150&comma;0.2); padding-top: 15px; margin-top: 15px;'>Accesorios opcionales:<\/div>\n<ul style='padding-left: 20px; margin-top: 10px; font-size: 14px; list-style-type: disc;'>\n<li style='margin-bottom: 5px;'><a href='https:\/\/www.syscom.pro\/products\/228754\/3751' style='color: inherit; text-decoration: underline;'>Hi care anual: HCB-IHB375SA-1Y<\/a><\/li>\n<li style='margin-bottom: 5px;'><a href='https:\/\/www.syscom.pro\/products\/228323\/2375861' style='color: inherit; text-decoration: underline;'>Tarjeta de mantenimiento anual: MCB2\/B3\/75\/86-1Y<\/a><\/li>\n<li style='margin-bottom: 5px;'><a href='https:\/\/www.syscom.pro\/products\/231705\/861' style='color: inherit; text-decoration: underline;'>Repuesto de plumas: IFP-UG86E-STP-V1<\/a><\/li>\n<li style='margin-bottom: 5px;'><a href='https:\/\/www.syscom.pro\/products\/220436' style='color: inherit; text-decoration: underline;'>Montaje en pared: WB1M0IDEAHUB02<\/a><\/li>\n<li style='margin-bottom: 5px;'><a href='https:\/\/www.syscom.pro\/products\/220435' style='color: inherit; text-decoration: underline;'>Montaje Rolling (movible): WB1M0IDEAHUB07<\/a><\/li>\n<li style='margin-bottom: 5px;'><a href='https:\/\/www.syscom.pro\/products\/239110' style='color: inherit; text-decoration: underline;'>OPS Compatibles (Windows 11): OPSW022Z (i7)<\/a><\/li>\n<li style='margin-bottom: 5px;'><a href='https:\/\/syscom.pro\/products\/245164?_gl=1*l8vb8v*_gcl_au*MjEwNjE2MjUyLjE3NTg3OTU4Mjc.' style='color: inherit; text-decoration: underline;'>OPS Compatibles (Windows 11): OPSW021Z (i5)<\/a><\/li>\n<li style='margin-bottom: 5px;'><a href='https:\/\/www.syscom.pro\/products\/220442' style='color: inherit; text-decoration: underline;'>IdeaShare: HWA01<\/a><\/li>\n<li style='margin-bottom: 5px;'><a href='https:\/\/www.syscom.pro\/products\/220440' style='color: inherit; text-decoration: underline;'>Control remoto: IHC<\/a><\/li>\n<\/ul><\/div>\n<\/p><\/div>\n<\/p><\/div>\n<p> <!-- Additional Features Section --> <\/p>\n<div style='display: flex; flex-wrap: wrap; gap: 30px; margin-bottom: 30px;'>\n<div style='flex: 1 1 300px; min-width: 280px;'> <img style='width: 100%; height: auto; border: 1px solid rgba(150&comma;150&comma;150&comma;0.3); border-radius: 8px;' src='http:\/\/ftp3.syscom.mx\/usuarios\/ftp\/2025\/10\/13\/1971\/secondbanner12pcen2.jpg_froala_68ed7e35f0d13' alt=''> <\/div>\n<div style='flex: 2 1 400px; min-width: 280px;'>\n<h3 style='font-size: 22px; border-bottom: 2px solid currentColor; padding-bottom: 5px; margin-top: 0; color: inherit; opacity: 0.8;'>Dise\u00f1o todo en uno para una colaboraci\u00f3n sin l\u00edmites<\/h3>\n<ul style='padding-left: 20px; font-size: 15px; color: inherit; margin-top: 15px;'>\n<li style='margin-bottom: 5px;'>C\u00e1mara 4K para garantizar una videoconferencia.<\/li>\n<li style='margin-bottom: 5px;'>Pantalla 4K de luz suave con bordes ultrafinos que ofrece una experiencia visual inmersiva.<\/li>\n<li style='margin-bottom: 5px;'>Cambio entre sistemas operativos con un solo toque sin necesidad de configurar el sistema operativo.<\/li>\n<li style='margin-bottom: 5px;'>Panel frontal de f\u00e1cil acceso con NFC&comma; USB tipo C&comma; USB 3.0 y bot\u00f3n de encendido.<\/li>\n<li style='margin-bottom: 5px;'>Certificaci\u00f3n T\u00dcV Rheinland Low Blue Light Certification.<\/li>\n<\/ul><\/div>\n<\/p><\/div>\n<p> <!-- BYOM Section --> <\/p>\n<div style='display: flex; flex-wrap: wrap; gap: 30px; margin-bottom: 30px;'>\n<div style='flex: 2 1 400px; min-width: 280px;'>\n<h3 style='font-size: 22px; border-bottom: 2px solid currentColor; padding-bottom: 5px; margin-top: 0; color: inherit; opacity: 0.8;'>Soporta BYOM<\/h3>\n<p style='font-size: 15px; color: inherit; margin-top: 15px;'>Uso de dispositivos personales para activar la pantalla&comma; la c\u00e1mara&comma; el micr\u00f3fono y el altavoz del HUAWEI IdeaHub B3&comma; conectando todos ellos para lograr una reuni\u00f3n fluida y en alta definici\u00f3n.<\/p>\n<\/p><\/div>\n<div style='flex: 1 1 300px; min-width: 280px;'> <img style='width: 100%; height: auto; border: 1px solid rgba(150&comma;150&comma;150&comma;0.3); border-radius: 8px;' src='http:\/\/ftp3.syscom.mx\/usuarios\/ftp\/2025\/10\/13\/1971\/secondbannerpc1.jpg_froala_68ed7ef56e04e' alt=''> <\/div>\n<\/p><\/div>\n<p> <!-- AI Communication Section --> <\/p>\n<div style='display: flex; flex-wrap: wrap; gap: 30px; margin-bottom: 30px;'>\n<div style='flex: 1 1 300px; min-width: 280px;'> <img style='width: 100%; height: auto; border: 1px solid rgba(150&comma;150&comma;150&comma;0.3); border-radius: 8px;' src='http:\/\/ftp3.syscom.mx\/usuarios\/ftp\/2025\/10\/13\/1971\/secondbannerpc21.jpg_froala_68ed7f938fb4d' alt=''> <\/div>\n<div style='flex: 2 1 400px; min-width: 280px;'>\n<h3 style='font-size: 22px; border-bottom: 2px solid currentColor; padding-bottom: 5px; margin-top: 0; color: inherit; opacity: 0.8;'>Comunicaci\u00f3n con IA<\/h3>\n<ul style='padding-left: 20px; font-size: 15px; color: inherit; margin-top: 15px;'>\n<li style='margin-bottom: 5px;'>El modo de conversaci\u00f3n para dos personas implica que se muestren dos bocinas al mismo tiempo.<\/li>\n<li style='margin-bottom: 5px;'>Se admite la correcci\u00f3n de distorsi\u00f3n y dise\u00f1o de proporci\u00f3n \u00e1urea con encuadre autom\u00e1tico.<\/li>\n<li style='margin-bottom: 5px;'>Localizaci\u00f3n inteligente de la fuente de sonido con seguimiento de bocinas&comma; que mantiene la bocina en la posici\u00f3n central<\/li>\n<\/ul><\/div>\n<\/p><\/div>\n<p> <!-- Writing Features Section --> <\/p>\n<div style='display: flex; flex-wrap: wrap; gap: 30px; margin-bottom: 30px;'>\n<div style='flex: 2 1 400px; min-width: 280px;'>\n<h3 style='font-size: 22px; border-bottom: 2px solid currentColor; padding-bottom: 5px; margin-top: 0; color: inherit; opacity: 0.8;'>Escritura m\u00e1s fluida e inteligente<\/h3>\n<ul style='padding-left: 20px; font-size: 15px; color: inherit; margin-top: 15px;'>\n<li style='margin-bottom: 5px;'>Latencia de escritura ultrabaja de 16 ms<\/li>\n<li style='margin-bottom: 5px;'>Cambio de colores&comma; grueso de l\u00edneas y m\u00e1s&comma; conforme hace sus apuntes en la pantalla<\/li>\n<li style='margin-bottom: 5px;'>Inserci\u00f3n de im\u00e1genes<\/li>\n<li style='margin-bottom: 5px;'>Reconocimiento de escritura a mano<\/li>\n<\/ul><\/div>\n<div style='flex: 1 1 300px; min-width: 280px;'> <img style='width: 100%; height: auto; border: 1px solid rgba(150&comma;150&comma;150&comma;0.3); border-radius: 8px;' src='http:\/\/ftp3.syscom.mx\/usuarios\/ftp\/2025\/10\/13\/1971\/secondbannerpc3.jpg_froala_68ed81518cd47' alt=''> <\/div>\n<\/p><\/div>\n<p> <!-- Screen Control Section --> <\/p>\n<div style='display: flex; flex-wrap: wrap; gap: 30px; margin-bottom: 30px;'>\n<div style='flex: 1 1 300px; min-width: 280px;'> <img style='width: 100%; height: auto; border: 1px solid rgba(150&comma;150&comma;150&comma;0.3); border-radius: 8px;' src='http:\/\/ftp3.syscom.mx\/usuarios\/ftp\/2025\/10\/13\/1971\/secondbanner12pcen2.jpg_froala_68ed82ad4cd0b' alt=''> <\/div>\n<div style='flex: 2 1 400px; min-width: 280px;'>\n<h3 style='font-size: 22px; border-bottom: 2px solid currentColor; padding-bottom: 5px; margin-top: 0; color: inherit; opacity: 0.8;'>Bajar la pantalla con un deslizamiento de cuatro dedos<\/h3>\n<ul style='padding-left: 20px; font-size: 15px; color: inherit; margin-top: 15px;'>\n<li style='margin-bottom: 5px;'>Altura de interfaz ajustable<\/li>\n<li style='margin-bottom: 5px;'>Ofreciendo una experiencia de oficina \u00f3ptima<\/li>\n<\/ul><\/div>\n<\/p><\/div>\n<p> <!-- Projection Features Section --> <\/p>\n<div style='display: flex; flex-wrap: wrap; gap: 30px; margin-bottom: 30px;'>\n<div style='flex: 2 1 400px; min-width: 280px;'>\n<h3 style='font-size: 22px; border-bottom: 2px solid currentColor; padding-bottom: 5px; margin-top: 0; color: inherit; opacity: 0.8;'>Inicie una proyecci\u00f3n sin red<\/h3>\n<p style='font-size: 15px; color: inherit; margin-top: 15px;'>Se basa en la innovadora tecnolog\u00eda Wi-Fi 6 para la proyecci\u00f3n directa; s\u00f3lo se requiere habilitar Wi-Fi en el IdeaHub y en su tel\u00e9fono m\u00f3vil o PC sin conectarse a la red. La aplicaci\u00f3n IdeaShare descubre de manera autom\u00e1tica el IdeaHub pr\u00f3ximo para establecer las conexiones y completa autom\u00e1ticamente el c\u00f3digo de proyecci\u00f3n tras la primera letra. Tambi\u00e9n puede utilizar esta funci\u00f3n en su tel\u00e9fono Huawei mediante NFC o la opci\u00f3n de proyecci\u00f3n en el men\u00fa desplegable.<\/p>\n<p style='font-size: 15px; color: inherit; margin-top: 15px;'>La aplicaci\u00f3n IdeaShare es compatible con HarmonyOS&comma; Android&comma; iOS&comma; Windows y macOS.<\/p>\n<\/p><\/div>\n<div style='flex: 1 1 300px; min-width: 280px;'> <img style='width: 100%; height: auto; border: 1px solid rgba(150&comma;150&comma;150&comma;0.3); border-radius: 8px;' src='http:\/\/ftp3.syscom.mx\/usuarios\/ftp\/2025\/10\/13\/1971\/shipin3en.jpg_froala_68ed547badd41' alt=''> <\/div>\n<\/p><\/div>\n<p> <!-- Smart Board Section --> <\/p>\n<div style='display: flex; flex-wrap: wrap; gap: 30px; margin-bottom: 30px;'>\n<div style='flex: 1 1 300px; min-width: 280px;'> <img style='width: 100%; height: auto; border: 1px solid rgba(150&comma;150&comma;150&comma;0.3); border-radius: 8px;' src='http:\/\/ftp3.syscom.mx\/usuarios\/ftp\/2025\/10\/13\/1971\/secotdbanner7pc1en.jpg_froala_68ed56ff9cb46' alt=''> <\/div>\n<div style='flex: 2 1 400px; min-width: 280px;'>\n<h3 style='font-size: 22px; border-bottom: 2px solid currentColor; padding-bottom: 5px; margin-top: 0; color: inherit; opacity: 0.8;'>Pizarra inteligente tan sencilla como el l\u00e1piz y papel<\/h3>\n<p style='font-size: 15px; color: inherit; margin-top: 15px;'>La latencia ultrabaja de 16 ms permite una escritura intuitiva en la pantalla. El reconocimiento inteligente de la escritura identifica de manera autom\u00e1tica palabras y cifras.<\/p>\n<p style='font-size: 15px; color: inherit; margin-top: 15px;'>El contenido de la pizarra se puede recuperar escaneando el c\u00f3digo QR mediante un navegador.<\/p>\n<\/p><\/div>\n<\/p><\/div>\n<p> <!-- Management Section --> <\/p>\n<div style='display: flex; flex-wrap: wrap; gap: 30px; margin-bottom: 30px;'>\n<div style='flex: 2 1 400px; min-width: 280px;'>\n<h3 style='font-size: 22px; border-bottom: 2px solid currentColor; padding-bottom: 5px; margin-top: 0; color: inherit; opacity: 0.8;'>Operaci\u00f3n y mantenimiento inteligente<\/h3>\n<p style='font-size: 15px; color: inherit; margin-top: 15px;'>La plataforma de gesti\u00f3n de dispositivos IdeaManager gestiona y controla de manera remota m\u00faltiples IdeaHubs y admite la configuraci\u00f3n&comma; actualizaci\u00f3n y apagado de lotes de hasta 50&comma;000 dispositivos.<\/p>\n<p style='font-size: 15px; color: inherit; margin-top: 15px;'>IdeaCare realiza un diagn\u00f3stico r\u00e1pido en un clic y los fallos y soluci\u00f3n de problemas t\u00edpicos.<\/p>\n<\/p><\/div>\n<div style='flex: 1 1 300px; min-width: 280px;'> <img style='width: 100%; height: auto; border: 1px solid rgba(150&comma;150&comma;150&comma;0.3); border-radius: 8px;' src='http:\/\/ftp3.syscom.mx\/usuarios\/ftp\/2025\/10\/13\/1971\/ib2secondbanner6pccn.jpg_froala_68ed6bcc5456f' alt=''> <\/div>\n<\/p><\/div>\n<\/p><\/div>\n","protected":false},"excerpt":{"rendered":"<p>HUAWEI IdeaHub B3, Pantalla interactiva para Colaboraci\u00f3n Inteligente, 75&#8243;, 4K UHD, Harmony, Wi-Fi 6, Seguimiento de Voz, BYOM, Administraci\u00f3n desde la Nube Gratis, blanco Jade<\/p>\n","protected":false},"featured_media":81268,"comment_status":"open","ping_status":"closed","template":"","meta":[],"product_brand":[],"product_cat":[2048],"product_tag":[2049,718,2004],"class_list":{"0":"post-81269","1":"product","2":"type-product","3":"status-publish","4":"has-post-thumbnail","6":"product_cat-audio-video-conferencia","7":"product_tag-audio-video-conferencia","8":"product_tag-huawei","9":"product_tag-voip-telefonia-ip-videoconferencia","11":"first","12":"instock","13":"sale","14":"shipping-taxable","15":"purchasable","16":"product-type-simple"},"_links":{"self":[{"href":"https:\/\/soydeaqui.ddns.net\/pachuca\/index.php\/wp-json\/wp\/v2\/product\/81269","targetHints":{"allow":["GET"]}}],"collection":[{"href":"https:\/\/soydeaqui.ddns.net\/pachuca\/index.php\/wp-json\/wp\/v2\/product"}],"about":[{"href":"https:\/\/soydeaqui.ddns.net\/pachuca\/index.php\/wp-json\/wp\/v2\/types\/product"}],"replies":[{"embeddable":true,"href":"https:\/\/soydeaqui.ddns.net\/pachuca\/index.php\/wp-json\/wp\/v2\/comments?post=81269"}],"wp:featuredmedia":[{"embeddable":true,"href":"https:\/\/soydeaqui.ddns.net\/pachuca\/index.php\/wp-json\/wp\/v2\/media\/81268"}],"wp:attachment":[{"href":"https:\/\/soydeaqui.ddns.net\/pachuca\/index.php\/wp-json\/wp\/v2\/media?parent=81269"}],"wp:term":[{"taxonomy":"product_brand","embeddable":true,"href":"https:\/\/soydeaqui.ddns.net\/pachuca\/index.php\/wp-json\/wp\/v2\/product_brand?post=81269"},{"taxonomy":"product_cat","embeddable":true,"href":"https:\/\/soydeaqui.ddns.net\/pachuca\/index.php\/wp-json\/wp\/v2\/product_cat?post=81269"},{"taxonomy":"product_tag","embeddable":true,"href":"https:\/\/soydeaqui.ddns.net\/pachuca\/index.php\/wp-json\/wp\/v2\/product_tag?post=81269"}],"curies":[{"name":"wp","href":"https:\/\/api.w.org\/{rel}","templated":true}]}}