{"id":81245,"date":"2026-03-19T18:36:48","date_gmt":"2026-03-19T18:36:48","guid":{"rendered":"https:\/\/soydeaqui.ddns.net\/pachuca\/index.php\/producto\/inyector-poe-802-3-af-at-hasta-30-w-con-puertos-de-10-100-1000mbps-2-5-gbps-5-gbps\/"},"modified":"2026-03-19T18:36:56","modified_gmt":"2026-03-19T18:36:56","slug":"inyector-poe-802-3-af-at-hasta-30-w-con-puertos-de-10-100-1000mbps-2-5-gbps-5-gbps","status":"publish","type":"product","link":"https:\/\/soydeaqui.ddns.net\/pachuca\/index.php\/producto\/inyector-poe-802-3-af-at-hasta-30-w-con-puertos-de-10-100-1000mbps-2-5-gbps-5-gbps\/","title":{"rendered":"Inyector PoE 802.3 af\/at, Hasta 30 W, con Puertos de 10\/100\/1000Mbps\/ 2.5 Gbps\/5 Gbps"},"content":{"rendered":"<div style='width: 100%; max-width: 1200px; margin: 0 auto; font-family: sans-serif; line-height: 1.6; color: inherit; background-color: transparent;'> <!-- Iconos de caracter\u00edsticas --> <\/p>\n<div style='display: flex; flex-wrap: wrap; gap: 15px; justify-content: center; margin: 30px 0;'> <img style='width: 48px; height: auto; border: 1px solid rgba(150&comma;150&comma;150&comma;0.3); border-radius: 8px;' src='https:\/\/planet.com.tw\/storage\/icons\/2icon_30W_PoE.png' alt='PoE de 30W'> <img style='width: 48px; height: auto; border: 1px solid rgba(150&comma;150&comma;150&comma;0.3); border-radius: 8px;' src='https:\/\/planet.com.tw\/storage\/icons\/8icon_802.3at_802.3af_Mid-span.png' alt='802.3at Rango medio 802.3af'> <img style='width: 48px; height: auto; border: 1px solid rgba(150&comma;150&comma;150&comma;0.3); border-radius: 8px;' src='https:\/\/planet.com.tw\/storage\/icons\/0icon_Plastic-Housing.png' alt='Carcasa de pl\u00e1stico'> <img style='width: 48px; height: auto; border: 1px solid rgba(150&comma;150&comma;150&comma;0.3); border-radius: 8px;' src='https:\/\/planet.com.tw\/storage\/icons\/665\/2.5G5G_10M100M1000M.png' alt='2&comma;5G\/5G 10M\/100M\/1000M'> <img style='width: 48px; height: auto; border: 1px solid rgba(150&comma;150&comma;150&comma;0.3); border-radius: 8px;' src='https:\/\/planet.com.tw\/storage\/icons\/4icon_plug_play.png' alt='Plug &#038; Play'> <img style='width: 48px; height: auto; border: 1px solid rgba(150&comma;150&comma;150&comma;0.3); border-radius: 8px;' src='https:\/\/planet.com.tw\/storage\/icons\/6icon_Wall-Mount.png' alt='Montaje en pared'> <\/div>\n<p> <!-- Imagen principal --> <\/p>\n<div style='text-align: center; margin: 30px 0;'> <img style='width: 100%; max-width: 600px; height: auto; border: 1px solid rgba(150&comma;150&comma;150&comma;0.3); border-radius: 8px;' src='https:\/\/planet.com.tw\/storage\/products\/49473\/edm_POE-165.jpg' alt=''> <\/div>\n<p> <!-- Descripci\u00f3n principal --> <\/p>\n<div style='margin: 30px 0; font-size: 16px;'>\n<p style='text-align: center; margin: 0 0 20px 0; font-size: 16px; color: inherit;'> El PLANET POE-165 es un inyector de alimentaci\u00f3n a trav\u00e9s de Ethernet 802.3at de un solo puerto con un m\u00e1ximo de hasta 30 vatios de potencia de salida a trav\u00e9s de cables Ethernet. Tambi\u00e9n est\u00e1 equipado con dos interfaces de cobre RJ45 de 10M\/100M\/1000Mbps\/2.5Gbps\/5Gbps para manejar cantidades extremadamente grandes de transmisi\u00f3n de datos. <\/p>\n<\/p><\/div>\n<p> <!-- Imagen de conexi\u00f3n a dispositivos --> <\/p>\n<div style='text-align: center; margin: 30px 0;'> <img style='width: 100%; max-width: 600px; height: auto; border: 1px solid rgba(150&comma;150&comma;150&comma;0.3); border-radius: 8px;' src='https:\/\/planet.com.tw\/storage\/products\/49473\/POE-165-4.png' alt='Conexi\u00f3n a Dispositivos Compatibles con IEEE 802.3af\/at'> <\/div>\n<p> <!-- T\u00edtulo de especificaciones --> <\/p>\n<div style='text-align: center; margin: 40px 0 20px;'>\n<h2 style='font-size: 24px; color: inherit; opacity: 0.8; margin: 0; font-weight: bold; color: #2880b9;'>Especificaciones<\/h2>\n<\/p><\/div>\n<p> <!-- Especificaciones --> <\/p>\n<div style='display: flex; flex-wrap: wrap; gap: 20px; margin-bottom: 30px;'> <!-- Caracter\u00edsticas Principales --> <\/p>\n<div style='flex: 1 1 300px; min-width: 280px;'>\n<div style='border: 1px solid rgba(150&comma; 150&comma; 150&comma; 0.4); border-radius: 8px; overflow: hidden; display: flex; flex-direction: column;'>\n<div style='padding: 15px; border-bottom: 1px solid rgba(150&comma; 150&comma; 150&comma; 0.2); font-weight: bold; font-size: 18px; color: inherit; background-color: #2880b9; color: white; text-align: center;'>Caracter\u00edsticas Principales<\/div>\n<div style='padding: 15px; color: inherit;'>\n<ul style='padding-left: 20px; margin: 0; font-size: 14px; list-style-type: disc;'>\n<li style='margin-bottom: 5px;'><span style='color: inherit; font-family: arial&comma; helvetica&comma; sans-serif;'>Compatible con versiones anteriores del dispositivo PD IEEE 802.3af<\/span><\/li>\n<li style='margin-bottom: 5px;'><span style='color: inherit; font-family: arial&comma; helvetica&comma; sans-serif;'>Ofrece alimentaci\u00f3n PoE de <strong>hasta 30 W.<\/strong><\/span><\/li>\n<li style='margin-bottom: 5px;'><span style='color: inherit; font-family: arial&comma; helvetica&comma; sans-serif;'>Detecta autom\u00e1ticamente equipos y dispositivos PoE IEEE 802.3at\/802.3af para evitar da\u00f1os debidos a una instalaci\u00f3n incorrecta.<\/span><\/li>\n<li style='margin-bottom: 5px;'><span style='color: inherit; font-family: arial&comma; helvetica&comma; sans-serif;'>Alimentaci\u00f3n remota&comma; hasta 100 m.<\/span><\/li>\n<\/ul><\/div>\n<\/p><\/div>\n<\/p><\/div>\n<p> <!-- Caracter\u00edsticas F\u00edsicas y El\u00e9ctricas --> <\/p>\n<div style='flex: 1 1 300px; min-width: 280px;'>\n<div style='border: 1px solid rgba(150&comma; 150&comma; 150&comma; 0.4); border-radius: 8px; overflow: hidden; display: flex; flex-direction: column;'>\n<div style='padding: 15px; border-bottom: 1px solid rgba(150&comma; 150&comma; 150&comma; 0.2); font-weight: bold; font-size: 18px; color: inherit; background-color: #2880b9; color: white; text-align: center;'>Caracter\u00edsticas F\u00edsicas y El\u00e9ctricas<\/div>\n<div style='padding: 15px; color: inherit;'>\n<ul style='padding-left: 20px; margin: 0; font-size: 14px; list-style-type: disc;'>\n<li style='margin-bottom: 5px;'><span style='color: inherit; font-family: arial&comma; helvetica&comma; sans-serif;'>2 interfaces RJ45.<\/span><\/li>\n<li style='margin-bottom: 5px;'><span style='color: inherit; font-family: arial&comma; helvetica&comma; sans-serif;'>Velocidades de datos 10\/100\/1000 Mbps\/ 2.5 Gbps\/ 5 Gbps.<\/span><\/li>\n<li style='margin-bottom: 5px;'><span style='color: inherit; font-family: arial&comma; helvetica&comma; sans-serif;'>Voltaje de entrada: 100 a 240 VCA.<\/span><\/li>\n<li style='margin-bottom: 5px;'><span style='color: inherit; font-family: arial&comma; helvetica&comma; sans-serif;'>Voltaje de salida 50 &#8211; 54 V&comma; 0.6 A.<\/span><\/li>\n<li style='margin-bottom: 5px;'><span style='color: inherit; font-family: arial&comma; helvetica&comma; sans-serif;'>Soporta temperatura de 0 &#8211; 50\u00b0C.<\/span><\/li>\n<\/ul><\/div>\n<\/p><\/div>\n<\/p><\/div>\n<p> <!-- Contenido del paquete --> <\/p>\n<div style='flex: 1 1 300px; min-width: 280px;'>\n<div style='border: 1px solid rgba(150&comma; 150&comma; 150&comma; 0.4); border-radius: 8px; overflow: hidden; display: flex; flex-direction: column;'>\n<div style='padding: 15px; border-bottom: 1px solid rgba(150&comma; 150&comma; 150&comma; 0.2); font-weight: bold; font-size: 18px; color: inherit; background-color: #2880b9; color: white; text-align: center;'>El paquete incluye<\/div>\n<div style='padding: 15px; color: inherit;'>\n<ul style='padding-left: 20px; margin: 0; font-size: 14px; list-style-type: disc;'>\n<li style='margin-bottom: 5px;'><span style='color: inherit; font-family: arial&comma; helvetica&comma; sans-serif;'>1 POE-165.<\/span><\/li>\n<li style='margin-bottom: 5px;'><span style='color: inherit; font-family: arial&comma; helvetica&comma; sans-serif;'>1 Manual de usuario.<\/span><\/li>\n<li style='margin-bottom: 5px;'><span style='color: inherit; font-family: arial&comma; helvetica&comma; sans-serif;'>1 Cable de conexi\u00f3n del POE.<\/span><\/li>\n<\/ul><\/div>\n<\/p><\/div>\n<\/p><\/div>\n<\/p><\/div>\n<\/p><\/div>\n","protected":false},"excerpt":{"rendered":"<p>Inyector PoE 802.3 af\/at, Hasta 30 W, con Puertos de 10\/100\/1000Mbps\/ 2.5 Gbps\/5 Gbps<\/p>\n","protected":false},"featured_media":81244,"comment_status":"open","ping_status":"closed","template":"","meta":[],"product_brand":[],"product_cat":[1260],"product_tag":[1261,664,2033],"class_list":{"0":"post-81245","1":"product","2":"type-product","3":"status-publish","4":"has-post-thumbnail","6":"product_cat-inyectores-poe","7":"product_tag-inyectores-poe","8":"product_tag-networking","9":"product_tag-planet","11":"first","12":"outofstock","13":"sale","14":"shipping-taxable","15":"purchasable","16":"product-type-simple"},"_links":{"self":[{"href":"https:\/\/soydeaqui.ddns.net\/pachuca\/index.php\/wp-json\/wp\/v2\/product\/81245","targetHints":{"allow":["GET"]}}],"collection":[{"href":"https:\/\/soydeaqui.ddns.net\/pachuca\/index.php\/wp-json\/wp\/v2\/product"}],"about":[{"href":"https:\/\/soydeaqui.ddns.net\/pachuca\/index.php\/wp-json\/wp\/v2\/types\/product"}],"replies":[{"embeddable":true,"href":"https:\/\/soydeaqui.ddns.net\/pachuca\/index.php\/wp-json\/wp\/v2\/comments?post=81245"}],"wp:featuredmedia":[{"embeddable":true,"href":"https:\/\/soydeaqui.ddns.net\/pachuca\/index.php\/wp-json\/wp\/v2\/media\/81244"}],"wp:attachment":[{"href":"https:\/\/soydeaqui.ddns.net\/pachuca\/index.php\/wp-json\/wp\/v2\/media?parent=81245"}],"wp:term":[{"taxonomy":"product_brand","embeddable":true,"href":"https:\/\/soydeaqui.ddns.net\/pachuca\/index.php\/wp-json\/wp\/v2\/product_brand?post=81245"},{"taxonomy":"product_cat","embeddable":true,"href":"https:\/\/soydeaqui.ddns.net\/pachuca\/index.php\/wp-json\/wp\/v2\/product_cat?post=81245"},{"taxonomy":"product_tag","embeddable":true,"href":"https:\/\/soydeaqui.ddns.net\/pachuca\/index.php\/wp-json\/wp\/v2\/product_tag?post=81245"}],"curies":[{"name":"wp","href":"https:\/\/api.w.org\/{rel}","templated":true}]}}