{"id":8124,"date":"2026-03-18T07:04:56","date_gmt":"2026-03-18T07:04:56","guid":{"rendered":"https:\/\/soydeaqui.ddns.net\/pachuca\/index.php\/producto\/termostato-programable-z-wave-honeywell-home\/"},"modified":"2026-03-18T07:04:59","modified_gmt":"2026-03-18T07:04:59","slug":"termostato-programable-z-wave-honeywell-home","status":"publish","type":"product","link":"https:\/\/soydeaqui.ddns.net\/pachuca\/index.php\/producto\/termostato-programable-z-wave-honeywell-home\/","title":{"rendered":"Termostato Programable Z-Wave Honeywell Home"},"content":{"rendered":"<div style='width: 100%; max-width: 1200px; margin: 0 auto; font-family: sans-serif; line-height: 1.6; color: inherit; background-color: transparent;'>\n<div style='display: flex; flex-wrap: wrap; gap: 30px; margin-bottom: 30px;'>\n<div style='flex: 1 1 300px; min-width: 280px;'>\n<h3 style='font-size: 22px; border-bottom: 2px solid currentColor; padding-bottom: 5px; margin-top: 0; color: inherit; opacity: 0.8;'>Caracter\u00edsticas t\u00e9cnicas<\/h3>\n<ul style='padding-left: 20px; font-size: 15px; color: inherit;'>\n<li style='margin-bottom: 5px;'>El termostato programable Honeywell Home T6 Z-Wave es un termostato certificado Z-Wave Plus capaz de controlar hasta tres etapas de calor y dos de enfriamiento de la bomba de calor (incluidos los sistemas de bomba de calor de combustible dual) y hasta dos etapas de calor y dos de enfriamiento de sistema convencional (3H \/ 2CHP&comma; 2H \/ 2C Conv.).<\/li>\n<li style='margin-bottom: 5px;'>Es uno de los termostatos inteligentes m\u00e1s f\u00e1ciles de instalar y es controlable por todos los controladores compatibles con Z-Wave que tienen la capacidad de control para dispositivos de &#8216;termostato&#8217;.<\/li>\n<li style='margin-bottom: 5px;'>Cuando se integra con la aplicaci\u00f3n que controla su controlador Z-Wave (incluido Resideo Total Connect)&comma; el T6 le permite programar y controlar los sistemas HVAC de su hogar&comma; as\u00ed como otros dispositivos Z-Wave conectados al mismo controlador Z-Wave.<\/li>\n<li style='margin-bottom: 5px;'>Debido a que el termostato puede funcionar con bater\u00edas&comma; los integradores de bajo voltaje pueden conectar f\u00e1cilmente el termostato a la mayor\u00eda de los sistemas HVAC. Alimentaci\u00f3n opcional de 24 VCA a trav\u00e9s de &#8216;C&#8217; o cable com\u00fan disponible.<\/li>\n<\/ul><\/div>\n<\/p><\/div>\n<div style='display: flex; flex-wrap: wrap; gap: 20px; margin-bottom: 30px;'>\n<div style='flex: 1 1 250px; border: 1px solid rgba(150&comma; 150&comma; 150&comma; 0.4); border-radius: 8px; overflow: hidden; display: flex; flex-direction: column;'>\n<div style='padding: 15px; border-bottom: 1px solid rgba(150&comma; 150&comma; 150&comma; 0.2); font-weight: bold; font-size: 18px; color: inherit;'>Caracter\u00edsticas adicionales<\/div>\n<div style='padding: 15px; color: inherit;'>\n<ul style='padding-left: 20px; margin: 0; font-size: 14px; list-style-type: disc;'>\n<li style='margin-bottom: 5px;'><strong>Energ\u00eda flexible:<\/strong> NO se requiere cable com\u00fan (cable C). Utilice tres pilas AA<\/li>\n<li style='margin-bottom: 5px;'><strong>Instale con facilidad:<\/strong> comparte el mismo sistema de montaje Honeywell Home T-Series y la placa adaptadora de caja de conexiones<\/li>\n<li style='margin-bottom: 5px;'><strong>Mejorar la eficiencia:<\/strong> ahorro de energ\u00eda con programaci\u00f3n a bordo o en la nube para maximizar la calefacci\u00f3n y la refrigeraci\u00f3n las 24 horas del d\u00eda; ajustes de temperatura del control remoto<\/li>\n<li style='margin-bottom: 5px;'><strong>Grow RMR:<\/strong> se puede vender a m\u00faltiples mercados: cumplimiento universal de Z-Wave con todos los centros de seguridad y automatizaci\u00f3n del hogar<\/li>\n<li style='margin-bottom: 5px;'><strong>Cyberseguro:<\/strong> totalmente cifrado con el \u00faltimo cifrado de chipset Z-Wave 5.0<\/li>\n<\/ul><\/div>\n<\/p><\/div>\n<\/p><\/div>\n<\/p><\/div>\n","protected":false},"excerpt":{"rendered":"<p>Termostato Programable Z-Wave Honeywell Home<\/p>\n","protected":false},"featured_media":8123,"comment_status":"open","ping_status":"closed","template":"","meta":[],"product_brand":[],"product_cat":[43],"product_tag":[30,45,44],"class_list":{"0":"post-8124","1":"product","2":"type-product","3":"status-publish","4":"has-post-thumbnail","6":"product_cat-termostatos","7":"product_tag-automatizacion-casa-inteligente","8":"product_tag-honeywell-home-resideo","9":"product_tag-termostatos","11":"first","12":"outofstock","13":"sale","14":"shipping-taxable","15":"purchasable","16":"product-type-simple"},"_links":{"self":[{"href":"https:\/\/soydeaqui.ddns.net\/pachuca\/index.php\/wp-json\/wp\/v2\/product\/8124","targetHints":{"allow":["GET"]}}],"collection":[{"href":"https:\/\/soydeaqui.ddns.net\/pachuca\/index.php\/wp-json\/wp\/v2\/product"}],"about":[{"href":"https:\/\/soydeaqui.ddns.net\/pachuca\/index.php\/wp-json\/wp\/v2\/types\/product"}],"replies":[{"embeddable":true,"href":"https:\/\/soydeaqui.ddns.net\/pachuca\/index.php\/wp-json\/wp\/v2\/comments?post=8124"}],"wp:featuredmedia":[{"embeddable":true,"href":"https:\/\/soydeaqui.ddns.net\/pachuca\/index.php\/wp-json\/wp\/v2\/media\/8123"}],"wp:attachment":[{"href":"https:\/\/soydeaqui.ddns.net\/pachuca\/index.php\/wp-json\/wp\/v2\/media?parent=8124"}],"wp:term":[{"taxonomy":"product_brand","embeddable":true,"href":"https:\/\/soydeaqui.ddns.net\/pachuca\/index.php\/wp-json\/wp\/v2\/product_brand?post=8124"},{"taxonomy":"product_cat","embeddable":true,"href":"https:\/\/soydeaqui.ddns.net\/pachuca\/index.php\/wp-json\/wp\/v2\/product_cat?post=8124"},{"taxonomy":"product_tag","embeddable":true,"href":"https:\/\/soydeaqui.ddns.net\/pachuca\/index.php\/wp-json\/wp\/v2\/product_tag?post=8124"}],"curies":[{"name":"wp","href":"https:\/\/api.w.org\/{rel}","templated":true}]}}