{"id":81235,"date":"2026-03-19T18:36:25","date_gmt":"2026-03-19T18:36:25","guid":{"rendered":"https:\/\/soydeaqui.ddns.net\/pachuca\/index.php\/producto\/telefono-ip-wi-fi-portatil-y-elegante-disenado-para-aplicaciones-de-comunicacion-movil\/"},"modified":"2026-03-19T18:36:33","modified_gmt":"2026-03-19T18:36:33","slug":"telefono-ip-wi-fi-portatil-y-elegante-disenado-para-aplicaciones-de-comunicacion-movil","status":"publish","type":"product","link":"https:\/\/soydeaqui.ddns.net\/pachuca\/index.php\/producto\/telefono-ip-wi-fi-portatil-y-elegante-disenado-para-aplicaciones-de-comunicacion-movil\/","title":{"rendered":"Tel\u00e9fono IP Wi-Fi port\u00e1til y elegante dise\u00f1ado para aplicaciones de comunicaci\u00f3n m\u00f3vil."},"content":{"rendered":"<div style='width: 100%; max-width: 1200px; margin: 0 auto; font-family: sans-serif; line-height: 1.6; color: inherit; background-color: transparent;'> <!-- Encabezado --> <\/p>\n<div style='width: 100%; background-color: #00b3b3; color: white; text-align: center; padding: 30px 15px; border: 1px solid rgba(150&comma;150&comma;150&comma;0.3);'>\n<h1 style='font-size: 32px; font-weight: normal; margin: 0; color: inherit;'>Tel\u00e9fono Wi-Fi LINKVIL W610W<\/h1>\n<p style='font-size: 18px; margin: 0; color: inherit;'>Comunicaci\u00f3n m\u00f3vil con doble banda Wi-Fi y Bluetooth 5.0<\/p>\n<\/p><\/div>\n<p> <!-- Contenido principal --> <\/p>\n<div style='padding: 20px; color: inherit; background-color: transparent;'> <!-- Descripci\u00f3n --> <\/p>\n<section style='margin-bottom: 30px;'>\n<p style='font-size: 18px; text-align: justify; color: inherit;'> LINKVIL W610W es un tel\u00e9fono Wi-Fi elegante y port\u00e1til dise\u00f1ado para aplicaciones de comunicaci\u00f3n m\u00f3vil. Con doble banda incorporada bot\u00f3n para marcaci\u00f3n r\u00e1pida Adem\u00e1s&comma; integra Bluetooth 5.0 para emparejarlo con auriculares y dispositivos m\u00f3viles. Instalado con una bater\u00eda recargable de 1900 mAh. Wi-Fi de 2&comma;4 GHz y 5 GHz&comma; el W610W puede lograr una comunicaci\u00f3n estable y eficiente en diversos entornos de redes inal\u00e1mbricas&comma; como empresas&comma; centros comerciales y hoteles&comma; brindando a los usuarios una experiencia de comunicaci\u00f3n m\u00f3vil de alta calidad. <\/p>\n<\/section>\n<p> <!-- Video --> <\/p>\n<div style='position: relative; padding-bottom: 56.25%; height: 0; overflow: hidden; margin: 30px 0;'>   <\/div>\n<p> <!-- Caracter\u00edsticas principales --> <\/p>\n<div style='border: 1px solid rgba(150&comma;150&comma;150&comma;0.4); border-left: 5px solid #00b3b3; border-radius: 8px; padding: 15px; margin-bottom: 30px; background-color: rgba(150&comma;150&comma;150&comma;0.05);'>\n<h3 style='font-size: 20px; font-weight: 500; margin: 0 0 15px 0; color: #00b3b3; border-bottom: 2px solid currentColor; padding-bottom: 5px; opacity: 0.8;'>Caracter\u00edsticas Principales:<\/h3>\n<ul style='padding-left: 20px; font-size: 15px; color: inherit;'>\n<li style='margin-bottom: 5px;'>Pantalla en color de 2&comma;0&#8242; 240\u00d7320<\/li>\n<li style='margin-bottom: 5px;'>Wi-Fi integrado de 2&comma;4 GHz y 5 GHz<\/li>\n<li style='margin-bottom: 5px;'>Compatibilidad con itinerancia IEEE802.11k\/v\/r<\/li>\n<li style='margin-bottom: 5px;'>Compatibilidad con la funci\u00f3n de vibraci\u00f3n<\/li>\n<li style='margin-bottom: 5px;'>Hasta 16 teclas DSS<\/li>\n<li style='margin-bottom: 5px;'>Un bot\u00f3n PTT (pulsar para hablar) configurable para marcaci\u00f3n r\u00e1pida<\/li>\n<li style='margin-bottom: 5px;'>Protecci\u00f3n contra ca\u00eddas desde una altura de 1&comma;8 metros<\/li>\n<li style='margin-bottom: 5px;'>Compatibilidad con cifrado WPA \/ WPA2-PSK y 802.1X EAP<\/li>\n<li style='margin-bottom: 5px;'>Auriculares inal\u00e1mbricos compatibles con Bluetooth 5.0 integrado<\/li>\n<li style='margin-bottom: 5px;'>Hasta 9 horas de tiempo de conversaci\u00f3n y hasta 200 horas de tiempo de espera<\/li>\n<\/ul><\/div>\n<p> <!-- Galer\u00eda de im\u00e1genes --> <\/p>\n<section style='margin-top: 30px;'>\n<h2 style='font-size: 24px; font-weight: 500; margin: 0 0 20px 0; color: #00b3b3; text-align: center; border-bottom: 2px solid currentColor; padding-bottom: 5px; opacity: 0.8;'>Galer\u00eda de Im\u00e1genes<\/h2>\n<div style='display: flex; flex-wrap: wrap; gap: 15px; justify-content: center;'> <img style='width: 100%; max-width: 48%; height: auto; border: 1px solid rgba(150&comma;150&comma;150&comma;0.3); border-radius: 8px;' src='https:\/\/ftp3.syscom.mx\/usuarios\/fotos\/W610W\/225295-65532ed61836c-photoroom.jpg' alt='LINKVIL W610W'> <img style='width: 100%; max-width: 48%; height: auto; border: 1px solid rgba(150&comma;150&comma;150&comma;0.3); border-radius: 8px;' src='https:\/\/ftp3.syscom.mx\/usuarios\/fotos\/W610W\/225295-65532ee21ea62_(1).jpg' alt='LINKVIL W610W lateral'> <img style='width: 100%; max-width: 48%; height: auto; border: 1px solid rgba(150&comma;150&comma;150&comma;0.3); border-radius: 8px;' src='https:\/\/ftp3.syscom.mx\/usuarios\/fotos\/W610W\/225295-65532ef52e575_(1)_(1).jpg' alt='LINKVIL W610W detalles'> <img style='width: 100%; max-width: 48%; height: auto; border: 1px solid rgba(150&comma;150&comma;150&comma;0.3); border-radius: 8px;' src='https:\/\/ftp3.syscom.mx\/usuarios\/fotos\/W610W\/225295-65532eff30347_(1).jpg' alt='LINKVIL W610W en uso'> <img style='width: 100%; max-width: 48%; height: auto; border: 1px solid rgba(150&comma;150&comma;150&comma;0.3); border-radius: 8px;' src='https:\/\/fanvil.com\/upload\/images\/20231115\/1404ndzbj2.jpg' alt='Especificaciones W610W'> <img style='width: 100%; max-width: 48%; height: auto; border: 1px solid rgba(150&comma;150&comma;150&comma;0.3); border-radius: 8px;' src='https:\/\/fanvil.com\/upload\/images\/20231115\/14042222t0.jpg' alt='Caracter\u00edsticas W610W'> <img style='width: 100%; max-width: 48%; height: auto; border: 1px solid rgba(150&comma;150&comma;150&comma;0.3); border-radius: 8px;' src='https:\/\/fanvil.com\/upload\/images\/20231115\/1412hl2jh2.jpg' alt='Funciones W610W'> <\/div>\n<\/section><\/div>\n<\/p><\/div>\n","protected":false},"excerpt":{"rendered":"<p>Tel\u00e9fono IP Wi-Fi port\u00e1til y elegante dise\u00f1ado para aplicaciones de comunicaci\u00f3n m\u00f3vil.<\/p>\n","protected":false},"featured_media":81234,"comment_status":"open","ping_status":"closed","template":"","meta":[],"product_brand":[],"product_cat":[2003],"product_tag":[859,2005,2004],"class_list":{"0":"post-81235","1":"product","2":"type-product","3":"status-publish","4":"has-post-thumbnail","6":"product_cat-telefonos-ip","7":"product_tag-fanvil","8":"product_tag-telefonos-ip","9":"product_tag-voip-telefonia-ip-videoconferencia","11":"first","12":"instock","13":"sale","14":"shipping-taxable","15":"purchasable","16":"product-type-simple"},"_links":{"self":[{"href":"https:\/\/soydeaqui.ddns.net\/pachuca\/index.php\/wp-json\/wp\/v2\/product\/81235","targetHints":{"allow":["GET"]}}],"collection":[{"href":"https:\/\/soydeaqui.ddns.net\/pachuca\/index.php\/wp-json\/wp\/v2\/product"}],"about":[{"href":"https:\/\/soydeaqui.ddns.net\/pachuca\/index.php\/wp-json\/wp\/v2\/types\/product"}],"replies":[{"embeddable":true,"href":"https:\/\/soydeaqui.ddns.net\/pachuca\/index.php\/wp-json\/wp\/v2\/comments?post=81235"}],"wp:featuredmedia":[{"embeddable":true,"href":"https:\/\/soydeaqui.ddns.net\/pachuca\/index.php\/wp-json\/wp\/v2\/media\/81234"}],"wp:attachment":[{"href":"https:\/\/soydeaqui.ddns.net\/pachuca\/index.php\/wp-json\/wp\/v2\/media?parent=81235"}],"wp:term":[{"taxonomy":"product_brand","embeddable":true,"href":"https:\/\/soydeaqui.ddns.net\/pachuca\/index.php\/wp-json\/wp\/v2\/product_brand?post=81235"},{"taxonomy":"product_cat","embeddable":true,"href":"https:\/\/soydeaqui.ddns.net\/pachuca\/index.php\/wp-json\/wp\/v2\/product_cat?post=81235"},{"taxonomy":"product_tag","embeddable":true,"href":"https:\/\/soydeaqui.ddns.net\/pachuca\/index.php\/wp-json\/wp\/v2\/product_tag?post=81235"}],"curies":[{"name":"wp","href":"https:\/\/api.w.org\/{rel}","templated":true}]}}