{"id":81230,"date":"2026-03-19T18:36:10","date_gmt":"2026-03-19T18:36:10","guid":{"rendered":"https:\/\/soydeaqui.ddns.net\/pachuca\/index.php\/producto\/switch-omada-sdn-administrable-16-puertos-10-100-1000-mbps-8-puertos-poe-inteligente-af-at-administracion-centralizada-omada-sdn-presupuesto-poe-120w\/"},"modified":"2026-03-19T18:36:11","modified_gmt":"2026-03-19T18:36:11","slug":"switch-omada-sdn-administrable-16-puertos-10-100-1000-mbps-8-puertos-poe-inteligente-af-at-administracion-centralizada-omada-sdn-presupuesto-poe-120w","status":"publish","type":"product","link":"https:\/\/soydeaqui.ddns.net\/pachuca\/index.php\/producto\/switch-omada-sdn-administrable-16-puertos-10-100-1000-mbps-8-puertos-poe-inteligente-af-at-administracion-centralizada-omada-sdn-presupuesto-poe-120w\/","title":{"rendered":"Switch Omada SDN Administrable 16 puertos 10\/100\/1000 Mbps \/ 8 Puertos PoE Inteligente af\/at \/ Administraci\u00f3n centralizada OMADA SDN \/ Presupuesto PoE 120W"},"content":{"rendered":"<div style='width: 100%; max-width: 1200px; margin: 0 auto; font-family: sans-serif; line-height: 1.6; color: inherit; background-color: transparent;'> <!-- Secci\u00f3n de enlace a Omada --> <\/p>\n<div style='text-align: center; margin: 30px 0;'>\n<h2 style='margin: 0;'><a href='https:\/\/www.tp-link.com\/es\/omada-sdn\/' style='color: inherit; text-decoration: none; font-size: 1.5em;'>Aprende m\u00e1s sobre Omada<\/a><\/h2>\n<\/p><\/div>\n<p> <!-- Imagen principal --> <\/p>\n<div style='margin: 30px 0;'> <img style='width: 100%; height: auto; border: 1px solid rgba(150&comma;150&comma;150&comma;0.3); border-radius: 8px;' src='https:\/\/ftp3.syscom.mx\/usuarios\/fotos\/TLSG2016P\/225357-captura_de_pantalla_2024-01-18_a_la(s)_4.06.31 p.m..png' alt='Switch Omada SDN TLSG2016P'> <\/div>\n<p> <!-- Secci\u00f3n de administraci\u00f3n unificada --> <\/p>\n<div style='margin: 30px 0;'>\n<div style='text-align: center; margin-bottom: 20px;'>\n<h2 style='font-size: 22px; color: inherit; margin: 0;'>Administraci\u00f3n con el controlador Omada&comma; generando una red unificada<\/h2>\n<\/p><\/div>\n<div style='margin: 20px 0;'> <img style='width: 100%; height: auto; border: 1px solid rgba(150&comma;150&comma;150&comma;0.3); border-radius: 8px;' src='https:\/\/ftp3.syscom.mx\/usuarios\/fotos\/TLSX3008F\/208029-image_-_2023-02-27t093757.672.png' alt='Administraci\u00f3n con controlador Omada'> <\/div>\n<\/p><\/div>\n<p> <!-- Secci\u00f3n de caracter\u00edsticas principales --> <\/p>\n<div style='margin: 30px 0;'>\n<div style='text-align: center; margin-bottom: 20px;'>\n<h2 style='font-size: 22px; color: inherit; margin: 0;'>Caracter\u00edsticas Principales<\/h2>\n<\/p><\/div>\n<div style='margin: 20px 0;'> <img style='width: 100%; height: auto; border: 1px solid rgba(150&comma;150&comma;150&comma;0.3); border-radius: 8px;' src='https:\/\/ftp3.syscom.mx\/usuarios\/fotos\/TLSG2016P\/225357-captura_de_pantalla_2024-01-18_a_la(s)_4.06.40 p.m..png' alt='Caracter\u00edsticas Principales'> <\/div>\n<\/p><\/div>\n<p> <!-- Secci\u00f3n de alto rendimiento --> <\/p>\n<div style='margin: 30px 0;'>\n<div style='text-align: center; margin-bottom: 20px;'>\n<h2 style='font-size: 22px; color: inherit; margin: 0;'>Alto rendimiento para una red empresarial<\/h2>\n<\/p><\/div>\n<div style='margin: 20px 0;'> <img style='width: 100%; height: auto; border: 1px solid rgba(150&comma;150&comma;150&comma;0.3); border-radius: 8px;' src='https:\/\/ftp3.syscom.mx\/usuarios\/fotos\/TLSG2016P\/225357-captura_de_pantalla_2024-01-18_a_la(s)_4.06.52 p.m..png' alt='Alto rendimiento'> <\/div>\n<\/p><\/div>\n<p> <!-- Secci\u00f3n de especificaciones --> <\/p>\n<div style='margin: 30px 0;'>\n<h3 style='font-size: 22px; border-bottom: 2px solid currentColor; padding-bottom: 5px; margin-top: 0; color: inherit; opacity: 0.8;'>Especificaciones<\/h3>\n<div style='display: flex; flex-wrap: wrap; gap: 20px; margin-top: 20px;'>\n<div style='flex: 1 1 250px; border: 1px solid rgba(150&comma; 150&comma; 150&comma; 0.4); border-radius: 8px; overflow: hidden; display: flex; flex-direction: column;'>\n<div style='padding: 15px; border-bottom: 1px solid rgba(150&comma; 150&comma; 150&comma; 0.2); font-weight: bold; font-size: 18px; color: inherit;'>Especificaciones f\u00edsicas<\/div>\n<div style='padding: 15px; color: inherit;'>\n<ul style='padding-left: 20px; margin: 0; font-size: 14px; list-style-type: disc;'>\n<li style='margin-bottom: 5px;'><strong>Dimensiones:<\/strong> 286 x 111.7 x 25.4 mm<\/li>\n<li style='margin-bottom: 5px;'><strong>Ventilador:<\/strong> Sin Ventilador<\/li>\n<li style='margin-bottom: 5px;'><strong>Alimentaci\u00f3n:<\/strong> Adaptador Externo 53.5 Vcc \/ 2.43 A<\/li>\n<li style='margin-bottom: 5px;'><strong>Consumo M\u00e1ximo:<\/strong> 9 W<\/li>\n<li style='margin-bottom: 5px;'><strong>Temperatura de operaci\u00f3n:<\/strong> 0 &#8211; 45\u00b0 C<\/li>\n<li style='margin-bottom: 5px;'><strong>Certificaciones:<\/strong> CE&comma; FCC&comma; RoHS<\/li>\n<\/ul><\/div>\n<\/p><\/div>\n<div style='flex: 1 1 250px; border: 1px solid rgba(150&comma; 150&comma; 150&comma; 0.4); border-radius: 8px; overflow: hidden; display: flex; flex-direction: column;'>\n<div style='padding: 15px; border-bottom: 1px solid rgba(150&comma; 150&comma; 150&comma; 0.2); font-weight: bold; font-size: 18px; color: inherit;'>Rendimiento<\/div>\n<div style='padding: 15px; color: inherit;'>\n<ul style='padding-left: 20px; margin: 0; font-size: 14px; list-style-type: disc;'>\n<li style='margin-bottom: 5px;'><strong>Puertos:<\/strong> (16) Puertos RJ45 10\/100\/1000 Mbps<\/li>\n<li style='margin-bottom: 5px;'><strong>Rendimiento:<\/strong> 32 Gbps<\/li>\n<li style='margin-bottom: 5px;'><strong>Reenv\u00edo de paquetes:<\/strong> 23.81 Mpps<\/li>\n<li style='margin-bottom: 5px;'><strong>Tabla de MAC:<\/strong> 8 K<\/li>\n<li style='margin-bottom: 5px;'><strong>Memoria del buffer:<\/strong> 4.1 Mbit<\/li>\n<\/ul><\/div>\n<\/p><\/div>\n<div style='flex: 1 1 250px; border: 1px solid rgba(150&comma; 150&comma; 150&comma; 0.4); border-radius: 8px; overflow: hidden; display: flex; flex-direction: column;'>\n<div style='padding: 15px; border-bottom: 1px solid rgba(150&comma; 150&comma; 150&comma; 0.2); font-weight: bold; font-size: 18px; color: inherit;'>Caracter\u00edsticas avanzadas<\/div>\n<div style='padding: 15px; color: inherit;'>\n<ul style='padding-left: 20px; margin: 0; font-size: 14px; list-style-type: disc;'>\n<li style='margin-bottom: 5px;'><strong>Gesti\u00f3n centralizada:<\/strong> Controladora basada en la nube&comma; OC300&comma; OC200&comma; Controlador software Omada<\/li>\n<li style='margin-bottom: 5px;'><strong>Calidad de Servicio:<\/strong> 8 colas de prioridad&comma; Control de ancho de banda&comma; Mirror&comma; Prioridad 802.1p CoS\/DSCP&comma; Rendimiento m\u00e1s fluido<\/li>\n<li style='margin-bottom: 5px;'><strong>Caracter\u00edsticas L2 y L2+:<\/strong> Link Agregation&comma; LACP 802.3ad&comma; STP&comma; Control de flujo&comma; Reflejo<\/li>\n<li style='margin-bottom: 5px;'><strong>Caracter\u00edsticas L3:<\/strong> IGMP v2\/v3 proxy&comma; 16 interfaces IPv4 \/ IPv6&comma; Enrutamiento estatico (48)&comma; ARP estatico (128)&comma; Servidor DHCP&comma; ARP proxy<\/li>\n<li style='margin-bottom: 5px;'><strong>IPv4 \/ IPv6:<\/strong> S\u00ed<\/li>\n<li style='margin-bottom: 5px;'><strong>Aprovisionamiento:<\/strong> Es necesario el controlador<\/li>\n<\/ul><\/div>\n<\/p><\/div>\n<div style='flex: 1 1 250px; border: 1px solid rgba(150&comma; 150&comma; 150&comma; 0.4); border-radius: 8px; overflow: hidden; display: flex; flex-direction: column;'>\n<div style='padding: 15px; border-bottom: 1px solid rgba(150&comma; 150&comma; 150&comma; 0.2); font-weight: bold; font-size: 18px; color: inherit;'>Seguridad<\/div>\n<div style='padding: 15px; color: inherit;'>\n<ul style='padding-left: 20px; margin: 0; font-size: 14px; list-style-type: disc;'>\n<li style='margin-bottom: 5px;'><strong>Seguridad:<\/strong> Enlace de puerto IP-MAC&comma; Enlace IPv6-MAC-Port&comma; Defensa DoS&comma; hasta 64 direcci\u00f3nes MAC por puerto&comma; Aislamiento de puertos<\/li>\n<li style='margin-bottom: 5px;'><strong>Caracteristicas avanzadas:<\/strong> Detecci\u00f3n autom\u00e1tica de dispositivos&comma; Configuraci\u00f3n unificada&comma; Actualizaci\u00f3n por lotes&comma; Advertencia de eventos anormales<\/li>\n<\/ul><\/div>\n<\/p><\/div>\n<\/p><\/div>\n<\/p><\/div>\n<p> <!-- Secci\u00f3n de contenido del paquete --> <\/p>\n<div style='margin: 30px 0;'>\n<h3 style='font-size: 22px; border-bottom: 2px solid currentColor; padding-bottom: 5px; margin-top: 0; color: inherit; opacity: 0.8;'>Contenido del Paquete<\/h3>\n<div style='margin-top: 20px;'>\n<ul style='padding-left: 20px; font-size: 15px; color: inherit;'>\n<li style='margin-bottom: 5px;'>TL-SG3210<\/li>\n<li style='margin-bottom: 5px;'>Cable de alimentaci\u00f3n<\/li>\n<li style='margin-bottom: 5px;'>Kit de montaje<\/li>\n<li style='margin-bottom: 5px;'>Patas de goma<\/li>\n<li style='margin-bottom: 5px;'>Gu\u00eda de instalaci\u00f3n<\/li>\n<\/ul><\/div>\n<\/p><\/div>\n<\/p><\/div>\n","protected":false},"excerpt":{"rendered":"<p>Switch Omada SDN Administrable 16 puertos 10\/100\/1000 Mbps \/ 8 Puertos PoE Inteligente af\/at \/ Administraci\u00f3n centralizada OMADA SDN \/ Presupuesto PoE 120W<\/p>\n","protected":false},"featured_media":81229,"comment_status":"open","ping_status":"closed","template":"","meta":[],"product_brand":[],"product_cat":[1986],"product_tag":[664,1987,71],"class_list":{"0":"post-81230","1":"product","2":"type-product","3":"status-publish","4":"has-post-thumbnail","6":"product_cat-switches-poe","7":"product_tag-networking","8":"product_tag-switches-poe","9":"product_tag-tp-link","11":"first","12":"instock","13":"sale","14":"shipping-taxable","15":"purchasable","16":"product-type-simple"},"_links":{"self":[{"href":"https:\/\/soydeaqui.ddns.net\/pachuca\/index.php\/wp-json\/wp\/v2\/product\/81230","targetHints":{"allow":["GET"]}}],"collection":[{"href":"https:\/\/soydeaqui.ddns.net\/pachuca\/index.php\/wp-json\/wp\/v2\/product"}],"about":[{"href":"https:\/\/soydeaqui.ddns.net\/pachuca\/index.php\/wp-json\/wp\/v2\/types\/product"}],"replies":[{"embeddable":true,"href":"https:\/\/soydeaqui.ddns.net\/pachuca\/index.php\/wp-json\/wp\/v2\/comments?post=81230"}],"wp:featuredmedia":[{"embeddable":true,"href":"https:\/\/soydeaqui.ddns.net\/pachuca\/index.php\/wp-json\/wp\/v2\/media\/81229"}],"wp:attachment":[{"href":"https:\/\/soydeaqui.ddns.net\/pachuca\/index.php\/wp-json\/wp\/v2\/media?parent=81230"}],"wp:term":[{"taxonomy":"product_brand","embeddable":true,"href":"https:\/\/soydeaqui.ddns.net\/pachuca\/index.php\/wp-json\/wp\/v2\/product_brand?post=81230"},{"taxonomy":"product_cat","embeddable":true,"href":"https:\/\/soydeaqui.ddns.net\/pachuca\/index.php\/wp-json\/wp\/v2\/product_cat?post=81230"},{"taxonomy":"product_tag","embeddable":true,"href":"https:\/\/soydeaqui.ddns.net\/pachuca\/index.php\/wp-json\/wp\/v2\/product_tag?post=81230"}],"curies":[{"name":"wp","href":"https:\/\/api.w.org\/{rel}","templated":true}]}}