{"id":81214,"date":"2026-03-19T18:35:28","date_gmt":"2026-03-19T18:35:28","guid":{"rendered":"https:\/\/soydeaqui.ddns.net\/pachuca\/index.php\/producto\/uisp-wave-profesional-estacion-cliente-en-60-ghz-hasta-5-4-gbps-respaldo-en-5-ghz-gps-integrado\/"},"modified":"2026-03-19T18:35:28","modified_gmt":"2026-03-19T18:35:28","slug":"uisp-wave-profesional-estacion-cliente-en-60-ghz-hasta-5-4-gbps-respaldo-en-5-ghz-gps-integrado","status":"publish","type":"product","link":"https:\/\/soydeaqui.ddns.net\/pachuca\/index.php\/producto\/uisp-wave-profesional-estacion-cliente-en-60-ghz-hasta-5-4-gbps-respaldo-en-5-ghz-gps-integrado\/","title":{"rendered":"UISP Wave Profesional \/ Estaci\u00f3n cliente en 60 Ghz, hasta 5.4 Gbps, respaldo en 5 Ghz, GPS integrado"},"content":{"rendered":"<div style='width: 100%; max-width: 1200px; margin: 0 auto; font-family: sans-serif; line-height: 1.6; color: inherit; background-color: transparent;'>\n<div style='display: flex; flex-wrap: wrap; gap: 30px; margin-bottom: 30px;'>\n<div style='flex: 1 1 300px; min-width: 280px;'>\n<h3 style='font-size: 22px; border-bottom: 2px solid currentColor; padding-bottom: 5px; margin-top: 0; color: inherit; opacity: 0.8;'>Caracter\u00edsticas<\/h3>\n<ul style='padding-left: 20px; font-size: 15px; color: inherit;'>\n<li style='margin-bottom: 5px;'><strong>Nombre:<\/strong> Wave Professional<\/li>\n<li style='margin-bottom: 5px;'><strong>Modelo:<\/strong> WAVEPRO<\/li>\n<li style='margin-bottom: 5px;'><strong>Marca:<\/strong> UBIQUITI<\/li>\n<li style='margin-bottom: 5px;'><strong>Categor\u00eda:<\/strong> Radios 60 GHz<\/li>\n<\/ul><\/div>\n<\/p><\/div>\n<div style='display: flex; flex-wrap: wrap; gap: 20px; margin-bottom: 30px;'>\n<div style='flex: 1 1 250px; border: 1px solid rgba(150&comma; 150&comma; 150&comma; 0.4); border-radius: 8px; overflow: hidden; display: flex; flex-direction: column;'>\n<div style='padding: 15px; border-bottom: 1px solid rgba(150&comma; 150&comma; 150&comma; 0.2); font-weight: bold; font-size: 18px; color: inherit;'>Mec\u00e1nicas<\/div>\n<div style='padding: 15px; color: inherit;'>\n<ul style='padding-left: 20px; margin: 0; font-size: 14px; list-style-type: disc;'>\n<li style='margin-bottom: 5px;'><strong>Dimensiones:<\/strong> \u00d8424.4 x 166.2 mm (\u00d816.7 x 6.5&#8242;)<\/li>\n<li style='margin-bottom: 5px;'><strong>Peso:<\/strong> Sin montaje 2.8 kg (6.2 lb) \/ Con montaje: 4 kg (8.8 lb)<\/li>\n<li style='margin-bottom: 5px;'><strong>Material:<\/strong> Aleaci\u00f3n de aluminio&comma; pl\u00e1stico estabilizado para rayos UV<\/li>\n<li style='margin-bottom: 5px;'><strong>Material del montaje:<\/strong> \u00c1cero inoxidable<\/li>\n<li style='margin-bottom: 5px;'><strong>Di\u00e1metro del poste para montar:<\/strong> 25 a 76.2 mm (1 to 3&#8242;) en di\u00e1metro del tubo<\/li>\n<li style='margin-bottom: 5px;'><strong>Carga de viento:<\/strong> 369 N a 200 km\/h (83 lbf at 125 mph)<\/li>\n<li style='margin-bottom: 5px;'><strong>Protecci\u00f3n:<\/strong> IPX6<\/li>\n<\/ul><\/div>\n<\/p><\/div>\n<div style='flex: 1 1 250px; border: 1px solid rgba(150&comma; 150&comma; 150&comma; 0.4); border-radius: 8px; overflow: hidden; display: flex; flex-direction: column;'>\n<div style='padding: 15px; border-bottom: 1px solid rgba(150&comma; 150&comma; 150&comma; 0.2); font-weight: bold; font-size: 18px; color: inherit;'>Hardware<\/div>\n<div style='padding: 15px; color: inherit;'>\n<ul style='padding-left: 20px; margin: 0; font-size: 14px; list-style-type: disc;'>\n<li style='margin-bottom: 5px;'><strong>Procesador:<\/strong> Quad-core ARM\u00ae Cortex\u00ae-A53 at 1.4 GHz<\/li>\n<li style='margin-bottom: 5px;'><strong>Memoria:<\/strong> DDR3L 512 MB<\/li>\n<li style='margin-bottom: 5px;'><strong>Interfaces de red:<\/strong> (2) puertos 2.5 GbE RJ45 \/ (1) puertos 10G SFP+<\/li>\n<li style='margin-bottom: 5px;'><strong>Consumo m\u00e1ximo energ\u00e9tico:<\/strong> 26W<\/li>\n<li style='margin-bottom: 5px;'><strong>Alimentaci\u00f3n:<\/strong> Pasivo PoE 4-pares (1&comma; 2+; 3&comma; 6-) (4&comma; 5+; 7&comma; \ud83d\ude0e \/ Pasivo PoE 2-pares (4&comma; 5+; 7&comma; 8-)&comma; para 44\u201354V DC solamente<\/li>\n<li style='margin-bottom: 5px;'><strong>M\u00e9todo de alimentaci\u00f3n:<\/strong> 48V DC&comma; 0.65A&comma; 2.5 GbE adaptador PoE (incluido)<\/li>\n<li style='margin-bottom: 5px;'><strong>Rango de voltaje soportado:<\/strong> 44\u201354V DC \/ 22\u201327V DC<\/li>\n<li style='margin-bottom: 5px;'><strong>GPS:<\/strong> S\u00ed<\/li>\n<li style='margin-bottom: 5px;'><strong>Bot\u00f3n:<\/strong> Restablecimiento a valores de f\u00e1brica<\/li>\n<li style='margin-bottom: 5px;'><strong>LEDs:<\/strong> Encendido&comma; (2) Ethernet&comma; SFP+ &comma; GPS&comma; enlace<\/li>\n<li style='margin-bottom: 5px;'><strong>Temperatura de operaci\u00f3n:<\/strong> -40 to 60\u00b0 C (-40 to 140\u00b0 F)<\/li>\n<li style='margin-bottom: 5px;'><strong>Humedad aceptable para operar:<\/strong> 5 to 95% sin condensaci\u00f3n<\/li>\n<li style='margin-bottom: 5px;'><strong>Certificaciones:<\/strong> FCC&comma; IC&comma; CE<\/li>\n<\/ul><\/div>\n<\/p><\/div>\n<div style='flex: 1 1 250px; border: 1px solid rgba(150&comma; 150&comma; 150&comma; 0.4); border-radius: 8px; overflow: hidden; display: flex; flex-direction: column;'>\n<div style='padding: 15px; border-bottom: 1px solid rgba(150&comma; 150&comma; 150&comma; 0.2); font-weight: bold; font-size: 18px; color: inherit;'>RF<\/div>\n<div style='padding: 15px; color: inherit;'>\n<ul style='padding-left: 20px; margin: 0; font-size: 14px; list-style-type: disc;'>\n<li style='margin-bottom: 5px;'><strong>Frecuencias de operaci\u00f3n:<\/strong> 57 to 71 GHz (Depende de la regulaci\u00f3n del c\u00f3digo de pa\u00eds)<\/li>\n<li style='margin-bottom: 5px;'><strong>Anchos de canal:<\/strong> 2160&comma; 1080 MHz<\/li>\n<li style='margin-bottom: 5px;'><strong>Canales operativos:<\/strong> 58320&comma; 59400&comma; 60480&comma; 61560&comma; 62640&comma; 63720&comma; 64800&comma; 65880&comma; 66960&comma; 68040&comma; 69120&comma; 70200 MHz (Depende de la regulaci\u00f3n del c\u00f3digo de pa\u00eds)<\/li>\n<li style='margin-bottom: 5px;'><strong>Modulaciones:<\/strong> 16QAM&comma; QPSK<\/li>\n<li style='margin-bottom: 5px;'><strong>Ganancia de antena:<\/strong> 46 dBi<\/li>\n<li style='margin-bottom: 5px;'><strong>Polarizaci\u00f3n:<\/strong> Linear Vertical<\/li>\n<li style='margin-bottom: 5px;'><strong>Ancho de haz:<\/strong> Azimuth: 3 dB 1.3\u00b0 \/ Elevaci\u00f3n: 3 dB 1.3\u00b0<\/li>\n<\/ul><\/div>\n<\/p><\/div>\n<div style='flex: 1 1 250px; border: 1px solid rgba(150&comma; 150&comma; 150&comma; 0.4); border-radius: 8px; overflow: hidden; display: flex; flex-direction: column;'>\n<div style='padding: 15px; border-bottom: 1px solid rgba(150&comma; 150&comma; 150&comma; 0.2); font-weight: bold; font-size: 18px; color: inherit;'>RF de Respaldo<\/div>\n<div style='padding: 15px; color: inherit;'>\n<ul style='padding-left: 20px; margin: 0; font-size: 14px; list-style-type: disc;'>\n<li style='margin-bottom: 5px;'><strong>Est\u00e1ndar WiFi:<\/strong> 802.11ax (WiFi 6)<\/li>\n<li style='margin-bottom: 5px;'><strong>Frecuencias de operaci\u00f3n:<\/strong> U-NII-1 5150 &#8211; 5250 MHz \/ U-NII-2A 5250 &#8211; 5350 MHz \/ U-NII-2C 5470 &#8211; 5725 MHz \/ U-NII-3 5725 &#8211; 5850 MHz \/ 5150 &#8211; 5875 MHz (Depende de la regulaci\u00f3n del c\u00f3digo de pa\u00eds)<\/li>\n<li style='margin-bottom: 5px;'><strong>Ancho de canales:<\/strong> 20&comma; 40&comma; 80 MHz<\/li>\n<li style='margin-bottom: 5px;'><strong>M\u00e1xima potencia de transmisi\u00f3n:<\/strong> 27 dBm<\/li>\n<li style='margin-bottom: 5px;'><strong>Modulaciones:<\/strong> BPSK (1\u20442)&comma; QPSK (1\u20442)&comma; QPSK (3\u20444)&comma; 16QAM (1\u20442)&comma; 16QAM (3\u20444)&comma; 64QAM (2\u20443)&comma; 64QAM (3\u20444)&comma; 64QAM (5\u20446)&comma; 256QAM (3\u20444)&comma; 256QAM (5\u20446)&comma; 1024QAM (3\u20444)&comma; 1024QAM (5\u20446)<\/li>\n<li style='margin-bottom: 5px;'><strong>Ganancia de antena:<\/strong> 22 dBi<\/li>\n<li style='margin-bottom: 5px;'><strong>Polarizaci\u00f3n:<\/strong> Doble linear<\/li>\n<li style='margin-bottom: 5px;'><strong>Ancho de haz:<\/strong> Azimuth: 3 dB 8\u00b0 \/ Elevaci\u00f3n: 3 dB 8\u00b0<\/li>\n<li style='margin-bottom: 5px;'><strong>Asilamiento cross-polarizaci\u00f3n:<\/strong> 20 dB<\/li>\n<\/ul><\/div>\n<\/p><\/div>\n<\/p><\/div>\n<div style='display: flex; flex-wrap: wrap; gap: 20px; margin-bottom: 30px;'>\n<div style='flex: 1 1 100%;'>\n<h3 style='font-size: 22px; border-bottom: 2px solid currentColor; padding-bottom: 5px; margin-top: 0; color: inherit; opacity: 0.8;'>Contenido del paquete<\/h3>\n<p> <img style='width: 100%; height: auto; border: 1px solid rgba(150&comma;150&comma;150&comma;0.3); border-radius: 8px;' src='https:\/\/ftp3.syscom.mx\/usuarios\/fotos\/WAVEPRO\/225553-wavepro_contenido.jpg' alt='Contenido del paquete'> <\/div>\n<\/p><\/div>\n<div style='display: flex; flex-wrap: wrap; gap: 20px; margin-bottom: 30px;'>\n<div style='flex: 1 1 100%;'>\n<h3 style='font-size: 22px; border-bottom: 2px solid currentColor; padding-bottom: 5px; margin-top: 0; color: inherit; opacity: 0.8;'>Funciona con la aplicaci\u00f3n Ubiquiti Internet Service Provider (UISP\u00ae)<\/h3>\n<ul style='padding-left: 20px; font-size: 14px; color: inherit;'>\n<li style='margin-bottom: 5px;'>Administre de forma centralizada sus redes y clientes con facilidad.<\/li>\n<li style='margin-bottom: 5px;'>Organice los planes de sus clientes&comma; configure la facturaci\u00f3n y aumente su base de clientes.<\/li>\n<li style='margin-bottom: 5px;'>Vea la topolog\u00eda de la red&comma; an\u00e1lisis de datos avanzados y m\u00e1s.<\/li>\n<li style='margin-bottom: 5px;'>Configure dispositivos r\u00e1pidamente y admin\u00edstrelos sobre la marcha con una potente aplicaci\u00f3n m\u00f3vil.<\/li>\n<\/ul><\/div>\n<\/p><\/div>\n<div style='display: flex; flex-wrap: wrap; gap: 20px; margin-bottom: 30px;'>\n<div style='flex: 1 1 100%;'>\n<h3 style='font-size: 22px; border-bottom: 2px solid currentColor; padding-bottom: 5px; margin-top: 0; color: inherit; opacity: 0.8;'>Recursos<\/h3>\n<div style='display: flex; flex-wrap: wrap; gap: 15px;'> <img style='width: 100%; max-width: 400px; height: auto; border: 1px solid rgba(150&comma;150&comma;150&comma;0.3); border-radius: 8px;' src='https:\/\/ftp3.syscom.mx\/usuarios\/fotos\/WAVEPRO\/225553-wavepro2.png' alt='Recursos 1'> <img style='width: 100%; max-width: 400px; height: auto; border: 1px solid rgba(150&comma;150&comma;150&comma;0.3); border-radius: 8px;' src='https:\/\/ftp3.syscom.mx\/usuarios\/fotos\/WAVEPRO\/225553-wavepro3.png' alt='Recursos 2'> <\/p>\n<div style='position: relative; padding-bottom: 56.25%; height: 0; overflow: hidden; margin-bottom: 30px; max-width: 400px; width: 100%;'>   <\/div>\n<\/p><\/div>\n<\/p><\/div>\n<\/p><\/div>\n<hr style='border: 0; border-top: 1px solid rgba(150&comma; 150&comma; 150&comma; 0.3); margin: 30px 0;'> <\/div>\n","protected":false},"excerpt":{"rendered":"<p>UISP Wave Profesional \/ Estaci\u00f3n cliente en 60 Ghz, hasta 5.4 Gbps, respaldo en 5 Ghz, GPS integrado<\/p>\n","protected":false},"featured_media":81213,"comment_status":"open","ping_status":"closed","template":"","meta":[],"product_brand":[],"product_cat":[1998],"product_tag":[1999,1980,166],"class_list":{"0":"post-81214","1":"product","2":"type-product","3":"status-publish","4":"has-post-thumbnail","6":"product_cat-5-y-6-ghz","7":"product_tag-5-y-6-ghz","8":"product_tag-enlaces-ptp-y-ptmp","9":"product_tag-ubiquiti","11":"first","12":"instock","13":"sale","14":"shipping-taxable","15":"purchasable","16":"product-type-simple"},"_links":{"self":[{"href":"https:\/\/soydeaqui.ddns.net\/pachuca\/index.php\/wp-json\/wp\/v2\/product\/81214","targetHints":{"allow":["GET"]}}],"collection":[{"href":"https:\/\/soydeaqui.ddns.net\/pachuca\/index.php\/wp-json\/wp\/v2\/product"}],"about":[{"href":"https:\/\/soydeaqui.ddns.net\/pachuca\/index.php\/wp-json\/wp\/v2\/types\/product"}],"replies":[{"embeddable":true,"href":"https:\/\/soydeaqui.ddns.net\/pachuca\/index.php\/wp-json\/wp\/v2\/comments?post=81214"}],"wp:featuredmedia":[{"embeddable":true,"href":"https:\/\/soydeaqui.ddns.net\/pachuca\/index.php\/wp-json\/wp\/v2\/media\/81213"}],"wp:attachment":[{"href":"https:\/\/soydeaqui.ddns.net\/pachuca\/index.php\/wp-json\/wp\/v2\/media?parent=81214"}],"wp:term":[{"taxonomy":"product_brand","embeddable":true,"href":"https:\/\/soydeaqui.ddns.net\/pachuca\/index.php\/wp-json\/wp\/v2\/product_brand?post=81214"},{"taxonomy":"product_cat","embeddable":true,"href":"https:\/\/soydeaqui.ddns.net\/pachuca\/index.php\/wp-json\/wp\/v2\/product_cat?post=81214"},{"taxonomy":"product_tag","embeddable":true,"href":"https:\/\/soydeaqui.ddns.net\/pachuca\/index.php\/wp-json\/wp\/v2\/product_tag?post=81214"}],"curies":[{"name":"wp","href":"https:\/\/api.w.org\/{rel}","templated":true}]}}