{"id":81207,"date":"2026-03-19T18:35:13","date_gmt":"2026-03-19T18:35:13","guid":{"rendered":"https:\/\/soydeaqui.ddns.net\/pachuca\/index.php\/producto\/onu-xgspon-wi-fi-6-1-puerto-rj45-2-5-gbps-3-puertos-rj45-1-gbps-1-fxs-1-puerto-usb\/"},"modified":"2026-03-19T18:35:22","modified_gmt":"2026-03-19T18:35:22","slug":"onu-xgspon-wi-fi-6-1-puerto-rj45-2-5-gbps-3-puertos-rj45-1-gbps-1-fxs-1-puerto-usb","status":"publish","type":"product","link":"https:\/\/soydeaqui.ddns.net\/pachuca\/index.php\/producto\/onu-xgspon-wi-fi-6-1-puerto-rj45-2-5-gbps-3-puertos-rj45-1-gbps-1-fxs-1-puerto-usb\/","title":{"rendered":"ONU XGSPON \/ Wi-Fi 6 \/ 1 Puerto RJ45 2.5 Gbps \/ 3 Puertos RJ45 1 Gbps \/ 1 FXS \/ 1 Puerto USB \/"},"content":{"rendered":"<div style='width: 100%; max-width: 1200px; margin: 0 auto; font-family: sans-serif; line-height: 1.6; color: inherit; background-color: transparent;'>\n<div style='display: flex; flex-wrap: wrap; gap: 30px; margin-bottom: 30px;'>\n<div style='flex: 1 1 300px; min-width: 280px;'>\n<h3 style='font-size: 22px; border-bottom: 2px solid currentColor; padding-bottom: 5px; margin-top: 0; color: inherit; opacity: 0.8;'>Caracter\u00edsticas principales<\/h3>\n<ul style='padding-left: 20px; font-size: 15px; color: inherit;'>\n<li style='margin-bottom: 5px;'><span style='font-family: verdana&comma; geneva&comma; sans-serif;'>Dimensiones: 244 * 131 * 36 mm (largo \u00d7 ancho \u00d7 alto).<\/span><\/li>\n<li style='margin-bottom: 5px;'><span style='font-family: verdana&comma; geneva&comma; sans-serif;'>Aplicaciones de: <span style='font-weight: bolder;'>Datos + Telefon\u00eda + IPTV.<\/span><\/span><\/li>\n<li style='margin-bottom: 5px;'><span style='font-family: verdana&comma; geneva&comma; sans-serif;'>Gesti\u00f3n y Monitoreo en l\u00ednea desde la OLT V-SOL.<\/span><\/li>\n<li style='margin-bottom: 5px;'><span style='font-family: verdana&comma; geneva&comma; sans-serif;'>Gesti\u00f3n amigable desede: EMS \/ Web \/ Telnet \/ CLI.<\/span><\/li>\n<\/ul>\n<\/div>\n<div style='flex: 1 1 300px; min-width: 280px;'>\n<h3 style='font-size: 22px; border-bottom: 2px solid currentColor; padding-bottom: 5px; margin-top: 0; color: inherit; opacity: 0.8;'>Caracter\u00edsticas F\u00edsicas y El\u00e9ctricas<\/h3>\n<ul style='padding-left: 20px; font-size: 15px; color: inherit;'>\n<li style='margin-bottom: 5px;'><span style='font-family: verdana&comma; geneva&comma; sans-serif;'>Alimentaci\u00f3n: 12V 2A (Fuente Incluida)<\/span><\/li>\n<li style='margin-bottom: 5px;'><span style='font-family: verdana&comma; geneva&comma; sans-serif;'>Consumo m\u00e1ximo: 24W.<\/span><\/li>\n<li style='margin-bottom: 5px;'><span style='font-family: verdana&comma; geneva&comma; sans-serif;'>Peso: 0.425 Kg.<\/span><\/li>\n<li style='margin-bottom: 5px;'><span style='font-family: verdana&comma; geneva&comma; sans-serif;'>Temperatura de operaci\u00f3n: -0 a 55\u00b0 C.<\/span><\/li>\n<\/ul>\n<\/div>\n<div style='flex: 1 1 300px; min-width: 280px;'>\n<h3 style='font-size: 22px; border-bottom: 2px solid currentColor; padding-bottom: 5px; margin-top: 0; color: inherit; opacity: 0.8;'>Caracter\u00edsticas de Red<\/h3>\n<ul style='padding-left: 20px; font-size: 15px; color: inherit;'>\n<li style='margin-bottom: 5px;'><span style='font-family: verdana&comma; geneva&comma; sans-serif;'>1 Puerto 2.5 Gbps RJ45.<\/span><\/li>\n<li style='margin-bottom: 5px;'><span style='font-family: verdana&comma; geneva&comma; sans-serif;'>3 Puerto 1 Gbps RJ45.<\/span><\/li>\n<li style='margin-bottom: 5px;'><span style='font-family: verdana&comma; geneva&comma; sans-serif;'>1 Puerto RJ11.<\/span><\/li>\n<li style='margin-bottom: 5px;'><span style='font-family: verdana&comma; geneva&comma; sans-serif;'>Wi-Fi en 2.4\/5 GHz (Wi-Fi 6 \/ 802.11ax)<\/span><\/li>\n<li style='margin-bottom: 5px;'><span style='font-family: verdana&comma; geneva&comma; sans-serif;'>4 Antenas Wi-Fi con 5 dBi.<\/span><\/li>\n<\/ul>\n<\/div>\n<\/div>\n<div style='display: flex; flex-direction: column; align-items: center; margin: 30px 0;'>\n<h2 style='font-size: 28px; margin: 20px 0; color: inherit;'>ONU XGSPON Para Una Nueva Expericiencia a 10 Gbps de Velocidad<\/h2>\n<p><img style='width: 100%; height: auto; border: 1px solid rgba(150&comma;150&comma;150&comma;0.3); border-radius: 8px;' src='https:\/\/es.vsolcn.com\/wp-content\/uploads\/2023\/05\/HG3110AX%E4%BA%A7%E5%93%81%E8%AF%A6%E6%83%85%E9%A1%B5-%E8%8B%B1%E6%96%87-1-1.jpg' alt=''><\/div>\n<div style='display: flex; flex-direction: column; align-items: center; margin: 30px 0;'>\n<h2 style='font-size: 28px; margin: 20px 0; color: inherit;'>El Siguiente Nivel para Los Servicios Domesticos<\/h2>\n<p><img style='width: 100%; height: auto; border: 1px solid rgba(150&comma;150&comma;150&comma;0.3); border-radius: 8px;' src='https:\/\/es.vsolcn.com\/wp-content\/uploads\/2023\/05\/HG3110AX%E4%BA%A7%E5%93%81%E8%AF%A6%E6%83%85%E9%A1%B5-%E8%8B%B1%E6%96%87-2-1.jpg' alt=''><\/div>\n<div style='display: flex; flex-direction: column; align-items: center; margin: 30px 0;'>\n<h2 style='font-size: 28px; margin: 20px 0; color: inherit;'>Gran Cobertura Wi-Fi y Alta Velocidad De Navegaci\u00f3n<\/h2>\n<p><img style='width: 100%; height: auto; border: 1px solid rgba(150&comma;150&comma;150&comma;0.3); border-radius: 8px;' src='https:\/\/es.vsolcn.com\/wp-content\/uploads\/2023\/05\/HG3110AX%E4%BA%A7%E5%93%81%E8%AF%A6%E6%83%85%E9%A1%B5-%E8%8B%B1%E6%96%87-4-1.jpg' alt=''><\/div>\n<div style='display: flex; flex-direction: column; align-items: center; margin: 30px 0;'>\n<h2 style='font-size: 28px; margin: 20px 0; color: inherit;'>Interfaz RJ45 a 2.5 Gbps Para Aprovechar Al M\u00e1ximo El Ancho de Banda<\/h2>\n<p><img style='width: 100%; height: auto; border: 1px solid rgba(150&comma;150&comma;150&comma;0.3); border-radius: 8px;' src='https:\/\/es.vsolcn.com\/wp-content\/uploads\/2023\/05\/HG3110AX%E4%BA%A7%E5%93%81%E8%AF%A6%E6%83%85%E9%A1%B5-%E8%8B%B1%E6%96%87-5-1.jpg' alt=''><\/div>\n<div style='display: flex; flex-direction: column; align-items: center; margin: 30px 0;'>\n<h2 style='font-size: 28px; margin: 20px 0; color: inherit;'>Acelera La Conexi\u00f3n En La Red Con Un Chipset De Alto Rendimiento<\/h2>\n<p><img style='width: 100%; height: auto; border: 1px solid rgba(150&comma;150&comma;150&comma;0.3); border-radius: 8px;' src='https:\/\/es.vsolcn.com\/wp-content\/uploads\/2023\/05\/HG3110AX%E4%BA%A7%E5%93%81%E8%AF%A6%E6%83%85%E9%A1%B5-%E8%8B%B1%E6%96%87-6-1.jpg' alt=''><\/div>\n<div style='display: flex; flex-direction: column; align-items: center; margin: 30px 0;'>\n<h2 style='font-size: 28px; margin: 20px 0; color: inherit;'>Soporta La Funci\u00f3n De MESH en Inal\u00e1mbrico Para Una Mayor Cobertura<\/h2>\n<p><img style='width: 100%; height: auto; border: 1px solid rgba(150&comma;150&comma;150&comma;0.3); border-radius: 8px;' src='https:\/\/es.vsolcn.com\/wp-content\/uploads\/2023\/05\/HG3110AX%E4%BA%A7%E5%93%81%E8%AF%A6%E6%83%85%E9%A1%B5-%E8%8B%B1%E6%96%87-7-1.jpg' alt=''><\/div>\n<div style='display: flex; flex-direction: column; align-items: center; margin: 30px 0;'>\n<h2 style='font-size: 28px; margin: 20px 0; color: inherit;'>Puerto RJ11 Para Entregar Servicios De Telefon\u00eda<\/h2>\n<p><img style='width: 100%; height: auto; border: 1px solid rgba(150&comma;150&comma;150&comma;0.3); border-radius: 8px;' src='https:\/\/es.vsolcn.com\/wp-content\/uploads\/2023\/05\/HG3110AX%E4%BA%A7%E5%93%81%E8%AF%A6%E6%83%85%E9%A1%B5-%E8%8B%B1%E6%96%87-8-1.jpg' alt=''><\/div>\n<\/div>\n","protected":false},"excerpt":{"rendered":"<p>ONU XGSPON \/ Wi-Fi 6 \/ 1 Puerto RJ45 2.5 Gbps \/ 3 Puertos RJ45 1 Gbps \/ 1 FXS \/ 1 Puerto USB \/<\/p>\n","protected":false},"featured_media":81206,"comment_status":"open","ping_status":"closed","template":"","meta":[],"product_brand":[],"product_cat":[2010],"product_tag":[2012,2011,2013],"class_list":{"0":"post-81207","1":"product","2":"type-product","3":"status-publish","4":"has-post-thumbnail","6":"product_cat-onus-onts","7":"product_tag-onus-onts","8":"product_tag-redes-ftth-pon","9":"product_tag-v-sol","11":"first","12":"instock","13":"sale","14":"shipping-taxable","15":"purchasable","16":"product-type-simple"},"_links":{"self":[{"href":"https:\/\/soydeaqui.ddns.net\/pachuca\/index.php\/wp-json\/wp\/v2\/product\/81207","targetHints":{"allow":["GET"]}}],"collection":[{"href":"https:\/\/soydeaqui.ddns.net\/pachuca\/index.php\/wp-json\/wp\/v2\/product"}],"about":[{"href":"https:\/\/soydeaqui.ddns.net\/pachuca\/index.php\/wp-json\/wp\/v2\/types\/product"}],"replies":[{"embeddable":true,"href":"https:\/\/soydeaqui.ddns.net\/pachuca\/index.php\/wp-json\/wp\/v2\/comments?post=81207"}],"wp:featuredmedia":[{"embeddable":true,"href":"https:\/\/soydeaqui.ddns.net\/pachuca\/index.php\/wp-json\/wp\/v2\/media\/81206"}],"wp:attachment":[{"href":"https:\/\/soydeaqui.ddns.net\/pachuca\/index.php\/wp-json\/wp\/v2\/media?parent=81207"}],"wp:term":[{"taxonomy":"product_brand","embeddable":true,"href":"https:\/\/soydeaqui.ddns.net\/pachuca\/index.php\/wp-json\/wp\/v2\/product_brand?post=81207"},{"taxonomy":"product_cat","embeddable":true,"href":"https:\/\/soydeaqui.ddns.net\/pachuca\/index.php\/wp-json\/wp\/v2\/product_cat?post=81207"},{"taxonomy":"product_tag","embeddable":true,"href":"https:\/\/soydeaqui.ddns.net\/pachuca\/index.php\/wp-json\/wp\/v2\/product_tag?post=81207"}],"curies":[{"name":"wp","href":"https:\/\/api.w.org\/{rel}","templated":true}]}}