{"id":81181,"date":"2026-03-19T18:34:08","date_gmt":"2026-03-19T18:34:08","guid":{"rendered":"https:\/\/soydeaqui.ddns.net\/pachuca\/index.php\/producto\/modulo-sfp-epon-px20-sc-upc-hasta-20km-9-dbm-tipicos-de-potencia\/"},"modified":"2026-03-19T18:34:16","modified_gmt":"2026-03-19T18:34:16","slug":"modulo-sfp-epon-px20-sc-upc-hasta-20km-9-dbm-tipicos-de-potencia","status":"publish","type":"product","link":"https:\/\/soydeaqui.ddns.net\/pachuca\/index.php\/producto\/modulo-sfp-epon-px20-sc-upc-hasta-20km-9-dbm-tipicos-de-potencia\/","title":{"rendered":"M\u00f3dulo SFP EPON PX20++++, SC \/ UPC, hasta 20Km \/ 9 dBm T\u00edpicos de Potencia"},"content":{"rendered":"<div style='width: 100%; max-width: 1200px; margin: 0 auto; font-family: sans-serif; line-height: 1.6; color: inherit; background-color: transparent;'> <!-- Secci\u00f3n de caracter\u00edsticas principales --> <\/p>\n<div style='display: flex; flex-wrap: wrap; gap: 30px; margin-bottom: 30px;'>\n<div style='flex: 1 1 300px; min-width: 280px;'>\n<h3 style='font-size: 22px; border-bottom: 2px solid currentColor; padding-bottom: 5px; margin-top: 0; color: inherit; opacity: 0.8;'>Caracter\u00edsticas Principales<\/h3>\n<ul style='padding-left: 20px; font-size: 15px; color: inherit;'>\n<li>Conector: SC\/UPC<\/li>\n<li>Tipo de m\u00f3dulo: PX20++++<\/li>\n<li>Velocidad de transmisi\u00f3n de datos: 1.25 Gbps<\/li>\n<li>Longitud de onda:\n<ul style='padding-left: 20px;'>\n<li>Transmisi\u00f3n (TX): 1490 nm<\/li>\n<li>Recepci\u00f3n (RX): 1310 nm<\/li>\n<\/ul>\n<\/li>\n<li>Distancia m\u00e1xima de operaci\u00f3n: 20 km<\/li>\n<li>Temperatura de operaci\u00f3n: 0 ~ 70 \u00b0C<\/li>\n<\/ul><\/div>\n<\/p><\/div>\n<p> <!-- Secci\u00f3n de especificaciones t\u00e9cnicas --> <\/p>\n<div style='display: flex; flex-wrap: wrap; gap: 20px; margin-bottom: 30px;'>\n<div style='flex: 1 1 250px; border: 1px solid rgba(150&comma; 150&comma; 150&comma; 0.4); border-radius: 8px; overflow: hidden; display: flex; flex-direction: column;'>\n<div style='padding: 15px; border-bottom: 1px solid rgba(150&comma; 150&comma; 150&comma; 0.2); font-weight: bold; font-size: 18px; color: inherit;'>Especificaciones T\u00e9cnicas<\/div>\n<div style='padding: 15px; color: inherit;'>\n<ul style='padding-left: 20px; margin: 0; font-size: 14px; list-style-type: disc;'>\n<li><strong>Est\u00e1ndar:<\/strong> IEEE 802.3-2008 1000BASE-PX20<\/li>\n<li><strong>Transmisi\u00f3n:<\/strong> Bi-direccional con 1.25 Gbps sim\u00e9trico<\/li>\n<li><strong>Transmisor:<\/strong> 1490nm DFB laser<\/li>\n<li><strong>Receptor:<\/strong> 1310nm APD-TIA modor\u00e1faga (burst-mode)<\/li>\n<li><strong>Paquete:<\/strong> SFP con conector SC<\/li>\n<li><strong>Alimentaci\u00f3n:<\/strong> +3.3V de una sola fuente<\/li>\n<li><strong>Compatibilidad:<\/strong> RoHS 2.0<\/li>\n<li><strong>Caracter\u00edsticas EMI\/EMC:<\/strong> Excelentes caracter\u00edsticas de inmunidad<\/li>\n<\/ul><\/div>\n<\/p><\/div>\n<p> <!-- Secci\u00f3n de aplicaciones --> <\/p>\n<div style='flex: 1 1 250px; border: 1px solid rgba(150&comma; 150&comma; 150&comma; 0.4); border-radius: 8px; overflow: hidden; display: flex; flex-direction: column;'>\n<div style='padding: 15px; border-bottom: 1px solid rgba(150&comma; 150&comma; 150&comma; 0.2); font-weight: bold; font-size: 18px; color: inherit;'>Aplicaciones<\/div>\n<div style='padding: 15px; color: inherit;'>\n<ul style='padding-left: 20px; margin: 0; font-size: 14px; list-style-type: disc;'>\n<li>Redes de Fibra \u00d3ptica Pasiva (EPON)<\/li>\n<li>IEEE802.3ah 1000BASE-PX20+<\/li>\n<li>IEEE802.3ah 1000BASE-PX20++<\/li>\n<li>IEEE802.3ah 1000BASE-PX20+++<\/li>\n<li>IEEE802.3ah 1000BASE-PX20++++<\/li>\n<\/ul><\/div>\n<\/p><\/div>\n<p> <!-- Secci\u00f3n de condiciones de operaci\u00f3n --> <\/p>\n<div style='flex: 1 1 250px; border: 1px solid rgba(150&comma; 150&comma; 150&comma; 0.4); border-radius: 8px; overflow: hidden; display: flex; flex-direction: column;'>\n<div style='padding: 15px; border-bottom: 1px solid rgba(150&comma; 150&comma; 150&comma; 0.2); font-weight: bold; font-size: 18px; color: inherit;'>Condiciones de Operaci\u00f3n<\/div>\n<div style='padding: 15px; color: inherit;'>\n<ul style='padding-left: 20px; margin: 0; font-size: 14px; list-style-type: disc;'>\n<li><strong>Voltaje de alimentaci\u00f3n:<\/strong> 3.13V a 3.47V<\/li>\n<li><strong>Temperatura de almacenamiento:<\/strong> -45\u00b0C a +85\u00b0C<\/li>\n<li><strong>Humedad de almacenamiento:<\/strong> 5% a 95% sin condensaci\u00f3n<\/li>\n<li><strong>Umbral de da\u00f1o \u00f3ptico:<\/strong> -4 dBm<\/li>\n<\/ul><\/div>\n<\/p><\/div>\n<p> <!-- Secci\u00f3n de especificaciones \u00f3pticas --> <\/p>\n<div style='flex: 1 1 250px; border: 1px solid rgba(150&comma; 150&comma; 150&comma; 0.4); border-radius: 8px; overflow: hidden; display: flex; flex-direction: column;'>\n<div style='padding: 15px; border-bottom: 1px solid rgba(150&comma; 150&comma; 150&comma; 0.2); font-weight: bold; font-size: 18px; color: inherit;'>Especificaciones \u00d3pticas<\/div>\n<div style='padding: 15px; color: inherit;'>\n<ul style='padding-left: 20px; margin: 0; font-size: 14px; list-style-type: disc;'>\n<li><strong>Rango de longitud de onda:<\/strong> 1480-1500 nm<\/li>\n<li><strong>Ancho espectral (-20dB):<\/strong> \u22641 nm<\/li>\n<li><strong>Relaci\u00f3n de supresi\u00f3n de modo lateral:<\/strong> \u226530 dB<\/li>\n<li><strong>Potencia \u00f3ptica de apagado:<\/strong> \u2264-39 dBm<\/li>\n<li><strong>Relaci\u00f3n de extinci\u00f3n:<\/strong> \u22659 dB<\/li>\n<li><strong>Retorno de p\u00e9rdida \u00f3ptica:<\/strong> \u226515 dB<\/li>\n<li><strong>M\u00e1xima reflectancia:<\/strong> \u2265-12 dB<\/li>\n<\/ul><\/div>\n<\/p><\/div>\n<p> <!-- Secci\u00f3n de receptor --> <\/p>\n<div style='flex: 1 1 250px; border: 1px solid rgba(150&comma; 150&comma; 150&comma; 0.4); border-radius: 8px; overflow: hidden; display: flex; flex-direction: column;'>\n<div style='padding: 15px; border-bottom: 1px solid rgba(150&comma; 150&comma; 150&comma; 0.2); font-weight: bold; font-size: 18px; color: inherit;'>Receptor<\/div>\n<div style='padding: 15px; color: inherit;'>\n<ul style='padding-left: 20px; margin: 0; font-size: 14px; list-style-type: disc;'>\n<li><strong>Umbral de sobrecarga \u00f3ptica:<\/strong> -6 dBm<\/li>\n<li><strong>Rango de longitud de onda:<\/strong> 1260-1360 nm<\/li>\n<li><strong>Reflectancia:<\/strong> \u2265-12 dB<\/li>\n<li><strong>Nivel de sensibilidad:<\/strong> \u2264-33 dBm<\/li>\n<li><strong>Umbral de p\u00e9rdida de se\u00f1al (LOS):<\/strong> -45 dBm<\/li>\n<li><strong>Histeresis LOS:<\/strong> 0.5-6 dB<\/li>\n<\/ul><\/div>\n<\/p><\/div>\n<p> <!-- Secci\u00f3n de compatibilidad --> <\/p>\n<div style='flex: 1 1 250px; border: 1px solid rgba(150&comma; 150&comma; 150&comma; 0.4); border-radius: 8px; overflow: hidden; display: flex; flex-direction: column;'>\n<div style='padding: 15px; border-bottom: 1px solid rgba(150&comma; 150&comma; 150&comma; 0.2); font-weight: bold; font-size: 18px; color: inherit;'>Compatibilidad<\/div>\n<div style='padding: 15px; color: inherit;'>\n<ul style='padding-left: 20px; margin: 0; font-size: 14px; list-style-type: disc;'>\n<li><strong>Est\u00e1ndar:<\/strong> IEEE 802.3ah<\/li>\n<li><strong>Compatibilidad el\u00e9ctrica:<\/strong> SFF-8472<\/li>\n<li><strong>Seguridad l\u00e1ser:<\/strong> FDA 21CFR 1040.10 y EN 60825-1<\/li>\n<li><strong>Compatibilidad electromagn\u00e9tica:<\/strong> EN 55024&comma; IEC 61000-4-3<\/li>\n<li><strong>Seguridad el\u00e9ctrica:<\/strong> MIL-STD-883H&comma; IEC61000-4-2<\/li>\n<\/ul><\/div>\n<\/p><\/div>\n<\/p><\/div>\n<p> <!-- Secci\u00f3n de descripci\u00f3n t\u00e9cnica --> <\/p>\n<div style='margin-bottom: 30px;'>\n<h3 style='font-size: 22px; border-bottom: 2px solid currentColor; padding-bottom: 5px; margin-top: 0; color: inherit; opacity: 0.8;'>Descripci\u00f3n T\u00e9cnica<\/h3>\n<p style='font-size: 15px; color: inherit;'>El m\u00f3dulo transceptor EPON OLT est\u00e1 dise\u00f1ado espec\u00edficamente para redes \u00f3pticas pasivas Gigabit Ethernet (EPON) con una distancia de transmisi\u00f3n de hasta 20 km. El m\u00f3dulo incorpora un transmisor continuo de 1490 nm y un receptor de modo r\u00e1faga (burst-mode) de 1310 nm.<\/p>\n<p style='font-size: 15px; color: inherit;'>La secci\u00f3n de transmisi\u00f3n utiliza un l\u00e1ser DFB de 1490 nm y un controlador de l\u00e1ser integrado dise\u00f1ado para ser seguro para los ojos bajo cualquier condici\u00f3n de falla. El controlador del l\u00e1ser incluye funciones de control autom\u00e1tico de potencia (APC) y compensaci\u00f3n de temperatura&comma; dise\u00f1adas para mantener constante la potencia \u00f3ptica de salida y la relaci\u00f3n de extinci\u00f3n a trav\u00e9s de la temperatura y el envejecimiento.<\/p>\n<p style='font-size: 15px; color: inherit;'>La secci\u00f3n de recepci\u00f3n utiliza un APD integrado y un preamplificador montados juntos. El m\u00f3dulo tiene la funci\u00f3n de indicaci\u00f3n de detecci\u00f3n de potencia \u00f3ptica de recepci\u00f3n en modo r\u00e1faga. El receptor incluye una funci\u00f3n de monitoreo \u00f3ptico digitalizado&comma; que convierte directamente cualquier potencia \u00f3ptica recibida de una ONU en digital&comma; con una entrada de disparo (trigger) desde el sistema. Cuando se detecta el flanco ascendente del disparo&comma; el procesador DDM inicia una conversi\u00f3n de potencia \u00f3ptica de r\u00e1faga&comma; y el resultado digital est\u00e1 disponible a trav\u00e9s de la interfaz DDM despu\u00e9s del tiempo de conversi\u00f3n.<\/p>\n<\/p><\/div>\n<p> <!-- Imagen del producto --> <\/p>\n<div style='margin-bottom: 30px;'> <img style='width: 100%; height: auto; border: 1px solid rgba(150&comma;150&comma;150&comma;0.3); border-radius: 8px;' src='https:\/\/ftp3.syscom.mx\/usuarios\/fotos\/EPONSFPPX20\/191524-%E5%9B%BE%E7%89%871.png' alt='M\u00f3dulo SFP EPON PX20++++'> <\/div>\n<p> <!-- Secci\u00f3n de informaci\u00f3n de pedido --> <\/p>\n<div style='display: flex; flex-wrap: wrap; gap: 20px; margin-bottom: 30px;'>\n<div style='flex: 1 1 400px;'>\n<h3 style='font-size: 22px; border-bottom: 2px solid currentColor; padding-bottom: 5px; margin-top: 0; color: inherit; opacity: 0.8;'>Informaci\u00f3n de Pedido<\/h3>\n<p style='font-size: 15px; color: inherit;'><strong>Modelo est\u00e1ndar (0\u00b0C a +70\u00b0C):<\/strong> GELS-4111-30ACSC<\/p>\n<p style='font-size: 15px; color: inherit;'><strong>Velocidad de datos:<\/strong> 1.25Gbps\/1.25Gbps<\/p>\n<p style='font-size: 15px; color: inherit;'><strong>\u00cdndice de potencia \u00f3ptica:<\/strong> PX20++++<\/p>\n<p style='font-size: 15px; color: inherit;'><strong>Nivel de potencia \u00f3ptica:<\/strong> +9 a +13 dBm<\/p>\n<p style='font-size: 15px; color: inherit;'><strong>Sensibilidad \u00f3ptica:<\/strong> \u2264-33 dBm<\/p>\n<p style='font-size: 15px; color: inherit;'><strong>Interfaz:<\/strong> SC<\/p>\n<\/p><\/div>\n<\/p><\/div>\n<p> <!-- Separador --> <\/p>\n<hr style='border: 0; border-top: 1px solid rgba(150&comma; 150&comma; 150&comma; 0.3); margin: 30px 0;'> <\/div>\n","protected":false},"excerpt":{"rendered":"<p>M\u00f3dulo SFP EPON PX20++++, SC \/ UPC, hasta 20Km \/ 9 dBm T\u00edpicos de Potencia<\/p>\n","protected":false},"featured_media":81180,"comment_status":"open","ping_status":"closed","template":"","meta":[],"product_brand":[],"product_cat":[2018],"product_tag":[2019,2011,2013],"class_list":{"0":"post-81181","1":"product","2":"type-product","3":"status-publish","4":"has-post-thumbnail","6":"product_cat-olts","7":"product_tag-olts","8":"product_tag-redes-ftth-pon","9":"product_tag-v-sol","11":"first","12":"instock","13":"sale","14":"shipping-taxable","15":"purchasable","16":"product-type-simple"},"_links":{"self":[{"href":"https:\/\/soydeaqui.ddns.net\/pachuca\/index.php\/wp-json\/wp\/v2\/product\/81181","targetHints":{"allow":["GET"]}}],"collection":[{"href":"https:\/\/soydeaqui.ddns.net\/pachuca\/index.php\/wp-json\/wp\/v2\/product"}],"about":[{"href":"https:\/\/soydeaqui.ddns.net\/pachuca\/index.php\/wp-json\/wp\/v2\/types\/product"}],"replies":[{"embeddable":true,"href":"https:\/\/soydeaqui.ddns.net\/pachuca\/index.php\/wp-json\/wp\/v2\/comments?post=81181"}],"wp:featuredmedia":[{"embeddable":true,"href":"https:\/\/soydeaqui.ddns.net\/pachuca\/index.php\/wp-json\/wp\/v2\/media\/81180"}],"wp:attachment":[{"href":"https:\/\/soydeaqui.ddns.net\/pachuca\/index.php\/wp-json\/wp\/v2\/media?parent=81181"}],"wp:term":[{"taxonomy":"product_brand","embeddable":true,"href":"https:\/\/soydeaqui.ddns.net\/pachuca\/index.php\/wp-json\/wp\/v2\/product_brand?post=81181"},{"taxonomy":"product_cat","embeddable":true,"href":"https:\/\/soydeaqui.ddns.net\/pachuca\/index.php\/wp-json\/wp\/v2\/product_cat?post=81181"},{"taxonomy":"product_tag","embeddable":true,"href":"https:\/\/soydeaqui.ddns.net\/pachuca\/index.php\/wp-json\/wp\/v2\/product_tag?post=81181"}],"curies":[{"name":"wp","href":"https:\/\/api.w.org\/{rel}","templated":true}]}}