{"id":81122,"date":"2026-03-19T18:31:48","date_gmt":"2026-03-19T18:31:48","guid":{"rendered":"https:\/\/soydeaqui.ddns.net\/pachuca\/index.php\/producto\/kit-de-sistema-inalambrico-h30g-mesh-doble-banda-2-4ghz-y-5ghz-ac-1300mbps-doble-puerto-10-100-1000-mbps-control-via-app-roaming-continuo\/"},"modified":"2026-03-19T18:31:53","modified_gmt":"2026-03-19T18:31:53","slug":"kit-de-sistema-inalambrico-h30g-mesh-doble-banda-2-4ghz-y-5ghz-ac-1300mbps-doble-puerto-10-100-1000-mbps-control-via-app-roaming-continuo","status":"publish","type":"product","link":"https:\/\/soydeaqui.ddns.net\/pachuca\/index.php\/producto\/kit-de-sistema-inalambrico-h30g-mesh-doble-banda-2-4ghz-y-5ghz-ac-1300mbps-doble-puerto-10-100-1000-mbps-control-via-app-roaming-continuo\/","title":{"rendered":"KIT de Sistema Inal\u00e1mbrico H30G Mesh \/ Doble banda 2.4GHz y 5GHz AC 1300Mbps \/ Doble puerto 10\/100\/1000 Mbps \/ Control v\u00eda App \/ Roaming Continuo"},"content":{"rendered":"<div style='width: 100%; max-width: 1200px; margin: 0 auto; font-family: sans-serif; line-height: 1.6; color: inherit; background-color: transparent;'>\n<div style='display: flex; flex-wrap: wrap; gap: 30px; margin-bottom: 30px;'>\n<div style='flex: 1 1 300px; min-width: 280px;'>\n<h3 style='font-size: 22px; border-bottom: 2px solid currentColor; padding-bottom: 5px; margin-top: 0; color: inherit; opacity: 0.8;'>Caracter\u00edsticas<\/h3>\n<ul style='padding-left: 20px; font-size: 15px; color: inherit;'>\n<li style='margin-bottom: 5px;'>Doble banda 2.4GHz y 5GHz<\/li>\n<li style='margin-bottom: 5px;'>Velocidad combinada de hasta 1300Mbps<\/li>\n<li style='margin-bottom: 5px;'>Doble puerto 10\/100\/1000 Mbps<\/li>\n<li style='margin-bottom: 5px;'>Control v\u00eda aplicaci\u00f3n m\u00f3vil<\/li>\n<li style='margin-bottom: 5px;'>Roaming continuo sin interrupciones<\/li>\n<\/ul><\/div>\n<\/p><\/div>\n<div style='display: flex; flex-wrap: wrap; gap: 20px; margin-bottom: 30px;'>\n<div style='flex: 1 1 250px; border: 1px solid rgba(150&comma; 150&comma; 150&comma; 0.4); border-radius: 8px; overflow: hidden; display: flex; flex-direction: column;'>\n<div style='padding: 15px; border-bottom: 1px solid rgba(150&comma; 150&comma; 150&comma; 0.2); font-weight: bold; font-size: 18px; color: inherit;'>Especificaciones T\u00e9cnicas<\/div>\n<div style='padding: 15px; color: inherit;'>\n<ul style='padding-left: 20px; margin: 0; font-size: 14px; list-style-type: disc;'>\n<li style='margin-bottom: 5px;'><strong>Dimensiones:<\/strong> 88 x 88 x 88 mm<\/li>\n<li style='margin-bottom: 5px;'><strong>Puertos:<\/strong> 2 puertos RJ45 10\/100\/1000 Mbps (WAN\/LAN) con detecci\u00f3n autom\u00e1tica<\/li>\n<li style='margin-bottom: 5px;'><strong>Tipo de conexi\u00f3n WAN:<\/strong> IP est\u00e1tico \/ IP din\u00e1mico \/ PPPoE \/ L2TP \/ PPTP<\/li>\n<li style='margin-bottom: 5px;'><strong>Alimentaci\u00f3n:<\/strong> No especificado<\/li>\n<li style='margin-bottom: 5px;'><strong>Seguridad Inal\u00e1mbrica:<\/strong> WPA-PSK \/ WPA2-PSK<\/li>\n<li style='margin-bottom: 5px;'><strong>Inal\u00e1mbrico:<\/strong> IEEE 802.11 ac\/n\/b\/g 2.4 GHz \/ 5 GHz<\/li>\n<li style='margin-bottom: 5px;'><strong>Velocidad Inal\u00e1mbrica:<\/strong> 2.4 GHz: 400 Mbps \/ 5 GHz: 867 Mbps<\/li>\n<li style='margin-bottom: 5px;'><strong>Modo de Trabajo:<\/strong> Router \/ Access Point<\/li>\n<li style='margin-bottom: 5px;'><strong>Potencia de Transmisi\u00f3n:<\/strong> 2.4 GHz < 20dBm (EIRP)&comma; 5 GHz < 23dBm (EIRP)<\/li>\n<li style='margin-bottom: 5px;'><strong>Bot\u00f3n:<\/strong> Reset<\/li>\n<li style='margin-bottom: 5px;'><strong>Gesti\u00f3n:<\/strong> Aplicaci\u00f3n Mercusys<\/li>\n<li style='margin-bottom: 5px;'><strong>Temperatura de operaci\u00f3n:<\/strong> 0 ~ 40\u00b0 C<\/li>\n<li style='margin-bottom: 5px;'><strong>Red de invitados:<\/strong> S\u00ed&comma; en ambas bandas<\/li>\n<\/ul><\/div>\n<\/p><\/div>\n<div style='flex: 1 1 250px; border: 1px solid rgba(150&comma; 150&comma; 150&comma; 0.4); border-radius: 8px; overflow: hidden; display: flex; flex-direction: column;'>\n<div style='padding: 15px; border-bottom: 1px solid rgba(150&comma; 150&comma; 150&comma; 0.2); font-weight: bold; font-size: 18px; color: inherit;'>Caracter\u00edsticas Avanzadas<\/div>\n<div style='padding: 15px; color: inherit;'>\n<ul style='padding-left: 20px; margin: 0; font-size: 14px; list-style-type: disc;'>\n<li style='margin-bottom: 5px;'>IPv4 \/ IPv6<\/li>\n<li style='margin-bottom: 5px;'>SPI Firewall<\/li>\n<li style='margin-bottom: 5px;'>Calidad de servicio (QoS)<\/li>\n<li style='margin-bottom: 5px;'>DHCP Servidor \/ Cliente<\/li>\n<li style='margin-bottom: 5px;'>Instalaci\u00f3n sencilla mediante aplicaci\u00f3n m\u00f3vil<\/li>\n<\/ul><\/div>\n<\/p><\/div>\n<div style='flex: 1 1 250px; border: 1px solid rgba(150&comma; 150&comma; 150&comma; 0.4); border-radius: 8px; overflow: hidden; display: flex; flex-direction: column;'>\n<div style='padding: 15px; border-bottom: 1px solid rgba(150&comma; 150&comma; 150&comma; 0.2); font-weight: bold; font-size: 18px; color: inherit;'>Contenido del Paquete<\/div>\n<div style='padding: 15px; color: inherit;'>\n<ul style='padding-left: 20px; margin: 0; font-size: 14px; list-style-type: disc;'>\n<li style='margin-bottom: 5px;'>3 x H30G<\/li>\n<li style='margin-bottom: 5px;'>3 x Adaptador de corriente<\/li>\n<li style='margin-bottom: 5px;'>1 x Cable RJ45<\/li>\n<li style='margin-bottom: 5px;'>1 x Gu\u00eda de instalaci\u00f3n<\/li>\n<\/ul><\/div>\n<\/p><\/div>\n<\/p><\/div>\n<div style='display: flex; flex-wrap: wrap; gap: 20px; margin-bottom: 30px;'>\n<div style='flex: 1 1 100%;'> <img style='width: 100%; height: auto; border: 1px solid rgba(150&comma;150&comma;150&comma;0.3); border-radius: 8px;' src='https:\/\/ftp3.syscom.mx\/usuarios\/fotos\/H30G2PACK\/217830-captura_de_pantalla_2024-01-11_a_la(s)_11.44.45%E2%80%AFa.m..png' alt='Captura de pantalla 1'> <\/div>\n<\/p><\/div>\n<div style='display: flex; flex-wrap: wrap; gap: 20px; margin-bottom: 30px;'>\n<div style='flex: 1 1 100%;'> <img style='width: 100%; height: auto; border: 1px solid rgba(150&comma;150&comma;150&comma;0.3); border-radius: 8px;' src='https:\/\/ftp3.syscom.mx\/usuarios\/fotos\/H30G2PACK\/217830-captura_de_pantalla_2024-01-11_a_la(s)_11.45.08%E2%80%AFa.m..png' alt='Captura de pantalla 2'> <\/div>\n<\/p><\/div>\n<div style='display: flex; flex-wrap: wrap; gap: 20px; margin-bottom: 30px;'>\n<div style='flex: 1 1 100%;'> <img style='width: 100%; height: auto; border: 1px solid rgba(150&comma;150&comma;150&comma;0.3); border-radius: 8px;' src='https:\/\/ftp3.syscom.mx\/usuarios\/fotos\/H30G2PACK\/217830-captura_de_pantalla_2024-01-11_a_la(s)_11.45.35%E2%80%AFa.m..png' alt='Captura de pantalla 3'> <\/div>\n<\/p><\/div>\n<div style='display: flex; flex-wrap: wrap; gap: 20px; margin-bottom: 30px;'>\n<div style='flex: 1 1 100%;'> <img style='width: 100%; height: auto; border: 1px solid rgba(150&comma;150&comma;150&comma;0.3); border-radius: 8px;' src='https:\/\/ftp3.syscom.mx\/usuarios\/fotos\/H30G2PACK\/217830-captura_de_pantalla_2024-01-11_a_la(s)_11.45.41%E2%80%AFa.m..png' alt='Captura de pantalla 4'> <\/div>\n<\/p><\/div>\n<\/p><\/div>\n","protected":false},"excerpt":{"rendered":"<p>KIT de Sistema Inal\u00e1mbrico H30G Mesh \/ Doble banda 2.4GHz y 5GHz AC 1300Mbps \/ Doble puerto 10\/100\/1000 Mbps \/ Control v\u00eda App \/ Roaming Continuo<\/p>\n","protected":false},"featured_media":81121,"comment_status":"open","ping_status":"closed","template":"","meta":[],"product_brand":[],"product_cat":[1794],"product_tag":[2045,1795,1479],"class_list":{"0":"post-81122","1":"product","2":"type-product","3":"status-publish","4":"has-post-thumbnail","6":"product_cat-puntos-de-acceso","7":"product_tag-mercusys","8":"product_tag-puntos-de-acceso","9":"product_tag-redes-wifi","11":"first","12":"instock","13":"sale","14":"shipping-taxable","15":"purchasable","16":"product-type-simple"},"_links":{"self":[{"href":"https:\/\/soydeaqui.ddns.net\/pachuca\/index.php\/wp-json\/wp\/v2\/product\/81122","targetHints":{"allow":["GET"]}}],"collection":[{"href":"https:\/\/soydeaqui.ddns.net\/pachuca\/index.php\/wp-json\/wp\/v2\/product"}],"about":[{"href":"https:\/\/soydeaqui.ddns.net\/pachuca\/index.php\/wp-json\/wp\/v2\/types\/product"}],"replies":[{"embeddable":true,"href":"https:\/\/soydeaqui.ddns.net\/pachuca\/index.php\/wp-json\/wp\/v2\/comments?post=81122"}],"wp:featuredmedia":[{"embeddable":true,"href":"https:\/\/soydeaqui.ddns.net\/pachuca\/index.php\/wp-json\/wp\/v2\/media\/81121"}],"wp:attachment":[{"href":"https:\/\/soydeaqui.ddns.net\/pachuca\/index.php\/wp-json\/wp\/v2\/media?parent=81122"}],"wp:term":[{"taxonomy":"product_brand","embeddable":true,"href":"https:\/\/soydeaqui.ddns.net\/pachuca\/index.php\/wp-json\/wp\/v2\/product_brand?post=81122"},{"taxonomy":"product_cat","embeddable":true,"href":"https:\/\/soydeaqui.ddns.net\/pachuca\/index.php\/wp-json\/wp\/v2\/product_cat?post=81122"},{"taxonomy":"product_tag","embeddable":true,"href":"https:\/\/soydeaqui.ddns.net\/pachuca\/index.php\/wp-json\/wp\/v2\/product_tag?post=81122"}],"curies":[{"name":"wp","href":"https:\/\/api.w.org\/{rel}","templated":true}]}}