{"id":81114,"date":"2026-03-19T18:31:30","date_gmt":"2026-03-19T18:31:30","guid":{"rendered":"https:\/\/soydeaqui.ddns.net\/pachuca\/index.php\/producto\/adaptador-usb-inalambrico-doble-banda-ac-1200-mbps\/"},"modified":"2026-03-19T18:31:35","modified_gmt":"2026-03-19T18:31:35","slug":"adaptador-usb-inalambrico-doble-banda-ac-1200-mbps","status":"publish","type":"product","link":"https:\/\/soydeaqui.ddns.net\/pachuca\/index.php\/producto\/adaptador-usb-inalambrico-doble-banda-ac-1200-mbps\/","title":{"rendered":"Adaptador  USB inal\u00e1mbrico doble banda AC 1200 Mbps"},"content":{"rendered":"<div style='width: 100%; max-width: 1200px; margin: 0 auto; font-family: sans-serif; line-height: 1.6; color: inherit; background-color: transparent;'>\n<div style='display: flex; flex-wrap: wrap; gap: 30px; margin-bottom: 30px;'>\n<div style='flex: 1 1 300px; min-width: 280px;'>\n<h3 style='font-size: 22px; border-bottom: 2px solid currentColor; padding-bottom: 5px; margin-top: 0; color: inherit; opacity: 0.8;'>Caracter\u00edsticas<\/h3>\n<ul style='padding-left: 20px; font-size: 15px; color: inherit;'>\n<li style='margin-bottom: 5px;'>Velocidad inal\u00e1mbrica de 1200 (867+300)Mbps ultra-r\u00e1pida con 802.11ac<\/li>\n<li style='margin-bottom: 5px;'>Conexiones de Banda Dual de para el streaming de video en HD y juegos en l\u00ednea sin retrasos<\/li>\n<li style='margin-bottom: 5px;'>Puerto USB 3.0 de s\u00faper-velocidad \u2013 Hasta 10x m\u00e1s r\u00e1pido que el USB 2.0<\/li>\n<li style='margin-bottom: 5px;'>F\u00e1cil encriptaci\u00f3n de seguridad inal\u00e1mbrica con s\u00f3lo presionar el bot\u00f3n WPS<\/li>\n<li style='margin-bottom: 5px;'>Equipado con un Cable de Extensi\u00f3n USB para un uso flexible<\/li>\n<\/ul><\/div>\n<\/p><\/div>\n<div style='display: flex; flex-wrap: wrap; gap: 20px; margin-bottom: 30px;'>\n<div style='flex: 1 1 250px; border: 1px solid rgba(150&comma; 150&comma; 150&comma; 0.4); border-radius: 8px; overflow: hidden; display: flex; flex-direction: column;'>\n<div style='padding: 15px; border-bottom: 1px solid rgba(150&comma; 150&comma; 150&comma; 0.2); font-weight: bold; font-size: 18px; color: inherit;'>Caracter\u00edsticas de Hardware<\/div>\n<div style='padding: 15px; color: inherit;'>\n<ul style='padding-left: 20px; margin: 0; font-size: 14px; list-style-type: disc;'>\n<li style='margin-bottom: 5px;'>Interfaz USB 3.0<\/li>\n<li style='margin-bottom: 5px;'>Bot\u00f3n Bot\u00f3n WPS<\/li>\n<li style='margin-bottom: 5px;'>Dimensiones (W X D X H) 3.6\u00d71.2\u00d70.6 pulgadas. (92.2\u00d729\u00d714.6mm)<\/li>\n<li style='margin-bottom: 5px;'>Tipo de Antena Omnidireccional<\/li>\n<\/ul><\/div>\n<\/p><\/div>\n<div style='flex: 1 1 250px; border: 1px solid rgba(150&comma; 150&comma; 150&comma; 0.4); border-radius: 8px; overflow: hidden; display: flex; flex-direction: column;'>\n<div style='padding: 15px; border-bottom: 1px solid rgba(150&comma; 150&comma; 150&comma; 0.2); font-weight: bold; font-size: 18px; color: inherit;'>Caracter\u00edsticas inal\u00e1mbricas<\/div>\n<div style='padding: 15px; color: inherit;'>\n<ul style='padding-left: 20px; margin: 0; font-size: 14px; list-style-type: disc;'>\n<li style='margin-bottom: 5px;'>Estandares inal\u00e1mbricos IEEE 802.11ac&comma; IEEE 802.11a&comma; IEEE 802.11n&comma; IEEE 802.11g&comma; IEEE 802.11b<\/li>\n<li style='margin-bottom: 5px;'>Frecuencia 5GHz 2.4GHz<\/li>\n<li style='margin-bottom: 5px;'>Poder de transmision <20dBm (EIRP)<\/li>\n<li style='margin-bottom: 5px;'>Modo inal\u00e1mbrico Ad-Hoc \/ Infrastructure mode<\/li>\n<li style='margin-bottom: 5px;'>Seguridad inal\u00e1mbrica soportada 64\/128 bit WEP&comma; WPA-PSK\/WPA2-PSK&comma; 802.1x<\/li>\n<li style='margin-bottom: 5px;'>Tecnologia de modulacion DBPSK&comma; DQPSK&comma; CCK&comma; OFDM&comma; 16-QAM&comma; 64-QAM<\/li>\n<\/ul><\/div>\n<\/p><\/div>\n<\/p><\/div>\n<hr style='border: 0; border-top: 1px solid rgba(150&comma; 150&comma; 150&comma; 0.3); margin: 30px 0;'> <\/div>\n","protected":false},"excerpt":{"rendered":"<p>Adaptador  USB inal\u00e1mbrico doble banda AC 1200 Mbps<\/p>\n","protected":false},"featured_media":81113,"comment_status":"open","ping_status":"closed","template":"","meta":[],"product_brand":[],"product_cat":[2030],"product_tag":[2031,1479,71],"class_list":{"0":"post-81114","1":"product","2":"type-product","3":"status-publish","4":"has-post-thumbnail","6":"product_cat-adaptadores-inalambricos","7":"product_tag-adaptadores-inalambricos","8":"product_tag-redes-wifi","9":"product_tag-tp-link","11":"first","12":"instock","13":"sale","14":"shipping-taxable","15":"purchasable","16":"product-type-simple"},"_links":{"self":[{"href":"https:\/\/soydeaqui.ddns.net\/pachuca\/index.php\/wp-json\/wp\/v2\/product\/81114","targetHints":{"allow":["GET"]}}],"collection":[{"href":"https:\/\/soydeaqui.ddns.net\/pachuca\/index.php\/wp-json\/wp\/v2\/product"}],"about":[{"href":"https:\/\/soydeaqui.ddns.net\/pachuca\/index.php\/wp-json\/wp\/v2\/types\/product"}],"replies":[{"embeddable":true,"href":"https:\/\/soydeaqui.ddns.net\/pachuca\/index.php\/wp-json\/wp\/v2\/comments?post=81114"}],"wp:featuredmedia":[{"embeddable":true,"href":"https:\/\/soydeaqui.ddns.net\/pachuca\/index.php\/wp-json\/wp\/v2\/media\/81113"}],"wp:attachment":[{"href":"https:\/\/soydeaqui.ddns.net\/pachuca\/index.php\/wp-json\/wp\/v2\/media?parent=81114"}],"wp:term":[{"taxonomy":"product_brand","embeddable":true,"href":"https:\/\/soydeaqui.ddns.net\/pachuca\/index.php\/wp-json\/wp\/v2\/product_brand?post=81114"},{"taxonomy":"product_cat","embeddable":true,"href":"https:\/\/soydeaqui.ddns.net\/pachuca\/index.php\/wp-json\/wp\/v2\/product_cat?post=81114"},{"taxonomy":"product_tag","embeddable":true,"href":"https:\/\/soydeaqui.ddns.net\/pachuca\/index.php\/wp-json\/wp\/v2\/product_tag?post=81114"}],"curies":[{"name":"wp","href":"https:\/\/api.w.org\/{rel}","templated":true}]}}