{"id":81109,"date":"2026-03-19T18:31:17","date_gmt":"2026-03-19T18:31:17","guid":{"rendered":"https:\/\/soydeaqui.ddns.net\/pachuca\/index.php\/producto\/punto-de-acceso-inalambrico-wi-fi-6-para-interiores-gwn7662-mu-mimo-4x44-con-administracion-desde-la-nube-gratuita-o-stand-alone\/"},"modified":"2026-03-19T18:31:25","modified_gmt":"2026-03-19T18:31:25","slug":"punto-de-acceso-inalambrico-wi-fi-6-para-interiores-gwn7662-mu-mimo-4x44-con-administracion-desde-la-nube-gratuita-o-stand-alone","status":"publish","type":"product","link":"https:\/\/soydeaqui.ddns.net\/pachuca\/index.php\/producto\/punto-de-acceso-inalambrico-wi-fi-6-para-interiores-gwn7662-mu-mimo-4x44-con-administracion-desde-la-nube-gratuita-o-stand-alone\/","title":{"rendered":"Punto de acceso inal\u00e1mbrico Wi-Fi 6 para interiores GWN7662, MU-MIMO 4&#215;4:4 con administraci\u00f3n desde la nube gratuita o stand-alone."},"content":{"rendered":"<div style='width: 100%; max-width: 1200px; margin: 0 auto; font-family: sans-serif; line-height: 1.6; color: inherit; background-color: transparent;'>\n<div style='display: flex; flex-wrap: wrap; gap: 30px; margin-bottom: 30px;'>\n<div style='flex: 1 1 300px; min-width: 280px;'>\n<h3 style='font-size: 22px; border-bottom: 2px solid currentColor; padding-bottom: 5px; margin-top: 0; color: inherit; opacity: 0.8;'>Acerca del GWN7662<\/h3>\n<p style='font-size: 15px; color: inherit;'>El GWN7662 es un punto de acceso Wi-Fi 6 802.11ax ideal para peque\u00f1as y medianas empresas&comma; oficinas en el hogar&comma; tiendas minoristas&comma; restaurantes&comma; hospitales&comma; educaci\u00f3n y m\u00e1s. Ofrece tecnolog\u00eda MU-MIMO 4&#215;4:4 en la banda 5G y MU-MIMO 2&#215;2:2 en la banda 2.4G&comma; as\u00ed como un dise\u00f1o de antena sofisticado para un rendimiento de red m\u00e1ximo y un rango de cobertura Wi-Fi ampliado. La tecnolog\u00eda Wi-Fi 6 es compatible con la generaci\u00f3n moderna de entornos densos donde muchos usuarios y muchos dispositivos requieren conexiones Wi-Fi consistentes y confiables a velocidades m\u00e1s altas. Para garantizar una f\u00e1cil instalaci\u00f3n y administraci\u00f3n&comma; el GWN7662 utiliza un dise\u00f1o de administraci\u00f3n de red distribuida sin controlador en el que el controlador est\u00e1 integrado en la interfaz de usuario web del producto. El GWN7662 tambi\u00e9n es compatible con GWN.Cloud y GWN Manager&comma; la plataforma de administraci\u00f3n de Wi-Fi local y en la nube gratuita de Grandstream. Es el punto de acceso Wi-Fi ideal para implementaciones de voz sobre Wi-Fi y ofrece una conexi\u00f3n perfecta con los tel\u00e9fonos IP con capacidad Wi-Fi de Grandstream. Con soporte para QoS avanzado&comma; aplicaciones en tiempo real de baja latencia&comma; redes mesh&comma; portales cautivos&comma; 256 clientes simult\u00e1neos por AP y puertos de red Gigabit duales con PoE\/PoE+&comma; el GWN7662 es el punto de acceso Wi-Fi ideal para implementaciones de redes inal\u00e1mbricas medianas con densidad de usuarios media.<\/p>\n<\/p><\/div>\n<\/p><\/div>\n<hr style='border: 0; border-top: 1px solid rgba(150&comma; 150&comma; 150&comma; 0.3); margin: 30px 0;'>\n<div style='display: flex; flex-wrap: wrap; gap: 30px; margin-bottom: 30px;'>\n<div style='flex: 1 1 300px; min-width: 280px;'>\n<h3 style='font-size: 22px; border-bottom: 2px solid currentColor; padding-bottom: 5px; margin-top: 0; color: inherit; opacity: 0.8;'>Caracter\u00edsticas Competitivas<\/h3>\n<ul style='padding-left: 20px; font-size: 15px; color: inherit;'>\n<li style='margin-bottom: 5px;'>Rendimiento inal\u00e1mbrico agregado de 5.38 Gbps y 2 puertos Gigabit Ethernet<\/li>\n<li style='margin-bottom: 5px;'>5GHz 4\u00d74:4 MU-MIMO con tecnolog\u00eda DL\/UL OFDMA<\/li>\n<li style='margin-bottom: 5px;'>Alcance de cobertura de hasta 175 metros<\/li>\n<li style='margin-bottom: 5px;'>Admite hasta 256 dispositivos cliente Wi-Fi simult\u00e1neos<\/li>\n<li style='margin-bottom: 5px;'>QoS avanzada para garantizar el rendimiento en tiempo real de las aplicaciones de baja latencia<\/li>\n<li style='margin-bottom: 5px;'>Arranque seguro anti-pirater\u00eda y bloqueo de control \/ datos cr\u00edticos a trav\u00e9s de firmas digitales&comma; certificado de seguridad \u00fanico \/ contrase\u00f1a predeterminada aleatoria por dispositivo<\/li>\n<li style='margin-bottom: 5px;'>Adaptaci\u00f3n de autoalimentaci\u00f3n tras la detecci\u00f3n autom\u00e1tica de PoE o PoE +<\/li>\n<li style='margin-bottom: 5px;'>El controlador integrado puede administrar hasta 50 AP locales de la serie GWN; GWN.Cloud ofrece administraci\u00f3n de AP ilimitada; GWN Manager ofrece un controlador de software basado en las instalaciones<\/li>\n<li style='margin-bottom: 5px;'>No incluye PoE (PoE Recomendado Modelo: G0720-480-050)<\/li>\n<\/ul><\/div>\n<\/p><\/div>\n<hr style='border: 0; border-top: 1px solid rgba(150&comma; 150&comma; 150&comma; 0.3); margin: 30px 0;'>\n<div style='display: flex; flex-wrap: wrap; gap: 30px; margin-bottom: 30px;'>\n<div style='flex: 1 1 300px; min-width: 280px;'>\n<div style='padding: 15px; border: 1px solid rgba(150&comma; 150&comma; 150&comma; 0.4); border-radius: 8px; overflow: hidden; display: flex; flex-direction: column;'>\n<div style='padding: 15px; border-bottom: 1px solid rgba(150&comma; 150&comma; 150&comma; 0.2); font-weight: bold; font-size: 18px; color: inherit;'>PoE recomendado<\/div>\n<div style='padding: 15px; color: inherit;'>\n<p style='margin: 0; font-size: 14px;'> <a style='color: inherit; text-decoration: none; font-weight: 600;' href='https:\/\/www.syscom.mx\/principal\/searchcont?route=G0720-480-050-GRANDSTREAM-207158&#038;autodetect=poe_gwn'>G0720-480-050<\/a> <\/p>\n<\/p><\/div>\n<\/p><\/div>\n<\/p><\/div>\n<\/p><\/div>\n<div style='display: flex; flex-wrap: wrap; gap: 30px; margin-bottom: 30px;'>\n<div style='flex: 1 1 300px; min-width: 280px;'> <img style='width: 100%; height: auto; border: 1px solid rgba(150&comma;150&comma;150&comma;0.3); border-radius: 8px;' src='https:\/\/ftp3.syscom.mx\/usuarios\/fotos\/GWN7630LR\/183557-captura_de_pantalla_2021-08-05_a_la(s)_15.57.14.png' alt=''> <\/div>\n<\/p><\/div>\n<\/p><\/div>\n","protected":false},"excerpt":{"rendered":"<p>Punto de acceso inal\u00e1mbrico Wi-Fi 6 para interiores GWN7662, MU-MIMO 4&#215;4:4 con administraci\u00f3n desde la nube gratuita o stand-alone.<\/p>\n","protected":false},"featured_media":81108,"comment_status":"open","ping_status":"closed","template":"","meta":[],"product_brand":[],"product_cat":[1794],"product_tag":[909,1795,1479],"class_list":{"0":"post-81109","1":"product","2":"type-product","3":"status-publish","4":"has-post-thumbnail","6":"product_cat-puntos-de-acceso","7":"product_tag-grandstream","8":"product_tag-puntos-de-acceso","9":"product_tag-redes-wifi","11":"first","12":"instock","13":"sale","14":"shipping-taxable","15":"purchasable","16":"product-type-simple"},"_links":{"self":[{"href":"https:\/\/soydeaqui.ddns.net\/pachuca\/index.php\/wp-json\/wp\/v2\/product\/81109","targetHints":{"allow":["GET"]}}],"collection":[{"href":"https:\/\/soydeaqui.ddns.net\/pachuca\/index.php\/wp-json\/wp\/v2\/product"}],"about":[{"href":"https:\/\/soydeaqui.ddns.net\/pachuca\/index.php\/wp-json\/wp\/v2\/types\/product"}],"replies":[{"embeddable":true,"href":"https:\/\/soydeaqui.ddns.net\/pachuca\/index.php\/wp-json\/wp\/v2\/comments?post=81109"}],"wp:featuredmedia":[{"embeddable":true,"href":"https:\/\/soydeaqui.ddns.net\/pachuca\/index.php\/wp-json\/wp\/v2\/media\/81108"}],"wp:attachment":[{"href":"https:\/\/soydeaqui.ddns.net\/pachuca\/index.php\/wp-json\/wp\/v2\/media?parent=81109"}],"wp:term":[{"taxonomy":"product_brand","embeddable":true,"href":"https:\/\/soydeaqui.ddns.net\/pachuca\/index.php\/wp-json\/wp\/v2\/product_brand?post=81109"},{"taxonomy":"product_cat","embeddable":true,"href":"https:\/\/soydeaqui.ddns.net\/pachuca\/index.php\/wp-json\/wp\/v2\/product_cat?post=81109"},{"taxonomy":"product_tag","embeddable":true,"href":"https:\/\/soydeaqui.ddns.net\/pachuca\/index.php\/wp-json\/wp\/v2\/product_tag?post=81109"}],"curies":[{"name":"wp","href":"https:\/\/api.w.org\/{rel}","templated":true}]}}