{"id":81100,"date":"2026-03-19T18:30:59","date_gmt":"2026-03-19T18:30:59","guid":{"rendered":"https:\/\/soydeaqui.ddns.net\/pachuca\/index.php\/producto\/gateway-analogico-8-fxo-conectar-lineas-analogicas-3-perfiles-sip-1-puerto-fxs-nat-de-alto-rendimiento-soporte-lifeline-fax-t-38-cifrado-aes-failover-sip-conferencia-de-voz-3-v\/"},"modified":"2026-03-19T18:31:06","modified_gmt":"2026-03-19T18:31:06","slug":"gateway-analogico-8-fxo-conectar-lineas-analogicas-3-perfiles-sip-1-puerto-fxs-nat-de-alto-rendimiento-soporte-lifeline-fax-t-38-cifrado-aes-failover-sip-conferencia-de-voz-3-v","status":"publish","type":"product","link":"https:\/\/soydeaqui.ddns.net\/pachuca\/index.php\/producto\/gateway-analogico-8-fxo-conectar-lineas-analogicas-3-perfiles-sip-1-puerto-fxs-nat-de-alto-rendimiento-soporte-lifeline-fax-t-38-cifrado-aes-failover-sip-conferencia-de-voz-3-v\/","title":{"rendered":"Gateway Anal\u00f3gico 8 FXO \u00a0(Conectar Lineas Anal\u00f3gicas) \/ 3 Perfiles SIP \/ 1 Puerto FXS \/ NAT de Alto Rendimiento \/ Soporte Lifeline \/ Fax T.38 \/ Cifrado AES \/ Failover SIP \/ Conferencia de Voz 3 V\u00edas"},"content":{"rendered":"<div style='width: 100%; max-width: 1200px; margin: 0 auto; font-family: sans-serif; line-height: 1.6; color: inherit; background-color: transparent;'>\n<div style='margin-bottom: 30px;'>\n<p style='font-size: 18px; line-height: 1.6; margin: 0 0 20px 0; color: inherit;'>La serie de Gateways HT841\/881 FXO permite a empresas de todos los tama\u00f1os crear una soluci\u00f3n VoIP f\u00e1cil de implementar. Estos Gateways FXO ofrecen la capacidad de conectar m\u00faltiples ubicaciones y todos los dispositivos dentro de una oficina a cualquier red IP PBX alojada o local para que las implementaciones sean lo m\u00e1s f\u00e1ciles posible. Con caracter\u00edsticas avanzadas de telefon\u00eda y una calidad de voz excepcional&comma; es la soluci\u00f3n ideal para empresas que buscan eficiencia y confiabilidad.<\/p>\n<\/div>\n<div style='margin-bottom: 30px;'>\n<h2 style='font-size: 24px; font-weight: 600; margin: 0 0 20px 0; color: inherit; border-bottom: 2px solid currentColor; padding-bottom: 5px; opacity: 0.8;'>Caracter\u00edsticas Principales<\/h2>\n<div style='display: flex; flex-wrap: wrap; gap: 20px; margin-top: 20px;'>\n<div style='flex: 1 1 250px; min-width: 280px; border: 1px solid rgba(150&comma; 150&comma; 150&comma; 0.4); border-radius: 8px; overflow: hidden; display: flex; flex-direction: column;'>\n<div style='padding: 15px; border-bottom: 1px solid rgba(150&comma; 150&comma; 150&comma; 0.2); font-weight: bold; font-size: 18px; color: inherit;'>Caracter\u00edsticas<\/div>\n<div style='padding: 15px; color: inherit;'>\n<ul style='padding-left: 20px; margin: 0; font-size: 14px; list-style-type: disc;'>\n<li style='margin-bottom: 5px;'>Permite 3 perfiles SIP a trav\u00e9s de 1 puerto FXS y 4\/8 puertos FXO<\/li>\n<li style='margin-bottom: 5px;'>Incluye enrutador NAT de alto rendimiento<\/li>\n<li style='margin-bottom: 5px;'>Soporte Lifeline para continuidad durante un corte de energ\u00eda<\/li>\n<li style='margin-bottom: 5px;'>Opciones de aprovisionamiento automatizadas y seguras usando TR069<\/li>\n<li style='margin-bottom: 5px;'>Compatibilidad con Fax T.38 para un fax sobre IP confiable<\/li>\n<li style='margin-bottom: 5px;'>Fuerte cifrado AES con certificado de seguridad por unidad<\/li>\n<li style='margin-bottom: 5px;'>Failover SIP para cambio autom\u00e1tico al servidor secundario<\/li>\n<li style='margin-bottom: 5px;'>Conferencia de voz de 3 v\u00edas por puerto<\/li>\n<\/ul>\n<\/div>\n<\/div>\n<\/div>\n<\/div>\n<\/div>\n<div style='margin-bottom: 30px;'>\n<h2 style='font-size: 24px; font-weight: 600; margin: 0 0 20px 0; color: inherit; border-bottom: 2px solid currentColor; padding-bottom: 5px; opacity: 0.8;'>Detalles T\u00e9cnicos<\/h2>\n<div style='display: flex; flex-wrap: wrap; gap: 20px; margin-top: 20px;'>\n<div style='flex: 1 1 250px; border: 1px solid rgba(150&comma; 150&comma; 150&comma; 0.4); border-radius: 8px; overflow: hidden; display: flex; flex-direction: column;'>\n<div style='padding: 15px; border-bottom: 1px solid rgba(150&comma; 150&comma; 150&comma; 0.2); font-weight: bold; font-size: 18px; color: inherit;'>Especificaciones<\/div>\n<div style='padding: 15px; color: inherit;'>\n<ul style='padding-left: 20px; margin: 0; font-size: 14px; list-style-type: disc;'>\n<li style='margin-bottom: 5px;'>HT841: 4 puertos RJ11 FXO&comma; 1 puerto RJ11 FXS<\/li>\n<li style='margin-bottom: 5px;'>HT881: 8 puertos RJ11 FXO&comma; 1 puerto RJ11 FXS<\/li>\n<li style='margin-bottom: 5px;'>Indicadores LED: Energ\u00eda&comma; NET1&comma; NET2&comma; FXS&comma; FXO<\/li>\n<li style='margin-bottom: 5px;'>Bot\u00f3n de reinicio de f\u00e1brica<\/li>\n<li style='margin-bottom: 5px;'>C\u00f3decs de voz: G.711&comma; G.723.1&comma; G.729&comma; G.726-32&comma; iLBC&comma; OPUS<\/li>\n<li style='margin-bottom: 5px;'>Fax sobre IP: T.38 hasta 14.4 kbps<\/li>\n<li style='margin-bottom: 5px;'>Identificador de llamadas: Bellcore&comma; ETSI&comma; BT&comma; NTT<\/li>\n<\/ul>\n<\/div>\n<\/div>\n<\/div>\n<div style='flex: 1 1 250px; border: 1px solid rgba(150&comma; 150&comma; 150&comma; 0.4); border-radius: 8px; overflow: hidden; display: flex; flex-direction: column;'>\n<div style='padding: 15px; border-bottom: 1px solid rgba(150&comma; 150&comma; 150&comma; 0.2); font-weight: bold; font-size: 18px; color: inherit;'>Interfaces y Conectividad<\/div>\n<div style='padding: 15px; color: inherit;'>\n<ul style='padding-left: 20px; margin: 0; font-size: 14px; list-style-type: disc;'>\n<li style='margin-bottom: 5px;'>Dos puertos RJ45 de 10\/100\/1000 Mbps&comma; uno con PoE-PD 802.3af<\/li>\n<li style='margin-bottom: 5px;'>Protocolo de red: TCP\/IP\/UDP&comma; RTP\/RTCP&comma; HTTP\/HTTPS&comma; SIP&comma; SRTP&comma; entre otros<\/li>\n<li style='margin-bottom: 5px;'>M\u00e9todos de marcaci\u00f3n: DTMF&comma; Pulse<\/li>\n<\/ul>\n<\/div>\n<\/div>\n<\/div>\n<\/div>\n<\/div>\n<div style='margin-bottom: 30px;'>\n<h2 style='font-size: 24px; font-weight: 600; margin: 0 0 20px 0; color: inherit; border-bottom: 2px solid currentColor; padding-bottom: 5px; opacity: 0.8;'>Aplicaciones y Casos de Uso<\/h2>\n<div style='display: flex; flex-wrap: wrap; gap: 20px; margin-top: 20px;'>\n<div style='flex: 1 1 250px; border: 1px solid rgba(150&comma; 150&comma; 150&comma; 0.4); border-radius: 8px; overflow: hidden; padding: 15px; background-color: rgba(150&comma;150&comma;150&comma;0.05); color: inherit;'>\n<p style='margin: 0; font-size: 14px;'>Implementaci\u00f3n en oficinas que requieren integraci\u00f3n de l\u00edneas PSTN con sistemas VoIP.<\/p>\n<\/div>\n<div style='flex: 1 1 250px; border: 1px solid rgba(150&comma; 150&comma; 150&comma; 0.4); border-radius: 8px; overflow: hidden; padding: 15px; background-color: rgba(150&comma;150&comma;150&comma;0.05); color: inherit;'>\n<p style='margin: 0; font-size: 14px;'>Empresas que necesitan asegurar la continuidad de servicio telef\u00f3nico durante cortes de energ\u00eda.<\/p>\n<\/div>\n<div style='flex: 1 1 250px; border: 1px solid rgba(150&comma; 150&comma; 150&comma; 0.4); border-radius: 8px; overflow: hidden; padding: 15px; background-color: rgba(150&comma;150&comma;150&comma;0.05); color: inherit;'>\n<p style='margin: 0; font-size: 14px;'>Organizaciones que buscan soluciones confiables para hacer conexiones remotas a trav\u00e9s de redes IP.<\/p>\n<\/div>\n<\/div>\n<\/div>\n<\/div>\n<hr style='border: 0; border-top: 1px solid rgba(150&comma; 150&comma; 150&comma; 0.3); margin: 30px 0;'><\/div>\n","protected":false},"excerpt":{"rendered":"<p>Gateway Anal\u00f3gico 8 FXO \u00a0(Conectar Lineas Anal\u00f3gicas) \/ 3 Perfiles SIP \/ 1 Puerto FXS \/ NAT de Alto Rendimiento \/ Soporte Lifeline \/ Fax T.38 \/ Cifrado AES \/ Failover SIP \/ Conferencia de Voz 3 V\u00edas<\/p>\n","protected":false},"featured_media":81099,"comment_status":"open","ping_status":"closed","template":"","meta":[],"product_brand":[],"product_cat":[2040],"product_tag":[93,909,2004],"class_list":{"0":"post-81100","1":"product","2":"type-product","3":"status-publish","4":"has-post-thumbnail","6":"product_cat-accesorios-voip-telefonia-ip-videoconferencia","7":"product_tag-accesorios","8":"product_tag-grandstream","9":"product_tag-voip-telefonia-ip-videoconferencia","11":"first","12":"instock","13":"sale","14":"shipping-taxable","15":"purchasable","16":"product-type-simple"},"_links":{"self":[{"href":"https:\/\/soydeaqui.ddns.net\/pachuca\/index.php\/wp-json\/wp\/v2\/product\/81100","targetHints":{"allow":["GET"]}}],"collection":[{"href":"https:\/\/soydeaqui.ddns.net\/pachuca\/index.php\/wp-json\/wp\/v2\/product"}],"about":[{"href":"https:\/\/soydeaqui.ddns.net\/pachuca\/index.php\/wp-json\/wp\/v2\/types\/product"}],"replies":[{"embeddable":true,"href":"https:\/\/soydeaqui.ddns.net\/pachuca\/index.php\/wp-json\/wp\/v2\/comments?post=81100"}],"wp:featuredmedia":[{"embeddable":true,"href":"https:\/\/soydeaqui.ddns.net\/pachuca\/index.php\/wp-json\/wp\/v2\/media\/81099"}],"wp:attachment":[{"href":"https:\/\/soydeaqui.ddns.net\/pachuca\/index.php\/wp-json\/wp\/v2\/media?parent=81100"}],"wp:term":[{"taxonomy":"product_brand","embeddable":true,"href":"https:\/\/soydeaqui.ddns.net\/pachuca\/index.php\/wp-json\/wp\/v2\/product_brand?post=81100"},{"taxonomy":"product_cat","embeddable":true,"href":"https:\/\/soydeaqui.ddns.net\/pachuca\/index.php\/wp-json\/wp\/v2\/product_cat?post=81100"},{"taxonomy":"product_tag","embeddable":true,"href":"https:\/\/soydeaqui.ddns.net\/pachuca\/index.php\/wp-json\/wp\/v2\/product_tag?post=81100"}],"curies":[{"name":"wp","href":"https:\/\/api.w.org\/{rel}","templated":true}]}}