{"id":81082,"date":"2026-03-19T18:30:13","date_gmt":"2026-03-19T18:30:13","guid":{"rendered":"https:\/\/soydeaqui.ddns.net\/pachuca\/index.php\/producto\/transceptor-lado-a-un-hilo-bidi-sfp-2-5gb-lc-monomodo-tx-1310nm-rx-1550nm-hasta-3km\/"},"modified":"2026-03-19T18:30:22","modified_gmt":"2026-03-19T18:30:22","slug":"transceptor-lado-a-un-hilo-bidi-sfp-2-5gb-lc-monomodo-tx-1310nm-rx-1550nm-hasta-3km","status":"publish","type":"product","link":"https:\/\/soydeaqui.ddns.net\/pachuca\/index.php\/producto\/transceptor-lado-a-un-hilo-bidi-sfp-2-5gb-lc-monomodo-tx-1310nm-rx-1550nm-hasta-3km\/","title":{"rendered":"Transceptor Lado (A) un Hilo BiDi SFP 2.5Gb LC Monomodo Tx 1310nm \/ Rx 1550nm, hasta 3km"},"content":{"rendered":"<div style='width: 100%; max-width: 1200px; margin: 0 auto; font-family: sans-serif; line-height: 1.6; color: inherit; background-color: transparent;'>\n<div style='margin-bottom: 30px;'>\n<p>El <strong>2.5G-SFP-LX03-SM1310-BIDI-I<\/strong> est\u00e1 alineado con las especificaciones \u00f3pticas IEEE 2.5GBASE-LX y admite una longitud de enlace de hasta 3 kil\u00f3metros a trav\u00e9s de un SMF con un conector BIDI LC. Adopta el factor de forma SFP y opera a una longitud de onda de 1550 nm. El transceptor cumple con los est\u00e1ndares SFF-8431&comma; SFF-8472 y RoHS.<\/p>\n<\/p><\/div>\n<div style='display: flex; flex-wrap: wrap; gap: 30px; margin-bottom: 30px;'>\n<div style='flex: 1 1 300px; min-width: 280px;'>\n<h3 style='font-size: 22px; border-bottom: 2px solid currentColor; padding-bottom: 5px; margin-top: 0; color: inherit; opacity: 0.8;'>Caracter\u00edsticas principales<\/h3>\n<ul style='padding-left: 20px; font-size: 15px; color: inherit;'>\n<li style='margin-bottom: 5px;'>Velocidad 2.5 Gbps (solo es posible la negociaci\u00f3n a 2.5G)<\/li>\n<li style='margin-bottom: 5px;'>Hasta 3 Km<\/li>\n<li style='margin-bottom: 5px;'>Monomodo LC Bi-di<\/li>\n<li style='margin-bottom: 5px;'>Rx: 1550nm&comma; Tx: 1310nm<\/li>\n<li style='margin-bottom: 5px;'>Garant\u00eda de 3 a\u00f1os<\/li>\n<li style='margin-bottom: 5px; background-color: #f1c40f;'>Se requiere del modulo 2.5G-SFP-LX03-SM1550-BIDI-I (No incluido)<\/li>\n<\/ul><\/div>\n<div style='flex: 1 1 300px; min-width: 280px;'>\n<h3 style='font-size: 22px; border-bottom: 2px solid currentColor; padding-bottom: 5px; margin-top: 0; color: inherit; opacity: 0.8;'>Contenido del Paquete<\/h3>\n<ul style='padding-left: 20px; font-size: 15px; color: inherit;'>\n<li style='margin-bottom: 5px;'>1pz modulo 2.5G-SFP-LX03-SM1310-BIDI-I<\/li>\n<\/ul><\/div>\n<\/p><\/div>\n<div style='display: flex; flex-wrap: wrap; gap: 20px; margin-bottom: 30px;'>\n<div style='flex: 1 1 250px; border: 1px solid rgba(150&comma; 150&comma; 150&comma; 0.4); border-radius: 8px; overflow: hidden; display: flex; flex-direction: column;'>\n<div style='padding: 15px; border-bottom: 1px solid rgba(150&comma; 150&comma; 150&comma; 0.2); font-weight: bold; font-size: 18px; color: inherit;'>Especificaciones Generales<\/div>\n<div style='padding: 15px; color: inherit;'>\n<ul style='padding-left: 20px; margin: 0; font-size: 14px; list-style-type: disc;'>\n<li style='margin-bottom: 5px;'><strong>Modelo:<\/strong> 2.5G-SFP-LX03-SM1311-BIDI-I<\/li>\n<li style='margin-bottom: 5px;'><strong>Velocidad de datos:<\/strong> 3.125 Gbps<\/li>\n<li style='margin-bottom: 5px;'><strong>Factor de forma:<\/strong> SFP<\/li>\n<li style='margin-bottom: 5px;'><strong>Tipo de conector:<\/strong> BIDI LC<\/li>\n<li style='margin-bottom: 5px;'><strong>Tipo de fibra:<\/strong> Monomodo (SMF)<\/li>\n<li style='margin-bottom: 5px;'><strong>Acabado de la cara:<\/strong> Ultra Physical Contact (UPC)<\/li>\n<li style='margin-bottom: 5px;'><strong>Transmisor:<\/strong> FB<\/li>\n<li style='margin-bottom: 5px;'><strong>Receptor:<\/strong> PIN<\/li>\n<li style='margin-bottom: 5px;'><strong>Alcance:<\/strong> 3 km (9&comma;842.52 ft.)<\/li>\n<li style='margin-bottom: 5px;'><strong>Relaci\u00f3n de error de bit (BER):<\/strong> 1.00E-12<\/li>\n<li style='margin-bottom: 5px;'><strong>Diagn\u00f3stico \u00f3ptico (DDM\/DOM):<\/strong> S\u00ed<\/li>\n<li style='margin-bottom: 0;'><strong>Consumo de potencia:<\/strong> \u2264 1 W<\/li>\n<\/ul><\/div>\n<\/p><\/div>\n<div style='flex: 1 1 250px; border: 1px solid rgba(150&comma; 150&comma; 150&comma; 0.4); border-radius: 8px; overflow: hidden; display: flex; flex-direction: column;'>\n<div style='padding: 15px; border-bottom: 1px solid rgba(150&comma; 150&comma; 150&comma; 0.2); font-weight: bold; font-size: 18px; color: inherit;'>Par\u00e1metros \u00f3pticos del transmisor<\/div>\n<div style='padding: 15px; color: inherit;'>\n<ul style='padding-left: 20px; margin: 0; font-size: 14px; list-style-type: disc;'>\n<li style='margin-bottom: 5px;'><strong>Longitud de onda:<\/strong> 1310 nm TX \/ 1550 nm RX<\/li>\n<li style='margin-bottom: 5px;'><strong>Potencia m\u00e1xima de transmisi\u00f3n (AVG):<\/strong> \u20133 dBm<\/li>\n<li style='margin-bottom: 5px;'><strong>Potencia m\u00ednima de transmisi\u00f3n (AVG):<\/strong> \u20139 dBm<\/li>\n<li style='margin-bottom: 0;'><strong>Raz\u00f3n de extinci\u00f3n m\u00ednima:<\/strong> \u2265 6.5 dB<\/li>\n<\/ul><\/div>\n<\/p><\/div>\n<div style='flex: 1 1 250px; border: 1px solid rgba(150&comma; 150&comma; 150&comma; 0.4); border-radius: 8px; overflow: hidden; display: flex; flex-direction: column;'>\n<div style='padding: 15px; border-bottom: 1px solid rgba(150&comma; 150&comma; 150&comma; 0.2); font-weight: bold; font-size: 18px; color: inherit;'>Par\u00e1metros \u00f3pticos del receptor<\/div>\n<div style='padding: 15px; color: inherit;'>\n<ul style='padding-left: 20px; margin: 0; font-size: 14px; list-style-type: disc;'>\n<li style='margin-bottom: 5px;'><strong>Sensibilidad de recepci\u00f3n (OMA):<\/strong> < \u201316 dBm<\/li>\n<li style='margin-bottom: 0;'><strong>Potencia \u00f3ptica de sobrecarga (AVG):<\/strong> \u20133 dBm<\/li>\n<\/ul><\/div>\n<\/p><\/div>\n<div style='flex: 1 1 250px; border: 1px solid rgba(150&comma; 150&comma; 150&comma; 0.4); border-radius: 8px; overflow: hidden; display: flex; flex-direction: column;'>\n<div style='padding: 15px; border-bottom: 1px solid rgba(150&comma; 150&comma; 150&comma; 0.2); font-weight: bold; font-size: 18px; color: inherit;'>Ambiente y confiabilidad<\/div>\n<div style='padding: 15px; color: inherit;'>\n<ul style='padding-left: 20px; margin: 0; font-size: 14px; list-style-type: disc;'>\n<li style='margin-bottom: 5px;'><strong>Temperatura de operaci\u00f3n:<\/strong> \u201340\u00baC a +85\u00baC (\u201340\u00baF a +185\u00baF)<\/li>\n<li style='margin-bottom: 5px;'><strong>Humedad de operaci\u00f3n:<\/strong> 10% RH a 90% RH<\/li>\n<li style='margin-bottom: 5px;'><strong>Temperatura de almacenamiento:<\/strong> \u201340\u00baC a +85\u00baC (\u201340\u00baF a +185\u00baF)<\/li>\n<li style='margin-bottom: 0;'><strong>Humedad de almacenamiento:<\/strong> 10% RH a 90% RH<\/li>\n<\/ul><\/div>\n<\/p><\/div>\n<div style='flex: 1 1 250px; border: 1px solid rgba(150&comma; 150&comma; 150&comma; 0.4); border-radius: 8px; overflow: hidden; display: flex; flex-direction: column;'>\n<div style='padding: 15px; border-bottom: 1px solid rgba(150&comma; 150&comma; 150&comma; 0.2); font-weight: bold; font-size: 18px; color: inherit;'>Dimensiones y peso<\/div>\n<div style='padding: 15px; color: inherit;'>\n<ul style='padding-left: 20px; margin: 0; font-size: 14px; list-style-type: disc;'>\n<li style='margin-bottom: 5px;'><strong>Dimensiones (W x D x H):<\/strong> 56.5 mm x 13.5 mm x 8.5 mm (2.22 in. x 0.51 in. x 0.33 in.)<\/li>\n<li style='margin-bottom: 0;'><strong>Peso:<\/strong> 35 g (0.08 lbs.)<\/li>\n<\/ul><\/div>\n<\/p><\/div>\n<\/p><\/div>\n<hr style='border: 0; border-top: 1px solid rgba(150&comma; 150&comma; 150&comma; 0.3); margin: 30px 0;'> <\/div>\n","protected":false},"excerpt":{"rendered":"<p>Transceptor Lado (A) un Hilo BiDi SFP 2.5Gb LC Monomodo Tx 1310nm \/ Rx 1550nm, hasta 3km<\/p>\n","protected":false},"featured_media":81081,"comment_status":"open","ping_status":"closed","template":"","meta":[],"product_brand":[],"product_cat":[663],"product_tag":[664,2123,665],"class_list":{"0":"post-81082","1":"product","2":"type-product","3":"status-publish","4":"has-post-thumbnail","6":"product_cat-transceptores-de-fibra","7":"product_tag-networking","8":"product_tag-ruijie","9":"product_tag-transceptores-de-fibra","11":"first","12":"instock","13":"sale","14":"shipping-taxable","15":"purchasable","16":"product-type-simple"},"_links":{"self":[{"href":"https:\/\/soydeaqui.ddns.net\/pachuca\/index.php\/wp-json\/wp\/v2\/product\/81082","targetHints":{"allow":["GET"]}}],"collection":[{"href":"https:\/\/soydeaqui.ddns.net\/pachuca\/index.php\/wp-json\/wp\/v2\/product"}],"about":[{"href":"https:\/\/soydeaqui.ddns.net\/pachuca\/index.php\/wp-json\/wp\/v2\/types\/product"}],"replies":[{"embeddable":true,"href":"https:\/\/soydeaqui.ddns.net\/pachuca\/index.php\/wp-json\/wp\/v2\/comments?post=81082"}],"wp:featuredmedia":[{"embeddable":true,"href":"https:\/\/soydeaqui.ddns.net\/pachuca\/index.php\/wp-json\/wp\/v2\/media\/81081"}],"wp:attachment":[{"href":"https:\/\/soydeaqui.ddns.net\/pachuca\/index.php\/wp-json\/wp\/v2\/media?parent=81082"}],"wp:term":[{"taxonomy":"product_brand","embeddable":true,"href":"https:\/\/soydeaqui.ddns.net\/pachuca\/index.php\/wp-json\/wp\/v2\/product_brand?post=81082"},{"taxonomy":"product_cat","embeddable":true,"href":"https:\/\/soydeaqui.ddns.net\/pachuca\/index.php\/wp-json\/wp\/v2\/product_cat?post=81082"},{"taxonomy":"product_tag","embeddable":true,"href":"https:\/\/soydeaqui.ddns.net\/pachuca\/index.php\/wp-json\/wp\/v2\/product_tag?post=81082"}],"curies":[{"name":"wp","href":"https:\/\/api.w.org\/{rel}","templated":true}]}}