{"id":81076,"date":"2026-03-19T18:29:59","date_gmt":"2026-03-19T18:29:59","guid":{"rendered":"https:\/\/soydeaqui.ddns.net\/pachuca\/index.php\/producto\/transceptor-lado-b-un-hilo-bidi-sfp-2-5gb-lc-monomodo-tx-1550nm-rx-1310nm-hasta-3km\/"},"modified":"2026-03-19T18:30:10","modified_gmt":"2026-03-19T18:30:10","slug":"transceptor-lado-b-un-hilo-bidi-sfp-2-5gb-lc-monomodo-tx-1550nm-rx-1310nm-hasta-3km","status":"publish","type":"product","link":"https:\/\/soydeaqui.ddns.net\/pachuca\/index.php\/producto\/transceptor-lado-b-un-hilo-bidi-sfp-2-5gb-lc-monomodo-tx-1550nm-rx-1310nm-hasta-3km\/","title":{"rendered":"Transceptor Lado (B) un Hilo BiDi  SFP 2.5Gb LC Monomodo Tx 1550nm \/ Rx 1310nm, hasta 3km"},"content":{"rendered":"<div style='width: 100%; max-width: 1200px; margin: 0 auto; font-family: sans-serif; line-height: 1.6; color: inherit; background-color: transparent;'> <!-- Descripci\u00f3n principal --> <\/p>\n<div style='margin-bottom: 30px;'>\n<p>El <strong>2.5G-SFP-LX03-SM1550-BIDI-I<\/strong> est\u00e1 alineado con las especificaciones \u00f3pticas IEEE 2.5GBASE-LX y admite una longitud de enlace de hasta 3 kil\u00f3metros a trav\u00e9s de un SMF con un conector BIDI LC. Adopta el factor de forma SFP y opera a una longitud de onda de 1550 nm. El transceptor cumple con los est\u00e1ndares SFF-8431&comma; SFF-8472 y RoHS.<\/p>\n<\/p><\/div>\n<p> <!-- Secci\u00f3n de caracter\u00edsticas y contenido del paquete --> <\/p>\n<div style='display: flex; flex-wrap: wrap; gap: 30px; margin-bottom: 30px;'>\n<div style='flex: 1 1 300px; min-width: 280px;'>\n<div style='border-left: 5px solid #0091ff; border-radius: 5px; padding: 15px; box-shadow: 2px 2px 10px rgba(216&comma; 216&comma; 216&comma; 0.4);'> <strong style='display: block; margin-bottom: 10px; font-size: 16px;'>Caracter\u00edsticas principales:<\/strong> <\/p>\n<ul style='padding-left: 20px; font-size: 15px; color: inherit;'>\n<li style='margin-bottom: 5px;'>Velocidad 2.5 Gbps (solo es posible la negociaci\u00f3n a 2.5G)<\/li>\n<li style='margin-bottom: 5px;'>Hasta 3 Km<\/li>\n<li style='margin-bottom: 5px;'>Monomodo LC Bi-di<\/li>\n<li style='margin-bottom: 5px;'>Tx: 1550nm&comma; Rx: 1310nm<\/li>\n<li style='margin-bottom: 5px;'>Garant\u00eda de 3 a\u00f1os<\/li>\n<li style='margin-bottom: 5px; background-color: #f1c40f;'>Se requiere del modulo 2.5G-SFP-LX03-SM1310-BIDI-I (No incluido)<\/li>\n<\/ul><\/div>\n<\/p><\/div>\n<div style='flex: 1 1 300px; min-width: 280px;'>\n<div style='border-left: 5px solid #0091ff; border-radius: 5px; padding: 15px; box-shadow: 2px 2px 10px rgba(216&comma; 216&comma; 216&comma; 0.4);'> <strong style='display: block; margin-bottom: 10px; font-size: 16px;'>Contenido del Paquete:<\/strong> <\/p>\n<ul style='padding-left: 20px; font-size: 15px; color: inherit;'>\n<li style='margin-bottom: 5px;'>1pz modulo 2.5G-SFP-LX03-SM1550-BIDI-I<\/li>\n<\/ul><\/div>\n<\/p><\/div>\n<\/p><\/div>\n<p> <!-- Tabla de especificaciones --> <\/p>\n<div style='margin-bottom: 30px;'>\n<div style='display: flex; flex-direction: column; gap: 15px;'>\n<div style='border: 1px solid rgba(150&comma; 150&comma; 150&comma; 0.3); border-radius: 8px; overflow: hidden;'>\n<div style='padding: 15px; background-color: rgba(0&comma; 145&comma; 255&comma; 0.1); font-weight: bold; font-size: 16px; color: inherit; border-bottom: 1px solid rgba(150&comma; 150&comma; 150&comma; 0.3);'>Especificaciones<\/div>\n<div style='display: flex; flex-direction: column;'>\n<div style='display: flex; flex-wrap: wrap; border-bottom: 1px solid rgba(150&comma; 150&comma; 150&comma; 0.3);'>\n<div style='flex: 1 1 17%; min-width: 150px; padding: 10px; font-weight: bold; border-right: 1px solid rgba(150&comma; 150&comma; 150&comma; 0.3);'>Model<\/div>\n<div style='flex: 1 1 36%; min-width: 150px; padding: 10px; border-right: 1px solid rgba(150&comma; 150&comma; 150&comma; 0.3);'>2.5G-SFP-LX03-SM1311-BIDI-I<\/div>\n<div style='flex: 1 1 46%; min-width: 150px; padding: 10px;'>2.5G-SFP-LX03-SM1551-BIDI-I<\/div>\n<\/p><\/div>\n<div style='display: flex; flex-wrap: wrap; border-bottom: 1px solid rgba(150&comma; 150&comma; 150&comma; 0.3);'>\n<div style='flex: 1 1 17%; min-width: 150px; padding: 10px; font-weight: bold; border-right: 1px solid rgba(150&comma; 150&comma; 150&comma; 0.3);'>Data rate<\/div>\n<div style='flex: 1 1 82%; min-width: 150px; padding: 10px;' colspan='2'>3.125 Gbps<\/div>\n<\/p><\/div>\n<div style='display: flex; flex-wrap: wrap; border-bottom: 1px solid rgba(150&comma; 150&comma; 150&comma; 0.3);'>\n<div style='flex: 1 1 17%; min-width: 150px; padding: 10px; font-weight: bold; border-right: 1px solid rgba(150&comma; 150&comma; 150&comma; 0.3);'>Form factor<\/div>\n<div style='flex: 1 1 82%; min-width: 150px; padding: 10px;' colspan='2'>SFP<\/div>\n<\/p><\/div>\n<div style='display: flex; flex-wrap: wrap; border-bottom: 1px solid rgba(150&comma; 150&comma; 150&comma; 0.3);'>\n<div style='flex: 1 1 17%; min-width: 150px; padding: 10px; font-weight: bold; border-right: 1px solid rgba(150&comma; 150&comma; 150&comma; 0.3);'>Connector type<\/div>\n<div style='flex: 1 1 82%; min-width: 150px; padding: 10px;' colspan='2'>BIDI LC<\/div>\n<\/p><\/div>\n<div style='display: flex; flex-wrap: wrap; border-bottom: 1px solid rgba(150&comma; 150&comma; 150&comma; 0.3);'>\n<div style='flex: 1 1 17%; min-width: 150px; padding: 10px; font-weight: bold; border-right: 1px solid rgba(150&comma; 150&comma; 150&comma; 0.3);'>Cable type<\/div>\n<div style='flex: 1 1 82%; min-width: 150px; padding: 10px;' colspan='2'>SMF<\/div>\n<\/p><\/div>\n<div style='display: flex; flex-wrap: wrap; border-bottom: 1px solid rgba(150&comma; 150&comma; 150&comma; 0.3);'>\n<div style='flex: 1 1 17%; min-width: 150px; padding: 10px; font-weight: bold; border-right: 1px solid rgba(150&comma; 150&comma; 150&comma; 0.3);'>Fiber end face finish type<\/div>\n<div style='flex: 1 1 82%; min-width: 150px; padding: 10px;' colspan='2'>Ultra Physical Contact (UPC)<\/div>\n<\/p><\/div>\n<div style='display: flex; flex-wrap: wrap; border-bottom: 1px solid rgba(150&comma; 150&comma; 150&comma; 0.3);'>\n<div style='flex: 1 1 17%; min-width: 150px; padding: 10px; font-weight: bold; border-right: 1px solid rgba(150&comma; 150&comma; 150&comma; 0.3);'>Transmitter type<\/div>\n<div style='flex: 1 1 36%; min-width: 150px; padding: 10px; border-right: 1px solid rgba(150&comma; 150&comma; 150&comma; 0.3);'>FB<\/div>\n<div style='flex: 1 1 46%; min-width: 150px; padding: 10px;'>DFB<\/div>\n<\/p><\/div>\n<div style='display: flex; flex-wrap: wrap; border-bottom: 1px solid rgba(150&comma; 150&comma; 150&comma; 0.3);'>\n<div style='flex: 1 1 17%; min-width: 150px; padding: 10px; font-weight: bold; border-right: 1px solid rgba(150&comma; 150&comma; 150&comma; 0.3);'>Receiver type<\/div>\n<div style='flex: 1 1 82%; min-width: 150px; padding: 10px;' colspan='2'>PIN<\/div>\n<\/p><\/div>\n<div style='display: flex; flex-wrap: wrap; border-bottom: 1px solid rgba(150&comma; 150&comma; 150&comma; 0.3);'>\n<div style='flex: 1 1 17%; min-width: 150px; padding: 10px; font-weight: bold; border-right: 1px solid rgba(150&comma; 150&comma; 150&comma; 0.3);'>Reach<\/div>\n<div style='flex: 1 1 82%; min-width: 150px; padding: 10px;' colspan='2'>3 km (9&comma;842.52 ft.)<\/div>\n<\/p><\/div>\n<div style='display: flex; flex-wrap: wrap; border-bottom: 1px solid rgba(150&comma; 150&comma; 150&comma; 0.3);'>\n<div style='flex: 1 1 17%; min-width: 150px; padding: 10px; font-weight: bold; border-right: 1px solid rgba(150&comma; 150&comma; 150&comma; 0.3);'>Bit error ratio (BER)<\/div>\n<div style='flex: 1 1 82%; min-width: 150px; padding: 10px;' colspan='2'>1.00E-12<\/div>\n<\/p><\/div>\n<div style='display: flex; flex-wrap: wrap; border-bottom: 1px solid rgba(150&comma; 150&comma; 150&comma; 0.3);'>\n<div style='flex: 1 1 17%; min-width: 150px; padding: 10px; font-weight: bold; border-right: 1px solid rgba(150&comma; 150&comma; 150&comma; 0.3);'>Data diagnosis-capable (DDM\/DOM)<\/div>\n<div style='flex: 1 1 82%; min-width: 150px; padding: 10px;' colspan='2'>Yes<\/div>\n<\/p><\/div>\n<div style='display: flex; flex-wrap: wrap; border-bottom: 1px solid rgba(150&comma; 150&comma; 150&comma; 0.3);'>\n<div style='flex: 1 1 17%; min-width: 150px; padding: 10px; font-weight: bold; border-right: 1px solid rgba(150&comma; 150&comma; 150&comma; 0.3);'>Power consumption<\/div>\n<div style='flex: 1 1 82%; min-width: 150px; padding: 10px;' colspan='2'>\u2264 1 W<\/div>\n<\/p><\/div>\n<\/p><\/div>\n<\/p><\/div>\n<div style='border: 1px solid rgba(150&comma; 150&comma; 150&comma; 0.3); border-radius: 8px; overflow: hidden; margin-bottom: 15px;'>\n<div style='padding: 15px; background-color: rgba(0&comma; 145&comma; 255&comma; 0.1); font-weight: bold; font-size: 16px; color: inherit; border-bottom: 1px solid rgba(150&comma; 150&comma; 150&comma; 0.3);'>Transmitter Optical Parameters<\/div>\n<div style='display: flex; flex-direction: column;'>\n<div style='display: flex; flex-wrap: wrap; border-bottom: 1px solid rgba(150&comma; 150&comma; 150&comma; 0.3);'>\n<div style='flex: 1 1 17%; min-width: 150px; padding: 10px; font-weight: bold; border-right: 1px solid rgba(150&comma; 150&comma; 150&comma; 0.3);'>Wavelength<\/div>\n<div style='flex: 1 1 36%; min-width: 150px; padding: 10px; border-right: 1px solid rgba(150&comma; 150&comma; 150&comma; 0.3);'>1310 nm TX<br \/>1550 nm RX<\/div>\n<div style='flex: 1 1 46%; min-width: 150px; padding: 10px;'>1550 nm TX<br \/>1310 nm RX<\/div>\n<\/p><\/div>\n<div style='display: flex; flex-wrap: wrap; border-bottom: 1px solid rgba(150&comma; 150&comma; 150&comma; 0.3);'>\n<div style='flex: 1 1 17%; min-width: 150px; padding: 10px; font-weight: bold; border-right: 1px solid rgba(150&comma; 150&comma; 150&comma; 0.3);'>Max. transmit power (AVG)<\/div>\n<div style='flex: 1 1 82%; min-width: 150px; padding: 10px;' colspan='2'>\u20133 dBm<\/div>\n<\/p><\/div>\n<div style='display: flex; flex-wrap: wrap; border-bottom: 1px solid rgba(150&comma; 150&comma; 150&comma; 0.3);'>\n<div style='flex: 1 1 17%; min-width: 150px; padding: 10px; font-weight: bold; border-right: 1px solid rgba(150&comma; 150&comma; 150&comma; 0.3);'>Min. transmit power (AVG)<\/div>\n<div style='flex: 1 1 82%; min-width: 150px; padding: 10px;' colspan='2'>\u20139 dBm<\/div>\n<\/p><\/div>\n<div style='display: flex; flex-wrap: wrap; border-bottom: 1px solid rgba(150&comma; 150&comma; 150&comma; 0.3);'>\n<div style='flex: 1 1 17%; min-width: 150px; padding: 10px; font-weight: bold; border-right: 1px solid rgba(150&comma; 150&comma; 150&comma; 0.3);'>Min. extinction ratio<\/div>\n<div style='flex: 1 1 82%; min-width: 150px; padding: 10px;' colspan='2'>\u2265 6.5 dB<\/div>\n<\/p><\/div>\n<\/p><\/div>\n<\/p><\/div>\n<div style='border: 1px solid rgba(150&comma; 150&comma; 150&comma; 0.3); border-radius: 8px; overflow: hidden; margin-bottom: 15px;'>\n<div style='padding: 15px; background-color: rgba(0&comma; 145&comma; 255&comma; 0.1); font-weight: bold; font-size: 16px; color: inherit; border-bottom: 1px solid rgba(150&comma; 150&comma; 150&comma; 0.3);'>Receiver Optical Parameters<\/div>\n<div style='display: flex; flex-direction: column;'>\n<div style='display: flex; flex-wrap: wrap; border-bottom: 1px solid rgba(150&comma; 150&comma; 150&comma; 0.3);'>\n<div style='flex: 1 1 17%; min-width: 150px; padding: 10px; font-weight: bold; border-right: 1px solid rgba(150&comma; 150&comma; 150&comma; 0.3);'>Receive sensitivity (OMA)<\/div>\n<div style='flex: 1 1 82%; min-width: 150px; padding: 10px;' colspan='2'>&lt; \u201316 dBm<\/div>\n<\/p><\/div>\n<div style='display: flex; flex-wrap: wrap; border-bottom: 1px solid rgba(150&comma; 150&comma; 150&comma; 0.3);'>\n<div style='flex: 1 1 17%; min-width: 150px; padding: 10px; font-weight: bold; border-right: 1px solid rgba(150&comma; 150&comma; 150&comma; 0.3);'>Overload optical power (AVG)<\/div>\n<div style='flex: 1 1 82%; min-width: 150px; padding: 10px;' colspan='2'>\u20133 dBm<\/div>\n<\/p><\/div>\n<\/p><\/div>\n<\/p><\/div>\n<div style='border: 1px solid rgba(150&comma; 150&comma; 150&comma; 0.3); border-radius: 8px; overflow: hidden; margin-bottom: 15px;'>\n<div style='padding: 15px; background-color: rgba(0&comma; 145&comma; 255&comma; 0.1); font-weight: bold; font-size: 16px; color: inherit; border-bottom: 1px solid rgba(150&comma; 150&comma; 150&comma; 0.3);'>Environment and Reliability<\/div>\n<div style='display: flex; flex-direction: column;'>\n<div style='display: flex; flex-wrap: wrap; border-bottom: 1px solid rgba(150&comma; 150&comma; 150&comma; 0.3);'>\n<div style='flex: 1 1 17%; min-width: 150px; padding: 10px; font-weight: bold; border-right: 1px solid rgba(150&comma; 150&comma; 150&comma; 0.3);'>Operating temperature<\/div>\n<div style='flex: 1 1 82%; min-width: 150px; padding: 10px;' colspan='2'>\u201340\u00baC to +85\u00baC (\u201340\u00baF to +185\u00baF)<\/div>\n<\/p><\/div>\n<div style='display: flex; flex-wrap: wrap; border-bottom: 1px solid rgba(150&comma; 150&comma; 150&comma; 0.3);'>\n<div style='flex: 1 1 17%; min-width: 150px; padding: 10px; font-weight: bold; border-right: 1px solid rgba(150&comma; 150&comma; 150&comma; 0.3);'>Operating humidity<\/div>\n<div style='flex: 1 1 82%; min-width: 150px; padding: 10px;' colspan='2'>10% RH to 90% RH<\/div>\n<\/p><\/div>\n<div style='display: flex; flex-wrap: wrap; border-bottom: 1px solid rgba(150&comma; 150&comma; 150&comma; 0.3);'>\n<div style='flex: 1 1 17%; min-width: 150px; padding: 10px; font-weight: bold; border-right: 1px solid rgba(150&comma; 150&comma; 150&comma; 0.3);'>Storage temperature<\/div>\n<div style='flex: 1 1 82%; min-width: 150px; padding: 10px;' colspan='2'>\u201340\u00baC to +85\u00baC (\u201340\u00baF to +185\u00baF)<\/div>\n<\/p><\/div>\n<div style='display: flex; flex-wrap: wrap; border-bottom: 1px solid rgba(150&comma; 150&comma; 150&comma; 0.3);'>\n<div style='flex: 1 1 17%; min-width: 150px; padding: 10px; font-weight: bold; border-right: 1px solid rgba(150&comma; 150&comma; 150&comma; 0.3);'>Storage humidity<\/div>\n<div style='flex: 1 1 82%; min-width: 150px; padding: 10px;' colspan='2'>10% RH to 90% RH<\/div>\n<\/p><\/div>\n<\/p><\/div>\n<\/p><\/div>\n<div style='border: 1px solid rgba(150&comma; 150&comma; 150&comma; 0.3); border-radius: 8px; overflow: hidden;'>\n<div style='padding: 15px; background-color: rgba(0&comma; 145&comma; 255&comma; 0.1); font-weight: bold; font-size: 16px; color: inherit; border-bottom: 1px solid rgba(150&comma; 150&comma; 150&comma; 0.3);'>Dimensions and Weight<\/div>\n<div style='display: flex; flex-direction: column;'>\n<div style='display: flex; flex-wrap: wrap; border-bottom: 1px solid rgba(150&comma; 150&comma; 150&comma; 0.3);'>\n<div style='flex: 1 1 17%; min-width: 150px; padding: 10px; font-weight: bold; border-right: 1px solid rgba(150&comma; 150&comma; 150&comma; 0.3);'>Dimensions<br \/><span style='font-weight: normal;'>(W x D x H)<\/span><\/div>\n<div style='flex: 1 1 82%; min-width: 150px; padding: 10px;' colspan='2'>56.5 mm x 13.5 mm x 8.5 mm (2.22 in. x 0.51 in. x 0.33 in.)<\/div>\n<\/p><\/div>\n<div style='display: flex; flex-wrap: wrap; border-bottom: 1px solid rgba(150&comma; 150&comma; 150&comma; 0.3);'>\n<div style='flex: 1 1 17%; min-width: 150px; padding: 10px; font-weight: bold; border-right: 1px solid rgba(150&comma; 150&comma; 150&comma; 0.3);'>Weight<\/div>\n<div style='flex: 1 1 82%; min-width: 150px; padding: 10px;' colspan='2'>35 g (0.08 lbs.)<\/div>\n<\/p><\/div>\n<\/p><\/div>\n<\/p><\/div>\n<\/p><\/div>\n<\/p><\/div>\n<p> <!-- Separador --> <\/p>\n<hr style='border: 0; border-top: 1px solid rgba(150&comma; 150&comma; 150&comma; 0.3); margin: 30px 0;'> <\/div>\n","protected":false},"excerpt":{"rendered":"<p>Transceptor Lado (B) un Hilo BiDi  SFP 2.5Gb LC Monomodo Tx 1550nm \/ Rx 1310nm, hasta 3km<\/p>\n","protected":false},"featured_media":81075,"comment_status":"open","ping_status":"closed","template":"","meta":[],"product_brand":[],"product_cat":[663],"product_tag":[664,2123,665],"class_list":{"0":"post-81076","1":"product","2":"type-product","3":"status-publish","4":"has-post-thumbnail","6":"product_cat-transceptores-de-fibra","7":"product_tag-networking","8":"product_tag-ruijie","9":"product_tag-transceptores-de-fibra","11":"first","12":"instock","13":"sale","14":"shipping-taxable","15":"purchasable","16":"product-type-simple"},"_links":{"self":[{"href":"https:\/\/soydeaqui.ddns.net\/pachuca\/index.php\/wp-json\/wp\/v2\/product\/81076","targetHints":{"allow":["GET"]}}],"collection":[{"href":"https:\/\/soydeaqui.ddns.net\/pachuca\/index.php\/wp-json\/wp\/v2\/product"}],"about":[{"href":"https:\/\/soydeaqui.ddns.net\/pachuca\/index.php\/wp-json\/wp\/v2\/types\/product"}],"replies":[{"embeddable":true,"href":"https:\/\/soydeaqui.ddns.net\/pachuca\/index.php\/wp-json\/wp\/v2\/comments?post=81076"}],"wp:featuredmedia":[{"embeddable":true,"href":"https:\/\/soydeaqui.ddns.net\/pachuca\/index.php\/wp-json\/wp\/v2\/media\/81075"}],"wp:attachment":[{"href":"https:\/\/soydeaqui.ddns.net\/pachuca\/index.php\/wp-json\/wp\/v2\/media?parent=81076"}],"wp:term":[{"taxonomy":"product_brand","embeddable":true,"href":"https:\/\/soydeaqui.ddns.net\/pachuca\/index.php\/wp-json\/wp\/v2\/product_brand?post=81076"},{"taxonomy":"product_cat","embeddable":true,"href":"https:\/\/soydeaqui.ddns.net\/pachuca\/index.php\/wp-json\/wp\/v2\/product_cat?post=81076"},{"taxonomy":"product_tag","embeddable":true,"href":"https:\/\/soydeaqui.ddns.net\/pachuca\/index.php\/wp-json\/wp\/v2\/product_tag?post=81076"}],"curies":[{"name":"wp","href":"https:\/\/api.w.org\/{rel}","templated":true}]}}