{"id":81068,"date":"2026-03-19T18:29:36","date_gmt":"2026-03-19T18:29:36","guid":{"rendered":"https:\/\/soydeaqui.ddns.net\/pachuca\/index.php\/producto\/ont-gpon-huawei-optixstar-wifi4-2-4ghz-1-puerto-lan-ge-3fe-1pots-hasta-300-mbps\/"},"modified":"2026-03-19T18:29:54","modified_gmt":"2026-03-19T18:29:54","slug":"ont-gpon-huawei-optixstar-wifi4-2-4ghz-1-puerto-lan-ge-3fe-1pots-hasta-300-mbps","status":"publish","type":"product","link":"https:\/\/soydeaqui.ddns.net\/pachuca\/index.php\/producto\/ont-gpon-huawei-optixstar-wifi4-2-4ghz-1-puerto-lan-ge-3fe-1pots-hasta-300-mbps\/","title":{"rendered":"ONT GPON Huawei OptiXstar WiFi4 (2.4GHz) 1 puerto LAN GE + 3FE + 1POTS, hasta 300 Mbps"},"content":{"rendered":"<div style='width: 100%; max-width: 1200px; margin: 0 auto; font-family: sans-serif; line-height: 1.6; color: inherit; background-color: transparent;'> <!-- Imagen de marca --> <\/p>\n<div style='text-align: center; margin: 20px 0;'> <img style='width: 100%; max-width: 450px; height: auto; border: 1px solid rgba(150&comma;150&comma;150&comma;0.3); border-radius: 8px;' src='https:\/\/ftp3.syscom.mx\/usuarios\/orobles\/Huawei\/Huawei-horizontal-logo_2018.jpg' alt='Logo Huawei'> <\/div>\n<p> <!-- Descripci\u00f3n general --> <\/p>\n<div style='margin-bottom: 30px;'>\n<p style='font-size: 15px; margin: 10px 0; color: inherit;'>La ONT EchoLife EG8141A5-10 es una ONT de tipo router en la soluci\u00f3n de acceso totalmente \u00f3ptico de Huawei. Utiliza la tecnolog\u00eda GPON para implementar acceso de banda ultraancha para los usuarios.<\/p>\n<p style='font-size: 15px; margin: 10px 0; color: inherit;'>El alto rendimiento de reenv\u00edo garantiza la experiencia del usuario de los servicios de voz&comma; datos y v\u00eddeo HD&comma; y proporciona a los clientes una soluci\u00f3n de acceso totalmente \u00f3ptica ideal y una capacidad de soporte de servicio orientada al futuro.<\/p>\n<\/p><\/div>\n<p> <!-- Caracter\u00edsticas principales --> <\/p>\n<div style='margin-bottom: 30px;'>\n<h3 style='font-size: 22px; border-bottom: 2px solid currentColor; padding-bottom: 5px; margin-top: 0; color: inherit; opacity: 0.8;'>Caracter\u00edsticas principales<\/h3>\n<ul style='padding-left: 20px; font-size: 15px; color: inherit;'>\n<li style='margin-bottom: 5px;'>Servicio inteligente<\/li>\n<li style='margin-bottom: 5px;'>Interconexi\u00f3n inteligente<\/li>\n<li style='margin-bottom: 5px;'>O&#038;M inteligente<\/li>\n<\/ul><\/div>\n<p> <!-- Especificaciones t\u00e9cnicas --> <\/p>\n<div style='display: flex; flex-wrap: wrap; gap: 20px; margin-bottom: 30px;'>\n<div style='flex: 1 1 250px; border: 1px solid rgba(150&comma; 150&comma; 150&comma; 0.4); border-radius: 8px; overflow: hidden; display: flex; flex-direction: column;'>\n<div style='padding: 15px; border-bottom: 1px solid rgba(150&comma; 150&comma; 150&comma; 0.2); font-weight: bold; font-size: 18px; color: inherit;'>Especificaciones T\u00e9cnicas<\/div>\n<div style='padding: 15px; color: inherit;'>\n<ul style='padding-left: 20px; margin: 0; font-size: 14px; list-style-type: disc;'>\n<li style='margin-bottom: 5px;'><strong>Dimensiones:<\/strong> 32 x 145 x 97 mm<\/li>\n<li style='margin-bottom: 5px;'><strong>Consumo standby:<\/strong> 3.5 W<\/li>\n<li style='margin-bottom: 5px;'><strong>Consumo m\u00e1ximo:<\/strong> 12 W<\/li>\n<li style='margin-bottom: 5px;'><strong>Peso:<\/strong> 155g<\/li>\n<li style='margin-bottom: 5px;'><strong>Temperatura de operaci\u00f3n:<\/strong> 0\u00b0C a 40\u00b0C<\/li>\n<li style='margin-bottom: 5px;'><strong>Adaptador de corriente:<\/strong> 100-240 Vca 50\/60 Hz<\/li>\n<li style='margin-bottom: 5px;'><strong>Entrada del equipo:<\/strong> 12 Vdc&comma; 1A<\/li>\n<li style='margin-bottom: 5px;'><strong>Entrada \u00f3ptica:<\/strong> SC\/APC clase B+<\/li>\n<li style='margin-bottom: 5px;'><strong>Ganancia de las antenas:<\/strong> 2 dBi<\/li>\n<li style='margin-bottom: 5px;'><strong>Velocidad m\u00e1xima:<\/strong> 300 Mbit\/s (2.4GHz)<\/li>\n<li style='margin-bottom: 5px;'><strong>Puertos LAN:<\/strong> 1 Gigabit + 3 Fast Ethernet<\/li>\n<li style='margin-bottom: 5px;'><strong>Puerto POTS:<\/strong> 1 (RJ11)<\/li>\n<\/ul><\/div>\n<\/p><\/div>\n<\/p><\/div>\n<p> <!-- Credenciales Superadmin --> <\/p>\n<div style='margin-bottom: 30px;'>\n<h3 style='font-size: 22px; border-bottom: 2px solid currentColor; padding-bottom: 5px; margin-top: 0; color: inherit; opacity: 0.8;'>Credenciales Superadmin<\/h3>\n<ul style='padding-left: 20px; font-size: 15px; color: inherit;'>\n<li style='margin-bottom: 5px;'><strong>Usuario:<\/strong> Epadmin<\/li>\n<li style='margin-bottom: 5px;'><strong>Contrase\u00f1a:<\/strong> adminEp<\/li>\n<\/ul><\/div>\n<p> <!-- Videos --> <\/p>\n<div style='margin-bottom: 30px;'>\n<div style='position: relative; padding-bottom: 56.25%; height: 0; overflow: hidden; margin-bottom: 30px;'>   <\/div>\n<div style='position: relative; padding-bottom: 56.25%; height: 0; overflow: hidden; margin-bottom: 30px;'>   <\/div>\n<\/p><\/div>\n<p> <!-- Separador final --> <\/p>\n<hr style='border: 0; border-top: 1px solid rgba(150&comma; 150&comma; 150&comma; 0.3); margin: 30px 0;'> <\/div>\n","protected":false},"excerpt":{"rendered":"<p>ONT GPON Huawei OptiXstar WiFi4 (2.4GHz) 1 puerto LAN GE + 3FE + 1POTS, hasta 300 Mbps<\/p>\n","protected":false},"featured_media":81067,"comment_status":"open","ping_status":"closed","template":"","meta":[],"product_brand":[],"product_cat":[2010],"product_tag":[718,2012,2011],"class_list":{"0":"post-81068","1":"product","2":"type-product","3":"status-publish","4":"has-post-thumbnail","6":"product_cat-onus-onts","7":"product_tag-huawei","8":"product_tag-onus-onts","9":"product_tag-redes-ftth-pon","11":"first","12":"outofstock","13":"sale","14":"shipping-taxable","15":"purchasable","16":"product-type-simple"},"_links":{"self":[{"href":"https:\/\/soydeaqui.ddns.net\/pachuca\/index.php\/wp-json\/wp\/v2\/product\/81068","targetHints":{"allow":["GET"]}}],"collection":[{"href":"https:\/\/soydeaqui.ddns.net\/pachuca\/index.php\/wp-json\/wp\/v2\/product"}],"about":[{"href":"https:\/\/soydeaqui.ddns.net\/pachuca\/index.php\/wp-json\/wp\/v2\/types\/product"}],"replies":[{"embeddable":true,"href":"https:\/\/soydeaqui.ddns.net\/pachuca\/index.php\/wp-json\/wp\/v2\/comments?post=81068"}],"wp:featuredmedia":[{"embeddable":true,"href":"https:\/\/soydeaqui.ddns.net\/pachuca\/index.php\/wp-json\/wp\/v2\/media\/81067"}],"wp:attachment":[{"href":"https:\/\/soydeaqui.ddns.net\/pachuca\/index.php\/wp-json\/wp\/v2\/media?parent=81068"}],"wp:term":[{"taxonomy":"product_brand","embeddable":true,"href":"https:\/\/soydeaqui.ddns.net\/pachuca\/index.php\/wp-json\/wp\/v2\/product_brand?post=81068"},{"taxonomy":"product_cat","embeddable":true,"href":"https:\/\/soydeaqui.ddns.net\/pachuca\/index.php\/wp-json\/wp\/v2\/product_cat?post=81068"},{"taxonomy":"product_tag","embeddable":true,"href":"https:\/\/soydeaqui.ddns.net\/pachuca\/index.php\/wp-json\/wp\/v2\/product_tag?post=81068"}],"curies":[{"name":"wp","href":"https:\/\/api.w.org\/{rel}","templated":true}]}}