{"id":81061,"date":"2026-03-19T18:29:21","date_gmt":"2026-03-19T18:29:21","guid":{"rendered":"https:\/\/soydeaqui.ddns.net\/pachuca\/index.php\/producto\/conector-mecnico-de-instalacin-en-campo-monomodo-sc-apc-pre-pulido-re-terminable\/"},"modified":"2026-03-19T18:29:22","modified_gmt":"2026-03-19T18:29:22","slug":"conector-mecnico-de-instalacin-en-campo-monomodo-sc-apc-pre-pulido-re-terminable","status":"publish","type":"product","link":"https:\/\/soydeaqui.ddns.net\/pachuca\/index.php\/producto\/conector-mecnico-de-instalacin-en-campo-monomodo-sc-apc-pre-pulido-re-terminable\/","title":{"rendered":"Conector Mec?nico de Instalaci?n en Campo, Monomodo SC\/APC, Pre-pulido, Re-terminable"},"content":{"rendered":"<div style='width: 100%; max-width: 1200px; margin: 0 auto; font-family: sans-serif; line-height: 1.6; color: inherit; background-color: transparent;'> <!-- Logo --> <\/p>\n<div style='width: 100%; text-align: center; margin: 20px 0;'> <img style='width: 100%; max-width: 432px; height: auto; border: 1px solid rgba(150&comma;150&comma;150&comma;0.3); border-radius: 8px;' src='https:\/\/ftp3.syscom.mx\/usuarios\/orobles\/LinkedPro\/linkedpro_logo.png' alt='Logo LinkedPro'> <\/div>\n<p> <!-- Descripci\u00f3n --> <\/p>\n<div style='width: 100%; margin: 30px 0;'>\n<p style='font-size: 16px; color: inherit;'>El conector mec\u00e1nico <strong>LP-SM-SCAPC<\/strong> est\u00e1 dise\u00f1ado para una terminaci\u00f3n de campo&comma; especial para redes FTTx y enlaces P2P&comma; instalaci\u00f3n r\u00e1pida y sencilla de cables de fibra \u00f3ptica monomodo sin necesidad de usar herramientas especiales para abrir o cerrar el conector.<\/p>\n<\/p><\/div>\n<p> <!-- Especificaciones --> <\/p>\n<div style='display: flex; flex-wrap: wrap; gap: 30px; margin-bottom: 30px;'>\n<div style='flex: 1 1 300px; min-width: 280px;'>\n<h3 style='font-size: 22px; border-bottom: 2px solid currentColor; padding-bottom: 5px; margin-top: 0; color: inherit; opacity: 0.8;'>Especificaciones<\/h3>\n<ul style='padding-left: 20px; font-size: 15px; color: inherit;'>\n<li style='margin-bottom: 5px;'><strong>Tipo de conector:<\/strong> SC\/APC<\/li>\n<li style='margin-bottom: 5px;'><strong>Para fibra:<\/strong> Tight Buffer (900\u00b5m) o fibra Drop Plana y Redonda<\/li>\n<li style='margin-bottom: 5px;'><strong>Reterminable:<\/strong> Hasta 3 veces<\/li>\n<li style='margin-bottom: 5px;'><strong>P\u00e9rdida de inserci\u00f3n:<\/strong>\n<ul style='margin: 5px 0 5px 20px; padding: 0;'>\n<li style='margin-bottom: 5px;'>M\u00e1ximo \u2264 0.50 dB<\/li>\n<li style='margin-bottom: 5px;'>T\u00edpico \u2264 0.30 dB<\/li>\n<\/ul>\n<\/li>\n<li style='margin-bottom: 5px;'><strong>P\u00e9rdida de retorno:<\/strong>\n<ul style='margin: 5px 0 5px 20px; padding: 0;'>\n<li style='margin-bottom: 5px;'>UPC \u2264 50 dB<\/li>\n<li style='margin-bottom: 5px;'>APC \u2264 55 dB<\/li>\n<\/ul>\n<\/li>\n<li style='margin-bottom: 5px;'><strong>Temperatura de operaci\u00f3n:<\/strong> -40 a 70\u00baC<\/li>\n<\/ul><\/div>\n<\/p><\/div>\n<p> <!-- Im\u00e1genes --> <\/p>\n<div style='display: flex; flex-wrap: wrap; gap: 20px; margin-top: 30px;'>\n<div style='flex: 1 1 300px; min-width: 280px;'>\n<h3 style='font-size: 20px; margin-top: 0; color: inherit; opacity: 0.8;'>Terminaci\u00f3n del conector<\/h3>\n<p> <img style='width: 100%; height: auto; border: 1px solid rgba(150&comma;150&comma;150&comma;0.3); border-radius: 8px;' src='https:\/\/ftp3.syscom.mx\/usuarios\/fotos\/LPSMSCAPC\/224476-lp-sm-scapc.png' alt='Terminaci\u00f3n del conector'> <\/div>\n<div style='flex: 1 1 300px; min-width: 280px;'>\n<h3 style='font-size: 20px; margin-top: 0; color: inherit; opacity: 0.8;'>NOTA: Al usar fibra drop<\/h3>\n<p style='font-size: 14px; color: inherit;'>Realizar la conectorizaci\u00f3n usando el buffer de 250 \u00b5m<\/p>\n<p> <img style='width: 100%; height: auto; border: 1px solid rgba(150&comma;150&comma;150&comma;0.3); border-radius: 8px;' src='https:\/\/ftp3.syscom.mx\/usuarios\/fotos\/LPSMSCAPC\/224476-captura_de_pantalla_2024-08-28_a_la(s)_12.07.01%E2%80%AFp.m..png' alt='LP-SMSCAPC'> <\/div>\n<div style='flex: 1 1 300px; min-width: 280px;'>\n<h3 style='font-size: 20px; margin-top: 0; color: inherit; opacity: 0.8;'>Fibra Drop con buffer de 250 \u00b5m<\/h3>\n<p> <img style='width: 100%; height: auto; border: 1px solid rgba(150&comma;150&comma;150&comma;0.3); border-radius: 8px;' src='https:\/\/ftp3.syscom.mx\/usuarios\/fotos\/LPSMSCAPC\/224476-224476-image_20240828_114308_796.jpeg' alt='Fibra drop 250 um'> <\/div>\n<\/p><\/div>\n<p> <!-- Separador --> <\/p>\n<hr style='border: 0; border-top: 1px solid rgba(150&comma; 150&comma; 150&comma; 0.3); margin: 30px 0;'> <\/div>\n","protected":false},"excerpt":{"rendered":"<p>Conector Mec?nico de Instalaci?n en Campo, Monomodo SC\/APC, Pre-pulido, Re-terminable<\/p>\n","protected":false},"featured_media":81060,"comment_status":"open","ping_status":"closed","template":"","meta":[],"product_brand":[],"product_cat":[615],"product_tag":[616,611,435],"class_list":{"0":"post-81061","1":"product","2":"type-product","3":"status-publish","4":"has-post-thumbnail","6":"product_cat-conectores","7":"product_tag-conectores","8":"product_tag-fibra-optica","9":"product_tag-linkedpro-by-epcom","11":"first","12":"outofstock","13":"sale","14":"shipping-taxable","15":"purchasable","16":"product-type-simple"},"_links":{"self":[{"href":"https:\/\/soydeaqui.ddns.net\/pachuca\/index.php\/wp-json\/wp\/v2\/product\/81061","targetHints":{"allow":["GET"]}}],"collection":[{"href":"https:\/\/soydeaqui.ddns.net\/pachuca\/index.php\/wp-json\/wp\/v2\/product"}],"about":[{"href":"https:\/\/soydeaqui.ddns.net\/pachuca\/index.php\/wp-json\/wp\/v2\/types\/product"}],"replies":[{"embeddable":true,"href":"https:\/\/soydeaqui.ddns.net\/pachuca\/index.php\/wp-json\/wp\/v2\/comments?post=81061"}],"wp:featuredmedia":[{"embeddable":true,"href":"https:\/\/soydeaqui.ddns.net\/pachuca\/index.php\/wp-json\/wp\/v2\/media\/81060"}],"wp:attachment":[{"href":"https:\/\/soydeaqui.ddns.net\/pachuca\/index.php\/wp-json\/wp\/v2\/media?parent=81061"}],"wp:term":[{"taxonomy":"product_brand","embeddable":true,"href":"https:\/\/soydeaqui.ddns.net\/pachuca\/index.php\/wp-json\/wp\/v2\/product_brand?post=81061"},{"taxonomy":"product_cat","embeddable":true,"href":"https:\/\/soydeaqui.ddns.net\/pachuca\/index.php\/wp-json\/wp\/v2\/product_cat?post=81061"},{"taxonomy":"product_tag","embeddable":true,"href":"https:\/\/soydeaqui.ddns.net\/pachuca\/index.php\/wp-json\/wp\/v2\/product_tag?post=81061"}],"curies":[{"name":"wp","href":"https:\/\/api.w.org\/{rel}","templated":true}]}}