{"id":81052,"date":"2026-03-19T18:28:57","date_gmt":"2026-03-19T18:28:57","guid":{"rendered":"https:\/\/soydeaqui.ddns.net\/pachuca\/index.php\/producto\/consola-lcd-hdmi-vga-dvi-usb-single-rail-pantalla-17-3-1u-de-altura\/"},"modified":"2026-03-19T18:29:03","modified_gmt":"2026-03-19T18:29:03","slug":"consola-lcd-hdmi-vga-dvi-usb-single-rail-pantalla-17-3-1u-de-altura","status":"publish","type":"product","link":"https:\/\/soydeaqui.ddns.net\/pachuca\/index.php\/producto\/consola-lcd-hdmi-vga-dvi-usb-single-rail-pantalla-17-3-1u-de-altura\/","title":{"rendered":"Consola LCD |\u00a0HDMI, VGA, DVI, USB | Single Rail |  Pantalla 17.3&#8243; | 1U de altura"},"content":{"rendered":"<div style='width: 100%; max-width: 1200px; margin: 0 auto; font-family: sans-serif; line-height: 1.6; color: inherit; background-color: transparent;'> <!-- Logo Aten --> <\/p>\n<div style='width: 100%; text-align: center; margin: 20px 0;'> <img style='width: 40%; max-width: 300px; height: auto; border: 1px solid rgba(150&comma;150&comma;150&comma;0.3); border-radius: 8px;' src='https:\/\/ftp3.syscom.mx\/usuarios\/luis.vargas\/ATEN\/VS184B\/Logo-Aten.jpg' alt='Logo Aten'> <\/div>\n<p> <!-- Secci\u00f3n principal con imagen y descripci\u00f3n --> <\/p>\n<div style='display: flex; flex-wrap: wrap; gap: 30px; margin-top: 30px;'>\n<div style='flex: 1 1 300px; min-width: 280px;'> <img style='width: 100%; height: auto; border: 1px solid rgba(150&comma;150&comma;150&comma;0.3); border-radius: 8px;' src='https:\/\/ftp3.syscom.mx\/usuarios\/luis.vargas\/ATEN\/CL6700MW\/CL6700MW_1.png' alt='Consola CL6700MW'> <\/div>\n<div style='flex: 1 1 300px; min-width: 280px;'>\n<p style='font-size: 18px; color: inherit; text-align: justify;'>La consola CL6700MW DVI Full HD LCD es una consola KVM de un solo riel que presenta una pantalla ancha LED de 17.3&#8217;&comma; teclado integrado y touchpad en una carcasa deslizable montable en bastidor de 1U. Permite el acceso frontal a conmutadores KVM compatibles y opera con independencia entre el monitor LCD&comma; teclado y touchpad. Ofrece opciones de conexi\u00f3n VGA&comma; DVI o HDMI&comma; y cuenta con dos puertos HDMI adicionales para monitores de alta definici\u00f3n. Incluye puertos USB y de audio&comma; y es ideal para salas de servidores con conmutadores KVM. DVI.<\/p>\n<\/p><\/div>\n<\/p><\/div>\n<p> <!-- Lista de caracter\u00edsticas principales --> <\/p>\n<div style='margin-top: 30px;'>\n<ul style='padding-left: 20px; font-size: 15px; color: inherit;'>\n<li style='margin-bottom: 5px;'>Consola KVM integrada con un monitor LCD LED retroiluminado de 17&comma;3&#8242; y resoluci\u00f3n Full HD en una carcasa de riel \u00fanico&comma; dise\u00f1ada para una f\u00e1cil instalaci\u00f3n en un rack de sistema de 1U.<\/li>\n<li style='margin-bottom: 5px;'>Incluye un kit est\u00e1ndar de montaje en rack&comma; con un kit opcional de montaje en rack f\u00e1cil (para instalaci\u00f3n por una sola persona) disponible por separado.<\/li>\n<li style='margin-bottom: 5px;'>Admite consolas externas con conectores USB\/DVI\/VGA\/HDMI y cuenta con un puerto adicional para rat\u00f3n USB en el panel frontal.<\/li>\n<li style='margin-bottom: 5px;'>Ofrece v\u00eddeo de alta calidad de hasta 1920 x 1080 a 60 Hz y soporte de audio para altavoces.<\/li>\n<li style='margin-bottom: 5px;'>Compatible con varios sistemas operativos&comma; incluidos Windows&comma; Linux&comma; Mac y Sun.<\/li>\n<li style='margin-bottom: 5px;'>Profundidad ajustable para adaptarse al rack&comma; actualizable mediante firmware y equipada con bloqueo de consola para un almacenamiento seguro.<\/li>\n<li style='margin-bottom: 5px;'>Emulaci\u00f3n DDC ajusta autom\u00e1ticamente la configuraci\u00f3n de v\u00eddeo para una salida \u00f3ptima.<\/li>\n<li style='margin-bottom: 5px;'>Soporte de idiomas para el teclado&comma; incluyendo ingl\u00e9s (EE. UU.)&comma; franc\u00e9s&comma; alem\u00e1n&comma; italiano&comma; espa\u00f1ol y otros.<\/li>\n<\/ul><\/div>\n<p> <!-- Secci\u00f3n de especificaciones en dos columnas --> <\/p>\n<div style='display: flex; flex-wrap: wrap; gap: 20px; margin-top: 30px;'> <!-- Columna 1 --> <\/p>\n<div style='flex: 1 1 300px; min-width: 280px;'>\n<div style='border: 1px solid rgba(150&comma; 150&comma; 150&comma; 0.4); border-radius: 8px; overflow: hidden; margin-bottom: 20px;'>\n<div style='padding: 15px; border-bottom: 1px solid rgba(150&comma; 150&comma; 150&comma; 0.2); font-weight: bold; font-size: 18px; color: inherit;'>Conexiones y Puertos<\/div>\n<div style='padding: 15px; color: inherit;'>\n<ul style='padding-left: 20px; margin: 0; font-size: 14px; list-style-type: disc;'>\n<li style='margin-bottom: 10px;'><strong>Conexiones del PC:<\/strong> Directo: 1<\/li>\n<li style='margin-bottom: 10px;'><strong>Selecci\u00f3n de consola:<\/strong> Hotkeys<\/li>\n<li style='margin-bottom: 10px;'><strong>Conectores:<\/strong>\n<ul style='padding-left: 20px; margin: 5px 0; font-size: 14px;'>\n<li style='margin-bottom: 5px;'>Puertos KVM: 1 x USB tipo B hembra<\/li>\n<li style='margin-bottom: 5px;'>1 x HDMI hembra<\/li>\n<li style='margin-bottom: 5px;'>1 x DVI-D hembra (blanco)<\/li>\n<li style='margin-bottom: 5px;'>1 x HDB-15 macho (azul)<\/li>\n<li style='margin-bottom: 5px;'>1 x conector de audio de 3&comma;5 mm hembra (verde)<\/li>\n<\/ul>\n<\/li>\n<li style='margin-bottom: 10px;'><strong>Actualizaci\u00f3n de Firmware:<\/strong> 1 x conector RJ-11 hembra.<\/li>\n<li style='margin-bottom: 10px;'><strong>Alimentaci\u00f3n:<\/strong> 1 x IEC 60320\/C14<\/li>\n<li style='margin-bottom: 10px;'><strong>Puertos de consola externos:<\/strong>\n<ul style='padding-left: 20px; margin: 5px 0; font-size: 14px;'>\n<li style='margin-bottom: 5px;'>2 x USB tipo A hembra<\/li>\n<li style='margin-bottom: 5px;'>1 x HDMI hembra<\/li>\n<li style='margin-bottom: 5px;'>1 x DVI-D hembra (blanco)<\/li>\n<li style='margin-bottom: 5px;'>1 x HDB-15 hembra (azul)<\/li>\n<li style='margin-bottom: 5px;'>1 x conector de audio de 3&comma;5 mm hembra (verde)<\/li>\n<\/ul>\n<\/li>\n<li style='margin-bottom: 10px;'><strong>Rat\u00f3n y perif\u00e9ricos externos:<\/strong> 1 x USB tipo A hembra (frontal)<\/li>\n<\/ul><\/div>\n<\/p><\/div>\n<div style='border: 1px solid rgba(150&comma; 150&comma; 150&comma; 0.4); border-radius: 8px; overflow: hidden; margin-bottom: 20px;'>\n<div style='padding: 15px; border-bottom: 1px solid rgba(150&comma; 150&comma; 150&comma; 0.2); font-weight: bold; font-size: 18px; color: inherit;'>Switches<\/div>\n<div style='padding: 15px; color: inherit;'>\n<ul style='padding-left: 20px; margin: 0; font-size: 14px; list-style-type: disc;'>\n<li style='margin-bottom: 5px;'>Reiniciar: 1 x pulsador semiempotrado<\/li>\n<li style='margin-bottom: 5px;'>Actualizaci\u00f3n de firmware: 1 x interruptor deslizante<\/li>\n<li style='margin-bottom: 5px;'>Alimentaci\u00f3n: 1 x interruptor deslizante<\/li>\n<li style='margin-bottom: 5px;'>Control LCD: 4 x pulsadores<\/li>\n<li style='margin-bottom: 5px;'>Alimentaci\u00f3n LCD: 1 x pulsador LED<\/li>\n<li style='margin-bottom: 5px;'>Ajuste de la pantalla LCD: 4 x Pulsador<\/li>\n<\/ul><\/div>\n<\/p><\/div>\n<div style='border: 1px solid rgba(150&comma; 150&comma; 150&comma; 0.4); border-radius: 8px; overflow: hidden; margin-bottom: 20px;'>\n<div style='padding: 15px; border-bottom: 1px solid rgba(150&comma; 150&comma; 150&comma; 0.2); font-weight: bold; font-size: 18px; color: inherit;'>LEDs<\/div>\n<div style='padding: 15px; color: inherit;'>\n<ul style='padding-left: 20px; margin: 0; font-size: 14px; list-style-type: disc;'>\n<li style='margin-bottom: 10px;'><strong>Alimentaci\u00f3n:<\/strong>\n<ul style='padding-left: 20px; margin: 5px 0; font-size: 14px;'>\n<li style='margin-bottom: 5px;'>1 x consola KVM (verde oscuro)<\/li>\n<li style='margin-bottom: 5px;'>1 pantalla LCD (naranja)<\/li>\n<\/ul>\n<\/li>\n<li style='margin-bottom: 10px;'><strong>Bloquear:<\/strong>\n<ul style='padding-left: 20px; margin: 5px 0; font-size: 14px;'>\n<li style='margin-bottom: 5px;'>1 x bloqueo num\u00e9rico (verde)<\/li>\n<li style='margin-bottom: 5px;'>1 x bloqueo de may\u00fasculas (verde)<\/li>\n<li style='margin-bottom: 5px;'>1 x bloqueo de desplazamiento (verde)<\/li>\n<\/ul>\n<\/li>\n<li style='margin-bottom: 5px;'><strong>Luz de iluminaci\u00f3n LED:<\/strong> 1 x indicador LED<\/li>\n<\/ul><\/div>\n<\/p><\/div>\n<\/p><\/div>\n<p> <!-- Columna 2 --> <\/p>\n<div style='flex: 1 1 300px; min-width: 280px;'>\n<div style='border: 1px solid rgba(150&comma; 150&comma; 150&comma; 0.4); border-radius: 8px; overflow: hidden; margin-bottom: 20px;'>\n<div style='padding: 15px; border-bottom: 1px solid rgba(150&comma; 150&comma; 150&comma; 0.2); font-weight: bold; font-size: 18px; color: inherit;'>Especificaciones del panel<\/div>\n<div style='padding: 15px; color: inherit;'>\n<ul style='padding-left: 20px; margin: 0; font-size: 14px; list-style-type: disc;'>\n<li style='margin-bottom: 5px;'>M\u00f3dulo LCD: LCD-TFT de 17&comma;3&#8242;<\/li>\n<li style='margin-bottom: 5px;'>Resoluci\u00f3n: 1920 x 1080 a 60Hz<\/li>\n<li style='margin-bottom: 5px;'>Tiempo de respuesta: 16 ms<\/li>\n<li style='margin-bottom: 5px;'>\u00c1ngulo de visi\u00f3n: 170\u00b0 (H)&comma; 170\u00b0 (V)<\/li>\n<li style='margin-bottom: 5px;'>Densidad de p\u00edxeles: 0&comma;1989 mm x 0&comma;1989 mm<\/li>\n<li style='margin-bottom: 5px;'>Color de soporte: 16&comma;7 millones de colores<\/li>\n<li style='margin-bottom: 5px;'>Relaci\u00f3n de contraste: 800:1<\/li>\n<li style='margin-bottom: 5px;'>Luminosidad: 250 cd\/m\u00b2<\/li>\n<\/ul><\/div>\n<\/p><\/div>\n<div style='border: 1px solid rgba(150&comma; 150&comma; 150&comma; 0.4); border-radius: 8px; overflow: hidden; margin-bottom: 20px;'>\n<div style='padding: 15px; border-bottom: 1px solid rgba(150&comma; 150&comma; 150&comma; 0.2); font-weight: bold; font-size: 18px; color: inherit;'>Video<\/div>\n<div style='padding: 15px; color: inherit;'>\n<ul style='padding-left: 20px; margin: 0; font-size: 14px; list-style-type: disc;'>\n<li style='margin-bottom: 5px;'>Resoluci\u00f3n de entrada de video: Hasta 1920 x 1200 a 60Hz&comma; 1920 x 1080 a 60 Hz (DDC2B)<\/li>\n<\/ul><\/div>\n<\/p><\/div>\n<div style='border: 1px solid rgba(150&comma; 150&comma; 150&comma; 0.4); border-radius: 8px; overflow: hidden; margin-bottom: 20px;'>\n<div style='padding: 15px; border-bottom: 1px solid rgba(150&comma; 150&comma; 150&comma; 0.2); font-weight: bold; font-size: 18px; color: inherit;'>Emulaci\u00f3n<\/div>\n<div style='padding: 15px; color: inherit;'>\n<ul style='padding-left: 20px; margin: 0; font-size: 14px; list-style-type: disc;'>\n<li style='margin-bottom: 5px;'>Teclado\/Rat\u00f3n: USB<\/li>\n<\/ul><\/div>\n<\/p><\/div>\n<div style='border: 1px solid rgba(150&comma; 150&comma; 150&comma; 0.4); border-radius: 8px; overflow: hidden; margin-bottom: 20px;'>\n<div style='padding: 15px; border-bottom: 1px solid rgba(150&comma; 150&comma; 150&comma; 0.2); font-weight: bold; font-size: 18px; color: inherit;'>Consumo de energ\u00eda<\/div>\n<div style='padding: 15px; color: inherit;'>\n<ul style='padding-left: 20px; margin: 0; font-size: 14px; list-style-type: disc;'>\n<li style='margin-bottom: 10px;'><strong>Temperatura de funcionamiento:<\/strong> 0\u00baC a 40 \u00baC<\/li>\n<li style='margin-bottom: 10px;'><strong>Temperatura de almacenamiento:<\/strong> -20\u00baC a 60 \u00baC<\/li>\n<li style='margin-bottom: 5px;'><strong>Humedad:<\/strong> HR del 0-80%&comma; sin condensaci\u00f3n<\/li>\n<\/ul><\/div>\n<\/p><\/div>\n<div style='border: 1px solid rgba(150&comma; 150&comma; 150&comma; 0.4); border-radius: 8px; overflow: hidden; margin-bottom: 20px;'>\n<div style='padding: 15px; border-bottom: 1px solid rgba(150&comma; 150&comma; 150&comma; 0.2); font-weight: bold; font-size: 18px; color: inherit;'>Propiedades f\u00edsicas<\/div>\n<div style='padding: 15px; color: inherit;'>\n<ul style='padding-left: 20px; margin: 0; font-size: 14px; list-style-type: disc;'>\n<li style='margin-bottom: 10px;'><strong>Carcasa:<\/strong> Metal<\/li>\n<li style='margin-bottom: 10px;'><strong>Tipo de rail:<\/strong> Single rail<\/li>\n<li style='margin-bottom: 10px;'><strong>Peso:<\/strong> 11.38Kg (25.07lb)<\/li>\n<li style='margin-bottom: 5px;'><strong>Dimensiones (LA x AN x AL):<\/strong>\n<ul style='padding-left: 20px; margin: 5px 0; font-size: 14px;'>\n<li style='margin-bottom: 5px;'>48&comma;00&#215;58&comma;92&#215;4&comma;40cm<\/li>\n<li style='margin-bottom: 5px;'>18&comma;9 \u00d7 23&comma;2 \u00d7 1&comma;73 pulgadas<\/li>\n<\/ul>\n<\/li>\n<\/ul><\/div>\n<\/p><\/div>\n<\/p><\/div>\n<\/p><\/div>\n<p> <!-- Contenido incluido --> <\/p>\n<div style='margin-top: 30px;'>\n<h3 style='font-size: 22px; border-bottom: 2px solid currentColor; padding-bottom: 5px; margin-top: 0; color: inherit; opacity: 0.8;'>Contenido del equipo<\/h3>\n<p style='font-size: 15px; color: inherit;'>El equipo contiene: 1x consola KVM LCD CL6700 con kit de montaje en bastidor est\u00e1ndar&comma; 1x cable KVM (DVI-D&comma; USB&comma; audio; 1&comma;8 m\/6 ft)&comma; 1x cable de alimentaci\u00f3n&comma; 1x cable de actualizaci\u00f3n de firmware&comma; 1x manual de instrucciones<\/p>\n<\/p><\/div>\n<p> <!-- Imagen final --> <\/p>\n<div style='width: 100%; text-align: center; margin: 30px 0;'> <img style='width: 60%; max-width: 720px; height: auto; border: 1px solid rgba(150&comma;150&comma;150&comma;0.3); border-radius: 8px;' src='https:\/\/ftp3.syscom.mx\/usuarios\/luis.vargas\/ATEN\/CL6700MW\/CL6700MW_2.png' alt='Consola CL6700MW vista frontal'> <\/div>\n<\/p><\/div>\n","protected":false},"excerpt":{"rendered":"<p>Consola LCD |\u00a0HDMI, VGA, DVI, USB | Single Rail |  Pantalla 17.3&#8243; | 1U de altura<\/p>\n","protected":false},"featured_media":81051,"comment_status":"open","ping_status":"closed","template":"","meta":[],"product_brand":[],"product_cat":[2132],"product_tag":[2121,2133,2120],"class_list":{"0":"post-81052","1":"product","2":"type-product","3":"status-publish","4":"has-post-thumbnail","6":"product_cat-kvm","7":"product_tag-aten","8":"product_tag-kvm","9":"product_tag-proav","11":"first","12":"outofstock","13":"sale","14":"shipping-taxable","15":"purchasable","16":"product-type-simple"},"_links":{"self":[{"href":"https:\/\/soydeaqui.ddns.net\/pachuca\/index.php\/wp-json\/wp\/v2\/product\/81052","targetHints":{"allow":["GET"]}}],"collection":[{"href":"https:\/\/soydeaqui.ddns.net\/pachuca\/index.php\/wp-json\/wp\/v2\/product"}],"about":[{"href":"https:\/\/soydeaqui.ddns.net\/pachuca\/index.php\/wp-json\/wp\/v2\/types\/product"}],"replies":[{"embeddable":true,"href":"https:\/\/soydeaqui.ddns.net\/pachuca\/index.php\/wp-json\/wp\/v2\/comments?post=81052"}],"wp:featuredmedia":[{"embeddable":true,"href":"https:\/\/soydeaqui.ddns.net\/pachuca\/index.php\/wp-json\/wp\/v2\/media\/81051"}],"wp:attachment":[{"href":"https:\/\/soydeaqui.ddns.net\/pachuca\/index.php\/wp-json\/wp\/v2\/media?parent=81052"}],"wp:term":[{"taxonomy":"product_brand","embeddable":true,"href":"https:\/\/soydeaqui.ddns.net\/pachuca\/index.php\/wp-json\/wp\/v2\/product_brand?post=81052"},{"taxonomy":"product_cat","embeddable":true,"href":"https:\/\/soydeaqui.ddns.net\/pachuca\/index.php\/wp-json\/wp\/v2\/product_cat?post=81052"},{"taxonomy":"product_tag","embeddable":true,"href":"https:\/\/soydeaqui.ddns.net\/pachuca\/index.php\/wp-json\/wp\/v2\/product_tag?post=81052"}],"curies":[{"name":"wp","href":"https:\/\/api.w.org\/{rel}","templated":true}]}}